{"id":4288,"date":"2026-01-20T02:47:35","date_gmt":"2026-01-20T07:47:35","guid":{"rendered":"https:\/\/agronetllc.com\/?post_type=product&#038;p=4288"},"modified":"2026-03-30T02:05:43","modified_gmt":"2026-03-30T07:05:43","slug":"arroyo-vista","status":"publish","type":"product","link":"https:\/\/agronetllc.com\/fr\/produit\/arroyo-vista\/","title":{"rendered":"Arroyo Vista"},"content":{"rendered":"","protected":false},"excerpt":{"rendered":"<h3 data-start=\"246\" data-end=\"478\">Chardonnay<\/h3>\n<p data-start=\"246\" data-end=\"478\">Un Chardonnay haut de gamme \u00e9labor\u00e9 \u00e0 partir de vignobles pionniers de la r\u00e9gion d\u2019Arroyo Seco \u00e0 Monterey. Ce vin offre des saveurs de fruits tropicaux \u00e9clatantes, \u00e9quilibr\u00e9es par une acidit\u00e9 vive, le rendant tr\u00e8s polyvalent et \u00e9l\u00e9gant pour divers accords mets-vins.<\/p>\n<div class=\"TyagGW_tableContainer\">\n<div class=\"group TyagGW_tableWrapper flex flex-col-reverse w-fit\" tabindex=\"-1\">\n<table class=\"w-fit min-w-(--thread-content-width)\" data-start=\"485\" data-end=\"879\">\n<thead data-start=\"485\" data-end=\"524\">\n<tr data-start=\"485\" data-end=\"524\">\n<th class=\"\" data-start=\"485\" data-end=\"505\" data-col-size=\"sm\"><strong data-start=\"487\" data-end=\"497\">D\u00e9tail<\/strong><\/th>\n<th class=\"\" data-start=\"505\" data-end=\"524\" data-col-size=\"lg\"><strong data-start=\"507\" data-end=\"522\">Informations<\/strong><\/th>\n<\/tr>\n<\/thead>\n<tbody data-start=\"563\" data-end=\"879\">\n<tr data-start=\"563\" data-end=\"630\">\n<td data-start=\"563\" data-end=\"582\" data-col-size=\"sm\">Origine<\/td>\n<td data-start=\"582\" data-end=\"630\" data-col-size=\"lg\">AVA d\u2019Arroyo Seco, comt\u00e9 de Monterey, Californie<\/td>\n<\/tr>\n<tr data-start=\"631\" data-end=\"696\">\n<td data-start=\"631\" data-end=\"650\" data-col-size=\"sm\">Fermentation<\/td>\n<td data-start=\"650\" data-end=\"696\" data-col-size=\"lg\">Ferment\u00e9 en f\u00fbt pendant environ 17 jours<\/td>\n<\/tr>\n<tr data-start=\"697\" data-end=\"738\">\n<td data-start=\"697\" data-end=\"716\" data-col-size=\"sm\">Type de f\u00fbt<\/td>\n<td data-start=\"716\" data-end=\"738\" data-col-size=\"lg\">F\u00fbts de ch\u00eane fran\u00e7ais<\/td>\n<\/tr>\n<tr data-start=\"739\" data-end=\"879\">\n<td data-start=\"739\" data-end=\"758\" data-col-size=\"sm\">Accords mets-vins<\/td>\n<td data-start=\"758\" data-end=\"879\" data-col-size=\"lg\">Soupe de courge musqu\u00e9e, moules \u00e0 la sauce au vin et citron, poulet r\u00f4ti aux champignons, homard ou crabe au beurre citronn\u00e9<\/td>\n<\/tr>\n<\/tbody>\n<\/table>\n<\/div>\n<\/div>","protected":false},"featured_media":4298,"comment_status":"open","ping_status":"closed","template":"","meta":[],"product_brand":[],"product_cat":[29],"product_tag":[],"class_list":{"0":"post-4288","1":"product","2":"type-product","3":"status-publish","4":"has-post-thumbnail","6":"product_cat-white-wines","8":"first","9":"instock","10":"shipping-taxable","11":"product-type-simple"},"yoast_head":"<!-- This site is optimized with the Yoast SEO plugin v27.2 - https:\/\/yoast.com\/product\/yoast-seo-wordpress\/ -->\n<title>Arroyo Vista - AgroNet LLC<\/title>\n<meta name=\"robots\" content=\"index, follow, max-snippet:-1, max-image-preview:large, max-video-preview:-1\" \/>\n<link rel=\"canonical\" href=\"https:\/\/agronetllc.com\/fr\/produit\/arroyo-vista\/\" \/>\n<meta property=\"og:locale\" content=\"fr_FR\" \/>\n<meta property=\"og:type\" content=\"article\" \/>\n<meta property=\"og:title\" content=\"Arroyo Vista - AgroNet LLC\" \/>\n<meta property=\"og:description\" content=\"Chardonnay A premium Chardonnay crafted from pioneering vineyards in Monterey\u2019s Arroyo Seco region. This wine offers vibrant tropical fruit flavors balanced with bright acidity, making it highly versatile and elegant for various food pairings.       Detail Information     Origin Arroyo Seco AVA, Monterey County, California   Fermentation Barrel-fermented for approximately 17 days   Barrel Type French oak barrels   Food Pairings Butternut squash soup, mussels in lemon-wine sauce, roasted chicken with mushrooms, lobster or crab with lemon-butter\" \/>\n<meta property=\"og:url\" content=\"https:\/\/agronetllc.com\/fr\/produit\/arroyo-vista\/\" \/>\n<meta property=\"og:site_name\" content=\"AgroNet LLC\" \/>\n<meta property=\"article:modified_time\" content=\"2026-03-30T07:05:43+00:00\" \/>\n<meta property=\"og:image\" content=\"http:\/\/agronetllc.com\/wp-content\/uploads\/2026\/01\/Arroyo-Vista-1.png\" \/>\n\t<meta property=\"og:image:width\" content=\"600\" \/>\n\t<meta property=\"og:image:height\" content=\"750\" \/>\n\t<meta property=\"og:image:type\" content=\"image\/png\" \/>\n<meta name=\"twitter:card\" content=\"summary_large_image\" \/>\n<script type=\"application\/ld+json\" class=\"yoast-schema-graph\">{\"@context\":\"https:\/\/schema.org\",\"@graph\":[{\"@type\":\"WebPage\",\"@id\":\"https:\/\/agronetllc.com\/product\/arroyo-vista\/\",\"url\":\"https:\/\/agronetllc.com\/product\/arroyo-vista\/\",\"name\":\"Arroyo Vista - AgroNet LLC\",\"isPartOf\":{\"@id\":\"https:\/\/agronetllc.com\/#website\"},\"primaryImageOfPage\":{\"@id\":\"https:\/\/agronetllc.com\/product\/arroyo-vista\/#primaryimage\"},\"image\":{\"@id\":\"https:\/\/agronetllc.com\/product\/arroyo-vista\/#primaryimage\"},\"thumbnailUrl\":\"https:\/\/agronetllc.com\/wp-content\/uploads\/2026\/01\/Arroyo-Vista-1.png\",\"datePublished\":\"2026-01-20T07:47:35+00:00\",\"dateModified\":\"2026-03-30T07:05:43+00:00\",\"breadcrumb\":{\"@id\":\"https:\/\/agronetllc.com\/product\/arroyo-vista\/#breadcrumb\"},\"inLanguage\":\"fr-FR\",\"potentialAction\":[{\"@type\":\"ReadAction\",\"target\":[\"https:\/\/agronetllc.com\/product\/arroyo-vista\/\"]}]},{\"@type\":\"ImageObject\",\"inLanguage\":\"fr-FR\",\"@id\":\"https:\/\/agronetllc.com\/product\/arroyo-vista\/#primaryimage\",\"url\":\"https:\/\/agronetllc.com\/wp-content\/uploads\/2026\/01\/Arroyo-Vista-1.png\",\"contentUrl\":\"https:\/\/agronetllc.com\/wp-content\/uploads\/2026\/01\/Arroyo-Vista-1.png\",\"width\":600,\"height\":750},{\"@type\":\"BreadcrumbList\",\"@id\":\"https:\/\/agronetllc.com\/product\/arroyo-vista\/#breadcrumb\",\"itemListElement\":[{\"@type\":\"ListItem\",\"position\":1,\"name\":\"Home\",\"item\":\"https:\/\/agronetllc.com\/\"},{\"@type\":\"ListItem\",\"position\":2,\"name\":\"Shop\",\"item\":\"https:\/\/agronetllc.com\/shop\/\"},{\"@type\":\"ListItem\",\"position\":3,\"name\":\"Arroyo Vista\"}]},{\"@type\":\"WebSite\",\"@id\":\"https:\/\/agronetllc.com\/#website\",\"url\":\"https:\/\/agronetllc.com\/\",\"name\":\"AgroNet LLC\",\"description\":\"Provide high-quality products\",\"publisher\":{\"@id\":\"https:\/\/agronetllc.com\/#organization\"},\"potentialAction\":[{\"@type\":\"SearchAction\",\"target\":{\"@type\":\"EntryPoint\",\"urlTemplate\":\"https:\/\/agronetllc.com\/?s={search_term_string}\"},\"query-input\":{\"@type\":\"PropertyValueSpecification\",\"valueRequired\":true,\"valueName\":\"search_term_string\"}}],\"inLanguage\":\"fr-FR\"},{\"@type\":\"Organization\",\"@id\":\"https:\/\/agronetllc.com\/#organization\",\"name\":\"AgroNet LLC\",\"url\":\"https:\/\/agronetllc.com\/\",\"logo\":{\"@type\":\"ImageObject\",\"inLanguage\":\"fr-FR\",\"@id\":\"https:\/\/agronetllc.com\/#\/schema\/logo\/image\/\",\"url\":\"https:\/\/agronetllc.com\/wp-content\/uploads\/2020\/03\/Agronet-LLC.png\",\"contentUrl\":\"https:\/\/agronetllc.com\/wp-content\/uploads\/2020\/03\/Agronet-LLC.png\",\"width\":651,\"height\":236,\"caption\":\"AgroNet LLC\"},\"image\":{\"@id\":\"https:\/\/agronetllc.com\/#\/schema\/logo\/image\/\"}}]}<\/script>\n<!-- \/ Yoast SEO plugin. -->","yoast_head_json":{"title":"Arroyo Vista - AgroNet LLC","robots":{"index":"index","follow":"follow","max-snippet":"max-snippet:-1","max-image-preview":"max-image-preview:large","max-video-preview":"max-video-preview:-1"},"canonical":"https:\/\/agronetllc.com\/fr\/produit\/arroyo-vista\/","og_locale":"fr_FR","og_type":"article","og_title":"Arroyo Vista - AgroNet LLC","og_description":"Chardonnay A premium Chardonnay crafted from pioneering vineyards in Monterey\u2019s Arroyo Seco region. This wine offers vibrant tropical fruit flavors balanced with bright acidity, making it highly versatile and elegant for various food pairings.       Detail Information     Origin Arroyo Seco AVA, Monterey County, California   Fermentation Barrel-fermented for approximately 17 days   Barrel Type French oak barrels   Food Pairings Butternut squash soup, mussels in lemon-wine sauce, roasted chicken with mushrooms, lobster or crab with lemon-butter","og_url":"https:\/\/agronetllc.com\/fr\/produit\/arroyo-vista\/","og_site_name":"AgroNet LLC","article_modified_time":"2026-03-30T07:05:43+00:00","og_image":[{"width":600,"height":750,"url":"http:\/\/agronetllc.com\/wp-content\/uploads\/2026\/01\/Arroyo-Vista-1.png","type":"image\/png"}],"twitter_card":"summary_large_image","schema":{"@context":"https:\/\/schema.org","@graph":[{"@type":"WebPage","@id":"https:\/\/agronetllc.com\/product\/arroyo-vista\/","url":"https:\/\/agronetllc.com\/product\/arroyo-vista\/","name":"Arroyo Vista - AgroNet LLC","isPartOf":{"@id":"https:\/\/agronetllc.com\/#website"},"primaryImageOfPage":{"@id":"https:\/\/agronetllc.com\/product\/arroyo-vista\/#primaryimage"},"image":{"@id":"https:\/\/agronetllc.com\/product\/arroyo-vista\/#primaryimage"},"thumbnailUrl":"https:\/\/agronetllc.com\/wp-content\/uploads\/2026\/01\/Arroyo-Vista-1.png","datePublished":"2026-01-20T07:47:35+00:00","dateModified":"2026-03-30T07:05:43+00:00","breadcrumb":{"@id":"https:\/\/agronetllc.com\/product\/arroyo-vista\/#breadcrumb"},"inLanguage":"fr-FR","potentialAction":[{"@type":"ReadAction","target":["https:\/\/agronetllc.com\/product\/arroyo-vista\/"]}]},{"@type":"ImageObject","inLanguage":"fr-FR","@id":"https:\/\/agronetllc.com\/product\/arroyo-vista\/#primaryimage","url":"https:\/\/agronetllc.com\/wp-content\/uploads\/2026\/01\/Arroyo-Vista-1.png","contentUrl":"https:\/\/agronetllc.com\/wp-content\/uploads\/2026\/01\/Arroyo-Vista-1.png","width":600,"height":750},{"@type":"BreadcrumbList","@id":"https:\/\/agronetllc.com\/product\/arroyo-vista\/#breadcrumb","itemListElement":[{"@type":"ListItem","position":1,"name":"Home","item":"https:\/\/agronetllc.com\/"},{"@type":"ListItem","position":2,"name":"Shop","item":"https:\/\/agronetllc.com\/shop\/"},{"@type":"ListItem","position":3,"name":"Arroyo Vista"}]},{"@type":"WebSite","@id":"https:\/\/agronetllc.com\/#website","url":"https:\/\/agronetllc.com\/","name":"AgroNet LLC","description":"Provide high-quality products","publisher":{"@id":"https:\/\/agronetllc.com\/#organization"},"potentialAction":[{"@type":"SearchAction","target":{"@type":"EntryPoint","urlTemplate":"https:\/\/agronetllc.com\/?s={search_term_string}"},"query-input":{"@type":"PropertyValueSpecification","valueRequired":true,"valueName":"search_term_string"}}],"inLanguage":"fr-FR"},{"@type":"Organization","@id":"https:\/\/agronetllc.com\/#organization","name":"AgroNet LLC","url":"https:\/\/agronetllc.com\/","logo":{"@type":"ImageObject","inLanguage":"fr-FR","@id":"https:\/\/agronetllc.com\/#\/schema\/logo\/image\/","url":"https:\/\/agronetllc.com\/wp-content\/uploads\/2020\/03\/Agronet-LLC.png","contentUrl":"https:\/\/agronetllc.com\/wp-content\/uploads\/2020\/03\/Agronet-LLC.png","width":651,"height":236,"caption":"AgroNet LLC"},"image":{"@id":"https:\/\/agronetllc.com\/#\/schema\/logo\/image\/"}}]}},"_links":{"self":[{"href":"https:\/\/agronetllc.com\/fr\/wp-json\/wp\/v2\/product\/4288","targetHints":{"allow":["GET"]}}],"collection":[{"href":"https:\/\/agronetllc.com\/fr\/wp-json\/wp\/v2\/product"}],"about":[{"href":"https:\/\/agronetllc.com\/fr\/wp-json\/wp\/v2\/types\/product"}],"replies":[{"embeddable":true,"href":"https:\/\/agronetllc.com\/fr\/wp-json\/wp\/v2\/comments?post=4288"}],"wp:featuredmedia":[{"embeddable":true,"href":"https:\/\/agronetllc.com\/fr\/wp-json\/wp\/v2\/media\/4298"}],"wp:attachment":[{"href":"https:\/\/agronetllc.com\/fr\/wp-json\/wp\/v2\/media?parent=4288"}],"wp:term":[{"taxonomy":"product_brand","embeddable":true,"href":"https:\/\/agronetllc.com\/fr\/wp-json\/wp\/v2\/product_brand?post=4288"},{"taxonomy":"product_cat","embeddable":true,"href":"https:\/\/agronetllc.com\/fr\/wp-json\/wp\/v2\/product_cat?post=4288"},{"taxonomy":"product_tag","embeddable":true,"href":"https:\/\/agronetllc.com\/fr\/wp-json\/wp\/v2\/product_tag?post=4288"}],"curies":[{"name":"wp","href":"https:\/\/api.w.org\/{rel}","templated":true}]}}