{"id":4303,"date":"2026-01-20T04:45:09","date_gmt":"2026-01-20T09:45:09","guid":{"rendered":"https:\/\/agronetllc.com\/?post_type=product&#038;p=4303"},"modified":"2026-03-30T02:04:01","modified_gmt":"2026-03-30T07:04:01","slug":"stairway-vineyard","status":"publish","type":"product","link":"https:\/\/agronetllc.com\/fr\/produit\/stairway-vineyard\/","title":{"rendered":"Stairway Vineyard"},"content":{"rendered":"","protected":false},"excerpt":{"rendered":"<h3 data-start=\"144\" data-end=\"324\">Grenache Ros\u00e9<\/h3>\n<p data-start=\"144\" data-end=\"324\">Un ros\u00e9 rafra\u00eechissant et \u00e9l\u00e9gant aux notes fruit\u00e9es et \u00e9clatantes, avec une finale vive. Parfait pour des moments conviviaux et des apr\u00e8s-midis ensoleill\u00e9s, offrant une exp\u00e9rience de d\u00e9gustation douce et agr\u00e9able.<\/p>\n<div class=\"TyagGW_tableContainer\">\n<div class=\"group TyagGW_tableWrapper flex flex-col-reverse w-fit\" tabindex=\"-1\">\n<table class=\"w-fit min-w-(--thread-content-width)\" data-start=\"331\" data-end=\"568\">\n<thead data-start=\"331\" data-end=\"370\">\n<tr data-start=\"331\" data-end=\"370\">\n<th class=\"\" data-start=\"331\" data-end=\"351\" data-col-size=\"sm\"><strong data-start=\"333\" data-end=\"343\">D\u00e9tail<\/strong><\/th>\n<th class=\"\" data-start=\"351\" data-end=\"370\" data-col-size=\"md\"><strong data-start=\"353\" data-end=\"368\">Informations<\/strong><\/th>\n<\/tr>\n<\/thead>\n<tbody data-start=\"409\" data-end=\"568\">\n<tr data-start=\"409\" data-end=\"474\">\n<td data-start=\"409\" data-end=\"428\" data-col-size=\"sm\">Origine<\/td>\n<td data-col-size=\"md\" data-start=\"428\" data-end=\"474\">District d\u2019Adelaida, Paso Robles, Californie<\/td>\n<\/tr>\n<tr data-start=\"475\" data-end=\"568\">\n<td data-start=\"475\" data-end=\"494\" data-col-size=\"sm\">Accords mets-vins<\/td>\n<td data-start=\"494\" data-end=\"568\" data-col-size=\"md\">\u00c0 d\u00e9guster de pr\u00e9f\u00e9rence frais avec des fruits frais, une quiche et un assortiment de charcuterie.<\/td>\n<\/tr>\n<\/tbody>\n<\/table>\n<\/div>\n<\/div>\n<p>&nbsp;<\/p>","protected":false},"featured_media":4304,"comment_status":"open","ping_status":"closed","template":"","meta":[],"product_brand":[],"product_cat":[29],"product_tag":[],"class_list":{"0":"post-4303","1":"product","2":"type-product","3":"status-publish","4":"has-post-thumbnail","6":"product_cat-white-wines","8":"first","9":"instock","10":"shipping-taxable","11":"product-type-simple"},"yoast_head":"<!-- This site is optimized with the Yoast SEO plugin v27.2 - https:\/\/yoast.com\/product\/yoast-seo-wordpress\/ -->\n<title>Stairway Vineyard - AgroNet LLC<\/title>\n<meta name=\"robots\" content=\"index, follow, max-snippet:-1, max-image-preview:large, max-video-preview:-1\" \/>\n<link rel=\"canonical\" href=\"https:\/\/agronetllc.com\/fr\/produit\/stairway-vineyard\/\" \/>\n<meta property=\"og:locale\" content=\"fr_FR\" \/>\n<meta property=\"og:type\" content=\"article\" \/>\n<meta property=\"og:title\" content=\"Stairway Vineyard - AgroNet LLC\" \/>\n<meta property=\"og:description\" content=\"Grenache Ros\u00e9 A refreshing and elegant ros\u00e9 with bright, fruity notes and a crisp finish. Perfect for relaxed gatherings and warm afternoons, offering a smooth and enjoyable drinking experience.       Detail Information     Origin Adelaida District, Paso Robles, California   Food Pairings Best served chilled with fresh fruit, quiche, and a charcuterie spread      &nbsp;\" \/>\n<meta property=\"og:url\" content=\"https:\/\/agronetllc.com\/fr\/produit\/stairway-vineyard\/\" \/>\n<meta property=\"og:site_name\" content=\"AgroNet LLC\" \/>\n<meta property=\"article:modified_time\" content=\"2026-03-30T07:04:01+00:00\" \/>\n<meta property=\"og:image\" content=\"http:\/\/agronetllc.com\/wp-content\/uploads\/2026\/01\/Stairway-Vineyard.png\" \/>\n\t<meta property=\"og:image:width\" content=\"600\" \/>\n\t<meta property=\"og:image:height\" content=\"750\" \/>\n\t<meta property=\"og:image:type\" content=\"image\/png\" \/>\n<meta name=\"twitter:card\" content=\"summary_large_image\" \/>\n<script type=\"application\/ld+json\" class=\"yoast-schema-graph\">{\"@context\":\"https:\/\/schema.org\",\"@graph\":[{\"@type\":\"WebPage\",\"@id\":\"https:\/\/agronetllc.com\/product\/stairway-vineyard\/\",\"url\":\"https:\/\/agronetllc.com\/product\/stairway-vineyard\/\",\"name\":\"Stairway Vineyard - AgroNet LLC\",\"isPartOf\":{\"@id\":\"https:\/\/agronetllc.com\/#website\"},\"primaryImageOfPage\":{\"@id\":\"https:\/\/agronetllc.com\/product\/stairway-vineyard\/#primaryimage\"},\"image\":{\"@id\":\"https:\/\/agronetllc.com\/product\/stairway-vineyard\/#primaryimage\"},\"thumbnailUrl\":\"https:\/\/agronetllc.com\/wp-content\/uploads\/2026\/01\/Stairway-Vineyard.png\",\"datePublished\":\"2026-01-20T09:45:09+00:00\",\"dateModified\":\"2026-03-30T07:04:01+00:00\",\"breadcrumb\":{\"@id\":\"https:\/\/agronetllc.com\/product\/stairway-vineyard\/#breadcrumb\"},\"inLanguage\":\"fr-FR\",\"potentialAction\":[{\"@type\":\"ReadAction\",\"target\":[\"https:\/\/agronetllc.com\/product\/stairway-vineyard\/\"]}]},{\"@type\":\"ImageObject\",\"inLanguage\":\"fr-FR\",\"@id\":\"https:\/\/agronetllc.com\/product\/stairway-vineyard\/#primaryimage\",\"url\":\"https:\/\/agronetllc.com\/wp-content\/uploads\/2026\/01\/Stairway-Vineyard.png\",\"contentUrl\":\"https:\/\/agronetllc.com\/wp-content\/uploads\/2026\/01\/Stairway-Vineyard.png\",\"width\":600,\"height\":750},{\"@type\":\"BreadcrumbList\",\"@id\":\"https:\/\/agronetllc.com\/product\/stairway-vineyard\/#breadcrumb\",\"itemListElement\":[{\"@type\":\"ListItem\",\"position\":1,\"name\":\"Home\",\"item\":\"https:\/\/agronetllc.com\/\"},{\"@type\":\"ListItem\",\"position\":2,\"name\":\"Shop\",\"item\":\"https:\/\/agronetllc.com\/shop\/\"},{\"@type\":\"ListItem\",\"position\":3,\"name\":\"Stairway Vineyard\"}]},{\"@type\":\"WebSite\",\"@id\":\"https:\/\/agronetllc.com\/#website\",\"url\":\"https:\/\/agronetllc.com\/\",\"name\":\"AgroNet LLC\",\"description\":\"Provide high-quality products\",\"publisher\":{\"@id\":\"https:\/\/agronetllc.com\/#organization\"},\"potentialAction\":[{\"@type\":\"SearchAction\",\"target\":{\"@type\":\"EntryPoint\",\"urlTemplate\":\"https:\/\/agronetllc.com\/?s={search_term_string}\"},\"query-input\":{\"@type\":\"PropertyValueSpecification\",\"valueRequired\":true,\"valueName\":\"search_term_string\"}}],\"inLanguage\":\"fr-FR\"},{\"@type\":\"Organization\",\"@id\":\"https:\/\/agronetllc.com\/#organization\",\"name\":\"AgroNet LLC\",\"url\":\"https:\/\/agronetllc.com\/\",\"logo\":{\"@type\":\"ImageObject\",\"inLanguage\":\"fr-FR\",\"@id\":\"https:\/\/agronetllc.com\/#\/schema\/logo\/image\/\",\"url\":\"https:\/\/agronetllc.com\/wp-content\/uploads\/2020\/03\/Agronet-LLC.png\",\"contentUrl\":\"https:\/\/agronetllc.com\/wp-content\/uploads\/2020\/03\/Agronet-LLC.png\",\"width\":651,\"height\":236,\"caption\":\"AgroNet LLC\"},\"image\":{\"@id\":\"https:\/\/agronetllc.com\/#\/schema\/logo\/image\/\"}}]}<\/script>\n<!-- \/ Yoast SEO plugin. -->","yoast_head_json":{"title":"Stairway Vineyard - AgroNet LLC","robots":{"index":"index","follow":"follow","max-snippet":"max-snippet:-1","max-image-preview":"max-image-preview:large","max-video-preview":"max-video-preview:-1"},"canonical":"https:\/\/agronetllc.com\/fr\/produit\/stairway-vineyard\/","og_locale":"fr_FR","og_type":"article","og_title":"Stairway Vineyard - AgroNet LLC","og_description":"Grenache Ros\u00e9 A refreshing and elegant ros\u00e9 with bright, fruity notes and a crisp finish. Perfect for relaxed gatherings and warm afternoons, offering a smooth and enjoyable drinking experience.       Detail Information     Origin Adelaida District, Paso Robles, California   Food Pairings Best served chilled with fresh fruit, quiche, and a charcuterie spread      &nbsp;","og_url":"https:\/\/agronetllc.com\/fr\/produit\/stairway-vineyard\/","og_site_name":"AgroNet LLC","article_modified_time":"2026-03-30T07:04:01+00:00","og_image":[{"width":600,"height":750,"url":"http:\/\/agronetllc.com\/wp-content\/uploads\/2026\/01\/Stairway-Vineyard.png","type":"image\/png"}],"twitter_card":"summary_large_image","schema":{"@context":"https:\/\/schema.org","@graph":[{"@type":"WebPage","@id":"https:\/\/agronetllc.com\/product\/stairway-vineyard\/","url":"https:\/\/agronetllc.com\/product\/stairway-vineyard\/","name":"Stairway Vineyard - AgroNet LLC","isPartOf":{"@id":"https:\/\/agronetllc.com\/#website"},"primaryImageOfPage":{"@id":"https:\/\/agronetllc.com\/product\/stairway-vineyard\/#primaryimage"},"image":{"@id":"https:\/\/agronetllc.com\/product\/stairway-vineyard\/#primaryimage"},"thumbnailUrl":"https:\/\/agronetllc.com\/wp-content\/uploads\/2026\/01\/Stairway-Vineyard.png","datePublished":"2026-01-20T09:45:09+00:00","dateModified":"2026-03-30T07:04:01+00:00","breadcrumb":{"@id":"https:\/\/agronetllc.com\/product\/stairway-vineyard\/#breadcrumb"},"inLanguage":"fr-FR","potentialAction":[{"@type":"ReadAction","target":["https:\/\/agronetllc.com\/product\/stairway-vineyard\/"]}]},{"@type":"ImageObject","inLanguage":"fr-FR","@id":"https:\/\/agronetllc.com\/product\/stairway-vineyard\/#primaryimage","url":"https:\/\/agronetllc.com\/wp-content\/uploads\/2026\/01\/Stairway-Vineyard.png","contentUrl":"https:\/\/agronetllc.com\/wp-content\/uploads\/2026\/01\/Stairway-Vineyard.png","width":600,"height":750},{"@type":"BreadcrumbList","@id":"https:\/\/agronetllc.com\/product\/stairway-vineyard\/#breadcrumb","itemListElement":[{"@type":"ListItem","position":1,"name":"Home","item":"https:\/\/agronetllc.com\/"},{"@type":"ListItem","position":2,"name":"Shop","item":"https:\/\/agronetllc.com\/shop\/"},{"@type":"ListItem","position":3,"name":"Stairway Vineyard"}]},{"@type":"WebSite","@id":"https:\/\/agronetllc.com\/#website","url":"https:\/\/agronetllc.com\/","name":"AgroNet LLC","description":"Provide high-quality products","publisher":{"@id":"https:\/\/agronetllc.com\/#organization"},"potentialAction":[{"@type":"SearchAction","target":{"@type":"EntryPoint","urlTemplate":"https:\/\/agronetllc.com\/?s={search_term_string}"},"query-input":{"@type":"PropertyValueSpecification","valueRequired":true,"valueName":"search_term_string"}}],"inLanguage":"fr-FR"},{"@type":"Organization","@id":"https:\/\/agronetllc.com\/#organization","name":"AgroNet LLC","url":"https:\/\/agronetllc.com\/","logo":{"@type":"ImageObject","inLanguage":"fr-FR","@id":"https:\/\/agronetllc.com\/#\/schema\/logo\/image\/","url":"https:\/\/agronetllc.com\/wp-content\/uploads\/2020\/03\/Agronet-LLC.png","contentUrl":"https:\/\/agronetllc.com\/wp-content\/uploads\/2020\/03\/Agronet-LLC.png","width":651,"height":236,"caption":"AgroNet LLC"},"image":{"@id":"https:\/\/agronetllc.com\/#\/schema\/logo\/image\/"}}]}},"_links":{"self":[{"href":"https:\/\/agronetllc.com\/fr\/wp-json\/wp\/v2\/product\/4303","targetHints":{"allow":["GET"]}}],"collection":[{"href":"https:\/\/agronetllc.com\/fr\/wp-json\/wp\/v2\/product"}],"about":[{"href":"https:\/\/agronetllc.com\/fr\/wp-json\/wp\/v2\/types\/product"}],"replies":[{"embeddable":true,"href":"https:\/\/agronetllc.com\/fr\/wp-json\/wp\/v2\/comments?post=4303"}],"wp:featuredmedia":[{"embeddable":true,"href":"https:\/\/agronetllc.com\/fr\/wp-json\/wp\/v2\/media\/4304"}],"wp:attachment":[{"href":"https:\/\/agronetllc.com\/fr\/wp-json\/wp\/v2\/media?parent=4303"}],"wp:term":[{"taxonomy":"product_brand","embeddable":true,"href":"https:\/\/agronetllc.com\/fr\/wp-json\/wp\/v2\/product_brand?post=4303"},{"taxonomy":"product_cat","embeddable":true,"href":"https:\/\/agronetllc.com\/fr\/wp-json\/wp\/v2\/product_cat?post=4303"},{"taxonomy":"product_tag","embeddable":true,"href":"https:\/\/agronetllc.com\/fr\/wp-json\/wp\/v2\/product_tag?post=4303"}],"curies":[{"name":"wp","href":"https:\/\/api.w.org\/{rel}","templated":true}]}}