{"id":4311,"date":"2026-01-20T04:48:26","date_gmt":"2026-01-20T09:48:26","guid":{"rendered":"https:\/\/agronetllc.com\/?post_type=product&#038;p=4311"},"modified":"2026-03-30T02:13:50","modified_gmt":"2026-03-30T07:13:50","slug":"viognier","status":"publish","type":"product","link":"https:\/\/agronetllc.com\/fr\/produit\/viognier\/","title":{"rendered":"Viognier"},"content":{"rendered":"","protected":false},"excerpt":{"rendered":"<p data-start=\"119\" data-end=\"299\">Un vin blanc doux et aromatique aux notes florales et \u00e0 la texture riche et \u00e9quilibr\u00e9e. Il offre une exp\u00e9rience gustative raffin\u00e9e, parfaite aussi bien pour les entr\u00e9es l\u00e9g\u00e8res que pour les plats principaux savoureux.<\/p>\n<div class=\"TyagGW_tableContainer\">\n<div class=\"group TyagGW_tableWrapper flex flex-col-reverse w-fit\" tabindex=\"-1\">\n<table class=\"w-fit min-w-(--thread-content-width)\" data-start=\"306\" data-end=\"641\">\n<thead data-start=\"306\" data-end=\"345\">\n<tr data-start=\"306\" data-end=\"345\">\n<th class=\"\" data-start=\"306\" data-end=\"326\" data-col-size=\"sm\"><strong data-start=\"308\" data-end=\"318\">D\u00e9tail<\/strong><\/th>\n<th class=\"\" data-start=\"326\" data-end=\"345\" data-col-size=\"lg\"><strong data-start=\"328\" data-end=\"343\">Informations<\/strong><\/th>\n<\/tr>\n<\/thead>\n<tbody data-start=\"384\" data-end=\"641\">\n<tr data-start=\"384\" data-end=\"477\">\n<td data-start=\"384\" data-end=\"403\" data-col-size=\"sm\">Origine<\/td>\n<td data-col-size=\"lg\" data-start=\"403\" data-end=\"477\">Adelaida District, Paso Robles AVA, San Luis Obispo County, California<\/td>\n<\/tr>\n<tr data-start=\"478\" data-end=\"641\">\n<td data-start=\"478\" data-end=\"497\" data-col-size=\"sm\">Accords mets-vins<\/td>\n<td data-start=\"497\" data-end=\"641\" data-col-size=\"lg\">\u00c0 d\u00e9guster en ap\u00e9ritif avec du Jarlsberg, du manchego ou des fromages \u00e0 p\u00e2te molle, ou \u00e0 associer avec un curry de poulet \u00e0 l\u2019abricot, des noix de Saint-Jacques po\u00eal\u00e9es ou un risotto au safran.<\/td>\n<\/tr>\n<\/tbody>\n<\/table>\n<\/div>\n<\/div>","protected":false},"featured_media":4312,"comment_status":"open","ping_status":"closed","template":"","meta":[],"product_brand":[],"product_cat":[29],"product_tag":[],"class_list":{"0":"post-4311","1":"product","2":"type-product","3":"status-publish","4":"has-post-thumbnail","6":"product_cat-white-wines","8":"first","9":"instock","10":"shipping-taxable","11":"product-type-simple"},"yoast_head":"<!-- This site is optimized with the Yoast SEO plugin v27.2 - https:\/\/yoast.com\/product\/yoast-seo-wordpress\/ -->\n<title>Viognier - AgroNet LLC<\/title>\n<meta name=\"robots\" content=\"index, follow, max-snippet:-1, max-image-preview:large, max-video-preview:-1\" \/>\n<link rel=\"canonical\" href=\"https:\/\/agronetllc.com\/fr\/produit\/viognier\/\" \/>\n<meta property=\"og:locale\" content=\"fr_FR\" \/>\n<meta property=\"og:type\" content=\"article\" \/>\n<meta property=\"og:title\" content=\"Viognier - AgroNet LLC\" \/>\n<meta property=\"og:description\" content=\"A smooth and aromatic white wine with floral notes and a rich, balanced texture. It delivers a refined taste experience, perfect for both light starters and flavorful main courses.       Detail Information     Origin Adelaida District, Paso Robles AVA, San Luis Obispo County, California   Food Pairings Enjoy as an aperitif with Jarlsberg, manchego, or soft cheeses, or pair with chicken curry with apricot, seared scallops, or saffron risotto\" \/>\n<meta property=\"og:url\" content=\"https:\/\/agronetllc.com\/fr\/produit\/viognier\/\" \/>\n<meta property=\"og:site_name\" content=\"AgroNet LLC\" \/>\n<meta property=\"article:modified_time\" content=\"2026-03-30T07:13:50+00:00\" \/>\n<meta property=\"og:image\" content=\"http:\/\/agronetllc.com\/wp-content\/uploads\/2026\/01\/Viognier.png\" \/>\n\t<meta property=\"og:image:width\" content=\"600\" \/>\n\t<meta property=\"og:image:height\" content=\"750\" \/>\n\t<meta property=\"og:image:type\" content=\"image\/png\" \/>\n<meta name=\"twitter:card\" content=\"summary_large_image\" \/>\n<script type=\"application\/ld+json\" class=\"yoast-schema-graph\">{\"@context\":\"https:\/\/schema.org\",\"@graph\":[{\"@type\":\"WebPage\",\"@id\":\"https:\/\/agronetllc.com\/product\/viognier\/\",\"url\":\"https:\/\/agronetllc.com\/product\/viognier\/\",\"name\":\"Viognier - AgroNet LLC\",\"isPartOf\":{\"@id\":\"https:\/\/agronetllc.com\/#website\"},\"primaryImageOfPage\":{\"@id\":\"https:\/\/agronetllc.com\/product\/viognier\/#primaryimage\"},\"image\":{\"@id\":\"https:\/\/agronetllc.com\/product\/viognier\/#primaryimage\"},\"thumbnailUrl\":\"https:\/\/agronetllc.com\/wp-content\/uploads\/2026\/01\/Viognier.png\",\"datePublished\":\"2026-01-20T09:48:26+00:00\",\"dateModified\":\"2026-03-30T07:13:50+00:00\",\"breadcrumb\":{\"@id\":\"https:\/\/agronetllc.com\/product\/viognier\/#breadcrumb\"},\"inLanguage\":\"fr-FR\",\"potentialAction\":[{\"@type\":\"ReadAction\",\"target\":[\"https:\/\/agronetllc.com\/product\/viognier\/\"]}]},{\"@type\":\"ImageObject\",\"inLanguage\":\"fr-FR\",\"@id\":\"https:\/\/agronetllc.com\/product\/viognier\/#primaryimage\",\"url\":\"https:\/\/agronetllc.com\/wp-content\/uploads\/2026\/01\/Viognier.png\",\"contentUrl\":\"https:\/\/agronetllc.com\/wp-content\/uploads\/2026\/01\/Viognier.png\",\"width\":600,\"height\":750},{\"@type\":\"BreadcrumbList\",\"@id\":\"https:\/\/agronetllc.com\/product\/viognier\/#breadcrumb\",\"itemListElement\":[{\"@type\":\"ListItem\",\"position\":1,\"name\":\"Home\",\"item\":\"https:\/\/agronetllc.com\/\"},{\"@type\":\"ListItem\",\"position\":2,\"name\":\"Shop\",\"item\":\"https:\/\/agronetllc.com\/shop\/\"},{\"@type\":\"ListItem\",\"position\":3,\"name\":\"Viognier\"}]},{\"@type\":\"WebSite\",\"@id\":\"https:\/\/agronetllc.com\/#website\",\"url\":\"https:\/\/agronetllc.com\/\",\"name\":\"AgroNet LLC\",\"description\":\"Provide high-quality products\",\"publisher\":{\"@id\":\"https:\/\/agronetllc.com\/#organization\"},\"potentialAction\":[{\"@type\":\"SearchAction\",\"target\":{\"@type\":\"EntryPoint\",\"urlTemplate\":\"https:\/\/agronetllc.com\/?s={search_term_string}\"},\"query-input\":{\"@type\":\"PropertyValueSpecification\",\"valueRequired\":true,\"valueName\":\"search_term_string\"}}],\"inLanguage\":\"fr-FR\"},{\"@type\":\"Organization\",\"@id\":\"https:\/\/agronetllc.com\/#organization\",\"name\":\"AgroNet LLC\",\"url\":\"https:\/\/agronetllc.com\/\",\"logo\":{\"@type\":\"ImageObject\",\"inLanguage\":\"fr-FR\",\"@id\":\"https:\/\/agronetllc.com\/#\/schema\/logo\/image\/\",\"url\":\"https:\/\/agronetllc.com\/wp-content\/uploads\/2020\/03\/Agronet-LLC.png\",\"contentUrl\":\"https:\/\/agronetllc.com\/wp-content\/uploads\/2020\/03\/Agronet-LLC.png\",\"width\":651,\"height\":236,\"caption\":\"AgroNet LLC\"},\"image\":{\"@id\":\"https:\/\/agronetllc.com\/#\/schema\/logo\/image\/\"}}]}<\/script>\n<!-- \/ Yoast SEO plugin. -->","yoast_head_json":{"title":"Viognier - AgroNet LLC","robots":{"index":"index","follow":"follow","max-snippet":"max-snippet:-1","max-image-preview":"max-image-preview:large","max-video-preview":"max-video-preview:-1"},"canonical":"https:\/\/agronetllc.com\/fr\/produit\/viognier\/","og_locale":"fr_FR","og_type":"article","og_title":"Viognier - AgroNet LLC","og_description":"A smooth and aromatic white wine with floral notes and a rich, balanced texture. It delivers a refined taste experience, perfect for both light starters and flavorful main courses.       Detail Information     Origin Adelaida District, Paso Robles AVA, San Luis Obispo County, California   Food Pairings Enjoy as an aperitif with Jarlsberg, manchego, or soft cheeses, or pair with chicken curry with apricot, seared scallops, or saffron risotto","og_url":"https:\/\/agronetllc.com\/fr\/produit\/viognier\/","og_site_name":"AgroNet LLC","article_modified_time":"2026-03-30T07:13:50+00:00","og_image":[{"width":600,"height":750,"url":"http:\/\/agronetllc.com\/wp-content\/uploads\/2026\/01\/Viognier.png","type":"image\/png"}],"twitter_card":"summary_large_image","schema":{"@context":"https:\/\/schema.org","@graph":[{"@type":"WebPage","@id":"https:\/\/agronetllc.com\/product\/viognier\/","url":"https:\/\/agronetllc.com\/product\/viognier\/","name":"Viognier - AgroNet LLC","isPartOf":{"@id":"https:\/\/agronetllc.com\/#website"},"primaryImageOfPage":{"@id":"https:\/\/agronetllc.com\/product\/viognier\/#primaryimage"},"image":{"@id":"https:\/\/agronetllc.com\/product\/viognier\/#primaryimage"},"thumbnailUrl":"https:\/\/agronetllc.com\/wp-content\/uploads\/2026\/01\/Viognier.png","datePublished":"2026-01-20T09:48:26+00:00","dateModified":"2026-03-30T07:13:50+00:00","breadcrumb":{"@id":"https:\/\/agronetllc.com\/product\/viognier\/#breadcrumb"},"inLanguage":"fr-FR","potentialAction":[{"@type":"ReadAction","target":["https:\/\/agronetllc.com\/product\/viognier\/"]}]},{"@type":"ImageObject","inLanguage":"fr-FR","@id":"https:\/\/agronetllc.com\/product\/viognier\/#primaryimage","url":"https:\/\/agronetllc.com\/wp-content\/uploads\/2026\/01\/Viognier.png","contentUrl":"https:\/\/agronetllc.com\/wp-content\/uploads\/2026\/01\/Viognier.png","width":600,"height":750},{"@type":"BreadcrumbList","@id":"https:\/\/agronetllc.com\/product\/viognier\/#breadcrumb","itemListElement":[{"@type":"ListItem","position":1,"name":"Home","item":"https:\/\/agronetllc.com\/"},{"@type":"ListItem","position":2,"name":"Shop","item":"https:\/\/agronetllc.com\/shop\/"},{"@type":"ListItem","position":3,"name":"Viognier"}]},{"@type":"WebSite","@id":"https:\/\/agronetllc.com\/#website","url":"https:\/\/agronetllc.com\/","name":"AgroNet LLC","description":"Provide high-quality products","publisher":{"@id":"https:\/\/agronetllc.com\/#organization"},"potentialAction":[{"@type":"SearchAction","target":{"@type":"EntryPoint","urlTemplate":"https:\/\/agronetllc.com\/?s={search_term_string}"},"query-input":{"@type":"PropertyValueSpecification","valueRequired":true,"valueName":"search_term_string"}}],"inLanguage":"fr-FR"},{"@type":"Organization","@id":"https:\/\/agronetllc.com\/#organization","name":"AgroNet LLC","url":"https:\/\/agronetllc.com\/","logo":{"@type":"ImageObject","inLanguage":"fr-FR","@id":"https:\/\/agronetllc.com\/#\/schema\/logo\/image\/","url":"https:\/\/agronetllc.com\/wp-content\/uploads\/2020\/03\/Agronet-LLC.png","contentUrl":"https:\/\/agronetllc.com\/wp-content\/uploads\/2020\/03\/Agronet-LLC.png","width":651,"height":236,"caption":"AgroNet LLC"},"image":{"@id":"https:\/\/agronetllc.com\/#\/schema\/logo\/image\/"}}]}},"_links":{"self":[{"href":"https:\/\/agronetllc.com\/fr\/wp-json\/wp\/v2\/product\/4311","targetHints":{"allow":["GET"]}}],"collection":[{"href":"https:\/\/agronetllc.com\/fr\/wp-json\/wp\/v2\/product"}],"about":[{"href":"https:\/\/agronetllc.com\/fr\/wp-json\/wp\/v2\/types\/product"}],"replies":[{"embeddable":true,"href":"https:\/\/agronetllc.com\/fr\/wp-json\/wp\/v2\/comments?post=4311"}],"wp:featuredmedia":[{"embeddable":true,"href":"https:\/\/agronetllc.com\/fr\/wp-json\/wp\/v2\/media\/4312"}],"wp:attachment":[{"href":"https:\/\/agronetllc.com\/fr\/wp-json\/wp\/v2\/media?parent=4311"}],"wp:term":[{"taxonomy":"product_brand","embeddable":true,"href":"https:\/\/agronetllc.com\/fr\/wp-json\/wp\/v2\/product_brand?post=4311"},{"taxonomy":"product_cat","embeddable":true,"href":"https:\/\/agronetllc.com\/fr\/wp-json\/wp\/v2\/product_cat?post=4311"},{"taxonomy":"product_tag","embeddable":true,"href":"https:\/\/agronetllc.com\/fr\/wp-json\/wp\/v2\/product_tag?post=4311"}],"curies":[{"name":"wp","href":"https:\/\/api.w.org\/{rel}","templated":true}]}}