{"id":4316,"date":"2026-01-20T04:52:15","date_gmt":"2026-01-20T09:52:15","guid":{"rendered":"https:\/\/agronetllc.com\/?post_type=product&#038;p=4316"},"modified":"2026-03-30T02:16:34","modified_gmt":"2026-03-30T07:16:34","slug":"fg-vineyard","status":"publish","type":"product","link":"https:\/\/agronetllc.com\/fr\/produit\/fg-vineyard\/","title":{"rendered":"F&#038;G Vineyard"},"content":{"rendered":"","protected":false},"excerpt":{"rendered":"<h3 data-section-id=\"1qfdv22\" data-start=\"103\" data-end=\"141\"><span role=\"text\"><strong data-start=\"107\" data-end=\"141\">Sauvignon Blanc<\/strong><\/span><\/h3>\n<p data-start=\"143\" data-end=\"288\">Un Sauvignon Blanc vif et frais aux notes \u00e9clatantes d\u2019agrumes et de verdure. Parfaitement rafra\u00eechissant, il se marie \u00e0 merveille avec des plats l\u00e9gers et savoureux.<\/p>\n<hr data-start=\"290\" data-end=\"293\" \/>\n<div class=\"TyagGW_tableContainer\">\n<div class=\"group TyagGW_tableWrapper flex flex-col-reverse w-fit\" tabindex=\"-1\">\n<table class=\"w-fit min-w-(--thread-content-width)\" data-start=\"295\" data-end=\"510\">\n<thead data-start=\"295\" data-end=\"334\">\n<tr data-start=\"295\" data-end=\"334\">\n<th class=\"\" data-start=\"295\" data-end=\"315\" data-col-size=\"sm\"><strong data-start=\"297\" data-end=\"307\">D\u00e9tail<\/strong><\/th>\n<th class=\"\" data-start=\"315\" data-end=\"334\" data-col-size=\"md\"><strong data-start=\"317\" data-end=\"332\">Informations<\/strong><\/th>\n<\/tr>\n<\/thead>\n<tbody data-start=\"373\" data-end=\"510\">\n<tr data-start=\"373\" data-end=\"429\">\n<td data-start=\"373\" data-end=\"392\" data-col-size=\"sm\">Origine<\/td>\n<td data-start=\"392\" data-end=\"429\" data-col-size=\"md\">Arroyo Seco, Monterey, California<\/td>\n<\/tr>\n<tr data-start=\"430\" data-end=\"510\">\n<td data-start=\"430\" data-end=\"449\" data-col-size=\"sm\">Accords mets-vins<\/td>\n<td data-start=\"449\" data-end=\"510\" data-col-size=\"md\">Risotto aux l\u00e9gumes de printemps, fruits de mer, poulet au citron et tahini<\/td>\n<\/tr>\n<\/tbody>\n<\/table>\n<\/div>\n<\/div>","protected":false},"featured_media":4317,"comment_status":"open","ping_status":"closed","template":"","meta":[],"product_brand":[],"product_cat":[29],"product_tag":[],"class_list":{"0":"post-4316","1":"product","2":"type-product","3":"status-publish","4":"has-post-thumbnail","6":"product_cat-white-wines","8":"first","9":"instock","10":"shipping-taxable","11":"product-type-simple"},"yoast_head":"<!-- This site is optimized with the Yoast SEO plugin v27.2 - https:\/\/yoast.com\/product\/yoast-seo-wordpress\/ -->\n<title>F&amp;G Vineyard - AgroNet LLC<\/title>\n<meta name=\"robots\" content=\"index, follow, max-snippet:-1, max-image-preview:large, max-video-preview:-1\" \/>\n<link rel=\"canonical\" href=\"https:\/\/agronetllc.com\/fr\/produit\/fg-vineyard\/\" \/>\n<meta property=\"og:locale\" content=\"fr_FR\" \/>\n<meta property=\"og:type\" content=\"article\" \/>\n<meta property=\"og:title\" content=\"F&amp;G Vineyard - AgroNet LLC\" \/>\n<meta property=\"og:description\" content=\"Sauvignon Blanc A crisp and lively Sauvignon Blanc with bright citrus and green notes. Perfectly refreshing, it pairs beautifully with light, flavorful dishes.          Detail Information     Origin Arroyo Seco, Monterey, California   Food Pairings Spring vegetable risotto, shellfish, lemon-tahini chicken\" \/>\n<meta property=\"og:url\" content=\"https:\/\/agronetllc.com\/fr\/produit\/fg-vineyard\/\" \/>\n<meta property=\"og:site_name\" content=\"AgroNet LLC\" \/>\n<meta property=\"article:modified_time\" content=\"2026-03-30T07:16:34+00:00\" \/>\n<meta property=\"og:image\" content=\"http:\/\/agronetllc.com\/wp-content\/uploads\/2026\/01\/FG-Vineyard.png\" \/>\n\t<meta property=\"og:image:width\" content=\"600\" \/>\n\t<meta property=\"og:image:height\" content=\"750\" \/>\n\t<meta property=\"og:image:type\" content=\"image\/png\" \/>\n<meta name=\"twitter:card\" content=\"summary_large_image\" \/>\n<script type=\"application\/ld+json\" class=\"yoast-schema-graph\">{\"@context\":\"https:\/\/schema.org\",\"@graph\":[{\"@type\":\"WebPage\",\"@id\":\"https:\/\/agronetllc.com\/product\/fg-vineyard\/\",\"url\":\"https:\/\/agronetllc.com\/product\/fg-vineyard\/\",\"name\":\"F&G Vineyard - AgroNet LLC\",\"isPartOf\":{\"@id\":\"https:\/\/agronetllc.com\/#website\"},\"primaryImageOfPage\":{\"@id\":\"https:\/\/agronetllc.com\/product\/fg-vineyard\/#primaryimage\"},\"image\":{\"@id\":\"https:\/\/agronetllc.com\/product\/fg-vineyard\/#primaryimage\"},\"thumbnailUrl\":\"https:\/\/agronetllc.com\/wp-content\/uploads\/2026\/01\/FG-Vineyard.png\",\"datePublished\":\"2026-01-20T09:52:15+00:00\",\"dateModified\":\"2026-03-30T07:16:34+00:00\",\"breadcrumb\":{\"@id\":\"https:\/\/agronetllc.com\/product\/fg-vineyard\/#breadcrumb\"},\"inLanguage\":\"fr-FR\",\"potentialAction\":[{\"@type\":\"ReadAction\",\"target\":[\"https:\/\/agronetllc.com\/product\/fg-vineyard\/\"]}]},{\"@type\":\"ImageObject\",\"inLanguage\":\"fr-FR\",\"@id\":\"https:\/\/agronetllc.com\/product\/fg-vineyard\/#primaryimage\",\"url\":\"https:\/\/agronetllc.com\/wp-content\/uploads\/2026\/01\/FG-Vineyard.png\",\"contentUrl\":\"https:\/\/agronetllc.com\/wp-content\/uploads\/2026\/01\/FG-Vineyard.png\",\"width\":600,\"height\":750},{\"@type\":\"BreadcrumbList\",\"@id\":\"https:\/\/agronetllc.com\/product\/fg-vineyard\/#breadcrumb\",\"itemListElement\":[{\"@type\":\"ListItem\",\"position\":1,\"name\":\"Home\",\"item\":\"https:\/\/agronetllc.com\/\"},{\"@type\":\"ListItem\",\"position\":2,\"name\":\"Shop\",\"item\":\"https:\/\/agronetllc.com\/shop\/\"},{\"@type\":\"ListItem\",\"position\":3,\"name\":\"F&#038;G Vineyard\"}]},{\"@type\":\"WebSite\",\"@id\":\"https:\/\/agronetllc.com\/#website\",\"url\":\"https:\/\/agronetllc.com\/\",\"name\":\"AgroNet LLC\",\"description\":\"Provide high-quality products\",\"publisher\":{\"@id\":\"https:\/\/agronetllc.com\/#organization\"},\"potentialAction\":[{\"@type\":\"SearchAction\",\"target\":{\"@type\":\"EntryPoint\",\"urlTemplate\":\"https:\/\/agronetllc.com\/?s={search_term_string}\"},\"query-input\":{\"@type\":\"PropertyValueSpecification\",\"valueRequired\":true,\"valueName\":\"search_term_string\"}}],\"inLanguage\":\"fr-FR\"},{\"@type\":\"Organization\",\"@id\":\"https:\/\/agronetllc.com\/#organization\",\"name\":\"AgroNet LLC\",\"url\":\"https:\/\/agronetllc.com\/\",\"logo\":{\"@type\":\"ImageObject\",\"inLanguage\":\"fr-FR\",\"@id\":\"https:\/\/agronetllc.com\/#\/schema\/logo\/image\/\",\"url\":\"https:\/\/agronetllc.com\/wp-content\/uploads\/2020\/03\/Agronet-LLC.png\",\"contentUrl\":\"https:\/\/agronetllc.com\/wp-content\/uploads\/2020\/03\/Agronet-LLC.png\",\"width\":651,\"height\":236,\"caption\":\"AgroNet LLC\"},\"image\":{\"@id\":\"https:\/\/agronetllc.com\/#\/schema\/logo\/image\/\"}}]}<\/script>\n<!-- \/ Yoast SEO plugin. -->","yoast_head_json":{"title":"F&G Vineyard - AgroNet LLC","robots":{"index":"index","follow":"follow","max-snippet":"max-snippet:-1","max-image-preview":"max-image-preview:large","max-video-preview":"max-video-preview:-1"},"canonical":"https:\/\/agronetllc.com\/fr\/produit\/fg-vineyard\/","og_locale":"fr_FR","og_type":"article","og_title":"F&G Vineyard - AgroNet LLC","og_description":"Sauvignon Blanc A crisp and lively Sauvignon Blanc with bright citrus and green notes. Perfectly refreshing, it pairs beautifully with light, flavorful dishes.          Detail Information     Origin Arroyo Seco, Monterey, California   Food Pairings Spring vegetable risotto, shellfish, lemon-tahini chicken","og_url":"https:\/\/agronetllc.com\/fr\/produit\/fg-vineyard\/","og_site_name":"AgroNet LLC","article_modified_time":"2026-03-30T07:16:34+00:00","og_image":[{"width":600,"height":750,"url":"http:\/\/agronetllc.com\/wp-content\/uploads\/2026\/01\/FG-Vineyard.png","type":"image\/png"}],"twitter_card":"summary_large_image","schema":{"@context":"https:\/\/schema.org","@graph":[{"@type":"WebPage","@id":"https:\/\/agronetllc.com\/product\/fg-vineyard\/","url":"https:\/\/agronetllc.com\/product\/fg-vineyard\/","name":"F&G Vineyard - AgroNet LLC","isPartOf":{"@id":"https:\/\/agronetllc.com\/#website"},"primaryImageOfPage":{"@id":"https:\/\/agronetllc.com\/product\/fg-vineyard\/#primaryimage"},"image":{"@id":"https:\/\/agronetllc.com\/product\/fg-vineyard\/#primaryimage"},"thumbnailUrl":"https:\/\/agronetllc.com\/wp-content\/uploads\/2026\/01\/FG-Vineyard.png","datePublished":"2026-01-20T09:52:15+00:00","dateModified":"2026-03-30T07:16:34+00:00","breadcrumb":{"@id":"https:\/\/agronetllc.com\/product\/fg-vineyard\/#breadcrumb"},"inLanguage":"fr-FR","potentialAction":[{"@type":"ReadAction","target":["https:\/\/agronetllc.com\/product\/fg-vineyard\/"]}]},{"@type":"ImageObject","inLanguage":"fr-FR","@id":"https:\/\/agronetllc.com\/product\/fg-vineyard\/#primaryimage","url":"https:\/\/agronetllc.com\/wp-content\/uploads\/2026\/01\/FG-Vineyard.png","contentUrl":"https:\/\/agronetllc.com\/wp-content\/uploads\/2026\/01\/FG-Vineyard.png","width":600,"height":750},{"@type":"BreadcrumbList","@id":"https:\/\/agronetllc.com\/product\/fg-vineyard\/#breadcrumb","itemListElement":[{"@type":"ListItem","position":1,"name":"Home","item":"https:\/\/agronetllc.com\/"},{"@type":"ListItem","position":2,"name":"Shop","item":"https:\/\/agronetllc.com\/shop\/"},{"@type":"ListItem","position":3,"name":"F&#038;G Vineyard"}]},{"@type":"WebSite","@id":"https:\/\/agronetllc.com\/#website","url":"https:\/\/agronetllc.com\/","name":"AgroNet LLC","description":"Provide high-quality products","publisher":{"@id":"https:\/\/agronetllc.com\/#organization"},"potentialAction":[{"@type":"SearchAction","target":{"@type":"EntryPoint","urlTemplate":"https:\/\/agronetllc.com\/?s={search_term_string}"},"query-input":{"@type":"PropertyValueSpecification","valueRequired":true,"valueName":"search_term_string"}}],"inLanguage":"fr-FR"},{"@type":"Organization","@id":"https:\/\/agronetllc.com\/#organization","name":"AgroNet LLC","url":"https:\/\/agronetllc.com\/","logo":{"@type":"ImageObject","inLanguage":"fr-FR","@id":"https:\/\/agronetllc.com\/#\/schema\/logo\/image\/","url":"https:\/\/agronetllc.com\/wp-content\/uploads\/2020\/03\/Agronet-LLC.png","contentUrl":"https:\/\/agronetllc.com\/wp-content\/uploads\/2020\/03\/Agronet-LLC.png","width":651,"height":236,"caption":"AgroNet LLC"},"image":{"@id":"https:\/\/agronetllc.com\/#\/schema\/logo\/image\/"}}]}},"_links":{"self":[{"href":"https:\/\/agronetllc.com\/fr\/wp-json\/wp\/v2\/product\/4316","targetHints":{"allow":["GET"]}}],"collection":[{"href":"https:\/\/agronetllc.com\/fr\/wp-json\/wp\/v2\/product"}],"about":[{"href":"https:\/\/agronetllc.com\/fr\/wp-json\/wp\/v2\/types\/product"}],"replies":[{"embeddable":true,"href":"https:\/\/agronetllc.com\/fr\/wp-json\/wp\/v2\/comments?post=4316"}],"wp:featuredmedia":[{"embeddable":true,"href":"https:\/\/agronetllc.com\/fr\/wp-json\/wp\/v2\/media\/4317"}],"wp:attachment":[{"href":"https:\/\/agronetllc.com\/fr\/wp-json\/wp\/v2\/media?parent=4316"}],"wp:term":[{"taxonomy":"product_brand","embeddable":true,"href":"https:\/\/agronetllc.com\/fr\/wp-json\/wp\/v2\/product_brand?post=4316"},{"taxonomy":"product_cat","embeddable":true,"href":"https:\/\/agronetllc.com\/fr\/wp-json\/wp\/v2\/product_cat?post=4316"},{"taxonomy":"product_tag","embeddable":true,"href":"https:\/\/agronetllc.com\/fr\/wp-json\/wp\/v2\/product_tag?post=4316"}],"curies":[{"name":"wp","href":"https:\/\/api.w.org\/{rel}","templated":true}]}}