{"id":4319,"date":"2026-01-20T04:57:24","date_gmt":"2026-01-20T09:57:24","guid":{"rendered":"https:\/\/agronetllc.com\/?post_type=product&#038;p=4319"},"modified":"2026-03-30T02:18:44","modified_gmt":"2026-03-30T07:18:44","slug":"late-harvest","status":"publish","type":"product","link":"https:\/\/agronetllc.com\/fr\/produit\/late-harvest\/","title":{"rendered":"Late Harvest"},"content":{"rendered":"","protected":false},"excerpt":{"rendered":"<h3 data-section-id=\"87hjy8\" data-start=\"103\" data-end=\"140\"><span role=\"text\"><strong data-start=\"107\" data-end=\"140\">White Riesling<\/strong><\/span><\/h3>\n<p data-start=\"142\" data-end=\"319\">Un Riesling naturellement doux \u00e9labor\u00e9 \u00e0 partir de raisins affect\u00e9s par la pourriture noble, offrant des saveurs de fruits concentr\u00e9es et une finale onctueuse. Parfait pour le dessert ou \u00e0 d\u00e9guster comme vin de plaisir d\u00e9licat.<\/p>\n<hr data-start=\"321\" data-end=\"324\" \/>\n<div class=\"TyagGW_tableContainer\">\n<div class=\"group TyagGW_tableWrapper flex flex-col-reverse w-fit\" tabindex=\"-1\">\n<table class=\"w-fit min-w-(--thread-content-width)\" data-start=\"326\" data-end=\"580\">\n<thead data-start=\"326\" data-end=\"365\">\n<tr data-start=\"326\" data-end=\"365\">\n<th class=\"\" data-start=\"326\" data-end=\"346\" data-col-size=\"sm\"><strong data-start=\"328\" data-end=\"338\">D\u00e9tail<\/strong><\/th>\n<th class=\"\" data-start=\"346\" data-end=\"365\" data-col-size=\"md\"><strong data-start=\"348\" data-end=\"363\">Informations<\/strong><\/th>\n<\/tr>\n<\/thead>\n<tbody data-start=\"404\" data-end=\"580\">\n<tr data-start=\"404\" data-end=\"471\">\n<td data-start=\"404\" data-end=\"423\" data-col-size=\"sm\">Origine<\/td>\n<td data-start=\"423\" data-end=\"471\" data-col-size=\"md\">AVA d\u2019Arroyo Seco, comt\u00e9 de Monterey, Californie<\/td>\n<\/tr>\n<tr data-start=\"472\" data-end=\"580\">\n<td data-start=\"472\" data-end=\"491\" data-col-size=\"sm\">Accords mets-vins<\/td>\n<td data-col-size=\"md\" data-start=\"491\" data-end=\"580\">Se marie bien avec les fromages bleus, les noix, les tartes \u00e0 l\u2019abricot, les tartes aux pommes ou les desserts \u00e0 la passion<\/td>\n<\/tr>\n<\/tbody>\n<\/table>\n<\/div>\n<\/div>","protected":false},"featured_media":4320,"comment_status":"open","ping_status":"closed","template":"","meta":[],"product_brand":[],"product_cat":[29],"product_tag":[],"class_list":{"0":"post-4319","1":"product","2":"type-product","3":"status-publish","4":"has-post-thumbnail","6":"product_cat-white-wines","8":"first","9":"instock","10":"shipping-taxable","11":"product-type-simple"},"yoast_head":"<!-- This site is optimized with the Yoast SEO plugin v27.2 - https:\/\/yoast.com\/product\/yoast-seo-wordpress\/ -->\n<title>Late Harvest - AgroNet LLC<\/title>\n<meta name=\"robots\" content=\"index, follow, max-snippet:-1, max-image-preview:large, max-video-preview:-1\" \/>\n<link rel=\"canonical\" href=\"https:\/\/agronetllc.com\/fr\/produit\/late-harvest\/\" \/>\n<meta property=\"og:locale\" content=\"fr_FR\" \/>\n<meta property=\"og:type\" content=\"article\" \/>\n<meta property=\"og:title\" content=\"Late Harvest - AgroNet LLC\" \/>\n<meta property=\"og:description\" content=\"White Riesling A naturally sweet Riesling crafted from botrytis-affected grapes, offering concentrated fruit flavors and a luscious finish. Perfect for dessert or as a delicate sipping wine.          Detail Information     Origin Arroyo Seco AVA, Monterey County, California   Food Pairings Pairs well with blue cheeses, nuts, apricot tart, apple pie, or passionfruit desserts\" \/>\n<meta property=\"og:url\" content=\"https:\/\/agronetllc.com\/fr\/produit\/late-harvest\/\" \/>\n<meta property=\"og:site_name\" content=\"AgroNet LLC\" \/>\n<meta property=\"article:modified_time\" content=\"2026-03-30T07:18:44+00:00\" \/>\n<meta property=\"og:image\" content=\"http:\/\/agronetllc.com\/wp-content\/uploads\/2026\/01\/Late-Harvest.png\" \/>\n\t<meta property=\"og:image:width\" content=\"600\" \/>\n\t<meta property=\"og:image:height\" content=\"750\" \/>\n\t<meta property=\"og:image:type\" content=\"image\/png\" \/>\n<meta name=\"twitter:card\" content=\"summary_large_image\" \/>\n<script type=\"application\/ld+json\" class=\"yoast-schema-graph\">{\"@context\":\"https:\/\/schema.org\",\"@graph\":[{\"@type\":\"WebPage\",\"@id\":\"https:\/\/agronetllc.com\/product\/late-harvest\/\",\"url\":\"https:\/\/agronetllc.com\/product\/late-harvest\/\",\"name\":\"Late Harvest - AgroNet LLC\",\"isPartOf\":{\"@id\":\"https:\/\/agronetllc.com\/#website\"},\"primaryImageOfPage\":{\"@id\":\"https:\/\/agronetllc.com\/product\/late-harvest\/#primaryimage\"},\"image\":{\"@id\":\"https:\/\/agronetllc.com\/product\/late-harvest\/#primaryimage\"},\"thumbnailUrl\":\"https:\/\/agronetllc.com\/wp-content\/uploads\/2026\/01\/Late-Harvest.png\",\"datePublished\":\"2026-01-20T09:57:24+00:00\",\"dateModified\":\"2026-03-30T07:18:44+00:00\",\"breadcrumb\":{\"@id\":\"https:\/\/agronetllc.com\/product\/late-harvest\/#breadcrumb\"},\"inLanguage\":\"fr-FR\",\"potentialAction\":[{\"@type\":\"ReadAction\",\"target\":[\"https:\/\/agronetllc.com\/product\/late-harvest\/\"]}]},{\"@type\":\"ImageObject\",\"inLanguage\":\"fr-FR\",\"@id\":\"https:\/\/agronetllc.com\/product\/late-harvest\/#primaryimage\",\"url\":\"https:\/\/agronetllc.com\/wp-content\/uploads\/2026\/01\/Late-Harvest.png\",\"contentUrl\":\"https:\/\/agronetllc.com\/wp-content\/uploads\/2026\/01\/Late-Harvest.png\",\"width\":600,\"height\":750},{\"@type\":\"BreadcrumbList\",\"@id\":\"https:\/\/agronetllc.com\/product\/late-harvest\/#breadcrumb\",\"itemListElement\":[{\"@type\":\"ListItem\",\"position\":1,\"name\":\"Home\",\"item\":\"https:\/\/agronetllc.com\/\"},{\"@type\":\"ListItem\",\"position\":2,\"name\":\"Shop\",\"item\":\"https:\/\/agronetllc.com\/shop\/\"},{\"@type\":\"ListItem\",\"position\":3,\"name\":\"Late Harvest\"}]},{\"@type\":\"WebSite\",\"@id\":\"https:\/\/agronetllc.com\/#website\",\"url\":\"https:\/\/agronetllc.com\/\",\"name\":\"AgroNet LLC\",\"description\":\"Provide high-quality products\",\"publisher\":{\"@id\":\"https:\/\/agronetllc.com\/#organization\"},\"potentialAction\":[{\"@type\":\"SearchAction\",\"target\":{\"@type\":\"EntryPoint\",\"urlTemplate\":\"https:\/\/agronetllc.com\/?s={search_term_string}\"},\"query-input\":{\"@type\":\"PropertyValueSpecification\",\"valueRequired\":true,\"valueName\":\"search_term_string\"}}],\"inLanguage\":\"fr-FR\"},{\"@type\":\"Organization\",\"@id\":\"https:\/\/agronetllc.com\/#organization\",\"name\":\"AgroNet LLC\",\"url\":\"https:\/\/agronetllc.com\/\",\"logo\":{\"@type\":\"ImageObject\",\"inLanguage\":\"fr-FR\",\"@id\":\"https:\/\/agronetllc.com\/#\/schema\/logo\/image\/\",\"url\":\"https:\/\/agronetllc.com\/wp-content\/uploads\/2020\/03\/Agronet-LLC.png\",\"contentUrl\":\"https:\/\/agronetllc.com\/wp-content\/uploads\/2020\/03\/Agronet-LLC.png\",\"width\":651,\"height\":236,\"caption\":\"AgroNet LLC\"},\"image\":{\"@id\":\"https:\/\/agronetllc.com\/#\/schema\/logo\/image\/\"}}]}<\/script>\n<!-- \/ Yoast SEO plugin. -->","yoast_head_json":{"title":"Late Harvest - AgroNet LLC","robots":{"index":"index","follow":"follow","max-snippet":"max-snippet:-1","max-image-preview":"max-image-preview:large","max-video-preview":"max-video-preview:-1"},"canonical":"https:\/\/agronetllc.com\/fr\/produit\/late-harvest\/","og_locale":"fr_FR","og_type":"article","og_title":"Late Harvest - AgroNet LLC","og_description":"White Riesling A naturally sweet Riesling crafted from botrytis-affected grapes, offering concentrated fruit flavors and a luscious finish. Perfect for dessert or as a delicate sipping wine.          Detail Information     Origin Arroyo Seco AVA, Monterey County, California   Food Pairings Pairs well with blue cheeses, nuts, apricot tart, apple pie, or passionfruit desserts","og_url":"https:\/\/agronetllc.com\/fr\/produit\/late-harvest\/","og_site_name":"AgroNet LLC","article_modified_time":"2026-03-30T07:18:44+00:00","og_image":[{"width":600,"height":750,"url":"http:\/\/agronetllc.com\/wp-content\/uploads\/2026\/01\/Late-Harvest.png","type":"image\/png"}],"twitter_card":"summary_large_image","schema":{"@context":"https:\/\/schema.org","@graph":[{"@type":"WebPage","@id":"https:\/\/agronetllc.com\/product\/late-harvest\/","url":"https:\/\/agronetllc.com\/product\/late-harvest\/","name":"Late Harvest - AgroNet LLC","isPartOf":{"@id":"https:\/\/agronetllc.com\/#website"},"primaryImageOfPage":{"@id":"https:\/\/agronetllc.com\/product\/late-harvest\/#primaryimage"},"image":{"@id":"https:\/\/agronetllc.com\/product\/late-harvest\/#primaryimage"},"thumbnailUrl":"https:\/\/agronetllc.com\/wp-content\/uploads\/2026\/01\/Late-Harvest.png","datePublished":"2026-01-20T09:57:24+00:00","dateModified":"2026-03-30T07:18:44+00:00","breadcrumb":{"@id":"https:\/\/agronetllc.com\/product\/late-harvest\/#breadcrumb"},"inLanguage":"fr-FR","potentialAction":[{"@type":"ReadAction","target":["https:\/\/agronetllc.com\/product\/late-harvest\/"]}]},{"@type":"ImageObject","inLanguage":"fr-FR","@id":"https:\/\/agronetllc.com\/product\/late-harvest\/#primaryimage","url":"https:\/\/agronetllc.com\/wp-content\/uploads\/2026\/01\/Late-Harvest.png","contentUrl":"https:\/\/agronetllc.com\/wp-content\/uploads\/2026\/01\/Late-Harvest.png","width":600,"height":750},{"@type":"BreadcrumbList","@id":"https:\/\/agronetllc.com\/product\/late-harvest\/#breadcrumb","itemListElement":[{"@type":"ListItem","position":1,"name":"Home","item":"https:\/\/agronetllc.com\/"},{"@type":"ListItem","position":2,"name":"Shop","item":"https:\/\/agronetllc.com\/shop\/"},{"@type":"ListItem","position":3,"name":"Late Harvest"}]},{"@type":"WebSite","@id":"https:\/\/agronetllc.com\/#website","url":"https:\/\/agronetllc.com\/","name":"AgroNet LLC","description":"Provide high-quality products","publisher":{"@id":"https:\/\/agronetllc.com\/#organization"},"potentialAction":[{"@type":"SearchAction","target":{"@type":"EntryPoint","urlTemplate":"https:\/\/agronetllc.com\/?s={search_term_string}"},"query-input":{"@type":"PropertyValueSpecification","valueRequired":true,"valueName":"search_term_string"}}],"inLanguage":"fr-FR"},{"@type":"Organization","@id":"https:\/\/agronetllc.com\/#organization","name":"AgroNet LLC","url":"https:\/\/agronetllc.com\/","logo":{"@type":"ImageObject","inLanguage":"fr-FR","@id":"https:\/\/agronetllc.com\/#\/schema\/logo\/image\/","url":"https:\/\/agronetllc.com\/wp-content\/uploads\/2020\/03\/Agronet-LLC.png","contentUrl":"https:\/\/agronetllc.com\/wp-content\/uploads\/2020\/03\/Agronet-LLC.png","width":651,"height":236,"caption":"AgroNet LLC"},"image":{"@id":"https:\/\/agronetllc.com\/#\/schema\/logo\/image\/"}}]}},"_links":{"self":[{"href":"https:\/\/agronetllc.com\/fr\/wp-json\/wp\/v2\/product\/4319","targetHints":{"allow":["GET"]}}],"collection":[{"href":"https:\/\/agronetllc.com\/fr\/wp-json\/wp\/v2\/product"}],"about":[{"href":"https:\/\/agronetllc.com\/fr\/wp-json\/wp\/v2\/types\/product"}],"replies":[{"embeddable":true,"href":"https:\/\/agronetllc.com\/fr\/wp-json\/wp\/v2\/comments?post=4319"}],"wp:featuredmedia":[{"embeddable":true,"href":"https:\/\/agronetllc.com\/fr\/wp-json\/wp\/v2\/media\/4320"}],"wp:attachment":[{"href":"https:\/\/agronetllc.com\/fr\/wp-json\/wp\/v2\/media?parent=4319"}],"wp:term":[{"taxonomy":"product_brand","embeddable":true,"href":"https:\/\/agronetllc.com\/fr\/wp-json\/wp\/v2\/product_brand?post=4319"},{"taxonomy":"product_cat","embeddable":true,"href":"https:\/\/agronetllc.com\/fr\/wp-json\/wp\/v2\/product_cat?post=4319"},{"taxonomy":"product_tag","embeddable":true,"href":"https:\/\/agronetllc.com\/fr\/wp-json\/wp\/v2\/product_tag?post=4319"}],"curies":[{"name":"wp","href":"https:\/\/api.w.org\/{rel}","templated":true}]}}