{"id":4387,"date":"2026-01-20T05:55:00","date_gmt":"2026-01-20T10:55:00","guid":{"rendered":"https:\/\/agronetllc.com\/?post_type=product&#038;p=4387"},"modified":"2026-03-30T02:41:51","modified_gmt":"2026-03-30T07:41:51","slug":"hilltop","status":"publish","type":"product","link":"https:\/\/agronetllc.com\/fr\/produit\/hilltop\/","title":{"rendered":"Hilltop"},"content":{"rendered":"","protected":false},"excerpt":{"rendered":"<div class=\"font-semibold prose-lg max-w-none text-plum-600\">\n<h3 data-section-id=\"nua3gn\" data-start=\"134\" data-end=\"170\"><span role=\"text\"><strong data-start=\"138\" data-end=\"170\">Cabernet Sauvignon<\/strong><\/span><\/h3>\n<p data-start=\"172\" data-end=\"324\">Un Cabernet Sauvignon audacieux et \u00e9l\u00e9gant de Paso Robles, offrant des saveurs riches et des tanins structur\u00e9s. Parfait pour accompagner des plats copieux ou \u00e0 d\u00e9guster seul.<\/p>\n<hr data-start=\"326\" data-end=\"329\" \/>\n<div class=\"TyagGW_tableContainer\">\n<div class=\"group TyagGW_tableWrapper flex flex-col-reverse w-fit\" tabindex=\"-1\">\n<table class=\"w-fit min-w-(--thread-content-width)\" data-start=\"331\" data-end=\"711\">\n<thead data-start=\"331\" data-end=\"370\">\n<tr data-start=\"331\" data-end=\"370\">\n<th class=\"\" data-start=\"331\" data-end=\"351\" data-col-size=\"sm\"><strong data-start=\"333\" data-end=\"343\">D\u00e9tail<\/strong><\/th>\n<th class=\"\" data-start=\"351\" data-end=\"370\" data-col-size=\"lg\"><strong data-start=\"353\" data-end=\"368\">Informations<\/strong><\/th>\n<\/tr>\n<\/thead>\n<tbody data-start=\"409\" data-end=\"711\">\n<tr data-start=\"409\" data-end=\"479\">\n<td data-start=\"409\" data-end=\"428\" data-col-size=\"sm\">Origine<\/td>\n<td data-start=\"428\" data-end=\"479\" data-col-size=\"lg\">Paso Robles, comt\u00e9 de San Luis Obispo, Californie<\/td>\n<\/tr>\n<tr data-start=\"480\" data-end=\"533\">\n<td data-start=\"480\" data-end=\"499\" data-col-size=\"sm\">Dur\u00e9e en f\u00fbt<\/td>\n<td data-start=\"499\" data-end=\"533\" data-col-size=\"lg\">16 mois en f\u00fbts de 225 litres<\/td>\n<\/tr>\n<tr data-start=\"534\" data-end=\"584\">\n<td data-start=\"534\" data-end=\"553\" data-col-size=\"sm\">Type de f\u00fbt<\/td>\n<td data-start=\"553\" data-end=\"584\" data-col-size=\"lg\">F\u00fbts de ch\u00eane fran\u00e7ais, 50 % neufs<\/td>\n<\/tr>\n<tr data-start=\"585\" data-end=\"711\">\n<td data-start=\"585\" data-end=\"604\" data-col-size=\"sm\">Accords mets-vins<\/td>\n<td data-start=\"604\" data-end=\"711\" data-col-size=\"lg\">Se marie parfaitement avec un steak c\u00f4te de b\u0153uf assaisonn\u00e9 au romarin, des pommes de terre r\u00f4ties \u00e0 l\u2019ail avec panais et fenouil<\/td>\n<\/tr>\n<\/tbody>\n<\/table>\n<\/div>\n<\/div>\n<\/div>","protected":false},"featured_media":4388,"comment_status":"open","ping_status":"closed","template":"","meta":[],"product_brand":[],"product_cat":[30],"product_tag":[],"class_list":{"0":"post-4387","1":"product","2":"type-product","3":"status-publish","4":"has-post-thumbnail","6":"product_cat-red-wines","8":"first","9":"instock","10":"shipping-taxable","11":"product-type-simple"},"yoast_head":"<!-- This site is optimized with the Yoast SEO plugin v27.2 - https:\/\/yoast.com\/product\/yoast-seo-wordpress\/ -->\n<title>Hilltop - AgroNet LLC<\/title>\n<meta name=\"robots\" content=\"index, follow, max-snippet:-1, max-image-preview:large, max-video-preview:-1\" \/>\n<link rel=\"canonical\" href=\"https:\/\/agronetllc.com\/fr\/produit\/hilltop\/\" \/>\n<meta property=\"og:locale\" content=\"fr_FR\" \/>\n<meta property=\"og:type\" content=\"article\" \/>\n<meta property=\"og:title\" content=\"Hilltop - AgroNet LLC\" \/>\n<meta property=\"og:description\" content=\"Cabernet Sauvignon A bold and elegant Cabernet Sauvignon from Paso Robles, offering rich flavors and structured tannins. Perfect for hearty meals or savoring on its own.          Detail Information     Origin Paso Robles, San Luis Obispo County, California   Time in Barrel 16 months in 225-liter barrels   Barrel Type French oak barrels, 50% new   Food Pairings Pairs beautifully with rosemary-seasoned ribeye steak, garlic-roasted potatoes with parsnips and fennel\" \/>\n<meta property=\"og:url\" content=\"https:\/\/agronetllc.com\/fr\/produit\/hilltop\/\" \/>\n<meta property=\"og:site_name\" content=\"AgroNet LLC\" \/>\n<meta property=\"article:modified_time\" content=\"2026-03-30T07:41:51+00:00\" \/>\n<meta property=\"og:image\" content=\"http:\/\/agronetllc.com\/wp-content\/uploads\/2026\/01\/Hilltop.png\" \/>\n\t<meta property=\"og:image:width\" content=\"600\" \/>\n\t<meta property=\"og:image:height\" content=\"750\" \/>\n\t<meta property=\"og:image:type\" content=\"image\/png\" \/>\n<meta name=\"twitter:card\" content=\"summary_large_image\" \/>\n<script type=\"application\/ld+json\" class=\"yoast-schema-graph\">{\"@context\":\"https:\/\/schema.org\",\"@graph\":[{\"@type\":\"WebPage\",\"@id\":\"https:\/\/agronetllc.com\/product\/hilltop\/\",\"url\":\"https:\/\/agronetllc.com\/product\/hilltop\/\",\"name\":\"Hilltop - AgroNet LLC\",\"isPartOf\":{\"@id\":\"https:\/\/agronetllc.com\/#website\"},\"primaryImageOfPage\":{\"@id\":\"https:\/\/agronetllc.com\/product\/hilltop\/#primaryimage\"},\"image\":{\"@id\":\"https:\/\/agronetllc.com\/product\/hilltop\/#primaryimage\"},\"thumbnailUrl\":\"https:\/\/agronetllc.com\/wp-content\/uploads\/2026\/01\/Hilltop.png\",\"datePublished\":\"2026-01-20T10:55:00+00:00\",\"dateModified\":\"2026-03-30T07:41:51+00:00\",\"breadcrumb\":{\"@id\":\"https:\/\/agronetllc.com\/product\/hilltop\/#breadcrumb\"},\"inLanguage\":\"fr-FR\",\"potentialAction\":[{\"@type\":\"ReadAction\",\"target\":[\"https:\/\/agronetllc.com\/product\/hilltop\/\"]}]},{\"@type\":\"ImageObject\",\"inLanguage\":\"fr-FR\",\"@id\":\"https:\/\/agronetllc.com\/product\/hilltop\/#primaryimage\",\"url\":\"https:\/\/agronetllc.com\/wp-content\/uploads\/2026\/01\/Hilltop.png\",\"contentUrl\":\"https:\/\/agronetllc.com\/wp-content\/uploads\/2026\/01\/Hilltop.png\",\"width\":600,\"height\":750},{\"@type\":\"BreadcrumbList\",\"@id\":\"https:\/\/agronetllc.com\/product\/hilltop\/#breadcrumb\",\"itemListElement\":[{\"@type\":\"ListItem\",\"position\":1,\"name\":\"Home\",\"item\":\"https:\/\/agronetllc.com\/\"},{\"@type\":\"ListItem\",\"position\":2,\"name\":\"Shop\",\"item\":\"https:\/\/agronetllc.com\/shop\/\"},{\"@type\":\"ListItem\",\"position\":3,\"name\":\"Hilltop\"}]},{\"@type\":\"WebSite\",\"@id\":\"https:\/\/agronetllc.com\/#website\",\"url\":\"https:\/\/agronetllc.com\/\",\"name\":\"AgroNet LLC\",\"description\":\"Provide high-quality products\",\"publisher\":{\"@id\":\"https:\/\/agronetllc.com\/#organization\"},\"potentialAction\":[{\"@type\":\"SearchAction\",\"target\":{\"@type\":\"EntryPoint\",\"urlTemplate\":\"https:\/\/agronetllc.com\/?s={search_term_string}\"},\"query-input\":{\"@type\":\"PropertyValueSpecification\",\"valueRequired\":true,\"valueName\":\"search_term_string\"}}],\"inLanguage\":\"fr-FR\"},{\"@type\":\"Organization\",\"@id\":\"https:\/\/agronetllc.com\/#organization\",\"name\":\"AgroNet LLC\",\"url\":\"https:\/\/agronetllc.com\/\",\"logo\":{\"@type\":\"ImageObject\",\"inLanguage\":\"fr-FR\",\"@id\":\"https:\/\/agronetllc.com\/#\/schema\/logo\/image\/\",\"url\":\"https:\/\/agronetllc.com\/wp-content\/uploads\/2020\/03\/Agronet-LLC.png\",\"contentUrl\":\"https:\/\/agronetllc.com\/wp-content\/uploads\/2020\/03\/Agronet-LLC.png\",\"width\":651,\"height\":236,\"caption\":\"AgroNet LLC\"},\"image\":{\"@id\":\"https:\/\/agronetllc.com\/#\/schema\/logo\/image\/\"}}]}<\/script>\n<!-- \/ Yoast SEO plugin. -->","yoast_head_json":{"title":"Hilltop - AgroNet LLC","robots":{"index":"index","follow":"follow","max-snippet":"max-snippet:-1","max-image-preview":"max-image-preview:large","max-video-preview":"max-video-preview:-1"},"canonical":"https:\/\/agronetllc.com\/fr\/produit\/hilltop\/","og_locale":"fr_FR","og_type":"article","og_title":"Hilltop - AgroNet LLC","og_description":"Cabernet Sauvignon A bold and elegant Cabernet Sauvignon from Paso Robles, offering rich flavors and structured tannins. Perfect for hearty meals or savoring on its own.          Detail Information     Origin Paso Robles, San Luis Obispo County, California   Time in Barrel 16 months in 225-liter barrels   Barrel Type French oak barrels, 50% new   Food Pairings Pairs beautifully with rosemary-seasoned ribeye steak, garlic-roasted potatoes with parsnips and fennel","og_url":"https:\/\/agronetllc.com\/fr\/produit\/hilltop\/","og_site_name":"AgroNet LLC","article_modified_time":"2026-03-30T07:41:51+00:00","og_image":[{"width":600,"height":750,"url":"http:\/\/agronetllc.com\/wp-content\/uploads\/2026\/01\/Hilltop.png","type":"image\/png"}],"twitter_card":"summary_large_image","schema":{"@context":"https:\/\/schema.org","@graph":[{"@type":"WebPage","@id":"https:\/\/agronetllc.com\/product\/hilltop\/","url":"https:\/\/agronetllc.com\/product\/hilltop\/","name":"Hilltop - AgroNet LLC","isPartOf":{"@id":"https:\/\/agronetllc.com\/#website"},"primaryImageOfPage":{"@id":"https:\/\/agronetllc.com\/product\/hilltop\/#primaryimage"},"image":{"@id":"https:\/\/agronetllc.com\/product\/hilltop\/#primaryimage"},"thumbnailUrl":"https:\/\/agronetllc.com\/wp-content\/uploads\/2026\/01\/Hilltop.png","datePublished":"2026-01-20T10:55:00+00:00","dateModified":"2026-03-30T07:41:51+00:00","breadcrumb":{"@id":"https:\/\/agronetllc.com\/product\/hilltop\/#breadcrumb"},"inLanguage":"fr-FR","potentialAction":[{"@type":"ReadAction","target":["https:\/\/agronetllc.com\/product\/hilltop\/"]}]},{"@type":"ImageObject","inLanguage":"fr-FR","@id":"https:\/\/agronetllc.com\/product\/hilltop\/#primaryimage","url":"https:\/\/agronetllc.com\/wp-content\/uploads\/2026\/01\/Hilltop.png","contentUrl":"https:\/\/agronetllc.com\/wp-content\/uploads\/2026\/01\/Hilltop.png","width":600,"height":750},{"@type":"BreadcrumbList","@id":"https:\/\/agronetllc.com\/product\/hilltop\/#breadcrumb","itemListElement":[{"@type":"ListItem","position":1,"name":"Home","item":"https:\/\/agronetllc.com\/"},{"@type":"ListItem","position":2,"name":"Shop","item":"https:\/\/agronetllc.com\/shop\/"},{"@type":"ListItem","position":3,"name":"Hilltop"}]},{"@type":"WebSite","@id":"https:\/\/agronetllc.com\/#website","url":"https:\/\/agronetllc.com\/","name":"AgroNet LLC","description":"Provide high-quality products","publisher":{"@id":"https:\/\/agronetllc.com\/#organization"},"potentialAction":[{"@type":"SearchAction","target":{"@type":"EntryPoint","urlTemplate":"https:\/\/agronetllc.com\/?s={search_term_string}"},"query-input":{"@type":"PropertyValueSpecification","valueRequired":true,"valueName":"search_term_string"}}],"inLanguage":"fr-FR"},{"@type":"Organization","@id":"https:\/\/agronetllc.com\/#organization","name":"AgroNet LLC","url":"https:\/\/agronetllc.com\/","logo":{"@type":"ImageObject","inLanguage":"fr-FR","@id":"https:\/\/agronetllc.com\/#\/schema\/logo\/image\/","url":"https:\/\/agronetllc.com\/wp-content\/uploads\/2020\/03\/Agronet-LLC.png","contentUrl":"https:\/\/agronetllc.com\/wp-content\/uploads\/2020\/03\/Agronet-LLC.png","width":651,"height":236,"caption":"AgroNet LLC"},"image":{"@id":"https:\/\/agronetllc.com\/#\/schema\/logo\/image\/"}}]}},"_links":{"self":[{"href":"https:\/\/agronetllc.com\/fr\/wp-json\/wp\/v2\/product\/4387","targetHints":{"allow":["GET"]}}],"collection":[{"href":"https:\/\/agronetllc.com\/fr\/wp-json\/wp\/v2\/product"}],"about":[{"href":"https:\/\/agronetllc.com\/fr\/wp-json\/wp\/v2\/types\/product"}],"replies":[{"embeddable":true,"href":"https:\/\/agronetllc.com\/fr\/wp-json\/wp\/v2\/comments?post=4387"}],"wp:featuredmedia":[{"embeddable":true,"href":"https:\/\/agronetllc.com\/fr\/wp-json\/wp\/v2\/media\/4388"}],"wp:attachment":[{"href":"https:\/\/agronetllc.com\/fr\/wp-json\/wp\/v2\/media?parent=4387"}],"wp:term":[{"taxonomy":"product_brand","embeddable":true,"href":"https:\/\/agronetllc.com\/fr\/wp-json\/wp\/v2\/product_brand?post=4387"},{"taxonomy":"product_cat","embeddable":true,"href":"https:\/\/agronetllc.com\/fr\/wp-json\/wp\/v2\/product_cat?post=4387"},{"taxonomy":"product_tag","embeddable":true,"href":"https:\/\/agronetllc.com\/fr\/wp-json\/wp\/v2\/product_tag?post=4387"}],"curies":[{"name":"wp","href":"https:\/\/api.w.org\/{rel}","templated":true}]}}