{"id":4389,"date":"2026-01-20T06:00:26","date_gmt":"2026-01-20T11:00:26","guid":{"rendered":"https:\/\/agronetllc.com\/?post_type=product&#038;p=4389"},"modified":"2026-03-30T02:43:54","modified_gmt":"2026-03-30T07:43:54","slug":"signature","status":"publish","type":"product","link":"https:\/\/agronetllc.com\/fr\/produit\/signature\/","title":{"rendered":"Signature"},"content":{"rendered":"","protected":false},"excerpt":{"rendered":"<h3 data-section-id=\"tmi8q1\" data-start=\"134\" data-end=\"172\"><span role=\"text\"><strong data-start=\"138\" data-end=\"172\">Cabernet Sauvignon<\/strong><\/span><\/h3>\n<p data-start=\"174\" data-end=\"374\">En hommage \u00e0 l\u2019esprit pionnier de la vinification \u00e0 Paso Robles, ce Cabernet Sauvignon offre une expression audacieuse, \u00e9l\u00e9gante et raffin\u00e9e du c\u00e9page. Parfait pour les occasions sp\u00e9ciales ou \u00e0 d\u00e9guster avec un repas copieux.<\/p>\n<hr data-start=\"376\" data-end=\"379\" \/>\n<div class=\"TyagGW_tableContainer\">\n<div class=\"group TyagGW_tableWrapper flex flex-col-reverse w-fit\" tabindex=\"-1\">\n<table class=\"w-fit min-w-(--thread-content-width)\" data-start=\"381\" data-end=\"659\">\n<thead data-start=\"381\" data-end=\"420\">\n<tr data-start=\"381\" data-end=\"420\">\n<th class=\"\" data-start=\"381\" data-end=\"401\" data-col-size=\"sm\"><strong data-start=\"383\" data-end=\"393\">D\u00e9tail<\/strong><\/th>\n<th class=\"\" data-start=\"401\" data-end=\"420\" data-col-size=\"md\"><strong data-start=\"403\" data-end=\"418\">Informations<\/strong><\/th>\n<\/tr>\n<\/thead>\n<tbody data-start=\"459\" data-end=\"659\">\n<tr data-start=\"459\" data-end=\"506\">\n<td data-start=\"459\" data-end=\"478\" data-col-size=\"sm\">Production<\/td>\n<td data-start=\"478\" data-end=\"506\" data-col-size=\"md\">2\u202f068 caisses de trois bouteilles<\/td>\n<\/tr>\n<tr data-start=\"507\" data-end=\"594\">\n<td data-start=\"507\" data-end=\"526\" data-col-size=\"sm\">Dates de r\u00e9colte<\/td>\n<td data-start=\"526\" data-end=\"594\" data-col-size=\"md\">16 septembre et 10 octobre 2021, district d\u2019Adelaida \u00e0 Paso Robles<\/td>\n<\/tr>\n<tr data-start=\"595\" data-end=\"659\">\n<td data-start=\"595\" data-end=\"614\" data-col-size=\"sm\">\u00c8levage<\/td>\n<td data-start=\"614\" data-end=\"659\" data-col-size=\"md\">20 mois en f\u00fbts de ch\u00eane fran\u00e7ais (90 % neufs)<\/td>\n<\/tr>\n<\/tbody>\n<\/table>\n<\/div>\n<\/div>","protected":false},"featured_media":4390,"comment_status":"open","ping_status":"closed","template":"","meta":[],"product_brand":[],"product_cat":[30],"product_tag":[],"class_list":{"0":"post-4389","1":"product","2":"type-product","3":"status-publish","4":"has-post-thumbnail","6":"product_cat-red-wines","8":"first","9":"instock","10":"shipping-taxable","11":"product-type-simple"},"yoast_head":"<!-- This site is optimized with the Yoast SEO plugin v27.2 - https:\/\/yoast.com\/product\/yoast-seo-wordpress\/ -->\n<title>Signature - AgroNet LLC<\/title>\n<meta name=\"robots\" content=\"index, follow, max-snippet:-1, max-image-preview:large, max-video-preview:-1\" \/>\n<link rel=\"canonical\" href=\"https:\/\/agronetllc.com\/fr\/produit\/signature\/\" \/>\n<meta property=\"og:locale\" content=\"fr_FR\" \/>\n<meta property=\"og:type\" content=\"article\" \/>\n<meta property=\"og:title\" content=\"Signature - AgroNet LLC\" \/>\n<meta property=\"og:description\" content=\"Cabernet Sauvignon A tribute to Paso Robles\u2019 pioneering winemaking, this Cabernet Sauvignon delivers a bold, elegant, and refined expression of the varietal. Perfect for special occasions or savoring with a rich meal.          Detail Information     Production 2,068 three-bottle cases   Harvest Dates September 16 and October 10, 2021, Paso Robles Adelaida District   \u00c8levage 20 months in French oak barrels (90% new)\" \/>\n<meta property=\"og:url\" content=\"https:\/\/agronetllc.com\/fr\/produit\/signature\/\" \/>\n<meta property=\"og:site_name\" content=\"AgroNet LLC\" \/>\n<meta property=\"article:modified_time\" content=\"2026-03-30T07:43:54+00:00\" \/>\n<meta property=\"og:image\" content=\"http:\/\/agronetllc.com\/wp-content\/uploads\/2026\/01\/Signature.png\" \/>\n\t<meta property=\"og:image:width\" content=\"600\" \/>\n\t<meta property=\"og:image:height\" content=\"750\" \/>\n\t<meta property=\"og:image:type\" content=\"image\/png\" \/>\n<meta name=\"twitter:card\" content=\"summary_large_image\" \/>\n<script type=\"application\/ld+json\" class=\"yoast-schema-graph\">{\"@context\":\"https:\/\/schema.org\",\"@graph\":[{\"@type\":\"WebPage\",\"@id\":\"https:\/\/agronetllc.com\/product\/signature\/\",\"url\":\"https:\/\/agronetllc.com\/product\/signature\/\",\"name\":\"Signature - AgroNet LLC\",\"isPartOf\":{\"@id\":\"https:\/\/agronetllc.com\/#website\"},\"primaryImageOfPage\":{\"@id\":\"https:\/\/agronetllc.com\/product\/signature\/#primaryimage\"},\"image\":{\"@id\":\"https:\/\/agronetllc.com\/product\/signature\/#primaryimage\"},\"thumbnailUrl\":\"https:\/\/agronetllc.com\/wp-content\/uploads\/2026\/01\/Signature.png\",\"datePublished\":\"2026-01-20T11:00:26+00:00\",\"dateModified\":\"2026-03-30T07:43:54+00:00\",\"breadcrumb\":{\"@id\":\"https:\/\/agronetllc.com\/product\/signature\/#breadcrumb\"},\"inLanguage\":\"fr-FR\",\"potentialAction\":[{\"@type\":\"ReadAction\",\"target\":[\"https:\/\/agronetllc.com\/product\/signature\/\"]}]},{\"@type\":\"ImageObject\",\"inLanguage\":\"fr-FR\",\"@id\":\"https:\/\/agronetllc.com\/product\/signature\/#primaryimage\",\"url\":\"https:\/\/agronetllc.com\/wp-content\/uploads\/2026\/01\/Signature.png\",\"contentUrl\":\"https:\/\/agronetllc.com\/wp-content\/uploads\/2026\/01\/Signature.png\",\"width\":600,\"height\":750},{\"@type\":\"BreadcrumbList\",\"@id\":\"https:\/\/agronetllc.com\/product\/signature\/#breadcrumb\",\"itemListElement\":[{\"@type\":\"ListItem\",\"position\":1,\"name\":\"Home\",\"item\":\"https:\/\/agronetllc.com\/\"},{\"@type\":\"ListItem\",\"position\":2,\"name\":\"Shop\",\"item\":\"https:\/\/agronetllc.com\/shop\/\"},{\"@type\":\"ListItem\",\"position\":3,\"name\":\"Signature\"}]},{\"@type\":\"WebSite\",\"@id\":\"https:\/\/agronetllc.com\/#website\",\"url\":\"https:\/\/agronetllc.com\/\",\"name\":\"AgroNet LLC\",\"description\":\"Provide high-quality products\",\"publisher\":{\"@id\":\"https:\/\/agronetllc.com\/#organization\"},\"potentialAction\":[{\"@type\":\"SearchAction\",\"target\":{\"@type\":\"EntryPoint\",\"urlTemplate\":\"https:\/\/agronetllc.com\/?s={search_term_string}\"},\"query-input\":{\"@type\":\"PropertyValueSpecification\",\"valueRequired\":true,\"valueName\":\"search_term_string\"}}],\"inLanguage\":\"fr-FR\"},{\"@type\":\"Organization\",\"@id\":\"https:\/\/agronetllc.com\/#organization\",\"name\":\"AgroNet LLC\",\"url\":\"https:\/\/agronetllc.com\/\",\"logo\":{\"@type\":\"ImageObject\",\"inLanguage\":\"fr-FR\",\"@id\":\"https:\/\/agronetllc.com\/#\/schema\/logo\/image\/\",\"url\":\"https:\/\/agronetllc.com\/wp-content\/uploads\/2020\/03\/Agronet-LLC.png\",\"contentUrl\":\"https:\/\/agronetllc.com\/wp-content\/uploads\/2020\/03\/Agronet-LLC.png\",\"width\":651,\"height\":236,\"caption\":\"AgroNet LLC\"},\"image\":{\"@id\":\"https:\/\/agronetllc.com\/#\/schema\/logo\/image\/\"}}]}<\/script>\n<!-- \/ Yoast SEO plugin. -->","yoast_head_json":{"title":"Signature - AgroNet LLC","robots":{"index":"index","follow":"follow","max-snippet":"max-snippet:-1","max-image-preview":"max-image-preview:large","max-video-preview":"max-video-preview:-1"},"canonical":"https:\/\/agronetllc.com\/fr\/produit\/signature\/","og_locale":"fr_FR","og_type":"article","og_title":"Signature - AgroNet LLC","og_description":"Cabernet Sauvignon A tribute to Paso Robles\u2019 pioneering winemaking, this Cabernet Sauvignon delivers a bold, elegant, and refined expression of the varietal. Perfect for special occasions or savoring with a rich meal.          Detail Information     Production 2,068 three-bottle cases   Harvest Dates September 16 and October 10, 2021, Paso Robles Adelaida District   \u00c8levage 20 months in French oak barrels (90% new)","og_url":"https:\/\/agronetllc.com\/fr\/produit\/signature\/","og_site_name":"AgroNet LLC","article_modified_time":"2026-03-30T07:43:54+00:00","og_image":[{"width":600,"height":750,"url":"http:\/\/agronetllc.com\/wp-content\/uploads\/2026\/01\/Signature.png","type":"image\/png"}],"twitter_card":"summary_large_image","schema":{"@context":"https:\/\/schema.org","@graph":[{"@type":"WebPage","@id":"https:\/\/agronetllc.com\/product\/signature\/","url":"https:\/\/agronetllc.com\/product\/signature\/","name":"Signature - AgroNet LLC","isPartOf":{"@id":"https:\/\/agronetllc.com\/#website"},"primaryImageOfPage":{"@id":"https:\/\/agronetllc.com\/product\/signature\/#primaryimage"},"image":{"@id":"https:\/\/agronetllc.com\/product\/signature\/#primaryimage"},"thumbnailUrl":"https:\/\/agronetllc.com\/wp-content\/uploads\/2026\/01\/Signature.png","datePublished":"2026-01-20T11:00:26+00:00","dateModified":"2026-03-30T07:43:54+00:00","breadcrumb":{"@id":"https:\/\/agronetllc.com\/product\/signature\/#breadcrumb"},"inLanguage":"fr-FR","potentialAction":[{"@type":"ReadAction","target":["https:\/\/agronetllc.com\/product\/signature\/"]}]},{"@type":"ImageObject","inLanguage":"fr-FR","@id":"https:\/\/agronetllc.com\/product\/signature\/#primaryimage","url":"https:\/\/agronetllc.com\/wp-content\/uploads\/2026\/01\/Signature.png","contentUrl":"https:\/\/agronetllc.com\/wp-content\/uploads\/2026\/01\/Signature.png","width":600,"height":750},{"@type":"BreadcrumbList","@id":"https:\/\/agronetllc.com\/product\/signature\/#breadcrumb","itemListElement":[{"@type":"ListItem","position":1,"name":"Home","item":"https:\/\/agronetllc.com\/"},{"@type":"ListItem","position":2,"name":"Shop","item":"https:\/\/agronetllc.com\/shop\/"},{"@type":"ListItem","position":3,"name":"Signature"}]},{"@type":"WebSite","@id":"https:\/\/agronetllc.com\/#website","url":"https:\/\/agronetllc.com\/","name":"AgroNet LLC","description":"Provide high-quality products","publisher":{"@id":"https:\/\/agronetllc.com\/#organization"},"potentialAction":[{"@type":"SearchAction","target":{"@type":"EntryPoint","urlTemplate":"https:\/\/agronetllc.com\/?s={search_term_string}"},"query-input":{"@type":"PropertyValueSpecification","valueRequired":true,"valueName":"search_term_string"}}],"inLanguage":"fr-FR"},{"@type":"Organization","@id":"https:\/\/agronetllc.com\/#organization","name":"AgroNet LLC","url":"https:\/\/agronetllc.com\/","logo":{"@type":"ImageObject","inLanguage":"fr-FR","@id":"https:\/\/agronetllc.com\/#\/schema\/logo\/image\/","url":"https:\/\/agronetllc.com\/wp-content\/uploads\/2020\/03\/Agronet-LLC.png","contentUrl":"https:\/\/agronetllc.com\/wp-content\/uploads\/2020\/03\/Agronet-LLC.png","width":651,"height":236,"caption":"AgroNet LLC"},"image":{"@id":"https:\/\/agronetllc.com\/#\/schema\/logo\/image\/"}}]}},"_links":{"self":[{"href":"https:\/\/agronetllc.com\/fr\/wp-json\/wp\/v2\/product\/4389","targetHints":{"allow":["GET"]}}],"collection":[{"href":"https:\/\/agronetllc.com\/fr\/wp-json\/wp\/v2\/product"}],"about":[{"href":"https:\/\/agronetllc.com\/fr\/wp-json\/wp\/v2\/types\/product"}],"replies":[{"embeddable":true,"href":"https:\/\/agronetllc.com\/fr\/wp-json\/wp\/v2\/comments?post=4389"}],"wp:featuredmedia":[{"embeddable":true,"href":"https:\/\/agronetllc.com\/fr\/wp-json\/wp\/v2\/media\/4390"}],"wp:attachment":[{"href":"https:\/\/agronetllc.com\/fr\/wp-json\/wp\/v2\/media?parent=4389"}],"wp:term":[{"taxonomy":"product_brand","embeddable":true,"href":"https:\/\/agronetllc.com\/fr\/wp-json\/wp\/v2\/product_brand?post=4389"},{"taxonomy":"product_cat","embeddable":true,"href":"https:\/\/agronetllc.com\/fr\/wp-json\/wp\/v2\/product_cat?post=4389"},{"taxonomy":"product_tag","embeddable":true,"href":"https:\/\/agronetllc.com\/fr\/wp-json\/wp\/v2\/product_tag?post=4389"}],"curies":[{"name":"wp","href":"https:\/\/api.w.org\/{rel}","templated":true}]}}