{"id":4391,"date":"2026-01-20T06:04:23","date_gmt":"2026-01-20T11:04:23","guid":{"rendered":"https:\/\/agronetllc.com\/?post_type=product&#038;p=4391"},"modified":"2026-03-30T02:46:05","modified_gmt":"2026-03-30T07:46:05","slug":"fogs-reach","status":"publish","type":"product","link":"https:\/\/agronetllc.com\/fr\/produit\/fogs-reach\/","title":{"rendered":"Fog\u2019s Reach"},"content":{"rendered":"","protected":false},"excerpt":{"rendered":"<h3 data-section-id=\"1fvuxoa\" data-start=\"134\" data-end=\"166\"><span role=\"text\"><strong data-start=\"138\" data-end=\"166\">Pinot Noir<\/strong><\/span><\/h3>\n<p data-start=\"168\" data-end=\"337\">Un Pinot Noir classique de Monterey aux notes de cerise \u00e9clatante et d\u2019\u00e9pices subtiles, \u00e9quilibr\u00e9 par une acidit\u00e9 adapt\u00e9e aux mets. \u00c9l\u00e9gant et polyvalent, parfait pour accompagner des plats savoureux.<\/p>\n<hr data-start=\"339\" data-end=\"342\" \/>\n<div class=\"TyagGW_tableContainer\">\n<div class=\"group TyagGW_tableWrapper flex flex-col-reverse w-fit\" tabindex=\"-1\">\n<table class=\"w-fit min-w-(--thread-content-width)\" data-start=\"344\" data-end=\"595\">\n<thead data-start=\"344\" data-end=\"383\">\n<tr data-start=\"344\" data-end=\"383\">\n<th class=\"\" data-start=\"344\" data-end=\"364\" data-col-size=\"sm\"><strong data-start=\"346\" data-end=\"356\">D\u00e9tail<\/strong><\/th>\n<th class=\"\" data-start=\"364\" data-end=\"383\" data-col-size=\"md\"><strong data-start=\"366\" data-end=\"381\">Informations<\/strong><\/th>\n<\/tr>\n<\/thead>\n<tbody data-start=\"422\" data-end=\"595\">\n<tr data-start=\"422\" data-end=\"489\">\n<td data-start=\"422\" data-end=\"441\" data-col-size=\"sm\">Origine<\/td>\n<td data-start=\"441\" data-end=\"489\" data-col-size=\"md\">AVA d\u2019Arroyo Seco, comt\u00e9 de Monterey, Californie<\/td>\n<\/tr>\n<tr data-start=\"490\" data-end=\"595\">\n<td data-start=\"490\" data-end=\"509\" data-col-size=\"sm\">Accords mets-vins<\/td>\n<td data-start=\"509\" data-end=\"595\" data-col-size=\"md\">Travers de b\u0153uf brais\u00e9s sur pur\u00e9e de pommes de terre cr\u00e9meuse, ou poulet kung pao \u00e9pic\u00e9 avec du riz<\/td>\n<\/tr>\n<\/tbody>\n<\/table>\n<\/div>\n<\/div>\n<p>&nbsp;<\/p>","protected":false},"featured_media":4393,"comment_status":"open","ping_status":"closed","template":"","meta":[],"product_brand":[],"product_cat":[30],"product_tag":[],"class_list":{"0":"post-4391","1":"product","2":"type-product","3":"status-publish","4":"has-post-thumbnail","6":"product_cat-red-wines","8":"first","9":"instock","10":"shipping-taxable","11":"product-type-simple"},"yoast_head":"<!-- This site is optimized with the Yoast SEO plugin v27.2 - https:\/\/yoast.com\/product\/yoast-seo-wordpress\/ -->\n<title>Fog\u2019s Reach - AgroNet LLC<\/title>\n<meta name=\"robots\" content=\"index, follow, max-snippet:-1, max-image-preview:large, max-video-preview:-1\" \/>\n<link rel=\"canonical\" href=\"https:\/\/agronetllc.com\/fr\/produit\/fogs-reach\/\" \/>\n<meta property=\"og:locale\" content=\"fr_FR\" \/>\n<meta property=\"og:type\" content=\"article\" \/>\n<meta property=\"og:title\" content=\"Fog\u2019s Reach - AgroNet LLC\" \/>\n<meta property=\"og:description\" content=\"Pinot Noir A classic Monterey Pinot Noir with bright cherry and subtle spice, balanced by food-friendly acidity. Elegant and versatile, perfect for pairing with flavorful dishes.          Detail Information     Origin Arroyo Seco AVA, Monterey County, California   Food Pairings Braised short ribs over creamy mashed potatoes, or spicy kung pao chicken and rice      &nbsp;\" \/>\n<meta property=\"og:url\" content=\"https:\/\/agronetllc.com\/fr\/produit\/fogs-reach\/\" \/>\n<meta property=\"og:site_name\" content=\"AgroNet LLC\" \/>\n<meta property=\"article:modified_time\" content=\"2026-03-30T07:46:05+00:00\" \/>\n<meta property=\"og:image\" content=\"http:\/\/agronetllc.com\/wp-content\/uploads\/2026\/01\/Fogs-Reach.png\" \/>\n\t<meta property=\"og:image:width\" content=\"600\" \/>\n\t<meta property=\"og:image:height\" content=\"750\" \/>\n\t<meta property=\"og:image:type\" content=\"image\/png\" \/>\n<meta name=\"twitter:card\" content=\"summary_large_image\" \/>\n<script type=\"application\/ld+json\" class=\"yoast-schema-graph\">{\"@context\":\"https:\/\/schema.org\",\"@graph\":[{\"@type\":\"WebPage\",\"@id\":\"https:\/\/agronetllc.com\/product\/fogs-reach\/\",\"url\":\"https:\/\/agronetllc.com\/product\/fogs-reach\/\",\"name\":\"Fog\u2019s Reach - AgroNet LLC\",\"isPartOf\":{\"@id\":\"https:\/\/agronetllc.com\/#website\"},\"primaryImageOfPage\":{\"@id\":\"https:\/\/agronetllc.com\/product\/fogs-reach\/#primaryimage\"},\"image\":{\"@id\":\"https:\/\/agronetllc.com\/product\/fogs-reach\/#primaryimage\"},\"thumbnailUrl\":\"https:\/\/agronetllc.com\/wp-content\/uploads\/2026\/01\/Fogs-Reach.png\",\"datePublished\":\"2026-01-20T11:04:23+00:00\",\"dateModified\":\"2026-03-30T07:46:05+00:00\",\"breadcrumb\":{\"@id\":\"https:\/\/agronetllc.com\/product\/fogs-reach\/#breadcrumb\"},\"inLanguage\":\"fr-FR\",\"potentialAction\":[{\"@type\":\"ReadAction\",\"target\":[\"https:\/\/agronetllc.com\/product\/fogs-reach\/\"]}]},{\"@type\":\"ImageObject\",\"inLanguage\":\"fr-FR\",\"@id\":\"https:\/\/agronetllc.com\/product\/fogs-reach\/#primaryimage\",\"url\":\"https:\/\/agronetllc.com\/wp-content\/uploads\/2026\/01\/Fogs-Reach.png\",\"contentUrl\":\"https:\/\/agronetllc.com\/wp-content\/uploads\/2026\/01\/Fogs-Reach.png\",\"width\":600,\"height\":750},{\"@type\":\"BreadcrumbList\",\"@id\":\"https:\/\/agronetllc.com\/product\/fogs-reach\/#breadcrumb\",\"itemListElement\":[{\"@type\":\"ListItem\",\"position\":1,\"name\":\"Home\",\"item\":\"https:\/\/agronetllc.com\/\"},{\"@type\":\"ListItem\",\"position\":2,\"name\":\"Shop\",\"item\":\"https:\/\/agronetllc.com\/shop\/\"},{\"@type\":\"ListItem\",\"position\":3,\"name\":\"Fog\u2019s Reach\"}]},{\"@type\":\"WebSite\",\"@id\":\"https:\/\/agronetllc.com\/#website\",\"url\":\"https:\/\/agronetllc.com\/\",\"name\":\"AgroNet LLC\",\"description\":\"Provide high-quality products\",\"publisher\":{\"@id\":\"https:\/\/agronetllc.com\/#organization\"},\"potentialAction\":[{\"@type\":\"SearchAction\",\"target\":{\"@type\":\"EntryPoint\",\"urlTemplate\":\"https:\/\/agronetllc.com\/?s={search_term_string}\"},\"query-input\":{\"@type\":\"PropertyValueSpecification\",\"valueRequired\":true,\"valueName\":\"search_term_string\"}}],\"inLanguage\":\"fr-FR\"},{\"@type\":\"Organization\",\"@id\":\"https:\/\/agronetllc.com\/#organization\",\"name\":\"AgroNet LLC\",\"url\":\"https:\/\/agronetllc.com\/\",\"logo\":{\"@type\":\"ImageObject\",\"inLanguage\":\"fr-FR\",\"@id\":\"https:\/\/agronetllc.com\/#\/schema\/logo\/image\/\",\"url\":\"https:\/\/agronetllc.com\/wp-content\/uploads\/2020\/03\/Agronet-LLC.png\",\"contentUrl\":\"https:\/\/agronetllc.com\/wp-content\/uploads\/2020\/03\/Agronet-LLC.png\",\"width\":651,\"height\":236,\"caption\":\"AgroNet LLC\"},\"image\":{\"@id\":\"https:\/\/agronetllc.com\/#\/schema\/logo\/image\/\"}}]}<\/script>\n<!-- \/ Yoast SEO plugin. -->","yoast_head_json":{"title":"Fog\u2019s Reach - AgroNet LLC","robots":{"index":"index","follow":"follow","max-snippet":"max-snippet:-1","max-image-preview":"max-image-preview:large","max-video-preview":"max-video-preview:-1"},"canonical":"https:\/\/agronetllc.com\/fr\/produit\/fogs-reach\/","og_locale":"fr_FR","og_type":"article","og_title":"Fog\u2019s Reach - AgroNet LLC","og_description":"Pinot Noir A classic Monterey Pinot Noir with bright cherry and subtle spice, balanced by food-friendly acidity. Elegant and versatile, perfect for pairing with flavorful dishes.          Detail Information     Origin Arroyo Seco AVA, Monterey County, California   Food Pairings Braised short ribs over creamy mashed potatoes, or spicy kung pao chicken and rice      &nbsp;","og_url":"https:\/\/agronetllc.com\/fr\/produit\/fogs-reach\/","og_site_name":"AgroNet LLC","article_modified_time":"2026-03-30T07:46:05+00:00","og_image":[{"width":600,"height":750,"url":"http:\/\/agronetllc.com\/wp-content\/uploads\/2026\/01\/Fogs-Reach.png","type":"image\/png"}],"twitter_card":"summary_large_image","schema":{"@context":"https:\/\/schema.org","@graph":[{"@type":"WebPage","@id":"https:\/\/agronetllc.com\/product\/fogs-reach\/","url":"https:\/\/agronetllc.com\/product\/fogs-reach\/","name":"Fog\u2019s Reach - AgroNet LLC","isPartOf":{"@id":"https:\/\/agronetllc.com\/#website"},"primaryImageOfPage":{"@id":"https:\/\/agronetllc.com\/product\/fogs-reach\/#primaryimage"},"image":{"@id":"https:\/\/agronetllc.com\/product\/fogs-reach\/#primaryimage"},"thumbnailUrl":"https:\/\/agronetllc.com\/wp-content\/uploads\/2026\/01\/Fogs-Reach.png","datePublished":"2026-01-20T11:04:23+00:00","dateModified":"2026-03-30T07:46:05+00:00","breadcrumb":{"@id":"https:\/\/agronetllc.com\/product\/fogs-reach\/#breadcrumb"},"inLanguage":"fr-FR","potentialAction":[{"@type":"ReadAction","target":["https:\/\/agronetllc.com\/product\/fogs-reach\/"]}]},{"@type":"ImageObject","inLanguage":"fr-FR","@id":"https:\/\/agronetllc.com\/product\/fogs-reach\/#primaryimage","url":"https:\/\/agronetllc.com\/wp-content\/uploads\/2026\/01\/Fogs-Reach.png","contentUrl":"https:\/\/agronetllc.com\/wp-content\/uploads\/2026\/01\/Fogs-Reach.png","width":600,"height":750},{"@type":"BreadcrumbList","@id":"https:\/\/agronetllc.com\/product\/fogs-reach\/#breadcrumb","itemListElement":[{"@type":"ListItem","position":1,"name":"Home","item":"https:\/\/agronetllc.com\/"},{"@type":"ListItem","position":2,"name":"Shop","item":"https:\/\/agronetllc.com\/shop\/"},{"@type":"ListItem","position":3,"name":"Fog\u2019s Reach"}]},{"@type":"WebSite","@id":"https:\/\/agronetllc.com\/#website","url":"https:\/\/agronetllc.com\/","name":"AgroNet LLC","description":"Provide high-quality products","publisher":{"@id":"https:\/\/agronetllc.com\/#organization"},"potentialAction":[{"@type":"SearchAction","target":{"@type":"EntryPoint","urlTemplate":"https:\/\/agronetllc.com\/?s={search_term_string}"},"query-input":{"@type":"PropertyValueSpecification","valueRequired":true,"valueName":"search_term_string"}}],"inLanguage":"fr-FR"},{"@type":"Organization","@id":"https:\/\/agronetllc.com\/#organization","name":"AgroNet LLC","url":"https:\/\/agronetllc.com\/","logo":{"@type":"ImageObject","inLanguage":"fr-FR","@id":"https:\/\/agronetllc.com\/#\/schema\/logo\/image\/","url":"https:\/\/agronetllc.com\/wp-content\/uploads\/2020\/03\/Agronet-LLC.png","contentUrl":"https:\/\/agronetllc.com\/wp-content\/uploads\/2020\/03\/Agronet-LLC.png","width":651,"height":236,"caption":"AgroNet LLC"},"image":{"@id":"https:\/\/agronetllc.com\/#\/schema\/logo\/image\/"}}]}},"_links":{"self":[{"href":"https:\/\/agronetllc.com\/fr\/wp-json\/wp\/v2\/product\/4391","targetHints":{"allow":["GET"]}}],"collection":[{"href":"https:\/\/agronetllc.com\/fr\/wp-json\/wp\/v2\/product"}],"about":[{"href":"https:\/\/agronetllc.com\/fr\/wp-json\/wp\/v2\/types\/product"}],"replies":[{"embeddable":true,"href":"https:\/\/agronetllc.com\/fr\/wp-json\/wp\/v2\/comments?post=4391"}],"wp:featuredmedia":[{"embeddable":true,"href":"https:\/\/agronetllc.com\/fr\/wp-json\/wp\/v2\/media\/4393"}],"wp:attachment":[{"href":"https:\/\/agronetllc.com\/fr\/wp-json\/wp\/v2\/media?parent=4391"}],"wp:term":[{"taxonomy":"product_brand","embeddable":true,"href":"https:\/\/agronetllc.com\/fr\/wp-json\/wp\/v2\/product_brand?post=4391"},{"taxonomy":"product_cat","embeddable":true,"href":"https:\/\/agronetllc.com\/fr\/wp-json\/wp\/v2\/product_cat?post=4391"},{"taxonomy":"product_tag","embeddable":true,"href":"https:\/\/agronetllc.com\/fr\/wp-json\/wp\/v2\/product_tag?post=4391"}],"curies":[{"name":"wp","href":"https:\/\/api.w.org\/{rel}","templated":true}]}}