{"id":5438,"date":"2026-03-30T01:50:34","date_gmt":"2026-03-30T06:50:34","guid":{"rendered":"https:\/\/agronetllc.com\/?post_type=product&#038;p=5438"},"modified":"2026-03-30T02:07:48","modified_gmt":"2026-03-30T07:07:48","slug":"october-night","status":"publish","type":"product","link":"https:\/\/agronetllc.com\/fr\/produit\/october-night\/","title":{"rendered":"October Night"},"content":{"rendered":"","protected":false},"excerpt":{"rendered":"<h3 data-start=\"117\" data-end=\"384\">Chardonnay<\/h3>\n<p data-start=\"117\" data-end=\"384\">\u00c9labor\u00e9 \u00e0 partir du clone Musqu\u00e9 et r\u00e9colt\u00e9 en une seule nuit d\u2019octobre, ce Chardonnay offre un profil aromatique et distinctif. Il pr\u00e9sente un caract\u00e8re frais et vibrant avec une complexit\u00e9 raffin\u00e9e, en faisant un excellent choix tant pour l\u2019ap\u00e9ritif que pour les accords mets-vins.<\/p>\n<hr data-start=\"386\" data-end=\"389\" \/>\n<div class=\"TyagGW_tableContainer\">\n<div class=\"group TyagGW_tableWrapper flex flex-col-reverse w-fit\" tabindex=\"-1\">\n<table class=\"w-fit min-w-(--thread-content-width)\" data-start=\"391\" data-end=\"809\">\n<thead data-start=\"391\" data-end=\"430\">\n<tr data-start=\"391\" data-end=\"430\">\n<th class=\"\" data-start=\"391\" data-end=\"411\" data-col-size=\"sm\"><strong data-start=\"393\" data-end=\"403\">D\u00e9tail<\/strong><\/th>\n<th class=\"\" data-start=\"411\" data-end=\"430\" data-col-size=\"lg\"><strong data-start=\"413\" data-end=\"428\">Informations<\/strong><\/th>\n<\/tr>\n<\/thead>\n<tbody data-start=\"469\" data-end=\"809\">\n<tr data-start=\"469\" data-end=\"536\">\n<td data-start=\"469\" data-end=\"488\" data-col-size=\"sm\">Origine<\/td>\n<td data-start=\"488\" data-end=\"536\" data-col-size=\"lg\">AVA d\u2019Arroyo Seco, comt\u00e9 de Monterey, Californie<\/td>\n<\/tr>\n<tr data-start=\"537\" data-end=\"602\">\n<td data-start=\"537\" data-end=\"556\" data-col-size=\"sm\">Fermentation<\/td>\n<td data-start=\"556\" data-end=\"602\" data-col-size=\"lg\">Ferment\u00e9 en f\u00fbt pendant environ 13 jours<\/td>\n<\/tr>\n<tr data-start=\"603\" data-end=\"675\">\n<td data-start=\"603\" data-end=\"622\" data-col-size=\"sm\">Dur\u00e9e en f\u00fbt<\/td>\n<td data-start=\"622\" data-end=\"675\" data-col-size=\"lg\">\u00c9lev\u00e9 sur lies en f\u00fbt pendant 9 mois (22 % de ch\u00eane neuf)<\/td>\n<\/tr>\n<tr data-start=\"676\" data-end=\"809\">\n<td data-start=\"676\" data-end=\"695\" data-col-size=\"sm\">Accords mets-vins<\/td>\n<td data-start=\"695\" data-end=\"809\" data-col-size=\"lg\">\u00c0 d\u00e9guster en ap\u00e9ritif ou \u00e0 accompagner de crab cakes au citron et c\u00e2pres, de crevettes au coco ou de risotto aux l\u00e9gumes et au citron.<\/td>\n<\/tr>\n<\/tbody>\n<\/table>\n<\/div>\n<\/div>","protected":false},"featured_media":5441,"comment_status":"open","ping_status":"closed","template":"","meta":[],"product_brand":[],"product_cat":[29],"product_tag":[],"class_list":{"0":"post-5438","1":"product","2":"type-product","3":"status-publish","4":"has-post-thumbnail","6":"product_cat-white-wines","8":"first","9":"instock","10":"shipping-taxable","11":"product-type-simple"},"yoast_head":"<!-- This site is optimized with the Yoast SEO plugin v27.2 - https:\/\/yoast.com\/product\/yoast-seo-wordpress\/ -->\n<title>October Night - AgroNet LLC<\/title>\n<meta name=\"robots\" content=\"index, follow, max-snippet:-1, max-image-preview:large, max-video-preview:-1\" \/>\n<link rel=\"canonical\" href=\"https:\/\/agronetllc.com\/fr\/produit\/october-night\/\" \/>\n<meta property=\"og:locale\" content=\"fr_FR\" \/>\n<meta property=\"og:type\" content=\"article\" \/>\n<meta property=\"og:title\" content=\"October Night - AgroNet LLC\" \/>\n<meta property=\"og:description\" content=\"Chardonnay Crafted from the Musqu\u00e9 clone and harvested in a single October night, this Chardonnay offers an aromatic and distinctive profile. It delivers fresh, vibrant character with refined complexity, making it an excellent choice for both aperitif moments and food pairings.          Detail Information     Origin Arroyo Seco AVA, Monterey County, California   Fermentation Barrel-fermented for approximately 13 days   Time in Barrel Aged sur lie in barrel for 9 months (22% new oak)   Food Pairings Enjoy as an aperitif or pair with crab cakes with lemon and capers, coconut shrimp, or lemon-vegetable risotto\" \/>\n<meta property=\"og:url\" content=\"https:\/\/agronetllc.com\/fr\/produit\/october-night\/\" \/>\n<meta property=\"og:site_name\" content=\"AgroNet LLC\" \/>\n<meta property=\"article:modified_time\" content=\"2026-03-30T07:07:48+00:00\" \/>\n<meta property=\"og:image\" content=\"http:\/\/agronetllc.com\/wp-content\/uploads\/2026\/03\/October-Night.png\" \/>\n\t<meta property=\"og:image:width\" content=\"600\" \/>\n\t<meta property=\"og:image:height\" content=\"700\" \/>\n\t<meta property=\"og:image:type\" content=\"image\/png\" \/>\n<meta name=\"twitter:card\" content=\"summary_large_image\" \/>\n<script type=\"application\/ld+json\" class=\"yoast-schema-graph\">{\"@context\":\"https:\/\/schema.org\",\"@graph\":[{\"@type\":\"WebPage\",\"@id\":\"https:\/\/agronetllc.com\/product\/october-night\/\",\"url\":\"https:\/\/agronetllc.com\/product\/october-night\/\",\"name\":\"October Night - AgroNet LLC\",\"isPartOf\":{\"@id\":\"https:\/\/agronetllc.com\/#website\"},\"primaryImageOfPage\":{\"@id\":\"https:\/\/agronetllc.com\/product\/october-night\/#primaryimage\"},\"image\":{\"@id\":\"https:\/\/agronetllc.com\/product\/october-night\/#primaryimage\"},\"thumbnailUrl\":\"https:\/\/agronetllc.com\/wp-content\/uploads\/2026\/03\/October-Night.png\",\"datePublished\":\"2026-03-30T06:50:34+00:00\",\"dateModified\":\"2026-03-30T07:07:48+00:00\",\"breadcrumb\":{\"@id\":\"https:\/\/agronetllc.com\/product\/october-night\/#breadcrumb\"},\"inLanguage\":\"fr-FR\",\"potentialAction\":[{\"@type\":\"ReadAction\",\"target\":[\"https:\/\/agronetllc.com\/product\/october-night\/\"]}]},{\"@type\":\"ImageObject\",\"inLanguage\":\"fr-FR\",\"@id\":\"https:\/\/agronetllc.com\/product\/october-night\/#primaryimage\",\"url\":\"https:\/\/agronetllc.com\/wp-content\/uploads\/2026\/03\/October-Night.png\",\"contentUrl\":\"https:\/\/agronetllc.com\/wp-content\/uploads\/2026\/03\/October-Night.png\",\"width\":600,\"height\":700},{\"@type\":\"BreadcrumbList\",\"@id\":\"https:\/\/agronetllc.com\/product\/october-night\/#breadcrumb\",\"itemListElement\":[{\"@type\":\"ListItem\",\"position\":1,\"name\":\"Home\",\"item\":\"https:\/\/agronetllc.com\/\"},{\"@type\":\"ListItem\",\"position\":2,\"name\":\"Shop\",\"item\":\"https:\/\/agronetllc.com\/shop\/\"},{\"@type\":\"ListItem\",\"position\":3,\"name\":\"October Night\"}]},{\"@type\":\"WebSite\",\"@id\":\"https:\/\/agronetllc.com\/#website\",\"url\":\"https:\/\/agronetllc.com\/\",\"name\":\"AgroNet LLC\",\"description\":\"Provide high-quality products\",\"publisher\":{\"@id\":\"https:\/\/agronetllc.com\/#organization\"},\"potentialAction\":[{\"@type\":\"SearchAction\",\"target\":{\"@type\":\"EntryPoint\",\"urlTemplate\":\"https:\/\/agronetllc.com\/?s={search_term_string}\"},\"query-input\":{\"@type\":\"PropertyValueSpecification\",\"valueRequired\":true,\"valueName\":\"search_term_string\"}}],\"inLanguage\":\"fr-FR\"},{\"@type\":\"Organization\",\"@id\":\"https:\/\/agronetllc.com\/#organization\",\"name\":\"AgroNet LLC\",\"url\":\"https:\/\/agronetllc.com\/\",\"logo\":{\"@type\":\"ImageObject\",\"inLanguage\":\"fr-FR\",\"@id\":\"https:\/\/agronetllc.com\/#\/schema\/logo\/image\/\",\"url\":\"https:\/\/agronetllc.com\/wp-content\/uploads\/2020\/03\/Agronet-LLC.png\",\"contentUrl\":\"https:\/\/agronetllc.com\/wp-content\/uploads\/2020\/03\/Agronet-LLC.png\",\"width\":651,\"height\":236,\"caption\":\"AgroNet LLC\"},\"image\":{\"@id\":\"https:\/\/agronetllc.com\/#\/schema\/logo\/image\/\"}}]}<\/script>\n<!-- \/ Yoast SEO plugin. -->","yoast_head_json":{"title":"October Night - AgroNet LLC","robots":{"index":"index","follow":"follow","max-snippet":"max-snippet:-1","max-image-preview":"max-image-preview:large","max-video-preview":"max-video-preview:-1"},"canonical":"https:\/\/agronetllc.com\/fr\/produit\/october-night\/","og_locale":"fr_FR","og_type":"article","og_title":"October Night - AgroNet LLC","og_description":"Chardonnay Crafted from the Musqu\u00e9 clone and harvested in a single October night, this Chardonnay offers an aromatic and distinctive profile. It delivers fresh, vibrant character with refined complexity, making it an excellent choice for both aperitif moments and food pairings.          Detail Information     Origin Arroyo Seco AVA, Monterey County, California   Fermentation Barrel-fermented for approximately 13 days   Time in Barrel Aged sur lie in barrel for 9 months (22% new oak)   Food Pairings Enjoy as an aperitif or pair with crab cakes with lemon and capers, coconut shrimp, or lemon-vegetable risotto","og_url":"https:\/\/agronetllc.com\/fr\/produit\/october-night\/","og_site_name":"AgroNet LLC","article_modified_time":"2026-03-30T07:07:48+00:00","og_image":[{"width":600,"height":700,"url":"http:\/\/agronetllc.com\/wp-content\/uploads\/2026\/03\/October-Night.png","type":"image\/png"}],"twitter_card":"summary_large_image","schema":{"@context":"https:\/\/schema.org","@graph":[{"@type":"WebPage","@id":"https:\/\/agronetllc.com\/product\/october-night\/","url":"https:\/\/agronetllc.com\/product\/october-night\/","name":"October Night - AgroNet LLC","isPartOf":{"@id":"https:\/\/agronetllc.com\/#website"},"primaryImageOfPage":{"@id":"https:\/\/agronetllc.com\/product\/october-night\/#primaryimage"},"image":{"@id":"https:\/\/agronetllc.com\/product\/october-night\/#primaryimage"},"thumbnailUrl":"https:\/\/agronetllc.com\/wp-content\/uploads\/2026\/03\/October-Night.png","datePublished":"2026-03-30T06:50:34+00:00","dateModified":"2026-03-30T07:07:48+00:00","breadcrumb":{"@id":"https:\/\/agronetllc.com\/product\/october-night\/#breadcrumb"},"inLanguage":"fr-FR","potentialAction":[{"@type":"ReadAction","target":["https:\/\/agronetllc.com\/product\/october-night\/"]}]},{"@type":"ImageObject","inLanguage":"fr-FR","@id":"https:\/\/agronetllc.com\/product\/october-night\/#primaryimage","url":"https:\/\/agronetllc.com\/wp-content\/uploads\/2026\/03\/October-Night.png","contentUrl":"https:\/\/agronetllc.com\/wp-content\/uploads\/2026\/03\/October-Night.png","width":600,"height":700},{"@type":"BreadcrumbList","@id":"https:\/\/agronetllc.com\/product\/october-night\/#breadcrumb","itemListElement":[{"@type":"ListItem","position":1,"name":"Home","item":"https:\/\/agronetllc.com\/"},{"@type":"ListItem","position":2,"name":"Shop","item":"https:\/\/agronetllc.com\/shop\/"},{"@type":"ListItem","position":3,"name":"October Night"}]},{"@type":"WebSite","@id":"https:\/\/agronetllc.com\/#website","url":"https:\/\/agronetllc.com\/","name":"AgroNet LLC","description":"Provide high-quality products","publisher":{"@id":"https:\/\/agronetllc.com\/#organization"},"potentialAction":[{"@type":"SearchAction","target":{"@type":"EntryPoint","urlTemplate":"https:\/\/agronetllc.com\/?s={search_term_string}"},"query-input":{"@type":"PropertyValueSpecification","valueRequired":true,"valueName":"search_term_string"}}],"inLanguage":"fr-FR"},{"@type":"Organization","@id":"https:\/\/agronetllc.com\/#organization","name":"AgroNet LLC","url":"https:\/\/agronetllc.com\/","logo":{"@type":"ImageObject","inLanguage":"fr-FR","@id":"https:\/\/agronetllc.com\/#\/schema\/logo\/image\/","url":"https:\/\/agronetllc.com\/wp-content\/uploads\/2020\/03\/Agronet-LLC.png","contentUrl":"https:\/\/agronetllc.com\/wp-content\/uploads\/2020\/03\/Agronet-LLC.png","width":651,"height":236,"caption":"AgroNet LLC"},"image":{"@id":"https:\/\/agronetllc.com\/#\/schema\/logo\/image\/"}}]}},"_links":{"self":[{"href":"https:\/\/agronetllc.com\/fr\/wp-json\/wp\/v2\/product\/5438","targetHints":{"allow":["GET"]}}],"collection":[{"href":"https:\/\/agronetllc.com\/fr\/wp-json\/wp\/v2\/product"}],"about":[{"href":"https:\/\/agronetllc.com\/fr\/wp-json\/wp\/v2\/types\/product"}],"replies":[{"embeddable":true,"href":"https:\/\/agronetllc.com\/fr\/wp-json\/wp\/v2\/comments?post=5438"}],"wp:featuredmedia":[{"embeddable":true,"href":"https:\/\/agronetllc.com\/fr\/wp-json\/wp\/v2\/media\/5441"}],"wp:attachment":[{"href":"https:\/\/agronetllc.com\/fr\/wp-json\/wp\/v2\/media?parent=5438"}],"wp:term":[{"taxonomy":"product_brand","embeddable":true,"href":"https:\/\/agronetllc.com\/fr\/wp-json\/wp\/v2\/product_brand?post=5438"},{"taxonomy":"product_cat","embeddable":true,"href":"https:\/\/agronetllc.com\/fr\/wp-json\/wp\/v2\/product_cat?post=5438"},{"taxonomy":"product_tag","embeddable":true,"href":"https:\/\/agronetllc.com\/fr\/wp-json\/wp\/v2\/product_tag?post=5438"}],"curies":[{"name":"wp","href":"https:\/\/api.w.org\/{rel}","templated":true}]}}