{"id":5443,"date":"2026-03-30T01:58:57","date_gmt":"2026-03-30T06:58:57","guid":{"rendered":"https:\/\/agronetllc.com\/?post_type=product&#038;p=5443"},"modified":"2026-03-30T02:10:10","modified_gmt":"2026-03-30T07:10:10","slug":"fg-vineyard-pinot-blanc","status":"publish","type":"product","link":"https:\/\/agronetllc.com\/fr\/produit\/fg-vineyard-pinot-blanc\/","title":{"rendered":"F&#038;G Vineyard"},"content":{"rendered":"","protected":false},"excerpt":{"rendered":"<h3 data-start=\"134\" data-end=\"314\">Pinot Blanc<\/h3>\n<p data-start=\"134\" data-end=\"314\">Un Pinot Blanc raffin\u00e9 et \u00e9l\u00e9gant au profil frais et \u00e9quilibr\u00e9. Il offre une complexit\u00e9 subtile et une texture lisse, le rendant id\u00e9al pour les entr\u00e9es l\u00e9g\u00e8res comme pour les plats principaux savoureux.<\/p>\n<hr data-start=\"316\" data-end=\"319\" \/>\n<div class=\"TyagGW_tableContainer\">\n<div class=\"group TyagGW_tableWrapper flex flex-col-reverse w-fit\" tabindex=\"-1\">\n<table class=\"w-fit min-w-(--thread-content-width)\" data-start=\"321\" data-end=\"747\">\n<thead data-start=\"321\" data-end=\"360\">\n<tr data-start=\"321\" data-end=\"360\">\n<th class=\"\" data-start=\"321\" data-end=\"341\" data-col-size=\"sm\"><strong data-start=\"323\" data-end=\"333\">D\u00e9tail<\/strong><\/th>\n<th class=\"\" data-start=\"341\" data-end=\"360\" data-col-size=\"lg\"><strong data-start=\"343\" data-end=\"358\">Informations<\/strong><\/th>\n<\/tr>\n<\/thead>\n<tbody data-start=\"399\" data-end=\"747\">\n<tr data-start=\"399\" data-end=\"455\">\n<td data-start=\"399\" data-end=\"418\" data-col-size=\"sm\">Origine<\/td>\n<td data-start=\"418\" data-end=\"455\" data-col-size=\"lg\">Arroyo Seco, Monterey, California<\/td>\n<\/tr>\n<tr data-start=\"456\" data-end=\"549\">\n<td data-start=\"456\" data-end=\"475\" data-col-size=\"sm\">Dur\u00e9e en f\u00fbt<\/td>\n<td data-start=\"475\" data-end=\"549\" data-col-size=\"lg\">\u00c9lev\u00e9 pendant 5 mois sur lies dans un \u0153uf en b\u00e9ton, en f\u00fbt fran\u00e7ais et en tonneau (puncheon).<\/td>\n<\/tr>\n<tr data-start=\"550\" data-end=\"591\">\n<td data-start=\"550\" data-end=\"569\" data-col-size=\"sm\">Type de f\u00fbt<\/td>\n<td data-start=\"569\" data-end=\"591\" data-col-size=\"lg\">Ch\u00eane fran\u00e7ais neutre<\/td>\n<\/tr>\n<tr data-start=\"592\" data-end=\"747\">\n<td data-start=\"592\" data-end=\"611\" data-col-size=\"sm\">Accords mets-vins<\/td>\n<td data-start=\"611\" data-end=\"747\" data-col-size=\"lg\">\u00c0 servir en ap\u00e9ritif avec du fromage Taleggio, ou \u00e0 accompagner d\u2019une salade pomme-fenouil, de poulet piccata, de noix de Saint-Jacques ou de fruits de mer avec a\u00efoli au citron.<\/td>\n<\/tr>\n<\/tbody>\n<\/table>\n<\/div>\n<\/div>","protected":false},"featured_media":5444,"comment_status":"open","ping_status":"closed","template":"","meta":[],"product_brand":[],"product_cat":[29],"product_tag":[],"class_list":{"0":"post-5443","1":"product","2":"type-product","3":"status-publish","4":"has-post-thumbnail","6":"product_cat-white-wines","8":"first","9":"instock","10":"shipping-taxable","11":"product-type-simple"},"yoast_head":"<!-- This site is optimized with the Yoast SEO plugin v27.2 - https:\/\/yoast.com\/product\/yoast-seo-wordpress\/ -->\n<title>F&amp;G Vineyard - AgroNet LLC<\/title>\n<meta name=\"robots\" content=\"index, follow, max-snippet:-1, max-image-preview:large, max-video-preview:-1\" \/>\n<link rel=\"canonical\" href=\"https:\/\/agronetllc.com\/fr\/produit\/fg-vineyard-pinot-blanc\/\" \/>\n<meta property=\"og:locale\" content=\"fr_FR\" \/>\n<meta property=\"og:type\" content=\"article\" \/>\n<meta property=\"og:title\" content=\"F&amp;G Vineyard - AgroNet LLC\" \/>\n<meta property=\"og:description\" content=\"Pinot Blanc A refined and elegant Pinot Blanc with a fresh, balanced profile. It offers subtle complexity and smooth texture, making it ideal for both light starters and flavorful main courses.          Detail Information     Origin Arroyo Seco, Monterey, California   Time in Barrel Aged for 5 months sur lie in concrete egg, French barrel, and puncheon   Barrel Type Neutral French oak   Food Pairings Serve as an aperitif with taleggio cheese, or pair with apple fennel salad, chicken piccata, scallops, or shellfish with lemon aioli\" \/>\n<meta property=\"og:url\" content=\"https:\/\/agronetllc.com\/fr\/produit\/fg-vineyard-pinot-blanc\/\" \/>\n<meta property=\"og:site_name\" content=\"AgroNet LLC\" \/>\n<meta property=\"article:modified_time\" content=\"2026-03-30T07:10:10+00:00\" \/>\n<meta property=\"og:image\" content=\"http:\/\/agronetllc.com\/wp-content\/uploads\/2026\/03\/FG-Vineyard.png\" \/>\n\t<meta property=\"og:image:width\" content=\"600\" \/>\n\t<meta property=\"og:image:height\" content=\"700\" \/>\n\t<meta property=\"og:image:type\" content=\"image\/png\" \/>\n<meta name=\"twitter:card\" content=\"summary_large_image\" \/>\n<script type=\"application\/ld+json\" class=\"yoast-schema-graph\">{\"@context\":\"https:\/\/schema.org\",\"@graph\":[{\"@type\":\"WebPage\",\"@id\":\"https:\/\/agronetllc.com\/product\/fg-vineyard-pinot-blanc\/\",\"url\":\"https:\/\/agronetllc.com\/product\/fg-vineyard-pinot-blanc\/\",\"name\":\"F&G Vineyard - AgroNet LLC\",\"isPartOf\":{\"@id\":\"https:\/\/agronetllc.com\/#website\"},\"primaryImageOfPage\":{\"@id\":\"https:\/\/agronetllc.com\/product\/fg-vineyard-pinot-blanc\/#primaryimage\"},\"image\":{\"@id\":\"https:\/\/agronetllc.com\/product\/fg-vineyard-pinot-blanc\/#primaryimage\"},\"thumbnailUrl\":\"https:\/\/agronetllc.com\/wp-content\/uploads\/2026\/03\/FG-Vineyard.png\",\"datePublished\":\"2026-03-30T06:58:57+00:00\",\"dateModified\":\"2026-03-30T07:10:10+00:00\",\"breadcrumb\":{\"@id\":\"https:\/\/agronetllc.com\/product\/fg-vineyard-pinot-blanc\/#breadcrumb\"},\"inLanguage\":\"fr-FR\",\"potentialAction\":[{\"@type\":\"ReadAction\",\"target\":[\"https:\/\/agronetllc.com\/product\/fg-vineyard-pinot-blanc\/\"]}]},{\"@type\":\"ImageObject\",\"inLanguage\":\"fr-FR\",\"@id\":\"https:\/\/agronetllc.com\/product\/fg-vineyard-pinot-blanc\/#primaryimage\",\"url\":\"https:\/\/agronetllc.com\/wp-content\/uploads\/2026\/03\/FG-Vineyard.png\",\"contentUrl\":\"https:\/\/agronetllc.com\/wp-content\/uploads\/2026\/03\/FG-Vineyard.png\",\"width\":600,\"height\":700},{\"@type\":\"BreadcrumbList\",\"@id\":\"https:\/\/agronetllc.com\/product\/fg-vineyard-pinot-blanc\/#breadcrumb\",\"itemListElement\":[{\"@type\":\"ListItem\",\"position\":1,\"name\":\"Home\",\"item\":\"https:\/\/agronetllc.com\/\"},{\"@type\":\"ListItem\",\"position\":2,\"name\":\"Shop\",\"item\":\"https:\/\/agronetllc.com\/shop\/\"},{\"@type\":\"ListItem\",\"position\":3,\"name\":\"F&#038;G Vineyard\"}]},{\"@type\":\"WebSite\",\"@id\":\"https:\/\/agronetllc.com\/#website\",\"url\":\"https:\/\/agronetllc.com\/\",\"name\":\"AgroNet LLC\",\"description\":\"Provide high-quality products\",\"publisher\":{\"@id\":\"https:\/\/agronetllc.com\/#organization\"},\"potentialAction\":[{\"@type\":\"SearchAction\",\"target\":{\"@type\":\"EntryPoint\",\"urlTemplate\":\"https:\/\/agronetllc.com\/?s={search_term_string}\"},\"query-input\":{\"@type\":\"PropertyValueSpecification\",\"valueRequired\":true,\"valueName\":\"search_term_string\"}}],\"inLanguage\":\"fr-FR\"},{\"@type\":\"Organization\",\"@id\":\"https:\/\/agronetllc.com\/#organization\",\"name\":\"AgroNet LLC\",\"url\":\"https:\/\/agronetllc.com\/\",\"logo\":{\"@type\":\"ImageObject\",\"inLanguage\":\"fr-FR\",\"@id\":\"https:\/\/agronetllc.com\/#\/schema\/logo\/image\/\",\"url\":\"https:\/\/agronetllc.com\/wp-content\/uploads\/2020\/03\/Agronet-LLC.png\",\"contentUrl\":\"https:\/\/agronetllc.com\/wp-content\/uploads\/2020\/03\/Agronet-LLC.png\",\"width\":651,\"height\":236,\"caption\":\"AgroNet LLC\"},\"image\":{\"@id\":\"https:\/\/agronetllc.com\/#\/schema\/logo\/image\/\"}}]}<\/script>\n<!-- \/ Yoast SEO plugin. -->","yoast_head_json":{"title":"F&G Vineyard - AgroNet LLC","robots":{"index":"index","follow":"follow","max-snippet":"max-snippet:-1","max-image-preview":"max-image-preview:large","max-video-preview":"max-video-preview:-1"},"canonical":"https:\/\/agronetllc.com\/fr\/produit\/fg-vineyard-pinot-blanc\/","og_locale":"fr_FR","og_type":"article","og_title":"F&G Vineyard - AgroNet LLC","og_description":"Pinot Blanc A refined and elegant Pinot Blanc with a fresh, balanced profile. It offers subtle complexity and smooth texture, making it ideal for both light starters and flavorful main courses.          Detail Information     Origin Arroyo Seco, Monterey, California   Time in Barrel Aged for 5 months sur lie in concrete egg, French barrel, and puncheon   Barrel Type Neutral French oak   Food Pairings Serve as an aperitif with taleggio cheese, or pair with apple fennel salad, chicken piccata, scallops, or shellfish with lemon aioli","og_url":"https:\/\/agronetllc.com\/fr\/produit\/fg-vineyard-pinot-blanc\/","og_site_name":"AgroNet LLC","article_modified_time":"2026-03-30T07:10:10+00:00","og_image":[{"width":600,"height":700,"url":"http:\/\/agronetllc.com\/wp-content\/uploads\/2026\/03\/FG-Vineyard.png","type":"image\/png"}],"twitter_card":"summary_large_image","schema":{"@context":"https:\/\/schema.org","@graph":[{"@type":"WebPage","@id":"https:\/\/agronetllc.com\/product\/fg-vineyard-pinot-blanc\/","url":"https:\/\/agronetllc.com\/product\/fg-vineyard-pinot-blanc\/","name":"F&G Vineyard - AgroNet LLC","isPartOf":{"@id":"https:\/\/agronetllc.com\/#website"},"primaryImageOfPage":{"@id":"https:\/\/agronetllc.com\/product\/fg-vineyard-pinot-blanc\/#primaryimage"},"image":{"@id":"https:\/\/agronetllc.com\/product\/fg-vineyard-pinot-blanc\/#primaryimage"},"thumbnailUrl":"https:\/\/agronetllc.com\/wp-content\/uploads\/2026\/03\/FG-Vineyard.png","datePublished":"2026-03-30T06:58:57+00:00","dateModified":"2026-03-30T07:10:10+00:00","breadcrumb":{"@id":"https:\/\/agronetllc.com\/product\/fg-vineyard-pinot-blanc\/#breadcrumb"},"inLanguage":"fr-FR","potentialAction":[{"@type":"ReadAction","target":["https:\/\/agronetllc.com\/product\/fg-vineyard-pinot-blanc\/"]}]},{"@type":"ImageObject","inLanguage":"fr-FR","@id":"https:\/\/agronetllc.com\/product\/fg-vineyard-pinot-blanc\/#primaryimage","url":"https:\/\/agronetllc.com\/wp-content\/uploads\/2026\/03\/FG-Vineyard.png","contentUrl":"https:\/\/agronetllc.com\/wp-content\/uploads\/2026\/03\/FG-Vineyard.png","width":600,"height":700},{"@type":"BreadcrumbList","@id":"https:\/\/agronetllc.com\/product\/fg-vineyard-pinot-blanc\/#breadcrumb","itemListElement":[{"@type":"ListItem","position":1,"name":"Home","item":"https:\/\/agronetllc.com\/"},{"@type":"ListItem","position":2,"name":"Shop","item":"https:\/\/agronetllc.com\/shop\/"},{"@type":"ListItem","position":3,"name":"F&#038;G Vineyard"}]},{"@type":"WebSite","@id":"https:\/\/agronetllc.com\/#website","url":"https:\/\/agronetllc.com\/","name":"AgroNet LLC","description":"Provide high-quality products","publisher":{"@id":"https:\/\/agronetllc.com\/#organization"},"potentialAction":[{"@type":"SearchAction","target":{"@type":"EntryPoint","urlTemplate":"https:\/\/agronetllc.com\/?s={search_term_string}"},"query-input":{"@type":"PropertyValueSpecification","valueRequired":true,"valueName":"search_term_string"}}],"inLanguage":"fr-FR"},{"@type":"Organization","@id":"https:\/\/agronetllc.com\/#organization","name":"AgroNet LLC","url":"https:\/\/agronetllc.com\/","logo":{"@type":"ImageObject","inLanguage":"fr-FR","@id":"https:\/\/agronetllc.com\/#\/schema\/logo\/image\/","url":"https:\/\/agronetllc.com\/wp-content\/uploads\/2020\/03\/Agronet-LLC.png","contentUrl":"https:\/\/agronetllc.com\/wp-content\/uploads\/2020\/03\/Agronet-LLC.png","width":651,"height":236,"caption":"AgroNet LLC"},"image":{"@id":"https:\/\/agronetllc.com\/#\/schema\/logo\/image\/"}}]}},"_links":{"self":[{"href":"https:\/\/agronetllc.com\/fr\/wp-json\/wp\/v2\/product\/5443","targetHints":{"allow":["GET"]}}],"collection":[{"href":"https:\/\/agronetllc.com\/fr\/wp-json\/wp\/v2\/product"}],"about":[{"href":"https:\/\/agronetllc.com\/fr\/wp-json\/wp\/v2\/types\/product"}],"replies":[{"embeddable":true,"href":"https:\/\/agronetllc.com\/fr\/wp-json\/wp\/v2\/comments?post=5443"}],"wp:featuredmedia":[{"embeddable":true,"href":"https:\/\/agronetllc.com\/fr\/wp-json\/wp\/v2\/media\/5444"}],"wp:attachment":[{"href":"https:\/\/agronetllc.com\/fr\/wp-json\/wp\/v2\/media?parent=5443"}],"wp:term":[{"taxonomy":"product_brand","embeddable":true,"href":"https:\/\/agronetllc.com\/fr\/wp-json\/wp\/v2\/product_brand?post=5443"},{"taxonomy":"product_cat","embeddable":true,"href":"https:\/\/agronetllc.com\/fr\/wp-json\/wp\/v2\/product_cat?post=5443"},{"taxonomy":"product_tag","embeddable":true,"href":"https:\/\/agronetllc.com\/fr\/wp-json\/wp\/v2\/product_tag?post=5443"}],"curies":[{"name":"wp","href":"https:\/\/api.w.org\/{rel}","templated":true}]}}