{"id":5448,"date":"2026-03-30T02:22:22","date_gmt":"2026-03-30T07:22:22","guid":{"rendered":"https:\/\/agronetllc.com\/?post_type=product&#038;p=5448"},"modified":"2026-03-30T02:22:24","modified_gmt":"2026-03-30T07:22:24","slug":"rvg","status":"publish","type":"product","link":"https:\/\/agronetllc.com\/fr\/produit\/rvg\/","title":{"rendered":"RVG"},"content":{"rendered":"","protected":false},"excerpt":{"rendered":"<h3 data-section-id=\"zib06h\" data-start=\"103\" data-end=\"128\"><span role=\"text\"><strong data-start=\"107\" data-end=\"128\">Rhone Blend<\/strong><\/span><\/h3>\n<p data-start=\"130\" data-end=\"314\">Un assemblage de style Rh\u00f4ne riche et \u00e9quilibr\u00e9, aux saveurs stratifi\u00e9es et aux tanins souples. Id\u00e9al pour accompagner \u00e0 la fois les fruits de mer et les fromages \u00e0 p\u00e2te molle, offrant une exp\u00e9rience vinicole polyvalente et \u00e9l\u00e9gante.<\/p>\n<hr data-start=\"316\" data-end=\"319\" \/>\n<div class=\"TyagGW_tableContainer\">\n<div class=\"group TyagGW_tableWrapper flex flex-col-reverse w-fit\" tabindex=\"-1\">\n<table class=\"w-fit min-w-(--thread-content-width)\" data-start=\"321\" data-end=\"688\">\n<thead data-start=\"321\" data-end=\"360\">\n<tr data-start=\"321\" data-end=\"360\">\n<th class=\"\" data-start=\"321\" data-end=\"341\" data-col-size=\"sm\"><strong data-start=\"323\" data-end=\"333\">D\u00e9tail<\/strong><\/th>\n<th class=\"\" data-start=\"341\" data-end=\"360\" data-col-size=\"xl\"><strong data-start=\"343\" data-end=\"358\">Informations<\/strong><\/th>\n<\/tr>\n<\/thead>\n<tbody data-start=\"399\" data-end=\"688\">\n<tr data-start=\"399\" data-end=\"492\">\n<td data-start=\"399\" data-end=\"418\" data-col-size=\"sm\">Origine<\/td>\n<td data-start=\"418\" data-end=\"492\" data-col-size=\"xl\">Adelaida District, Paso Robles AVA, San Luis Obispo County, California<\/td>\n<\/tr>\n<tr data-start=\"493\" data-end=\"688\">\n<td data-start=\"493\" data-end=\"512\" data-col-size=\"sm\">Accords mets-vins<\/td>\n<td data-start=\"512\" data-end=\"688\" data-col-size=\"xl\">Salade de roquette avec fenouil et vinaigrette aux agrumes, fl\u00e9tan r\u00f4ti avec sauce au beurre citron-estragon, sushi toro, ou fromages \u00e0 p\u00e2te molle comme le Boursin aux herbes, le fromage de ch\u00e8vre ou le Havarti.<\/td>\n<\/tr>\n<\/tbody>\n<\/table>\n<\/div>\n<\/div>","protected":false},"featured_media":5449,"comment_status":"open","ping_status":"closed","template":"","meta":[],"product_brand":[],"product_cat":[29],"product_tag":[],"class_list":{"0":"post-5448","1":"product","2":"type-product","3":"status-publish","4":"has-post-thumbnail","6":"product_cat-white-wines","8":"first","9":"instock","10":"shipping-taxable","11":"product-type-simple"},"yoast_head":"<!-- This site is optimized with the Yoast SEO plugin v27.2 - https:\/\/yoast.com\/product\/yoast-seo-wordpress\/ -->\n<title>RVG - AgroNet LLC<\/title>\n<meta name=\"robots\" content=\"index, follow, max-snippet:-1, max-image-preview:large, max-video-preview:-1\" \/>\n<link rel=\"canonical\" href=\"https:\/\/agronetllc.com\/fr\/produit\/rvg\/\" \/>\n<meta property=\"og:locale\" content=\"fr_FR\" \/>\n<meta property=\"og:type\" content=\"article\" \/>\n<meta property=\"og:title\" content=\"RVG - AgroNet LLC\" \/>\n<meta property=\"og:description\" content=\"Rhone Blend A rich and balanced Rhone-style blend with layered flavors and smooth tannins. Ideal for pairing with both seafood and soft cheeses, offering a versatile and elegant wine experience.          Detail Information     Origin Adelaida District, Paso Robles AVA, San Luis Obispo County, California   Food Pairings Arugula salad with fennel and citrus vinaigrette, roasted halibut with lemon-tarragon butter sauce, toro sushi, or soft cheeses like herbed Boursin, goat cheese, or Havarti\" \/>\n<meta property=\"og:url\" content=\"https:\/\/agronetllc.com\/fr\/produit\/rvg\/\" \/>\n<meta property=\"og:site_name\" content=\"AgroNet LLC\" \/>\n<meta property=\"article:modified_time\" content=\"2026-03-30T07:22:24+00:00\" \/>\n<meta property=\"og:image\" content=\"http:\/\/agronetllc.com\/wp-content\/uploads\/2026\/03\/RVG.png\" \/>\n\t<meta property=\"og:image:width\" content=\"600\" \/>\n\t<meta property=\"og:image:height\" content=\"700\" \/>\n\t<meta property=\"og:image:type\" content=\"image\/png\" \/>\n<meta name=\"twitter:card\" content=\"summary_large_image\" \/>\n<script type=\"application\/ld+json\" class=\"yoast-schema-graph\">{\"@context\":\"https:\/\/schema.org\",\"@graph\":[{\"@type\":\"WebPage\",\"@id\":\"https:\/\/agronetllc.com\/product\/rvg\/\",\"url\":\"https:\/\/agronetllc.com\/product\/rvg\/\",\"name\":\"RVG - AgroNet LLC\",\"isPartOf\":{\"@id\":\"https:\/\/agronetllc.com\/#website\"},\"primaryImageOfPage\":{\"@id\":\"https:\/\/agronetllc.com\/product\/rvg\/#primaryimage\"},\"image\":{\"@id\":\"https:\/\/agronetllc.com\/product\/rvg\/#primaryimage\"},\"thumbnailUrl\":\"https:\/\/agronetllc.com\/wp-content\/uploads\/2026\/03\/RVG.png\",\"datePublished\":\"2026-03-30T07:22:22+00:00\",\"dateModified\":\"2026-03-30T07:22:24+00:00\",\"breadcrumb\":{\"@id\":\"https:\/\/agronetllc.com\/product\/rvg\/#breadcrumb\"},\"inLanguage\":\"fr-FR\",\"potentialAction\":[{\"@type\":\"ReadAction\",\"target\":[\"https:\/\/agronetllc.com\/product\/rvg\/\"]}]},{\"@type\":\"ImageObject\",\"inLanguage\":\"fr-FR\",\"@id\":\"https:\/\/agronetllc.com\/product\/rvg\/#primaryimage\",\"url\":\"https:\/\/agronetllc.com\/wp-content\/uploads\/2026\/03\/RVG.png\",\"contentUrl\":\"https:\/\/agronetllc.com\/wp-content\/uploads\/2026\/03\/RVG.png\",\"width\":600,\"height\":700},{\"@type\":\"BreadcrumbList\",\"@id\":\"https:\/\/agronetllc.com\/product\/rvg\/#breadcrumb\",\"itemListElement\":[{\"@type\":\"ListItem\",\"position\":1,\"name\":\"Home\",\"item\":\"https:\/\/agronetllc.com\/\"},{\"@type\":\"ListItem\",\"position\":2,\"name\":\"Shop\",\"item\":\"https:\/\/agronetllc.com\/shop\/\"},{\"@type\":\"ListItem\",\"position\":3,\"name\":\"RVG\"}]},{\"@type\":\"WebSite\",\"@id\":\"https:\/\/agronetllc.com\/#website\",\"url\":\"https:\/\/agronetllc.com\/\",\"name\":\"AgroNet LLC\",\"description\":\"Provide high-quality products\",\"publisher\":{\"@id\":\"https:\/\/agronetllc.com\/#organization\"},\"potentialAction\":[{\"@type\":\"SearchAction\",\"target\":{\"@type\":\"EntryPoint\",\"urlTemplate\":\"https:\/\/agronetllc.com\/?s={search_term_string}\"},\"query-input\":{\"@type\":\"PropertyValueSpecification\",\"valueRequired\":true,\"valueName\":\"search_term_string\"}}],\"inLanguage\":\"fr-FR\"},{\"@type\":\"Organization\",\"@id\":\"https:\/\/agronetllc.com\/#organization\",\"name\":\"AgroNet LLC\",\"url\":\"https:\/\/agronetllc.com\/\",\"logo\":{\"@type\":\"ImageObject\",\"inLanguage\":\"fr-FR\",\"@id\":\"https:\/\/agronetllc.com\/#\/schema\/logo\/image\/\",\"url\":\"https:\/\/agronetllc.com\/wp-content\/uploads\/2020\/03\/Agronet-LLC.png\",\"contentUrl\":\"https:\/\/agronetllc.com\/wp-content\/uploads\/2020\/03\/Agronet-LLC.png\",\"width\":651,\"height\":236,\"caption\":\"AgroNet LLC\"},\"image\":{\"@id\":\"https:\/\/agronetllc.com\/#\/schema\/logo\/image\/\"}}]}<\/script>\n<!-- \/ Yoast SEO plugin. -->","yoast_head_json":{"title":"RVG - AgroNet LLC","robots":{"index":"index","follow":"follow","max-snippet":"max-snippet:-1","max-image-preview":"max-image-preview:large","max-video-preview":"max-video-preview:-1"},"canonical":"https:\/\/agronetllc.com\/fr\/produit\/rvg\/","og_locale":"fr_FR","og_type":"article","og_title":"RVG - AgroNet LLC","og_description":"Rhone Blend A rich and balanced Rhone-style blend with layered flavors and smooth tannins. Ideal for pairing with both seafood and soft cheeses, offering a versatile and elegant wine experience.          Detail Information     Origin Adelaida District, Paso Robles AVA, San Luis Obispo County, California   Food Pairings Arugula salad with fennel and citrus vinaigrette, roasted halibut with lemon-tarragon butter sauce, toro sushi, or soft cheeses like herbed Boursin, goat cheese, or Havarti","og_url":"https:\/\/agronetllc.com\/fr\/produit\/rvg\/","og_site_name":"AgroNet LLC","article_modified_time":"2026-03-30T07:22:24+00:00","og_image":[{"width":600,"height":700,"url":"http:\/\/agronetllc.com\/wp-content\/uploads\/2026\/03\/RVG.png","type":"image\/png"}],"twitter_card":"summary_large_image","schema":{"@context":"https:\/\/schema.org","@graph":[{"@type":"WebPage","@id":"https:\/\/agronetllc.com\/product\/rvg\/","url":"https:\/\/agronetllc.com\/product\/rvg\/","name":"RVG - AgroNet LLC","isPartOf":{"@id":"https:\/\/agronetllc.com\/#website"},"primaryImageOfPage":{"@id":"https:\/\/agronetllc.com\/product\/rvg\/#primaryimage"},"image":{"@id":"https:\/\/agronetllc.com\/product\/rvg\/#primaryimage"},"thumbnailUrl":"https:\/\/agronetllc.com\/wp-content\/uploads\/2026\/03\/RVG.png","datePublished":"2026-03-30T07:22:22+00:00","dateModified":"2026-03-30T07:22:24+00:00","breadcrumb":{"@id":"https:\/\/agronetllc.com\/product\/rvg\/#breadcrumb"},"inLanguage":"fr-FR","potentialAction":[{"@type":"ReadAction","target":["https:\/\/agronetllc.com\/product\/rvg\/"]}]},{"@type":"ImageObject","inLanguage":"fr-FR","@id":"https:\/\/agronetllc.com\/product\/rvg\/#primaryimage","url":"https:\/\/agronetllc.com\/wp-content\/uploads\/2026\/03\/RVG.png","contentUrl":"https:\/\/agronetllc.com\/wp-content\/uploads\/2026\/03\/RVG.png","width":600,"height":700},{"@type":"BreadcrumbList","@id":"https:\/\/agronetllc.com\/product\/rvg\/#breadcrumb","itemListElement":[{"@type":"ListItem","position":1,"name":"Home","item":"https:\/\/agronetllc.com\/"},{"@type":"ListItem","position":2,"name":"Shop","item":"https:\/\/agronetllc.com\/shop\/"},{"@type":"ListItem","position":3,"name":"RVG"}]},{"@type":"WebSite","@id":"https:\/\/agronetllc.com\/#website","url":"https:\/\/agronetllc.com\/","name":"AgroNet LLC","description":"Provide high-quality products","publisher":{"@id":"https:\/\/agronetllc.com\/#organization"},"potentialAction":[{"@type":"SearchAction","target":{"@type":"EntryPoint","urlTemplate":"https:\/\/agronetllc.com\/?s={search_term_string}"},"query-input":{"@type":"PropertyValueSpecification","valueRequired":true,"valueName":"search_term_string"}}],"inLanguage":"fr-FR"},{"@type":"Organization","@id":"https:\/\/agronetllc.com\/#organization","name":"AgroNet LLC","url":"https:\/\/agronetllc.com\/","logo":{"@type":"ImageObject","inLanguage":"fr-FR","@id":"https:\/\/agronetllc.com\/#\/schema\/logo\/image\/","url":"https:\/\/agronetllc.com\/wp-content\/uploads\/2020\/03\/Agronet-LLC.png","contentUrl":"https:\/\/agronetllc.com\/wp-content\/uploads\/2020\/03\/Agronet-LLC.png","width":651,"height":236,"caption":"AgroNet LLC"},"image":{"@id":"https:\/\/agronetllc.com\/#\/schema\/logo\/image\/"}}]}},"_links":{"self":[{"href":"https:\/\/agronetllc.com\/fr\/wp-json\/wp\/v2\/product\/5448","targetHints":{"allow":["GET"]}}],"collection":[{"href":"https:\/\/agronetllc.com\/fr\/wp-json\/wp\/v2\/product"}],"about":[{"href":"https:\/\/agronetllc.com\/fr\/wp-json\/wp\/v2\/types\/product"}],"replies":[{"embeddable":true,"href":"https:\/\/agronetllc.com\/fr\/wp-json\/wp\/v2\/comments?post=5448"}],"wp:featuredmedia":[{"embeddable":true,"href":"https:\/\/agronetllc.com\/fr\/wp-json\/wp\/v2\/media\/5449"}],"wp:attachment":[{"href":"https:\/\/agronetllc.com\/fr\/wp-json\/wp\/v2\/media?parent=5448"}],"wp:term":[{"taxonomy":"product_brand","embeddable":true,"href":"https:\/\/agronetllc.com\/fr\/wp-json\/wp\/v2\/product_brand?post=5448"},{"taxonomy":"product_cat","embeddable":true,"href":"https:\/\/agronetllc.com\/fr\/wp-json\/wp\/v2\/product_cat?post=5448"},{"taxonomy":"product_tag","embeddable":true,"href":"https:\/\/agronetllc.com\/fr\/wp-json\/wp\/v2\/product_tag?post=5448"}],"curies":[{"name":"wp","href":"https:\/\/api.w.org\/{rel}","templated":true}]}}