{"id":5451,"date":"2026-03-30T02:25:35","date_gmt":"2026-03-30T07:25:35","guid":{"rendered":"https:\/\/agronetllc.com\/?post_type=product&#038;p=5451"},"modified":"2026-03-30T02:26:13","modified_gmt":"2026-03-30T07:26:13","slug":"paperwhite","status":"publish","type":"product","link":"https:\/\/agronetllc.com\/fr\/produit\/paperwhite\/","title":{"rendered":"Paperwhite"},"content":{"rendered":"","protected":false},"excerpt":{"rendered":"<h3 data-section-id=\"7ef9ww\" data-start=\"103\" data-end=\"142\"><span role=\"text\"><strong data-start=\"107\" data-end=\"142\">Unoaked Chardonnay<\/strong><\/span><\/h3>\n<p data-start=\"144\" data-end=\"301\">Frais et vif, avec de d\u00e9licats ar\u00f4mes de fleurs blanches et de zestes d\u2019agrumes. Un Chardonnay vibrant et rafra\u00eechissant, parfait pour des repas l\u00e9gers et une d\u00e9gustation \u00e9l\u00e9gante.<\/p>\n<div class=\"TyagGW_tableContainer\">\n<div class=\"group TyagGW_tableWrapper flex flex-col-reverse w-fit\" tabindex=\"-1\">\n<table class=\"w-fit min-w-(--thread-content-width)\" data-start=\"308\" data-end=\"633\">\n<thead data-start=\"308\" data-end=\"347\">\n<tr data-start=\"308\" data-end=\"347\">\n<th class=\"\" data-start=\"308\" data-end=\"328\" data-col-size=\"sm\"><strong data-start=\"310\" data-end=\"320\">D\u00e9tail<\/strong><\/th>\n<th class=\"\" data-start=\"328\" data-end=\"347\" data-col-size=\"md\"><strong data-start=\"330\" data-end=\"345\">Informations<\/strong><\/th>\n<\/tr>\n<\/thead>\n<tbody data-start=\"386\" data-end=\"633\">\n<tr data-start=\"386\" data-end=\"446\">\n<td data-start=\"386\" data-end=\"405\" data-col-size=\"sm\">Origine<\/td>\n<td data-start=\"405\" data-end=\"446\" data-col-size=\"md\">AVA d\u2019Arroyo Seco, Monterey, Californie<\/td>\n<\/tr>\n<tr data-start=\"447\" data-end=\"515\">\n<td data-start=\"447\" data-end=\"466\" data-col-size=\"sm\">\u00c9levage<\/td>\n<td data-start=\"466\" data-end=\"515\" data-col-size=\"md\">\u00c9lev\u00e9 en acier inoxydable pour pr\u00e9server la fra\u00eecheur<\/td>\n<\/tr>\n<tr data-start=\"516\" data-end=\"633\">\n<td data-start=\"516\" data-end=\"535\" data-col-size=\"sm\">Accords mets-vins<\/td>\n<td data-start=\"535\" data-end=\"633\" data-col-size=\"md\">Se marie parfaitement avec des plats l\u00e9gers tels que le bar accompagn\u00e9 de l\u00e9gumes de printemps ou des fruits de mer frais<\/td>\n<\/tr>\n<\/tbody>\n<\/table>\n<\/div>\n<\/div>","protected":false},"featured_media":5452,"comment_status":"open","ping_status":"closed","template":"","meta":[],"product_brand":[],"product_cat":[29],"product_tag":[],"class_list":{"0":"post-5451","1":"product","2":"type-product","3":"status-publish","4":"has-post-thumbnail","6":"product_cat-white-wines","8":"first","9":"instock","10":"shipping-taxable","11":"product-type-simple"},"yoast_head":"<!-- This site is optimized with the Yoast SEO plugin v27.2 - https:\/\/yoast.com\/product\/yoast-seo-wordpress\/ -->\n<title>Paperwhite - AgroNet LLC<\/title>\n<meta name=\"robots\" content=\"index, follow, max-snippet:-1, max-image-preview:large, max-video-preview:-1\" \/>\n<link rel=\"canonical\" href=\"https:\/\/agronetllc.com\/fr\/produit\/paperwhite\/\" \/>\n<meta property=\"og:locale\" content=\"fr_FR\" \/>\n<meta property=\"og:type\" content=\"article\" \/>\n<meta property=\"og:title\" content=\"Paperwhite - AgroNet LLC\" \/>\n<meta property=\"og:description\" content=\"Unoaked Chardonnay Fresh and crisp with delicate aromas of paperwhite flowers and citrus zest. A vibrant, refreshing Chardonnay perfect for lighter meals and elegant sipping.       Detail Information     Origin Arroyo Seco AVA, Monterey, California   Maturation Aged in stainless steel to maintain freshness   Food Pairings Pairs beautifully with lighter fare such as sea bass with spring vegetables or fresh shellfish\" \/>\n<meta property=\"og:url\" content=\"https:\/\/agronetllc.com\/fr\/produit\/paperwhite\/\" \/>\n<meta property=\"og:site_name\" content=\"AgroNet LLC\" \/>\n<meta property=\"article:modified_time\" content=\"2026-03-30T07:26:13+00:00\" \/>\n<meta property=\"og:image\" content=\"http:\/\/agronetllc.com\/wp-content\/uploads\/2026\/03\/Paperwhite.png\" \/>\n\t<meta property=\"og:image:width\" content=\"600\" \/>\n\t<meta property=\"og:image:height\" content=\"700\" \/>\n\t<meta property=\"og:image:type\" content=\"image\/png\" \/>\n<meta name=\"twitter:card\" content=\"summary_large_image\" \/>\n<script type=\"application\/ld+json\" class=\"yoast-schema-graph\">{\"@context\":\"https:\/\/schema.org\",\"@graph\":[{\"@type\":\"WebPage\",\"@id\":\"https:\/\/agronetllc.com\/product\/paperwhite\/\",\"url\":\"https:\/\/agronetllc.com\/product\/paperwhite\/\",\"name\":\"Paperwhite - AgroNet LLC\",\"isPartOf\":{\"@id\":\"https:\/\/agronetllc.com\/#website\"},\"primaryImageOfPage\":{\"@id\":\"https:\/\/agronetllc.com\/product\/paperwhite\/#primaryimage\"},\"image\":{\"@id\":\"https:\/\/agronetllc.com\/product\/paperwhite\/#primaryimage\"},\"thumbnailUrl\":\"https:\/\/agronetllc.com\/wp-content\/uploads\/2026\/03\/Paperwhite.png\",\"datePublished\":\"2026-03-30T07:25:35+00:00\",\"dateModified\":\"2026-03-30T07:26:13+00:00\",\"breadcrumb\":{\"@id\":\"https:\/\/agronetllc.com\/product\/paperwhite\/#breadcrumb\"},\"inLanguage\":\"fr-FR\",\"potentialAction\":[{\"@type\":\"ReadAction\",\"target\":[\"https:\/\/agronetllc.com\/product\/paperwhite\/\"]}]},{\"@type\":\"ImageObject\",\"inLanguage\":\"fr-FR\",\"@id\":\"https:\/\/agronetllc.com\/product\/paperwhite\/#primaryimage\",\"url\":\"https:\/\/agronetllc.com\/wp-content\/uploads\/2026\/03\/Paperwhite.png\",\"contentUrl\":\"https:\/\/agronetllc.com\/wp-content\/uploads\/2026\/03\/Paperwhite.png\",\"width\":600,\"height\":700},{\"@type\":\"BreadcrumbList\",\"@id\":\"https:\/\/agronetllc.com\/product\/paperwhite\/#breadcrumb\",\"itemListElement\":[{\"@type\":\"ListItem\",\"position\":1,\"name\":\"Home\",\"item\":\"https:\/\/agronetllc.com\/\"},{\"@type\":\"ListItem\",\"position\":2,\"name\":\"Shop\",\"item\":\"https:\/\/agronetllc.com\/shop\/\"},{\"@type\":\"ListItem\",\"position\":3,\"name\":\"Paperwhite\"}]},{\"@type\":\"WebSite\",\"@id\":\"https:\/\/agronetllc.com\/#website\",\"url\":\"https:\/\/agronetllc.com\/\",\"name\":\"AgroNet LLC\",\"description\":\"Provide high-quality products\",\"publisher\":{\"@id\":\"https:\/\/agronetllc.com\/#organization\"},\"potentialAction\":[{\"@type\":\"SearchAction\",\"target\":{\"@type\":\"EntryPoint\",\"urlTemplate\":\"https:\/\/agronetllc.com\/?s={search_term_string}\"},\"query-input\":{\"@type\":\"PropertyValueSpecification\",\"valueRequired\":true,\"valueName\":\"search_term_string\"}}],\"inLanguage\":\"fr-FR\"},{\"@type\":\"Organization\",\"@id\":\"https:\/\/agronetllc.com\/#organization\",\"name\":\"AgroNet LLC\",\"url\":\"https:\/\/agronetllc.com\/\",\"logo\":{\"@type\":\"ImageObject\",\"inLanguage\":\"fr-FR\",\"@id\":\"https:\/\/agronetllc.com\/#\/schema\/logo\/image\/\",\"url\":\"https:\/\/agronetllc.com\/wp-content\/uploads\/2020\/03\/Agronet-LLC.png\",\"contentUrl\":\"https:\/\/agronetllc.com\/wp-content\/uploads\/2020\/03\/Agronet-LLC.png\",\"width\":651,\"height\":236,\"caption\":\"AgroNet LLC\"},\"image\":{\"@id\":\"https:\/\/agronetllc.com\/#\/schema\/logo\/image\/\"}}]}<\/script>\n<!-- \/ Yoast SEO plugin. -->","yoast_head_json":{"title":"Paperwhite - AgroNet LLC","robots":{"index":"index","follow":"follow","max-snippet":"max-snippet:-1","max-image-preview":"max-image-preview:large","max-video-preview":"max-video-preview:-1"},"canonical":"https:\/\/agronetllc.com\/fr\/produit\/paperwhite\/","og_locale":"fr_FR","og_type":"article","og_title":"Paperwhite - AgroNet LLC","og_description":"Unoaked Chardonnay Fresh and crisp with delicate aromas of paperwhite flowers and citrus zest. A vibrant, refreshing Chardonnay perfect for lighter meals and elegant sipping.       Detail Information     Origin Arroyo Seco AVA, Monterey, California   Maturation Aged in stainless steel to maintain freshness   Food Pairings Pairs beautifully with lighter fare such as sea bass with spring vegetables or fresh shellfish","og_url":"https:\/\/agronetllc.com\/fr\/produit\/paperwhite\/","og_site_name":"AgroNet LLC","article_modified_time":"2026-03-30T07:26:13+00:00","og_image":[{"width":600,"height":700,"url":"http:\/\/agronetllc.com\/wp-content\/uploads\/2026\/03\/Paperwhite.png","type":"image\/png"}],"twitter_card":"summary_large_image","schema":{"@context":"https:\/\/schema.org","@graph":[{"@type":"WebPage","@id":"https:\/\/agronetllc.com\/product\/paperwhite\/","url":"https:\/\/agronetllc.com\/product\/paperwhite\/","name":"Paperwhite - AgroNet LLC","isPartOf":{"@id":"https:\/\/agronetllc.com\/#website"},"primaryImageOfPage":{"@id":"https:\/\/agronetllc.com\/product\/paperwhite\/#primaryimage"},"image":{"@id":"https:\/\/agronetllc.com\/product\/paperwhite\/#primaryimage"},"thumbnailUrl":"https:\/\/agronetllc.com\/wp-content\/uploads\/2026\/03\/Paperwhite.png","datePublished":"2026-03-30T07:25:35+00:00","dateModified":"2026-03-30T07:26:13+00:00","breadcrumb":{"@id":"https:\/\/agronetllc.com\/product\/paperwhite\/#breadcrumb"},"inLanguage":"fr-FR","potentialAction":[{"@type":"ReadAction","target":["https:\/\/agronetllc.com\/product\/paperwhite\/"]}]},{"@type":"ImageObject","inLanguage":"fr-FR","@id":"https:\/\/agronetllc.com\/product\/paperwhite\/#primaryimage","url":"https:\/\/agronetllc.com\/wp-content\/uploads\/2026\/03\/Paperwhite.png","contentUrl":"https:\/\/agronetllc.com\/wp-content\/uploads\/2026\/03\/Paperwhite.png","width":600,"height":700},{"@type":"BreadcrumbList","@id":"https:\/\/agronetllc.com\/product\/paperwhite\/#breadcrumb","itemListElement":[{"@type":"ListItem","position":1,"name":"Home","item":"https:\/\/agronetllc.com\/"},{"@type":"ListItem","position":2,"name":"Shop","item":"https:\/\/agronetllc.com\/shop\/"},{"@type":"ListItem","position":3,"name":"Paperwhite"}]},{"@type":"WebSite","@id":"https:\/\/agronetllc.com\/#website","url":"https:\/\/agronetllc.com\/","name":"AgroNet LLC","description":"Provide high-quality products","publisher":{"@id":"https:\/\/agronetllc.com\/#organization"},"potentialAction":[{"@type":"SearchAction","target":{"@type":"EntryPoint","urlTemplate":"https:\/\/agronetllc.com\/?s={search_term_string}"},"query-input":{"@type":"PropertyValueSpecification","valueRequired":true,"valueName":"search_term_string"}}],"inLanguage":"fr-FR"},{"@type":"Organization","@id":"https:\/\/agronetllc.com\/#organization","name":"AgroNet LLC","url":"https:\/\/agronetllc.com\/","logo":{"@type":"ImageObject","inLanguage":"fr-FR","@id":"https:\/\/agronetllc.com\/#\/schema\/logo\/image\/","url":"https:\/\/agronetllc.com\/wp-content\/uploads\/2020\/03\/Agronet-LLC.png","contentUrl":"https:\/\/agronetllc.com\/wp-content\/uploads\/2020\/03\/Agronet-LLC.png","width":651,"height":236,"caption":"AgroNet LLC"},"image":{"@id":"https:\/\/agronetllc.com\/#\/schema\/logo\/image\/"}}]}},"_links":{"self":[{"href":"https:\/\/agronetllc.com\/fr\/wp-json\/wp\/v2\/product\/5451","targetHints":{"allow":["GET"]}}],"collection":[{"href":"https:\/\/agronetllc.com\/fr\/wp-json\/wp\/v2\/product"}],"about":[{"href":"https:\/\/agronetllc.com\/fr\/wp-json\/wp\/v2\/types\/product"}],"replies":[{"embeddable":true,"href":"https:\/\/agronetllc.com\/fr\/wp-json\/wp\/v2\/comments?post=5451"}],"wp:featuredmedia":[{"embeddable":true,"href":"https:\/\/agronetllc.com\/fr\/wp-json\/wp\/v2\/media\/5452"}],"wp:attachment":[{"href":"https:\/\/agronetllc.com\/fr\/wp-json\/wp\/v2\/media?parent=5451"}],"wp:term":[{"taxonomy":"product_brand","embeddable":true,"href":"https:\/\/agronetllc.com\/fr\/wp-json\/wp\/v2\/product_brand?post=5451"},{"taxonomy":"product_cat","embeddable":true,"href":"https:\/\/agronetllc.com\/fr\/wp-json\/wp\/v2\/product_cat?post=5451"},{"taxonomy":"product_tag","embeddable":true,"href":"https:\/\/agronetllc.com\/fr\/wp-json\/wp\/v2\/product_tag?post=5451"}],"curies":[{"name":"wp","href":"https:\/\/api.w.org\/{rel}","templated":true}]}}