{"id":5453,"date":"2026-03-30T02:28:19","date_gmt":"2026-03-30T07:28:19","guid":{"rendered":"https:\/\/agronetllc.com\/?post_type=product&#038;p=5453"},"modified":"2026-03-30T02:28:49","modified_gmt":"2026-03-30T07:28:49","slug":"riverstone","status":"publish","type":"product","link":"https:\/\/agronetllc.com\/fr\/produit\/riverstone\/","title":{"rendered":"Riverstone"},"content":{"rendered":"","protected":false},"excerpt":{"rendered":"<h3 data-section-id=\"1817krr\" data-start=\"103\" data-end=\"134\"><span role=\"text\"><strong data-start=\"107\" data-end=\"134\">Chardonnay<\/strong><\/span><\/h3>\n<p data-start=\"136\" data-end=\"323\">Un Chardonnay classique de Monterey, issu de l\u2019Arroyo Seco et \u00e9labor\u00e9 sur trente mill\u00e9simes. Lisse, \u00e9quilibr\u00e9 et polyvalent, il offre une d\u00e9gustation raffin\u00e9e, que ce soit pour une consommation d\u00e9contract\u00e9e ou des repas sophistiqu\u00e9s.<\/p>\n<hr data-start=\"325\" data-end=\"328\" \/>\n<div class=\"TyagGW_tableContainer\">\n<div class=\"group TyagGW_tableWrapper flex flex-col-reverse w-fit\" tabindex=\"-1\">\n<table class=\"w-fit min-w-(--thread-content-width)\" data-start=\"330\" data-end=\"690\">\n<thead data-start=\"330\" data-end=\"369\">\n<tr data-start=\"330\" data-end=\"369\">\n<th class=\"\" data-start=\"330\" data-end=\"350\" data-col-size=\"sm\"><strong data-start=\"332\" data-end=\"342\">D\u00e9tail<\/strong><\/th>\n<th class=\"\" data-start=\"350\" data-end=\"369\" data-col-size=\"xl\"><strong data-start=\"352\" data-end=\"367\">Informations<\/strong><\/th>\n<\/tr>\n<\/thead>\n<tbody data-start=\"408\" data-end=\"690\">\n<tr data-start=\"408\" data-end=\"475\">\n<td data-start=\"408\" data-end=\"427\" data-col-size=\"sm\">Origine<\/td>\n<td data-start=\"427\" data-end=\"475\" data-col-size=\"xl\">AVA d\u2019Arroyo Seco, comt\u00e9 de Monterey, Californie<\/td>\n<\/tr>\n<tr data-start=\"476\" data-end=\"690\">\n<td data-start=\"476\" data-end=\"495\" data-col-size=\"sm\">Accords mets-vins<\/td>\n<td data-start=\"495\" data-end=\"690\" data-col-size=\"xl\">\u00c0 d\u00e9guster en ap\u00e9ritif avec du brie triple cr\u00e8me, du Gruy\u00e8re ou de l\u2019Asiago, ou \u00e0 accompagner avec une soupe de haricots \u00e0 la Toscane, du poulet s\u00e9same-abricot, des moules \u00e0 la sauce vin blanc, des scampis ou des noix de Saint-Jacques saut\u00e9es.<\/td>\n<\/tr>\n<\/tbody>\n<\/table>\n<\/div>\n<\/div>","protected":false},"featured_media":5455,"comment_status":"open","ping_status":"closed","template":"","meta":[],"product_brand":[],"product_cat":[29],"product_tag":[],"class_list":{"0":"post-5453","1":"product","2":"type-product","3":"status-publish","4":"has-post-thumbnail","6":"product_cat-white-wines","8":"first","9":"instock","10":"shipping-taxable","11":"product-type-simple"},"yoast_head":"<!-- This site is optimized with the Yoast SEO plugin v27.2 - https:\/\/yoast.com\/product\/yoast-seo-wordpress\/ -->\n<title>Riverstone - AgroNet LLC<\/title>\n<meta name=\"robots\" content=\"index, follow, max-snippet:-1, max-image-preview:large, max-video-preview:-1\" \/>\n<link rel=\"canonical\" href=\"https:\/\/agronetllc.com\/fr\/produit\/riverstone\/\" \/>\n<meta property=\"og:locale\" content=\"fr_FR\" \/>\n<meta property=\"og:type\" content=\"article\" \/>\n<meta property=\"og:title\" content=\"Riverstone - AgroNet LLC\" \/>\n<meta property=\"og:description\" content=\"Chardonnay A classic Monterey Chardonnay from Arroyo Seco, crafted over thirty vintages. Smooth, balanced, and versatile, it offers a refined taste for both casual sipping and sophisticated meals.          Detail Information     Origin Arroyo Seco AVA, Monterey County, California   Food Pairings Enjoy as an aperitif with triple cr\u00e8me brie, Gruy\u00e8re, or Asiago cheeses, or pair with Tuscan bean soup, sesame-apricot chicken, mussels in white wine sauce, shrimp scampi, or saut\u00e9ed scallops\" \/>\n<meta property=\"og:url\" content=\"https:\/\/agronetllc.com\/fr\/produit\/riverstone\/\" \/>\n<meta property=\"og:site_name\" content=\"AgroNet LLC\" \/>\n<meta property=\"article:modified_time\" content=\"2026-03-30T07:28:49+00:00\" \/>\n<meta property=\"og:image\" content=\"http:\/\/agronetllc.com\/wp-content\/uploads\/2026\/03\/Riverstone.png\" \/>\n\t<meta property=\"og:image:width\" content=\"600\" \/>\n\t<meta property=\"og:image:height\" content=\"700\" \/>\n\t<meta property=\"og:image:type\" content=\"image\/png\" \/>\n<meta name=\"twitter:card\" content=\"summary_large_image\" \/>\n<script type=\"application\/ld+json\" class=\"yoast-schema-graph\">{\"@context\":\"https:\/\/schema.org\",\"@graph\":[{\"@type\":\"WebPage\",\"@id\":\"https:\/\/agronetllc.com\/product\/riverstone\/\",\"url\":\"https:\/\/agronetllc.com\/product\/riverstone\/\",\"name\":\"Riverstone - AgroNet LLC\",\"isPartOf\":{\"@id\":\"https:\/\/agronetllc.com\/#website\"},\"primaryImageOfPage\":{\"@id\":\"https:\/\/agronetllc.com\/product\/riverstone\/#primaryimage\"},\"image\":{\"@id\":\"https:\/\/agronetllc.com\/product\/riverstone\/#primaryimage\"},\"thumbnailUrl\":\"https:\/\/agronetllc.com\/wp-content\/uploads\/2026\/03\/Riverstone.png\",\"datePublished\":\"2026-03-30T07:28:19+00:00\",\"dateModified\":\"2026-03-30T07:28:49+00:00\",\"breadcrumb\":{\"@id\":\"https:\/\/agronetllc.com\/product\/riverstone\/#breadcrumb\"},\"inLanguage\":\"fr-FR\",\"potentialAction\":[{\"@type\":\"ReadAction\",\"target\":[\"https:\/\/agronetllc.com\/product\/riverstone\/\"]}]},{\"@type\":\"ImageObject\",\"inLanguage\":\"fr-FR\",\"@id\":\"https:\/\/agronetllc.com\/product\/riverstone\/#primaryimage\",\"url\":\"https:\/\/agronetllc.com\/wp-content\/uploads\/2026\/03\/Riverstone.png\",\"contentUrl\":\"https:\/\/agronetllc.com\/wp-content\/uploads\/2026\/03\/Riverstone.png\",\"width\":600,\"height\":700},{\"@type\":\"BreadcrumbList\",\"@id\":\"https:\/\/agronetllc.com\/product\/riverstone\/#breadcrumb\",\"itemListElement\":[{\"@type\":\"ListItem\",\"position\":1,\"name\":\"Home\",\"item\":\"https:\/\/agronetllc.com\/\"},{\"@type\":\"ListItem\",\"position\":2,\"name\":\"Shop\",\"item\":\"https:\/\/agronetllc.com\/shop\/\"},{\"@type\":\"ListItem\",\"position\":3,\"name\":\"Riverstone\"}]},{\"@type\":\"WebSite\",\"@id\":\"https:\/\/agronetllc.com\/#website\",\"url\":\"https:\/\/agronetllc.com\/\",\"name\":\"AgroNet LLC\",\"description\":\"Provide high-quality products\",\"publisher\":{\"@id\":\"https:\/\/agronetllc.com\/#organization\"},\"potentialAction\":[{\"@type\":\"SearchAction\",\"target\":{\"@type\":\"EntryPoint\",\"urlTemplate\":\"https:\/\/agronetllc.com\/?s={search_term_string}\"},\"query-input\":{\"@type\":\"PropertyValueSpecification\",\"valueRequired\":true,\"valueName\":\"search_term_string\"}}],\"inLanguage\":\"fr-FR\"},{\"@type\":\"Organization\",\"@id\":\"https:\/\/agronetllc.com\/#organization\",\"name\":\"AgroNet LLC\",\"url\":\"https:\/\/agronetllc.com\/\",\"logo\":{\"@type\":\"ImageObject\",\"inLanguage\":\"fr-FR\",\"@id\":\"https:\/\/agronetllc.com\/#\/schema\/logo\/image\/\",\"url\":\"https:\/\/agronetllc.com\/wp-content\/uploads\/2020\/03\/Agronet-LLC.png\",\"contentUrl\":\"https:\/\/agronetllc.com\/wp-content\/uploads\/2020\/03\/Agronet-LLC.png\",\"width\":651,\"height\":236,\"caption\":\"AgroNet LLC\"},\"image\":{\"@id\":\"https:\/\/agronetllc.com\/#\/schema\/logo\/image\/\"}}]}<\/script>\n<!-- \/ Yoast SEO plugin. -->","yoast_head_json":{"title":"Riverstone - AgroNet LLC","robots":{"index":"index","follow":"follow","max-snippet":"max-snippet:-1","max-image-preview":"max-image-preview:large","max-video-preview":"max-video-preview:-1"},"canonical":"https:\/\/agronetllc.com\/fr\/produit\/riverstone\/","og_locale":"fr_FR","og_type":"article","og_title":"Riverstone - AgroNet LLC","og_description":"Chardonnay A classic Monterey Chardonnay from Arroyo Seco, crafted over thirty vintages. Smooth, balanced, and versatile, it offers a refined taste for both casual sipping and sophisticated meals.          Detail Information     Origin Arroyo Seco AVA, Monterey County, California   Food Pairings Enjoy as an aperitif with triple cr\u00e8me brie, Gruy\u00e8re, or Asiago cheeses, or pair with Tuscan bean soup, sesame-apricot chicken, mussels in white wine sauce, shrimp scampi, or saut\u00e9ed scallops","og_url":"https:\/\/agronetllc.com\/fr\/produit\/riverstone\/","og_site_name":"AgroNet LLC","article_modified_time":"2026-03-30T07:28:49+00:00","og_image":[{"width":600,"height":700,"url":"http:\/\/agronetllc.com\/wp-content\/uploads\/2026\/03\/Riverstone.png","type":"image\/png"}],"twitter_card":"summary_large_image","schema":{"@context":"https:\/\/schema.org","@graph":[{"@type":"WebPage","@id":"https:\/\/agronetllc.com\/product\/riverstone\/","url":"https:\/\/agronetllc.com\/product\/riverstone\/","name":"Riverstone - AgroNet LLC","isPartOf":{"@id":"https:\/\/agronetllc.com\/#website"},"primaryImageOfPage":{"@id":"https:\/\/agronetllc.com\/product\/riverstone\/#primaryimage"},"image":{"@id":"https:\/\/agronetllc.com\/product\/riverstone\/#primaryimage"},"thumbnailUrl":"https:\/\/agronetllc.com\/wp-content\/uploads\/2026\/03\/Riverstone.png","datePublished":"2026-03-30T07:28:19+00:00","dateModified":"2026-03-30T07:28:49+00:00","breadcrumb":{"@id":"https:\/\/agronetllc.com\/product\/riverstone\/#breadcrumb"},"inLanguage":"fr-FR","potentialAction":[{"@type":"ReadAction","target":["https:\/\/agronetllc.com\/product\/riverstone\/"]}]},{"@type":"ImageObject","inLanguage":"fr-FR","@id":"https:\/\/agronetllc.com\/product\/riverstone\/#primaryimage","url":"https:\/\/agronetllc.com\/wp-content\/uploads\/2026\/03\/Riverstone.png","contentUrl":"https:\/\/agronetllc.com\/wp-content\/uploads\/2026\/03\/Riverstone.png","width":600,"height":700},{"@type":"BreadcrumbList","@id":"https:\/\/agronetllc.com\/product\/riverstone\/#breadcrumb","itemListElement":[{"@type":"ListItem","position":1,"name":"Home","item":"https:\/\/agronetllc.com\/"},{"@type":"ListItem","position":2,"name":"Shop","item":"https:\/\/agronetllc.com\/shop\/"},{"@type":"ListItem","position":3,"name":"Riverstone"}]},{"@type":"WebSite","@id":"https:\/\/agronetllc.com\/#website","url":"https:\/\/agronetllc.com\/","name":"AgroNet LLC","description":"Provide high-quality products","publisher":{"@id":"https:\/\/agronetllc.com\/#organization"},"potentialAction":[{"@type":"SearchAction","target":{"@type":"EntryPoint","urlTemplate":"https:\/\/agronetllc.com\/?s={search_term_string}"},"query-input":{"@type":"PropertyValueSpecification","valueRequired":true,"valueName":"search_term_string"}}],"inLanguage":"fr-FR"},{"@type":"Organization","@id":"https:\/\/agronetllc.com\/#organization","name":"AgroNet LLC","url":"https:\/\/agronetllc.com\/","logo":{"@type":"ImageObject","inLanguage":"fr-FR","@id":"https:\/\/agronetllc.com\/#\/schema\/logo\/image\/","url":"https:\/\/agronetllc.com\/wp-content\/uploads\/2020\/03\/Agronet-LLC.png","contentUrl":"https:\/\/agronetllc.com\/wp-content\/uploads\/2020\/03\/Agronet-LLC.png","width":651,"height":236,"caption":"AgroNet LLC"},"image":{"@id":"https:\/\/agronetllc.com\/#\/schema\/logo\/image\/"}}]}},"_links":{"self":[{"href":"https:\/\/agronetllc.com\/fr\/wp-json\/wp\/v2\/product\/5453","targetHints":{"allow":["GET"]}}],"collection":[{"href":"https:\/\/agronetllc.com\/fr\/wp-json\/wp\/v2\/product"}],"about":[{"href":"https:\/\/agronetllc.com\/fr\/wp-json\/wp\/v2\/types\/product"}],"replies":[{"embeddable":true,"href":"https:\/\/agronetllc.com\/fr\/wp-json\/wp\/v2\/comments?post=5453"}],"wp:featuredmedia":[{"embeddable":true,"href":"https:\/\/agronetllc.com\/fr\/wp-json\/wp\/v2\/media\/5455"}],"wp:attachment":[{"href":"https:\/\/agronetllc.com\/fr\/wp-json\/wp\/v2\/media?parent=5453"}],"wp:term":[{"taxonomy":"product_brand","embeddable":true,"href":"https:\/\/agronetllc.com\/fr\/wp-json\/wp\/v2\/product_brand?post=5453"},{"taxonomy":"product_cat","embeddable":true,"href":"https:\/\/agronetllc.com\/fr\/wp-json\/wp\/v2\/product_cat?post=5453"},{"taxonomy":"product_tag","embeddable":true,"href":"https:\/\/agronetllc.com\/fr\/wp-json\/wp\/v2\/product_tag?post=5453"}],"curies":[{"name":"wp","href":"https:\/\/api.w.org\/{rel}","templated":true}]}}