{"id":5456,"date":"2026-03-30T02:35:37","date_gmt":"2026-03-30T07:35:37","guid":{"rendered":"https:\/\/agronetllc.com\/?post_type=product&#038;p=5456"},"modified":"2026-03-30T02:35:39","modified_gmt":"2026-03-30T07:35:39","slug":"flume-crossing","status":"publish","type":"product","link":"https:\/\/agronetllc.com\/fr\/produit\/flume-crossing\/","title":{"rendered":"Flume Crossing"},"content":{"rendered":"","protected":false},"excerpt":{"rendered":"<h3 data-section-id=\"1jxvo8e\" data-start=\"103\" data-end=\"143\"><span role=\"text\"><strong data-start=\"107\" data-end=\"143\">Sauvignon Blanc<\/strong><\/span><\/h3>\n<p data-start=\"145\" data-end=\"319\">Un Sauvignon Blanc vif et bien \u00e9quilibr\u00e9 de l\u2019Arroyo Seco \u00e0 Monterey. Ses notes d\u2019agrumes et d\u2019herbes \u00e9clatantes, accompagn\u00e9es d\u2019une finale textur\u00e9e, en font un choix parfait pour les ap\u00e9ritifs ou les repas savoureux.<\/p>\n<hr data-start=\"321\" data-end=\"324\" \/>\n<div class=\"TyagGW_tableContainer\">\n<div class=\"group TyagGW_tableWrapper flex flex-col-reverse w-fit\" tabindex=\"-1\">\n<table class=\"w-fit min-w-(--thread-content-width)\" data-start=\"326\" data-end=\"856\">\n<thead data-start=\"326\" data-end=\"365\">\n<tr data-start=\"326\" data-end=\"365\">\n<th class=\"\" data-start=\"326\" data-end=\"346\" data-col-size=\"sm\"><strong data-start=\"328\" data-end=\"338\">D\u00e9tail<\/strong><\/th>\n<th class=\"\" data-start=\"346\" data-end=\"365\" data-col-size=\"lg\"><strong data-start=\"348\" data-end=\"363\">Informations<\/strong><\/th>\n<\/tr>\n<\/thead>\n<tbody data-start=\"404\" data-end=\"856\">\n<tr data-start=\"404\" data-end=\"454\">\n<td data-start=\"404\" data-end=\"423\" data-col-size=\"sm\">Origine<\/td>\n<td data-start=\"423\" data-end=\"454\" data-col-size=\"lg\">Comt\u00e9 de Monterey, Californie<\/td>\n<\/tr>\n<tr data-start=\"455\" data-end=\"599\">\n<td data-start=\"455\" data-end=\"474\" data-col-size=\"sm\">Description<\/td>\n<td data-start=\"474\" data-end=\"599\" data-col-size=\"lg\">Un Sauvignon Blanc vif et bien \u00e9quilibr\u00e9, \u00e0 l\u2019acidit\u00e9 dynamique, aux notes de lime, de pamplemousse et d\u2019herbes douces, avec une finale textur\u00e9e.<\/td>\n<\/tr>\n<tr data-start=\"600\" data-end=\"710\">\n<td data-start=\"600\" data-end=\"619\" data-col-size=\"sm\">\u00c9levage<\/td>\n<td data-start=\"619\" data-end=\"710\" data-col-size=\"lg\">70 % en acier inoxydable ; 30 % en f\u00fbt (bois d\u2019acacia neuf et utilis\u00e9 et ch\u00eane fran\u00e7ais neutre)<\/td>\n<\/tr>\n<tr data-start=\"711\" data-end=\"856\">\n<td data-start=\"711\" data-end=\"730\" data-col-size=\"sm\">Accords mets-vins<\/td>\n<td data-start=\"730\" data-end=\"856\" data-col-size=\"lg\">\u00c0 servir en ap\u00e9ritif avec du fromage de ch\u00e8vre, des hu\u00eetres ou des sardines ; se marie bien avec les sushis, l\u2019ahi ou les plats accompagn\u00e9s de sauces chimichurri.<\/td>\n<\/tr>\n<\/tbody>\n<\/table>\n<\/div>\n<\/div>","protected":false},"featured_media":5457,"comment_status":"open","ping_status":"closed","template":"","meta":[],"product_brand":[],"product_cat":[29],"product_tag":[],"class_list":{"0":"post-5456","1":"product","2":"type-product","3":"status-publish","4":"has-post-thumbnail","6":"product_cat-white-wines","8":"first","9":"instock","10":"shipping-taxable","11":"product-type-simple"},"yoast_head":"<!-- This site is optimized with the Yoast SEO plugin v27.2 - https:\/\/yoast.com\/product\/yoast-seo-wordpress\/ -->\n<title>Flume Crossing - AgroNet LLC<\/title>\n<meta name=\"robots\" content=\"index, follow, max-snippet:-1, max-image-preview:large, max-video-preview:-1\" \/>\n<link rel=\"canonical\" href=\"https:\/\/agronetllc.com\/fr\/produit\/flume-crossing\/\" \/>\n<meta property=\"og:locale\" content=\"fr_FR\" \/>\n<meta property=\"og:type\" content=\"article\" \/>\n<meta property=\"og:title\" content=\"Flume Crossing - AgroNet LLC\" \/>\n<meta property=\"og:description\" content=\"Sauvignon Blanc A crisp and well-balanced Sauvignon Blanc from Monterey\u2019s Arroyo Seco. Bright citrus and herb notes with a textured finish make it perfect for aperitifs or flavorful meals.          Detail Information     Origin Monterey County, California   Description A crisp, well-balanced Sauvignon Blanc with lively acidity, key lime, grapefruit, and sweet herbs, with a textured finish   Maturation 70% in stainless steel; 30% in barrel (new and used Acacia wood and neutral French oak)   Food Pairings Serve as an aperitif with goat cheese, oysters, or sardines; pairs well with sushi, ahi, or dishes with chimichurri sauces\" \/>\n<meta property=\"og:url\" content=\"https:\/\/agronetllc.com\/fr\/produit\/flume-crossing\/\" \/>\n<meta property=\"og:site_name\" content=\"AgroNet LLC\" \/>\n<meta property=\"article:modified_time\" content=\"2026-03-30T07:35:39+00:00\" \/>\n<meta property=\"og:image\" content=\"http:\/\/agronetllc.com\/wp-content\/uploads\/2026\/03\/Flume-Crossing.png\" \/>\n\t<meta property=\"og:image:width\" content=\"600\" \/>\n\t<meta property=\"og:image:height\" content=\"700\" \/>\n\t<meta property=\"og:image:type\" content=\"image\/png\" \/>\n<meta name=\"twitter:card\" content=\"summary_large_image\" \/>\n<script type=\"application\/ld+json\" class=\"yoast-schema-graph\">{\"@context\":\"https:\/\/schema.org\",\"@graph\":[{\"@type\":\"WebPage\",\"@id\":\"https:\/\/agronetllc.com\/product\/flume-crossing\/\",\"url\":\"https:\/\/agronetllc.com\/product\/flume-crossing\/\",\"name\":\"Flume Crossing - AgroNet LLC\",\"isPartOf\":{\"@id\":\"https:\/\/agronetllc.com\/#website\"},\"primaryImageOfPage\":{\"@id\":\"https:\/\/agronetllc.com\/product\/flume-crossing\/#primaryimage\"},\"image\":{\"@id\":\"https:\/\/agronetllc.com\/product\/flume-crossing\/#primaryimage\"},\"thumbnailUrl\":\"https:\/\/agronetllc.com\/wp-content\/uploads\/2026\/03\/Flume-Crossing.png\",\"datePublished\":\"2026-03-30T07:35:37+00:00\",\"dateModified\":\"2026-03-30T07:35:39+00:00\",\"breadcrumb\":{\"@id\":\"https:\/\/agronetllc.com\/product\/flume-crossing\/#breadcrumb\"},\"inLanguage\":\"fr-FR\",\"potentialAction\":[{\"@type\":\"ReadAction\",\"target\":[\"https:\/\/agronetllc.com\/product\/flume-crossing\/\"]}]},{\"@type\":\"ImageObject\",\"inLanguage\":\"fr-FR\",\"@id\":\"https:\/\/agronetllc.com\/product\/flume-crossing\/#primaryimage\",\"url\":\"https:\/\/agronetllc.com\/wp-content\/uploads\/2026\/03\/Flume-Crossing.png\",\"contentUrl\":\"https:\/\/agronetllc.com\/wp-content\/uploads\/2026\/03\/Flume-Crossing.png\",\"width\":600,\"height\":700},{\"@type\":\"BreadcrumbList\",\"@id\":\"https:\/\/agronetllc.com\/product\/flume-crossing\/#breadcrumb\",\"itemListElement\":[{\"@type\":\"ListItem\",\"position\":1,\"name\":\"Home\",\"item\":\"https:\/\/agronetllc.com\/\"},{\"@type\":\"ListItem\",\"position\":2,\"name\":\"Shop\",\"item\":\"https:\/\/agronetllc.com\/shop\/\"},{\"@type\":\"ListItem\",\"position\":3,\"name\":\"Flume Crossing\"}]},{\"@type\":\"WebSite\",\"@id\":\"https:\/\/agronetllc.com\/#website\",\"url\":\"https:\/\/agronetllc.com\/\",\"name\":\"AgroNet LLC\",\"description\":\"Provide high-quality products\",\"publisher\":{\"@id\":\"https:\/\/agronetllc.com\/#organization\"},\"potentialAction\":[{\"@type\":\"SearchAction\",\"target\":{\"@type\":\"EntryPoint\",\"urlTemplate\":\"https:\/\/agronetllc.com\/?s={search_term_string}\"},\"query-input\":{\"@type\":\"PropertyValueSpecification\",\"valueRequired\":true,\"valueName\":\"search_term_string\"}}],\"inLanguage\":\"fr-FR\"},{\"@type\":\"Organization\",\"@id\":\"https:\/\/agronetllc.com\/#organization\",\"name\":\"AgroNet LLC\",\"url\":\"https:\/\/agronetllc.com\/\",\"logo\":{\"@type\":\"ImageObject\",\"inLanguage\":\"fr-FR\",\"@id\":\"https:\/\/agronetllc.com\/#\/schema\/logo\/image\/\",\"url\":\"https:\/\/agronetllc.com\/wp-content\/uploads\/2020\/03\/Agronet-LLC.png\",\"contentUrl\":\"https:\/\/agronetllc.com\/wp-content\/uploads\/2020\/03\/Agronet-LLC.png\",\"width\":651,\"height\":236,\"caption\":\"AgroNet LLC\"},\"image\":{\"@id\":\"https:\/\/agronetllc.com\/#\/schema\/logo\/image\/\"}}]}<\/script>\n<!-- \/ Yoast SEO plugin. -->","yoast_head_json":{"title":"Flume Crossing - AgroNet LLC","robots":{"index":"index","follow":"follow","max-snippet":"max-snippet:-1","max-image-preview":"max-image-preview:large","max-video-preview":"max-video-preview:-1"},"canonical":"https:\/\/agronetllc.com\/fr\/produit\/flume-crossing\/","og_locale":"fr_FR","og_type":"article","og_title":"Flume Crossing - AgroNet LLC","og_description":"Sauvignon Blanc A crisp and well-balanced Sauvignon Blanc from Monterey\u2019s Arroyo Seco. Bright citrus and herb notes with a textured finish make it perfect for aperitifs or flavorful meals.          Detail Information     Origin Monterey County, California   Description A crisp, well-balanced Sauvignon Blanc with lively acidity, key lime, grapefruit, and sweet herbs, with a textured finish   Maturation 70% in stainless steel; 30% in barrel (new and used Acacia wood and neutral French oak)   Food Pairings Serve as an aperitif with goat cheese, oysters, or sardines; pairs well with sushi, ahi, or dishes with chimichurri sauces","og_url":"https:\/\/agronetllc.com\/fr\/produit\/flume-crossing\/","og_site_name":"AgroNet LLC","article_modified_time":"2026-03-30T07:35:39+00:00","og_image":[{"width":600,"height":700,"url":"http:\/\/agronetllc.com\/wp-content\/uploads\/2026\/03\/Flume-Crossing.png","type":"image\/png"}],"twitter_card":"summary_large_image","schema":{"@context":"https:\/\/schema.org","@graph":[{"@type":"WebPage","@id":"https:\/\/agronetllc.com\/product\/flume-crossing\/","url":"https:\/\/agronetllc.com\/product\/flume-crossing\/","name":"Flume Crossing - AgroNet LLC","isPartOf":{"@id":"https:\/\/agronetllc.com\/#website"},"primaryImageOfPage":{"@id":"https:\/\/agronetllc.com\/product\/flume-crossing\/#primaryimage"},"image":{"@id":"https:\/\/agronetllc.com\/product\/flume-crossing\/#primaryimage"},"thumbnailUrl":"https:\/\/agronetllc.com\/wp-content\/uploads\/2026\/03\/Flume-Crossing.png","datePublished":"2026-03-30T07:35:37+00:00","dateModified":"2026-03-30T07:35:39+00:00","breadcrumb":{"@id":"https:\/\/agronetllc.com\/product\/flume-crossing\/#breadcrumb"},"inLanguage":"fr-FR","potentialAction":[{"@type":"ReadAction","target":["https:\/\/agronetllc.com\/product\/flume-crossing\/"]}]},{"@type":"ImageObject","inLanguage":"fr-FR","@id":"https:\/\/agronetllc.com\/product\/flume-crossing\/#primaryimage","url":"https:\/\/agronetllc.com\/wp-content\/uploads\/2026\/03\/Flume-Crossing.png","contentUrl":"https:\/\/agronetllc.com\/wp-content\/uploads\/2026\/03\/Flume-Crossing.png","width":600,"height":700},{"@type":"BreadcrumbList","@id":"https:\/\/agronetllc.com\/product\/flume-crossing\/#breadcrumb","itemListElement":[{"@type":"ListItem","position":1,"name":"Home","item":"https:\/\/agronetllc.com\/"},{"@type":"ListItem","position":2,"name":"Shop","item":"https:\/\/agronetllc.com\/shop\/"},{"@type":"ListItem","position":3,"name":"Flume Crossing"}]},{"@type":"WebSite","@id":"https:\/\/agronetllc.com\/#website","url":"https:\/\/agronetllc.com\/","name":"AgroNet LLC","description":"Provide high-quality products","publisher":{"@id":"https:\/\/agronetllc.com\/#organization"},"potentialAction":[{"@type":"SearchAction","target":{"@type":"EntryPoint","urlTemplate":"https:\/\/agronetllc.com\/?s={search_term_string}"},"query-input":{"@type":"PropertyValueSpecification","valueRequired":true,"valueName":"search_term_string"}}],"inLanguage":"fr-FR"},{"@type":"Organization","@id":"https:\/\/agronetllc.com\/#organization","name":"AgroNet LLC","url":"https:\/\/agronetllc.com\/","logo":{"@type":"ImageObject","inLanguage":"fr-FR","@id":"https:\/\/agronetllc.com\/#\/schema\/logo\/image\/","url":"https:\/\/agronetllc.com\/wp-content\/uploads\/2020\/03\/Agronet-LLC.png","contentUrl":"https:\/\/agronetllc.com\/wp-content\/uploads\/2020\/03\/Agronet-LLC.png","width":651,"height":236,"caption":"AgroNet LLC"},"image":{"@id":"https:\/\/agronetllc.com\/#\/schema\/logo\/image\/"}}]}},"_links":{"self":[{"href":"https:\/\/agronetllc.com\/fr\/wp-json\/wp\/v2\/product\/5456","targetHints":{"allow":["GET"]}}],"collection":[{"href":"https:\/\/agronetllc.com\/fr\/wp-json\/wp\/v2\/product"}],"about":[{"href":"https:\/\/agronetllc.com\/fr\/wp-json\/wp\/v2\/types\/product"}],"replies":[{"embeddable":true,"href":"https:\/\/agronetllc.com\/fr\/wp-json\/wp\/v2\/comments?post=5456"}],"wp:featuredmedia":[{"embeddable":true,"href":"https:\/\/agronetllc.com\/fr\/wp-json\/wp\/v2\/media\/5457"}],"wp:attachment":[{"href":"https:\/\/agronetllc.com\/fr\/wp-json\/wp\/v2\/media?parent=5456"}],"wp:term":[{"taxonomy":"product_brand","embeddable":true,"href":"https:\/\/agronetllc.com\/fr\/wp-json\/wp\/v2\/product_brand?post=5456"},{"taxonomy":"product_cat","embeddable":true,"href":"https:\/\/agronetllc.com\/fr\/wp-json\/wp\/v2\/product_cat?post=5456"},{"taxonomy":"product_tag","embeddable":true,"href":"https:\/\/agronetllc.com\/fr\/wp-json\/wp\/v2\/product_tag?post=5456"}],"curies":[{"name":"wp","href":"https:\/\/api.w.org\/{rel}","templated":true}]}}