{"id":5459,"date":"2026-03-30T02:38:11","date_gmt":"2026-03-30T07:38:11","guid":{"rendered":"https:\/\/agronetllc.com\/?post_type=product&#038;p=5459"},"modified":"2026-03-30T02:38:12","modified_gmt":"2026-03-30T07:38:12","slug":"bay-mist","status":"publish","type":"product","link":"https:\/\/agronetllc.com\/fr\/produit\/bay-mist\/","title":{"rendered":"Bay Mist"},"content":{"rendered":"","protected":false},"excerpt":{"rendered":"<h3 data-section-id=\"mcj84q\" data-start=\"134\" data-end=\"167\"><span role=\"text\"><strong data-start=\"138\" data-end=\"167\">White Riesling<\/strong><\/span><\/h3>\n<p data-start=\"169\" data-end=\"362\">Un Riesling \u00e9l\u00e9gant, rafra\u00eechissant et plein de vivacit\u00e9 provenant de l\u2019Arroyo Seco \u00e0 Monterey. Ses saveurs fruit\u00e9es \u00e9clatantes et son acidit\u00e9 vive en font un vin agr\u00e9able \u00e0 d\u00e9guster et extr\u00eamement polyvalent pour les accords mets-vins.<\/p>\n<hr data-start=\"364\" data-end=\"367\" \/>\n<div class=\"TyagGW_tableContainer\">\n<div class=\"group TyagGW_tableWrapper flex flex-col-reverse w-fit\" tabindex=\"-1\">\n<table class=\"w-fit min-w-(--thread-content-width)\" data-start=\"369\" data-end=\"877\">\n<thead data-start=\"369\" data-end=\"408\">\n<tr data-start=\"369\" data-end=\"408\">\n<th class=\"\" data-start=\"369\" data-end=\"389\" data-col-size=\"sm\"><strong data-start=\"371\" data-end=\"381\">D\u00e9tail<\/strong><\/th>\n<th class=\"\" data-start=\"389\" data-end=\"408\" data-col-size=\"xl\"><strong data-start=\"391\" data-end=\"406\">Informations<\/strong><\/th>\n<\/tr>\n<\/thead>\n<tbody data-start=\"447\" data-end=\"877\">\n<tr data-start=\"447\" data-end=\"532\">\n<td data-start=\"447\" data-end=\"466\" data-col-size=\"sm\">Vignoble<\/td>\n<td data-start=\"466\" data-end=\"532\" data-col-size=\"xl\">Cultiv\u00e9 et \u00e9labor\u00e9 par Agronet LLC dans l\u2019AVA Arroyo Seco de Monterey<\/td>\n<\/tr>\n<tr data-start=\"533\" data-end=\"750\">\n<td data-start=\"533\" data-end=\"552\" data-col-size=\"sm\">Description<\/td>\n<td data-start=\"552\" data-end=\"750\" data-col-size=\"xl\">Ar\u00f4mes exotiques de ch\u00e8vrefeuille, poire m\u00fbre, citron Meyer et litchi. Saveurs de pomme et poire m\u00fbres, avec une touche de douceur r\u00e9siduelle, une min\u00e9ralit\u00e9 classique et une l\u00e9g\u00e8re effervescence naturelle en finale.<\/td>\n<\/tr>\n<tr data-start=\"751\" data-end=\"877\">\n<td data-start=\"751\" data-end=\"770\" data-col-size=\"sm\">Accords mets-vins<\/td>\n<td data-start=\"770\" data-end=\"877\" data-col-size=\"xl\">Perfect as a standalone sipper or paired with Asian-Fusion cuisine, spicy dishes, or any flavorful meal<\/td>\n<\/tr>\n<\/tbody>\n<\/table>\n<\/div>\n<\/div>","protected":false},"featured_media":5460,"comment_status":"open","ping_status":"closed","template":"","meta":[],"product_brand":[],"product_cat":[29],"product_tag":[],"class_list":{"0":"post-5459","1":"product","2":"type-product","3":"status-publish","4":"has-post-thumbnail","6":"product_cat-white-wines","8":"first","9":"instock","10":"shipping-taxable","11":"product-type-simple"},"yoast_head":"<!-- This site is optimized with the Yoast SEO plugin v27.2 - https:\/\/yoast.com\/product\/yoast-seo-wordpress\/ -->\n<title>Bay Mist - AgroNet LLC<\/title>\n<meta name=\"robots\" content=\"index, follow, max-snippet:-1, max-image-preview:large, max-video-preview:-1\" \/>\n<link rel=\"canonical\" href=\"https:\/\/agronetllc.com\/fr\/produit\/bay-mist\/\" \/>\n<meta property=\"og:locale\" content=\"fr_FR\" \/>\n<meta property=\"og:type\" content=\"article\" \/>\n<meta property=\"og:title\" content=\"Bay Mist - AgroNet LLC\" \/>\n<meta property=\"og:description\" content=\"White Riesling A sleek, refreshing, and exuberant Riesling from Monterey\u2019s Arroyo Seco. Bright fruit flavors and crisp acidity make it a delightful sipper and an incredibly versatile wine for food pairings.          Detail Information     Vineyard Grown and crafted by Agronet LLC in Monterey\u2019s Arroyo Seco AVA   Description Exotic aromas of honeysuckle, ripe pear, Meyer lemon, and lychee. Flavors of ripe apple and pear, with a touch of residual sweetness, classic minerality, and a light natural spritz on the finish   Food Pairings Perfect as a standalone sipper or paired with Asian-Fusion cuisine, spicy dishes, or any flavorful meal\" \/>\n<meta property=\"og:url\" content=\"https:\/\/agronetllc.com\/fr\/produit\/bay-mist\/\" \/>\n<meta property=\"og:site_name\" content=\"AgroNet LLC\" \/>\n<meta property=\"article:modified_time\" content=\"2026-03-30T07:38:12+00:00\" \/>\n<meta property=\"og:image\" content=\"http:\/\/agronetllc.com\/wp-content\/uploads\/2026\/03\/Bay-Mist.png\" \/>\n\t<meta property=\"og:image:width\" content=\"600\" \/>\n\t<meta property=\"og:image:height\" content=\"700\" \/>\n\t<meta property=\"og:image:type\" content=\"image\/png\" \/>\n<meta name=\"twitter:card\" content=\"summary_large_image\" \/>\n<script type=\"application\/ld+json\" class=\"yoast-schema-graph\">{\"@context\":\"https:\/\/schema.org\",\"@graph\":[{\"@type\":\"WebPage\",\"@id\":\"https:\/\/agronetllc.com\/product\/bay-mist\/\",\"url\":\"https:\/\/agronetllc.com\/product\/bay-mist\/\",\"name\":\"Bay Mist - AgroNet LLC\",\"isPartOf\":{\"@id\":\"https:\/\/agronetllc.com\/#website\"},\"primaryImageOfPage\":{\"@id\":\"https:\/\/agronetllc.com\/product\/bay-mist\/#primaryimage\"},\"image\":{\"@id\":\"https:\/\/agronetllc.com\/product\/bay-mist\/#primaryimage\"},\"thumbnailUrl\":\"https:\/\/agronetllc.com\/wp-content\/uploads\/2026\/03\/Bay-Mist.png\",\"datePublished\":\"2026-03-30T07:38:11+00:00\",\"dateModified\":\"2026-03-30T07:38:12+00:00\",\"breadcrumb\":{\"@id\":\"https:\/\/agronetllc.com\/product\/bay-mist\/#breadcrumb\"},\"inLanguage\":\"fr-FR\",\"potentialAction\":[{\"@type\":\"ReadAction\",\"target\":[\"https:\/\/agronetllc.com\/product\/bay-mist\/\"]}]},{\"@type\":\"ImageObject\",\"inLanguage\":\"fr-FR\",\"@id\":\"https:\/\/agronetllc.com\/product\/bay-mist\/#primaryimage\",\"url\":\"https:\/\/agronetllc.com\/wp-content\/uploads\/2026\/03\/Bay-Mist.png\",\"contentUrl\":\"https:\/\/agronetllc.com\/wp-content\/uploads\/2026\/03\/Bay-Mist.png\",\"width\":600,\"height\":700},{\"@type\":\"BreadcrumbList\",\"@id\":\"https:\/\/agronetllc.com\/product\/bay-mist\/#breadcrumb\",\"itemListElement\":[{\"@type\":\"ListItem\",\"position\":1,\"name\":\"Home\",\"item\":\"https:\/\/agronetllc.com\/\"},{\"@type\":\"ListItem\",\"position\":2,\"name\":\"Shop\",\"item\":\"https:\/\/agronetllc.com\/shop\/\"},{\"@type\":\"ListItem\",\"position\":3,\"name\":\"Bay Mist\"}]},{\"@type\":\"WebSite\",\"@id\":\"https:\/\/agronetllc.com\/#website\",\"url\":\"https:\/\/agronetllc.com\/\",\"name\":\"AgroNet LLC\",\"description\":\"Provide high-quality products\",\"publisher\":{\"@id\":\"https:\/\/agronetllc.com\/#organization\"},\"potentialAction\":[{\"@type\":\"SearchAction\",\"target\":{\"@type\":\"EntryPoint\",\"urlTemplate\":\"https:\/\/agronetllc.com\/?s={search_term_string}\"},\"query-input\":{\"@type\":\"PropertyValueSpecification\",\"valueRequired\":true,\"valueName\":\"search_term_string\"}}],\"inLanguage\":\"fr-FR\"},{\"@type\":\"Organization\",\"@id\":\"https:\/\/agronetllc.com\/#organization\",\"name\":\"AgroNet LLC\",\"url\":\"https:\/\/agronetllc.com\/\",\"logo\":{\"@type\":\"ImageObject\",\"inLanguage\":\"fr-FR\",\"@id\":\"https:\/\/agronetllc.com\/#\/schema\/logo\/image\/\",\"url\":\"https:\/\/agronetllc.com\/wp-content\/uploads\/2020\/03\/Agronet-LLC.png\",\"contentUrl\":\"https:\/\/agronetllc.com\/wp-content\/uploads\/2020\/03\/Agronet-LLC.png\",\"width\":651,\"height\":236,\"caption\":\"AgroNet LLC\"},\"image\":{\"@id\":\"https:\/\/agronetllc.com\/#\/schema\/logo\/image\/\"}}]}<\/script>\n<!-- \/ Yoast SEO plugin. -->","yoast_head_json":{"title":"Bay Mist - AgroNet LLC","robots":{"index":"index","follow":"follow","max-snippet":"max-snippet:-1","max-image-preview":"max-image-preview:large","max-video-preview":"max-video-preview:-1"},"canonical":"https:\/\/agronetllc.com\/fr\/produit\/bay-mist\/","og_locale":"fr_FR","og_type":"article","og_title":"Bay Mist - AgroNet LLC","og_description":"White Riesling A sleek, refreshing, and exuberant Riesling from Monterey\u2019s Arroyo Seco. Bright fruit flavors and crisp acidity make it a delightful sipper and an incredibly versatile wine for food pairings.          Detail Information     Vineyard Grown and crafted by Agronet LLC in Monterey\u2019s Arroyo Seco AVA   Description Exotic aromas of honeysuckle, ripe pear, Meyer lemon, and lychee. Flavors of ripe apple and pear, with a touch of residual sweetness, classic minerality, and a light natural spritz on the finish   Food Pairings Perfect as a standalone sipper or paired with Asian-Fusion cuisine, spicy dishes, or any flavorful meal","og_url":"https:\/\/agronetllc.com\/fr\/produit\/bay-mist\/","og_site_name":"AgroNet LLC","article_modified_time":"2026-03-30T07:38:12+00:00","og_image":[{"width":600,"height":700,"url":"http:\/\/agronetllc.com\/wp-content\/uploads\/2026\/03\/Bay-Mist.png","type":"image\/png"}],"twitter_card":"summary_large_image","schema":{"@context":"https:\/\/schema.org","@graph":[{"@type":"WebPage","@id":"https:\/\/agronetllc.com\/product\/bay-mist\/","url":"https:\/\/agronetllc.com\/product\/bay-mist\/","name":"Bay Mist - AgroNet LLC","isPartOf":{"@id":"https:\/\/agronetllc.com\/#website"},"primaryImageOfPage":{"@id":"https:\/\/agronetllc.com\/product\/bay-mist\/#primaryimage"},"image":{"@id":"https:\/\/agronetllc.com\/product\/bay-mist\/#primaryimage"},"thumbnailUrl":"https:\/\/agronetllc.com\/wp-content\/uploads\/2026\/03\/Bay-Mist.png","datePublished":"2026-03-30T07:38:11+00:00","dateModified":"2026-03-30T07:38:12+00:00","breadcrumb":{"@id":"https:\/\/agronetllc.com\/product\/bay-mist\/#breadcrumb"},"inLanguage":"fr-FR","potentialAction":[{"@type":"ReadAction","target":["https:\/\/agronetllc.com\/product\/bay-mist\/"]}]},{"@type":"ImageObject","inLanguage":"fr-FR","@id":"https:\/\/agronetllc.com\/product\/bay-mist\/#primaryimage","url":"https:\/\/agronetllc.com\/wp-content\/uploads\/2026\/03\/Bay-Mist.png","contentUrl":"https:\/\/agronetllc.com\/wp-content\/uploads\/2026\/03\/Bay-Mist.png","width":600,"height":700},{"@type":"BreadcrumbList","@id":"https:\/\/agronetllc.com\/product\/bay-mist\/#breadcrumb","itemListElement":[{"@type":"ListItem","position":1,"name":"Home","item":"https:\/\/agronetllc.com\/"},{"@type":"ListItem","position":2,"name":"Shop","item":"https:\/\/agronetllc.com\/shop\/"},{"@type":"ListItem","position":3,"name":"Bay Mist"}]},{"@type":"WebSite","@id":"https:\/\/agronetllc.com\/#website","url":"https:\/\/agronetllc.com\/","name":"AgroNet LLC","description":"Provide high-quality products","publisher":{"@id":"https:\/\/agronetllc.com\/#organization"},"potentialAction":[{"@type":"SearchAction","target":{"@type":"EntryPoint","urlTemplate":"https:\/\/agronetllc.com\/?s={search_term_string}"},"query-input":{"@type":"PropertyValueSpecification","valueRequired":true,"valueName":"search_term_string"}}],"inLanguage":"fr-FR"},{"@type":"Organization","@id":"https:\/\/agronetllc.com\/#organization","name":"AgroNet LLC","url":"https:\/\/agronetllc.com\/","logo":{"@type":"ImageObject","inLanguage":"fr-FR","@id":"https:\/\/agronetllc.com\/#\/schema\/logo\/image\/","url":"https:\/\/agronetllc.com\/wp-content\/uploads\/2020\/03\/Agronet-LLC.png","contentUrl":"https:\/\/agronetllc.com\/wp-content\/uploads\/2020\/03\/Agronet-LLC.png","width":651,"height":236,"caption":"AgroNet LLC"},"image":{"@id":"https:\/\/agronetllc.com\/#\/schema\/logo\/image\/"}}]}},"_links":{"self":[{"href":"https:\/\/agronetllc.com\/fr\/wp-json\/wp\/v2\/product\/5459","targetHints":{"allow":["GET"]}}],"collection":[{"href":"https:\/\/agronetllc.com\/fr\/wp-json\/wp\/v2\/product"}],"about":[{"href":"https:\/\/agronetllc.com\/fr\/wp-json\/wp\/v2\/types\/product"}],"replies":[{"embeddable":true,"href":"https:\/\/agronetllc.com\/fr\/wp-json\/wp\/v2\/comments?post=5459"}],"wp:featuredmedia":[{"embeddable":true,"href":"https:\/\/agronetllc.com\/fr\/wp-json\/wp\/v2\/media\/5460"}],"wp:attachment":[{"href":"https:\/\/agronetllc.com\/fr\/wp-json\/wp\/v2\/media?parent=5459"}],"wp:term":[{"taxonomy":"product_brand","embeddable":true,"href":"https:\/\/agronetllc.com\/fr\/wp-json\/wp\/v2\/product_brand?post=5459"},{"taxonomy":"product_cat","embeddable":true,"href":"https:\/\/agronetllc.com\/fr\/wp-json\/wp\/v2\/product_cat?post=5459"},{"taxonomy":"product_tag","embeddable":true,"href":"https:\/\/agronetllc.com\/fr\/wp-json\/wp\/v2\/product_tag?post=5459"}],"curies":[{"name":"wp","href":"https:\/\/api.w.org\/{rel}","templated":true}]}}