{"id":5469,"date":"2026-03-30T02:49:31","date_gmt":"2026-03-30T07:49:31","guid":{"rendered":"https:\/\/agronetllc.com\/?post_type=product&#038;p=5469"},"modified":"2026-03-30T02:51:39","modified_gmt":"2026-03-30T07:51:39","slug":"shotwell-vineyard","status":"publish","type":"product","link":"https:\/\/agronetllc.com\/fr\/produit\/shotwell-vineyard\/","title":{"rendered":"Shotwell Vineyard"},"content":{"rendered":"","protected":false},"excerpt":{"rendered":"<h3 data-section-id=\"2lk0dh\" data-start=\"134\" data-end=\"180\"><span role=\"text\"><strong data-start=\"138\" data-end=\"180\">Cabernet Sauvignon<\/strong><\/span><\/h3>\n<p data-start=\"182\" data-end=\"319\">Un Cabernet Sauvignon audacieux et raffin\u00e9 du district d\u2019El Pomar \u00e0 Paso Robles. Riche, structur\u00e9 et parfait pour accompagner des repas copieux.<\/p>\n<div class=\"TyagGW_tableContainer\">\n<div class=\"group TyagGW_tableWrapper flex flex-col-reverse w-fit\" tabindex=\"-1\">\n<table class=\"w-fit min-w-(--thread-content-width)\" data-start=\"326\" data-end=\"576\">\n<thead data-start=\"326\" data-end=\"365\">\n<tr data-start=\"326\" data-end=\"365\">\n<th class=\"\" data-start=\"326\" data-end=\"346\" data-col-size=\"sm\"><strong data-start=\"328\" data-end=\"338\">D\u00e9tail<\/strong><\/th>\n<th class=\"\" data-start=\"346\" data-end=\"365\" data-col-size=\"md\"><strong data-start=\"348\" data-end=\"363\">Informations<\/strong><\/th>\n<\/tr>\n<\/thead>\n<tbody data-start=\"404\" data-end=\"576\">\n<tr data-start=\"404\" data-end=\"469\">\n<td data-start=\"404\" data-end=\"423\" data-col-size=\"sm\">Origine<\/td>\n<td data-start=\"423\" data-end=\"469\" data-col-size=\"md\">District d\u2019El Pomar, Paso Robles, Californie<\/td>\n<\/tr>\n<tr data-start=\"470\" data-end=\"576\">\n<td data-start=\"470\" data-end=\"489\" data-col-size=\"sm\">Accords mets-vins<\/td>\n<td data-start=\"489\" data-end=\"576\" data-col-size=\"md\">Excellent avec un steak grill\u00e9 accompagn\u00e9 de sauce beurre blanc \u00e0 l\u2019estragon et d\u2019asperges r\u00f4ties<\/td>\n<\/tr>\n<\/tbody>\n<\/table>\n<\/div>\n<\/div>","protected":false},"featured_media":5470,"comment_status":"open","ping_status":"closed","template":"","meta":[],"product_brand":[],"product_cat":[30],"product_tag":[],"class_list":{"0":"post-5469","1":"product","2":"type-product","3":"status-publish","4":"has-post-thumbnail","6":"product_cat-red-wines","8":"first","9":"instock","10":"shipping-taxable","11":"product-type-simple"},"yoast_head":"<!-- This site is optimized with the Yoast SEO plugin v27.2 - https:\/\/yoast.com\/product\/yoast-seo-wordpress\/ -->\n<title>Shotwell Vineyard - AgroNet LLC<\/title>\n<meta name=\"robots\" content=\"index, follow, max-snippet:-1, max-image-preview:large, max-video-preview:-1\" \/>\n<link rel=\"canonical\" href=\"https:\/\/agronetllc.com\/fr\/produit\/shotwell-vineyard\/\" \/>\n<meta property=\"og:locale\" content=\"fr_FR\" \/>\n<meta property=\"og:type\" content=\"article\" \/>\n<meta property=\"og:title\" content=\"Shotwell Vineyard - AgroNet LLC\" \/>\n<meta property=\"og:description\" content=\"Cabernet Sauvignon A bold and refined Cabernet Sauvignon from Paso Robles\u2019 El Pomar District. Rich, structured, and perfect for pairing with hearty meals.       Detail Information     Origin El Pomar District, Paso Robles, California   Food Pairings Excellent with grilled steak with tarragon-beurre blanc sauce and roasted asparagus\" \/>\n<meta property=\"og:url\" content=\"https:\/\/agronetllc.com\/fr\/produit\/shotwell-vineyard\/\" \/>\n<meta property=\"og:site_name\" content=\"AgroNet LLC\" \/>\n<meta property=\"article:modified_time\" content=\"2026-03-30T07:51:39+00:00\" \/>\n<meta property=\"og:image\" content=\"http:\/\/agronetllc.com\/wp-content\/uploads\/2026\/03\/Shotwell-Vineyard.png\" \/>\n\t<meta property=\"og:image:width\" content=\"600\" \/>\n\t<meta property=\"og:image:height\" content=\"700\" \/>\n\t<meta property=\"og:image:type\" content=\"image\/png\" \/>\n<meta name=\"twitter:card\" content=\"summary_large_image\" \/>\n<script type=\"application\/ld+json\" class=\"yoast-schema-graph\">{\"@context\":\"https:\/\/schema.org\",\"@graph\":[{\"@type\":\"WebPage\",\"@id\":\"https:\/\/agronetllc.com\/product\/shotwell-vineyard\/\",\"url\":\"https:\/\/agronetllc.com\/product\/shotwell-vineyard\/\",\"name\":\"Shotwell Vineyard - AgroNet LLC\",\"isPartOf\":{\"@id\":\"https:\/\/agronetllc.com\/#website\"},\"primaryImageOfPage\":{\"@id\":\"https:\/\/agronetllc.com\/product\/shotwell-vineyard\/#primaryimage\"},\"image\":{\"@id\":\"https:\/\/agronetllc.com\/product\/shotwell-vineyard\/#primaryimage\"},\"thumbnailUrl\":\"https:\/\/agronetllc.com\/wp-content\/uploads\/2026\/03\/Shotwell-Vineyard.png\",\"datePublished\":\"2026-03-30T07:49:31+00:00\",\"dateModified\":\"2026-03-30T07:51:39+00:00\",\"breadcrumb\":{\"@id\":\"https:\/\/agronetllc.com\/product\/shotwell-vineyard\/#breadcrumb\"},\"inLanguage\":\"fr-FR\",\"potentialAction\":[{\"@type\":\"ReadAction\",\"target\":[\"https:\/\/agronetllc.com\/product\/shotwell-vineyard\/\"]}]},{\"@type\":\"ImageObject\",\"inLanguage\":\"fr-FR\",\"@id\":\"https:\/\/agronetllc.com\/product\/shotwell-vineyard\/#primaryimage\",\"url\":\"https:\/\/agronetllc.com\/wp-content\/uploads\/2026\/03\/Shotwell-Vineyard.png\",\"contentUrl\":\"https:\/\/agronetllc.com\/wp-content\/uploads\/2026\/03\/Shotwell-Vineyard.png\",\"width\":600,\"height\":700},{\"@type\":\"BreadcrumbList\",\"@id\":\"https:\/\/agronetllc.com\/product\/shotwell-vineyard\/#breadcrumb\",\"itemListElement\":[{\"@type\":\"ListItem\",\"position\":1,\"name\":\"Home\",\"item\":\"https:\/\/agronetllc.com\/\"},{\"@type\":\"ListItem\",\"position\":2,\"name\":\"Shop\",\"item\":\"https:\/\/agronetllc.com\/shop\/\"},{\"@type\":\"ListItem\",\"position\":3,\"name\":\"Shotwell Vineyard\"}]},{\"@type\":\"WebSite\",\"@id\":\"https:\/\/agronetllc.com\/#website\",\"url\":\"https:\/\/agronetllc.com\/\",\"name\":\"AgroNet LLC\",\"description\":\"Provide high-quality products\",\"publisher\":{\"@id\":\"https:\/\/agronetllc.com\/#organization\"},\"potentialAction\":[{\"@type\":\"SearchAction\",\"target\":{\"@type\":\"EntryPoint\",\"urlTemplate\":\"https:\/\/agronetllc.com\/?s={search_term_string}\"},\"query-input\":{\"@type\":\"PropertyValueSpecification\",\"valueRequired\":true,\"valueName\":\"search_term_string\"}}],\"inLanguage\":\"fr-FR\"},{\"@type\":\"Organization\",\"@id\":\"https:\/\/agronetllc.com\/#organization\",\"name\":\"AgroNet LLC\",\"url\":\"https:\/\/agronetllc.com\/\",\"logo\":{\"@type\":\"ImageObject\",\"inLanguage\":\"fr-FR\",\"@id\":\"https:\/\/agronetllc.com\/#\/schema\/logo\/image\/\",\"url\":\"https:\/\/agronetllc.com\/wp-content\/uploads\/2020\/03\/Agronet-LLC.png\",\"contentUrl\":\"https:\/\/agronetllc.com\/wp-content\/uploads\/2020\/03\/Agronet-LLC.png\",\"width\":651,\"height\":236,\"caption\":\"AgroNet LLC\"},\"image\":{\"@id\":\"https:\/\/agronetllc.com\/#\/schema\/logo\/image\/\"}}]}<\/script>\n<!-- \/ Yoast SEO plugin. -->","yoast_head_json":{"title":"Shotwell Vineyard - AgroNet LLC","robots":{"index":"index","follow":"follow","max-snippet":"max-snippet:-1","max-image-preview":"max-image-preview:large","max-video-preview":"max-video-preview:-1"},"canonical":"https:\/\/agronetllc.com\/fr\/produit\/shotwell-vineyard\/","og_locale":"fr_FR","og_type":"article","og_title":"Shotwell Vineyard - AgroNet LLC","og_description":"Cabernet Sauvignon A bold and refined Cabernet Sauvignon from Paso Robles\u2019 El Pomar District. Rich, structured, and perfect for pairing with hearty meals.       Detail Information     Origin El Pomar District, Paso Robles, California   Food Pairings Excellent with grilled steak with tarragon-beurre blanc sauce and roasted asparagus","og_url":"https:\/\/agronetllc.com\/fr\/produit\/shotwell-vineyard\/","og_site_name":"AgroNet LLC","article_modified_time":"2026-03-30T07:51:39+00:00","og_image":[{"width":600,"height":700,"url":"http:\/\/agronetllc.com\/wp-content\/uploads\/2026\/03\/Shotwell-Vineyard.png","type":"image\/png"}],"twitter_card":"summary_large_image","schema":{"@context":"https:\/\/schema.org","@graph":[{"@type":"WebPage","@id":"https:\/\/agronetllc.com\/product\/shotwell-vineyard\/","url":"https:\/\/agronetllc.com\/product\/shotwell-vineyard\/","name":"Shotwell Vineyard - AgroNet LLC","isPartOf":{"@id":"https:\/\/agronetllc.com\/#website"},"primaryImageOfPage":{"@id":"https:\/\/agronetllc.com\/product\/shotwell-vineyard\/#primaryimage"},"image":{"@id":"https:\/\/agronetllc.com\/product\/shotwell-vineyard\/#primaryimage"},"thumbnailUrl":"https:\/\/agronetllc.com\/wp-content\/uploads\/2026\/03\/Shotwell-Vineyard.png","datePublished":"2026-03-30T07:49:31+00:00","dateModified":"2026-03-30T07:51:39+00:00","breadcrumb":{"@id":"https:\/\/agronetllc.com\/product\/shotwell-vineyard\/#breadcrumb"},"inLanguage":"fr-FR","potentialAction":[{"@type":"ReadAction","target":["https:\/\/agronetllc.com\/product\/shotwell-vineyard\/"]}]},{"@type":"ImageObject","inLanguage":"fr-FR","@id":"https:\/\/agronetllc.com\/product\/shotwell-vineyard\/#primaryimage","url":"https:\/\/agronetllc.com\/wp-content\/uploads\/2026\/03\/Shotwell-Vineyard.png","contentUrl":"https:\/\/agronetllc.com\/wp-content\/uploads\/2026\/03\/Shotwell-Vineyard.png","width":600,"height":700},{"@type":"BreadcrumbList","@id":"https:\/\/agronetllc.com\/product\/shotwell-vineyard\/#breadcrumb","itemListElement":[{"@type":"ListItem","position":1,"name":"Home","item":"https:\/\/agronetllc.com\/"},{"@type":"ListItem","position":2,"name":"Shop","item":"https:\/\/agronetllc.com\/shop\/"},{"@type":"ListItem","position":3,"name":"Shotwell Vineyard"}]},{"@type":"WebSite","@id":"https:\/\/agronetllc.com\/#website","url":"https:\/\/agronetllc.com\/","name":"AgroNet LLC","description":"Provide high-quality products","publisher":{"@id":"https:\/\/agronetllc.com\/#organization"},"potentialAction":[{"@type":"SearchAction","target":{"@type":"EntryPoint","urlTemplate":"https:\/\/agronetllc.com\/?s={search_term_string}"},"query-input":{"@type":"PropertyValueSpecification","valueRequired":true,"valueName":"search_term_string"}}],"inLanguage":"fr-FR"},{"@type":"Organization","@id":"https:\/\/agronetllc.com\/#organization","name":"AgroNet LLC","url":"https:\/\/agronetllc.com\/","logo":{"@type":"ImageObject","inLanguage":"fr-FR","@id":"https:\/\/agronetllc.com\/#\/schema\/logo\/image\/","url":"https:\/\/agronetllc.com\/wp-content\/uploads\/2020\/03\/Agronet-LLC.png","contentUrl":"https:\/\/agronetllc.com\/wp-content\/uploads\/2020\/03\/Agronet-LLC.png","width":651,"height":236,"caption":"AgroNet LLC"},"image":{"@id":"https:\/\/agronetllc.com\/#\/schema\/logo\/image\/"}}]}},"_links":{"self":[{"href":"https:\/\/agronetllc.com\/fr\/wp-json\/wp\/v2\/product\/5469","targetHints":{"allow":["GET"]}}],"collection":[{"href":"https:\/\/agronetllc.com\/fr\/wp-json\/wp\/v2\/product"}],"about":[{"href":"https:\/\/agronetllc.com\/fr\/wp-json\/wp\/v2\/types\/product"}],"replies":[{"embeddable":true,"href":"https:\/\/agronetllc.com\/fr\/wp-json\/wp\/v2\/comments?post=5469"}],"wp:featuredmedia":[{"embeddable":true,"href":"https:\/\/agronetllc.com\/fr\/wp-json\/wp\/v2\/media\/5470"}],"wp:attachment":[{"href":"https:\/\/agronetllc.com\/fr\/wp-json\/wp\/v2\/media?parent=5469"}],"wp:term":[{"taxonomy":"product_brand","embeddable":true,"href":"https:\/\/agronetllc.com\/fr\/wp-json\/wp\/v2\/product_brand?post=5469"},{"taxonomy":"product_cat","embeddable":true,"href":"https:\/\/agronetllc.com\/fr\/wp-json\/wp\/v2\/product_cat?post=5469"},{"taxonomy":"product_tag","embeddable":true,"href":"https:\/\/agronetllc.com\/fr\/wp-json\/wp\/v2\/product_tag?post=5469"}],"curies":[{"name":"wp","href":"https:\/\/api.w.org\/{rel}","templated":true}]}}