{"id":5474,"date":"2026-03-30T03:20:24","date_gmt":"2026-03-30T08:20:24","guid":{"rendered":"https:\/\/agronetllc.com\/?post_type=product&#038;p=5474"},"modified":"2026-03-30T03:21:03","modified_gmt":"2026-03-30T08:21:03","slug":"cuvee-st-e","status":"publish","type":"product","link":"https:\/\/agronetllc.com\/fr\/produit\/cuvee-st-e\/","title":{"rendered":"Cuv\u00e9e St. E"},"content":{"rendered":"","protected":false},"excerpt":{"rendered":"<h3 data-section-id=\"1dtp9l3\" data-start=\"134\" data-end=\"165\"><span role=\"text\"><strong data-start=\"138\" data-end=\"165\">Red Blend<\/strong><\/span><\/h3>\n<p data-start=\"167\" data-end=\"338\">Un assemblage rouge \u00e9l\u00e9gant, inspir\u00e9 de Saint-\u00c9milion \u00e0 Bordeaux, \u00e9labor\u00e9 \u00e0 partir de fruits de Paso Robles. Riche, structur\u00e9 et complexe, parfait pour accompagner des plats copieux et raffin\u00e9s.<\/p>\n<div class=\"TyagGW_tableContainer\">\n<div class=\"group TyagGW_tableWrapper flex flex-col-reverse w-fit\" tabindex=\"-1\">\n<table class=\"w-fit min-w-(--thread-content-width)\" data-start=\"345\" data-end=\"594\">\n<thead data-start=\"345\" data-end=\"384\">\n<tr data-start=\"345\" data-end=\"384\">\n<th class=\"\" data-start=\"345\" data-end=\"365\" data-col-size=\"sm\"><strong data-start=\"347\" data-end=\"357\">D\u00e9tail<\/strong><\/th>\n<th class=\"\" data-start=\"365\" data-end=\"384\" data-col-size=\"md\"><strong data-start=\"367\" data-end=\"382\">Informations<\/strong><\/th>\n<\/tr>\n<\/thead>\n<tbody data-start=\"423\" data-end=\"594\">\n<tr data-start=\"423\" data-end=\"497\">\n<td data-start=\"423\" data-end=\"442\" data-col-size=\"sm\">Origine<\/td>\n<td data-start=\"442\" data-end=\"497\" data-col-size=\"md\">AVA de Paso Robles, comt\u00e9 de San Luis Obispo, Californie<\/td>\n<\/tr>\n<tr data-start=\"498\" data-end=\"594\">\n<td data-start=\"498\" data-end=\"517\" data-col-size=\"sm\">Accords mets-vins<\/td>\n<td data-start=\"517\" data-end=\"594\" data-col-size=\"md\">Filet mignon \u00e0 la sauce cr\u00e8me aux \u00e9chalotes ou osso buco sur un lit de polenta<\/td>\n<\/tr>\n<\/tbody>\n<\/table>\n<\/div>\n<\/div>","protected":false},"featured_media":5475,"comment_status":"open","ping_status":"closed","template":"","meta":[],"product_brand":[],"product_cat":[30],"product_tag":[],"class_list":{"0":"post-5474","1":"product","2":"type-product","3":"status-publish","4":"has-post-thumbnail","6":"product_cat-red-wines","8":"first","9":"instock","10":"shipping-taxable","11":"product-type-simple"},"yoast_head":"<!-- This site is optimized with the Yoast SEO plugin v27.2 - https:\/\/yoast.com\/product\/yoast-seo-wordpress\/ -->\n<title>Cuv\u00e9e St. E - AgroNet LLC<\/title>\n<meta name=\"robots\" content=\"index, follow, max-snippet:-1, max-image-preview:large, max-video-preview:-1\" \/>\n<link rel=\"canonical\" href=\"https:\/\/agronetllc.com\/fr\/produit\/cuvee-st-e\/\" \/>\n<meta property=\"og:locale\" content=\"fr_FR\" \/>\n<meta property=\"og:type\" content=\"article\" \/>\n<meta property=\"og:title\" content=\"Cuv\u00e9e St. E - AgroNet LLC\" \/>\n<meta property=\"og:description\" content=\"Red Blend An elegant red blend inspired by Bordeaux\u2019s St. \u00c9milion, crafted from Paso Robles fruit. Rich, textured, and complex, perfect for pairing with hearty and refined dishes.       Detail Information     Origin Paso Robles AVA, San Luis Obispo County, California   Food Pairings Filet mignon with shallot-cream sauce or osso bucco over a bed of polenta\" \/>\n<meta property=\"og:url\" content=\"https:\/\/agronetllc.com\/fr\/produit\/cuvee-st-e\/\" \/>\n<meta property=\"og:site_name\" content=\"AgroNet LLC\" \/>\n<meta property=\"article:modified_time\" content=\"2026-03-30T08:21:03+00:00\" \/>\n<meta property=\"og:image\" content=\"http:\/\/agronetllc.com\/wp-content\/uploads\/2026\/03\/Cuvee-St.-E.png\" \/>\n\t<meta property=\"og:image:width\" content=\"600\" \/>\n\t<meta property=\"og:image:height\" content=\"700\" \/>\n\t<meta property=\"og:image:type\" content=\"image\/png\" \/>\n<meta name=\"twitter:card\" content=\"summary_large_image\" \/>\n<script type=\"application\/ld+json\" class=\"yoast-schema-graph\">{\"@context\":\"https:\/\/schema.org\",\"@graph\":[{\"@type\":\"WebPage\",\"@id\":\"https:\/\/agronetllc.com\/product\/cuvee-st-e\/\",\"url\":\"https:\/\/agronetllc.com\/product\/cuvee-st-e\/\",\"name\":\"Cuv\u00e9e St. E - AgroNet LLC\",\"isPartOf\":{\"@id\":\"https:\/\/agronetllc.com\/#website\"},\"primaryImageOfPage\":{\"@id\":\"https:\/\/agronetllc.com\/product\/cuvee-st-e\/#primaryimage\"},\"image\":{\"@id\":\"https:\/\/agronetllc.com\/product\/cuvee-st-e\/#primaryimage\"},\"thumbnailUrl\":\"https:\/\/agronetllc.com\/wp-content\/uploads\/2026\/03\/Cuvee-St.-E.png\",\"datePublished\":\"2026-03-30T08:20:24+00:00\",\"dateModified\":\"2026-03-30T08:21:03+00:00\",\"breadcrumb\":{\"@id\":\"https:\/\/agronetllc.com\/product\/cuvee-st-e\/#breadcrumb\"},\"inLanguage\":\"fr-FR\",\"potentialAction\":[{\"@type\":\"ReadAction\",\"target\":[\"https:\/\/agronetllc.com\/product\/cuvee-st-e\/\"]}]},{\"@type\":\"ImageObject\",\"inLanguage\":\"fr-FR\",\"@id\":\"https:\/\/agronetllc.com\/product\/cuvee-st-e\/#primaryimage\",\"url\":\"https:\/\/agronetllc.com\/wp-content\/uploads\/2026\/03\/Cuvee-St.-E.png\",\"contentUrl\":\"https:\/\/agronetllc.com\/wp-content\/uploads\/2026\/03\/Cuvee-St.-E.png\",\"width\":600,\"height\":700},{\"@type\":\"BreadcrumbList\",\"@id\":\"https:\/\/agronetllc.com\/product\/cuvee-st-e\/#breadcrumb\",\"itemListElement\":[{\"@type\":\"ListItem\",\"position\":1,\"name\":\"Home\",\"item\":\"https:\/\/agronetllc.com\/\"},{\"@type\":\"ListItem\",\"position\":2,\"name\":\"Shop\",\"item\":\"https:\/\/agronetllc.com\/shop\/\"},{\"@type\":\"ListItem\",\"position\":3,\"name\":\"Cuv\u00e9e St. E\"}]},{\"@type\":\"WebSite\",\"@id\":\"https:\/\/agronetllc.com\/#website\",\"url\":\"https:\/\/agronetllc.com\/\",\"name\":\"AgroNet LLC\",\"description\":\"Provide high-quality products\",\"publisher\":{\"@id\":\"https:\/\/agronetllc.com\/#organization\"},\"potentialAction\":[{\"@type\":\"SearchAction\",\"target\":{\"@type\":\"EntryPoint\",\"urlTemplate\":\"https:\/\/agronetllc.com\/?s={search_term_string}\"},\"query-input\":{\"@type\":\"PropertyValueSpecification\",\"valueRequired\":true,\"valueName\":\"search_term_string\"}}],\"inLanguage\":\"fr-FR\"},{\"@type\":\"Organization\",\"@id\":\"https:\/\/agronetllc.com\/#organization\",\"name\":\"AgroNet LLC\",\"url\":\"https:\/\/agronetllc.com\/\",\"logo\":{\"@type\":\"ImageObject\",\"inLanguage\":\"fr-FR\",\"@id\":\"https:\/\/agronetllc.com\/#\/schema\/logo\/image\/\",\"url\":\"https:\/\/agronetllc.com\/wp-content\/uploads\/2020\/03\/Agronet-LLC.png\",\"contentUrl\":\"https:\/\/agronetllc.com\/wp-content\/uploads\/2020\/03\/Agronet-LLC.png\",\"width\":651,\"height\":236,\"caption\":\"AgroNet LLC\"},\"image\":{\"@id\":\"https:\/\/agronetllc.com\/#\/schema\/logo\/image\/\"}}]}<\/script>\n<!-- \/ Yoast SEO plugin. -->","yoast_head_json":{"title":"Cuv\u00e9e St. E - AgroNet LLC","robots":{"index":"index","follow":"follow","max-snippet":"max-snippet:-1","max-image-preview":"max-image-preview:large","max-video-preview":"max-video-preview:-1"},"canonical":"https:\/\/agronetllc.com\/fr\/produit\/cuvee-st-e\/","og_locale":"fr_FR","og_type":"article","og_title":"Cuv\u00e9e St. E - AgroNet LLC","og_description":"Red Blend An elegant red blend inspired by Bordeaux\u2019s St. \u00c9milion, crafted from Paso Robles fruit. Rich, textured, and complex, perfect for pairing with hearty and refined dishes.       Detail Information     Origin Paso Robles AVA, San Luis Obispo County, California   Food Pairings Filet mignon with shallot-cream sauce or osso bucco over a bed of polenta","og_url":"https:\/\/agronetllc.com\/fr\/produit\/cuvee-st-e\/","og_site_name":"AgroNet LLC","article_modified_time":"2026-03-30T08:21:03+00:00","og_image":[{"width":600,"height":700,"url":"http:\/\/agronetllc.com\/wp-content\/uploads\/2026\/03\/Cuvee-St.-E.png","type":"image\/png"}],"twitter_card":"summary_large_image","schema":{"@context":"https:\/\/schema.org","@graph":[{"@type":"WebPage","@id":"https:\/\/agronetllc.com\/product\/cuvee-st-e\/","url":"https:\/\/agronetllc.com\/product\/cuvee-st-e\/","name":"Cuv\u00e9e St. E - AgroNet LLC","isPartOf":{"@id":"https:\/\/agronetllc.com\/#website"},"primaryImageOfPage":{"@id":"https:\/\/agronetllc.com\/product\/cuvee-st-e\/#primaryimage"},"image":{"@id":"https:\/\/agronetllc.com\/product\/cuvee-st-e\/#primaryimage"},"thumbnailUrl":"https:\/\/agronetllc.com\/wp-content\/uploads\/2026\/03\/Cuvee-St.-E.png","datePublished":"2026-03-30T08:20:24+00:00","dateModified":"2026-03-30T08:21:03+00:00","breadcrumb":{"@id":"https:\/\/agronetllc.com\/product\/cuvee-st-e\/#breadcrumb"},"inLanguage":"fr-FR","potentialAction":[{"@type":"ReadAction","target":["https:\/\/agronetllc.com\/product\/cuvee-st-e\/"]}]},{"@type":"ImageObject","inLanguage":"fr-FR","@id":"https:\/\/agronetllc.com\/product\/cuvee-st-e\/#primaryimage","url":"https:\/\/agronetllc.com\/wp-content\/uploads\/2026\/03\/Cuvee-St.-E.png","contentUrl":"https:\/\/agronetllc.com\/wp-content\/uploads\/2026\/03\/Cuvee-St.-E.png","width":600,"height":700},{"@type":"BreadcrumbList","@id":"https:\/\/agronetllc.com\/product\/cuvee-st-e\/#breadcrumb","itemListElement":[{"@type":"ListItem","position":1,"name":"Home","item":"https:\/\/agronetllc.com\/"},{"@type":"ListItem","position":2,"name":"Shop","item":"https:\/\/agronetllc.com\/shop\/"},{"@type":"ListItem","position":3,"name":"Cuv\u00e9e St. E"}]},{"@type":"WebSite","@id":"https:\/\/agronetllc.com\/#website","url":"https:\/\/agronetllc.com\/","name":"AgroNet LLC","description":"Provide high-quality products","publisher":{"@id":"https:\/\/agronetllc.com\/#organization"},"potentialAction":[{"@type":"SearchAction","target":{"@type":"EntryPoint","urlTemplate":"https:\/\/agronetllc.com\/?s={search_term_string}"},"query-input":{"@type":"PropertyValueSpecification","valueRequired":true,"valueName":"search_term_string"}}],"inLanguage":"fr-FR"},{"@type":"Organization","@id":"https:\/\/agronetllc.com\/#organization","name":"AgroNet LLC","url":"https:\/\/agronetllc.com\/","logo":{"@type":"ImageObject","inLanguage":"fr-FR","@id":"https:\/\/agronetllc.com\/#\/schema\/logo\/image\/","url":"https:\/\/agronetllc.com\/wp-content\/uploads\/2020\/03\/Agronet-LLC.png","contentUrl":"https:\/\/agronetllc.com\/wp-content\/uploads\/2020\/03\/Agronet-LLC.png","width":651,"height":236,"caption":"AgroNet LLC"},"image":{"@id":"https:\/\/agronetllc.com\/#\/schema\/logo\/image\/"}}]}},"_links":{"self":[{"href":"https:\/\/agronetllc.com\/fr\/wp-json\/wp\/v2\/product\/5474","targetHints":{"allow":["GET"]}}],"collection":[{"href":"https:\/\/agronetllc.com\/fr\/wp-json\/wp\/v2\/product"}],"about":[{"href":"https:\/\/agronetllc.com\/fr\/wp-json\/wp\/v2\/types\/product"}],"replies":[{"embeddable":true,"href":"https:\/\/agronetllc.com\/fr\/wp-json\/wp\/v2\/comments?post=5474"}],"wp:featuredmedia":[{"embeddable":true,"href":"https:\/\/agronetllc.com\/fr\/wp-json\/wp\/v2\/media\/5475"}],"wp:attachment":[{"href":"https:\/\/agronetllc.com\/fr\/wp-json\/wp\/v2\/media?parent=5474"}],"wp:term":[{"taxonomy":"product_brand","embeddable":true,"href":"https:\/\/agronetllc.com\/fr\/wp-json\/wp\/v2\/product_brand?post=5474"},{"taxonomy":"product_cat","embeddable":true,"href":"https:\/\/agronetllc.com\/fr\/wp-json\/wp\/v2\/product_cat?post=5474"},{"taxonomy":"product_tag","embeddable":true,"href":"https:\/\/agronetllc.com\/fr\/wp-json\/wp\/v2\/product_tag?post=5474"}],"curies":[{"name":"wp","href":"https:\/\/api.w.org\/{rel}","templated":true}]}}