{"id":5477,"date":"2026-03-30T03:24:26","date_gmt":"2026-03-30T08:24:26","guid":{"rendered":"https:\/\/agronetllc.com\/?post_type=product&#038;p=5477"},"modified":"2026-03-30T05:07:24","modified_gmt":"2026-03-30T10:07:24","slug":"cuvee-pau","status":"publish","type":"product","link":"https:\/\/agronetllc.com\/fr\/produit\/cuvee-pau\/","title":{"rendered":"Cuv\u00e9e PAU"},"content":{"rendered":"","protected":false},"excerpt":{"rendered":"<h3 data-section-id=\"1oisp3j\" data-start=\"134\" data-end=\"163\"><span role=\"text\"><strong data-start=\"138\" data-end=\"163\"> Red Blend<\/strong><\/span><\/h3>\n<p data-start=\"165\" data-end=\"345\">Un assemblage rouge riche et \u00e9l\u00e9gant, inspir\u00e9 du Pauillac de Bordeaux, \u00e9labor\u00e9 \u00e0 partir de fruits de Paso Robles. Lisse, complexe et polyvalent, parfait pour les repas copieux ou les plats v\u00e9g\u00e9tariens.<\/p>\n<div class=\"TyagGW_tableContainer\">\n<div class=\"group TyagGW_tableWrapper flex flex-col-reverse w-fit\" tabindex=\"-1\">\n<table class=\"w-fit min-w-(--thread-content-width)\" data-start=\"352\" data-end=\"602\">\n<thead data-start=\"352\" data-end=\"391\">\n<tr data-start=\"352\" data-end=\"391\">\n<th class=\"\" data-start=\"352\" data-end=\"372\" data-col-size=\"sm\"><strong data-start=\"354\" data-end=\"364\">D\u00e9tail<\/strong><\/th>\n<th class=\"\" data-start=\"372\" data-end=\"391\" data-col-size=\"md\"><strong data-start=\"374\" data-end=\"389\">Informations<\/strong><\/th>\n<\/tr>\n<\/thead>\n<tbody data-start=\"430\" data-end=\"602\">\n<tr data-start=\"430\" data-end=\"504\">\n<td data-start=\"430\" data-end=\"449\" data-col-size=\"sm\">Origine<\/td>\n<td data-start=\"449\" data-end=\"504\" data-col-size=\"md\">AVA de Paso Robles, comt\u00e9 de San Luis Obispo, Californie<\/td>\n<\/tr>\n<tr data-start=\"505\" data-end=\"602\">\n<td data-start=\"505\" data-end=\"524\" data-col-size=\"sm\">Accords mets-vins<\/td>\n<td data-start=\"524\" data-end=\"602\" data-col-size=\"md\">R\u00f4ti en cocotte lente ou rago\u00fbt de lentilles et l\u00e9gumes pour une option v\u00e9g\u00e9tarienne<\/td>\n<\/tr>\n<\/tbody>\n<\/table>\n<\/div>\n<\/div>","protected":false},"featured_media":5478,"comment_status":"open","ping_status":"closed","template":"","meta":[],"product_brand":[],"product_cat":[30],"product_tag":[],"class_list":{"0":"post-5477","1":"product","2":"type-product","3":"status-publish","4":"has-post-thumbnail","6":"product_cat-red-wines","8":"first","9":"instock","10":"shipping-taxable","11":"product-type-simple"},"yoast_head":"<!-- This site is optimized with the Yoast SEO plugin v27.2 - https:\/\/yoast.com\/product\/yoast-seo-wordpress\/ -->\n<title>Cuv\u00e9e PAU - AgroNet LLC<\/title>\n<meta name=\"robots\" content=\"index, follow, max-snippet:-1, max-image-preview:large, max-video-preview:-1\" \/>\n<link rel=\"canonical\" href=\"https:\/\/agronetllc.com\/fr\/produit\/cuvee-pau\/\" \/>\n<meta property=\"og:locale\" content=\"fr_FR\" \/>\n<meta property=\"og:type\" content=\"article\" \/>\n<meta property=\"og:title\" content=\"Cuv\u00e9e PAU - AgroNet LLC\" \/>\n<meta property=\"og:description\" content=\"Red Blend A rich and elegant red blend inspired by Bordeaux\u2019s Pauillac, crafted from Paso Robles fruit. Smooth, complex, and versatile, perfect for hearty meals or vegetarian dishes alike.       Detail Information     Origin Paso Robles AVA, San Luis Obispo County, California   Food Pairings Slow-cooker pot roast or lentil and vegetable stew for a vegetarian option\" \/>\n<meta property=\"og:url\" content=\"https:\/\/agronetllc.com\/fr\/produit\/cuvee-pau\/\" \/>\n<meta property=\"og:site_name\" content=\"AgroNet LLC\" \/>\n<meta property=\"article:modified_time\" content=\"2026-03-30T10:07:24+00:00\" \/>\n<meta property=\"og:image\" content=\"http:\/\/agronetllc.com\/wp-content\/uploads\/2026\/03\/Cuvee-PAU.png\" \/>\n\t<meta property=\"og:image:width\" content=\"600\" \/>\n\t<meta property=\"og:image:height\" content=\"700\" \/>\n\t<meta property=\"og:image:type\" content=\"image\/png\" \/>\n<meta name=\"twitter:card\" content=\"summary_large_image\" \/>\n<script type=\"application\/ld+json\" class=\"yoast-schema-graph\">{\"@context\":\"https:\/\/schema.org\",\"@graph\":[{\"@type\":\"WebPage\",\"@id\":\"https:\/\/agronetllc.com\/product\/cuvee-pau\/\",\"url\":\"https:\/\/agronetllc.com\/product\/cuvee-pau\/\",\"name\":\"Cuv\u00e9e PAU - AgroNet LLC\",\"isPartOf\":{\"@id\":\"https:\/\/agronetllc.com\/#website\"},\"primaryImageOfPage\":{\"@id\":\"https:\/\/agronetllc.com\/product\/cuvee-pau\/#primaryimage\"},\"image\":{\"@id\":\"https:\/\/agronetllc.com\/product\/cuvee-pau\/#primaryimage\"},\"thumbnailUrl\":\"https:\/\/agronetllc.com\/wp-content\/uploads\/2026\/03\/Cuvee-PAU.png\",\"datePublished\":\"2026-03-30T08:24:26+00:00\",\"dateModified\":\"2026-03-30T10:07:24+00:00\",\"breadcrumb\":{\"@id\":\"https:\/\/agronetllc.com\/product\/cuvee-pau\/#breadcrumb\"},\"inLanguage\":\"fr-FR\",\"potentialAction\":[{\"@type\":\"ReadAction\",\"target\":[\"https:\/\/agronetllc.com\/product\/cuvee-pau\/\"]}]},{\"@type\":\"ImageObject\",\"inLanguage\":\"fr-FR\",\"@id\":\"https:\/\/agronetllc.com\/product\/cuvee-pau\/#primaryimage\",\"url\":\"https:\/\/agronetllc.com\/wp-content\/uploads\/2026\/03\/Cuvee-PAU.png\",\"contentUrl\":\"https:\/\/agronetllc.com\/wp-content\/uploads\/2026\/03\/Cuvee-PAU.png\",\"width\":600,\"height\":700},{\"@type\":\"BreadcrumbList\",\"@id\":\"https:\/\/agronetllc.com\/product\/cuvee-pau\/#breadcrumb\",\"itemListElement\":[{\"@type\":\"ListItem\",\"position\":1,\"name\":\"Home\",\"item\":\"https:\/\/agronetllc.com\/\"},{\"@type\":\"ListItem\",\"position\":2,\"name\":\"Shop\",\"item\":\"https:\/\/agronetllc.com\/shop\/\"},{\"@type\":\"ListItem\",\"position\":3,\"name\":\"Cuv\u00e9e PAU\"}]},{\"@type\":\"WebSite\",\"@id\":\"https:\/\/agronetllc.com\/#website\",\"url\":\"https:\/\/agronetllc.com\/\",\"name\":\"AgroNet LLC\",\"description\":\"Provide high-quality products\",\"publisher\":{\"@id\":\"https:\/\/agronetllc.com\/#organization\"},\"potentialAction\":[{\"@type\":\"SearchAction\",\"target\":{\"@type\":\"EntryPoint\",\"urlTemplate\":\"https:\/\/agronetllc.com\/?s={search_term_string}\"},\"query-input\":{\"@type\":\"PropertyValueSpecification\",\"valueRequired\":true,\"valueName\":\"search_term_string\"}}],\"inLanguage\":\"fr-FR\"},{\"@type\":\"Organization\",\"@id\":\"https:\/\/agronetllc.com\/#organization\",\"name\":\"AgroNet LLC\",\"url\":\"https:\/\/agronetllc.com\/\",\"logo\":{\"@type\":\"ImageObject\",\"inLanguage\":\"fr-FR\",\"@id\":\"https:\/\/agronetllc.com\/#\/schema\/logo\/image\/\",\"url\":\"https:\/\/agronetllc.com\/wp-content\/uploads\/2020\/03\/Agronet-LLC.png\",\"contentUrl\":\"https:\/\/agronetllc.com\/wp-content\/uploads\/2020\/03\/Agronet-LLC.png\",\"width\":651,\"height\":236,\"caption\":\"AgroNet LLC\"},\"image\":{\"@id\":\"https:\/\/agronetllc.com\/#\/schema\/logo\/image\/\"}}]}<\/script>\n<!-- \/ Yoast SEO plugin. -->","yoast_head_json":{"title":"Cuv\u00e9e PAU - AgroNet LLC","robots":{"index":"index","follow":"follow","max-snippet":"max-snippet:-1","max-image-preview":"max-image-preview:large","max-video-preview":"max-video-preview:-1"},"canonical":"https:\/\/agronetllc.com\/fr\/produit\/cuvee-pau\/","og_locale":"fr_FR","og_type":"article","og_title":"Cuv\u00e9e PAU - AgroNet LLC","og_description":"Red Blend A rich and elegant red blend inspired by Bordeaux\u2019s Pauillac, crafted from Paso Robles fruit. Smooth, complex, and versatile, perfect for hearty meals or vegetarian dishes alike.       Detail Information     Origin Paso Robles AVA, San Luis Obispo County, California   Food Pairings Slow-cooker pot roast or lentil and vegetable stew for a vegetarian option","og_url":"https:\/\/agronetllc.com\/fr\/produit\/cuvee-pau\/","og_site_name":"AgroNet LLC","article_modified_time":"2026-03-30T10:07:24+00:00","og_image":[{"width":600,"height":700,"url":"http:\/\/agronetllc.com\/wp-content\/uploads\/2026\/03\/Cuvee-PAU.png","type":"image\/png"}],"twitter_card":"summary_large_image","schema":{"@context":"https:\/\/schema.org","@graph":[{"@type":"WebPage","@id":"https:\/\/agronetllc.com\/product\/cuvee-pau\/","url":"https:\/\/agronetllc.com\/product\/cuvee-pau\/","name":"Cuv\u00e9e PAU - AgroNet LLC","isPartOf":{"@id":"https:\/\/agronetllc.com\/#website"},"primaryImageOfPage":{"@id":"https:\/\/agronetllc.com\/product\/cuvee-pau\/#primaryimage"},"image":{"@id":"https:\/\/agronetllc.com\/product\/cuvee-pau\/#primaryimage"},"thumbnailUrl":"https:\/\/agronetllc.com\/wp-content\/uploads\/2026\/03\/Cuvee-PAU.png","datePublished":"2026-03-30T08:24:26+00:00","dateModified":"2026-03-30T10:07:24+00:00","breadcrumb":{"@id":"https:\/\/agronetllc.com\/product\/cuvee-pau\/#breadcrumb"},"inLanguage":"fr-FR","potentialAction":[{"@type":"ReadAction","target":["https:\/\/agronetllc.com\/product\/cuvee-pau\/"]}]},{"@type":"ImageObject","inLanguage":"fr-FR","@id":"https:\/\/agronetllc.com\/product\/cuvee-pau\/#primaryimage","url":"https:\/\/agronetllc.com\/wp-content\/uploads\/2026\/03\/Cuvee-PAU.png","contentUrl":"https:\/\/agronetllc.com\/wp-content\/uploads\/2026\/03\/Cuvee-PAU.png","width":600,"height":700},{"@type":"BreadcrumbList","@id":"https:\/\/agronetllc.com\/product\/cuvee-pau\/#breadcrumb","itemListElement":[{"@type":"ListItem","position":1,"name":"Home","item":"https:\/\/agronetllc.com\/"},{"@type":"ListItem","position":2,"name":"Shop","item":"https:\/\/agronetllc.com\/shop\/"},{"@type":"ListItem","position":3,"name":"Cuv\u00e9e PAU"}]},{"@type":"WebSite","@id":"https:\/\/agronetllc.com\/#website","url":"https:\/\/agronetllc.com\/","name":"AgroNet LLC","description":"Provide high-quality products","publisher":{"@id":"https:\/\/agronetllc.com\/#organization"},"potentialAction":[{"@type":"SearchAction","target":{"@type":"EntryPoint","urlTemplate":"https:\/\/agronetllc.com\/?s={search_term_string}"},"query-input":{"@type":"PropertyValueSpecification","valueRequired":true,"valueName":"search_term_string"}}],"inLanguage":"fr-FR"},{"@type":"Organization","@id":"https:\/\/agronetllc.com\/#organization","name":"AgroNet LLC","url":"https:\/\/agronetllc.com\/","logo":{"@type":"ImageObject","inLanguage":"fr-FR","@id":"https:\/\/agronetllc.com\/#\/schema\/logo\/image\/","url":"https:\/\/agronetllc.com\/wp-content\/uploads\/2020\/03\/Agronet-LLC.png","contentUrl":"https:\/\/agronetllc.com\/wp-content\/uploads\/2020\/03\/Agronet-LLC.png","width":651,"height":236,"caption":"AgroNet LLC"},"image":{"@id":"https:\/\/agronetllc.com\/#\/schema\/logo\/image\/"}}]}},"_links":{"self":[{"href":"https:\/\/agronetllc.com\/fr\/wp-json\/wp\/v2\/product\/5477","targetHints":{"allow":["GET"]}}],"collection":[{"href":"https:\/\/agronetllc.com\/fr\/wp-json\/wp\/v2\/product"}],"about":[{"href":"https:\/\/agronetllc.com\/fr\/wp-json\/wp\/v2\/types\/product"}],"replies":[{"embeddable":true,"href":"https:\/\/agronetllc.com\/fr\/wp-json\/wp\/v2\/comments?post=5477"}],"wp:featuredmedia":[{"embeddable":true,"href":"https:\/\/agronetllc.com\/fr\/wp-json\/wp\/v2\/media\/5478"}],"wp:attachment":[{"href":"https:\/\/agronetllc.com\/fr\/wp-json\/wp\/v2\/media?parent=5477"}],"wp:term":[{"taxonomy":"product_brand","embeddable":true,"href":"https:\/\/agronetllc.com\/fr\/wp-json\/wp\/v2\/product_brand?post=5477"},{"taxonomy":"product_cat","embeddable":true,"href":"https:\/\/agronetllc.com\/fr\/wp-json\/wp\/v2\/product_cat?post=5477"},{"taxonomy":"product_tag","embeddable":true,"href":"https:\/\/agronetllc.com\/fr\/wp-json\/wp\/v2\/product_tag?post=5477"}],"curies":[{"name":"wp","href":"https:\/\/api.w.org\/{rel}","templated":true}]}}