{"id":5487,"date":"2026-03-30T05:14:54","date_gmt":"2026-03-30T10:14:54","guid":{"rendered":"https:\/\/agronetllc.com\/?post_type=product&#038;p=5487"},"modified":"2026-03-30T05:15:26","modified_gmt":"2026-03-30T10:15:26","slug":"carols-vineyard","status":"publish","type":"product","link":"https:\/\/agronetllc.com\/fr\/produit\/carols-vineyard\/","title":{"rendered":"Carol&#8217;s Vineyard"},"content":{"rendered":"","protected":false},"excerpt":{"rendered":"<h3 data-section-id=\"114v5ny\" data-start=\"175\" data-end=\"220\"><span role=\"text\"><strong data-start=\"179\" data-end=\"220\">Cabernet Sauvignon<\/strong><\/span><\/h3>\n<p data-start=\"222\" data-end=\"261\"><strong data-start=\"222\" data-end=\"261\">TOUCHER DES VIES, UN TOAST \u00c0 LA FOIS<\/strong><\/p>\n<p data-start=\"263\" data-end=\"428\">Une partie de chaque bouteille vendue de Carol\u2019s Vineyard Cabernet Sauvignon soutient les programmes de la National Breast Cancer Foundation, contribuant ainsi \u00e0 un impact significatif.<\/p>\n<p data-start=\"430\" data-end=\"685\">Cette ann\u00e9e marque le quinzi\u00e8me anniversaire d\u2019un partenariat sinc\u00e8re soutenant cette initiative. Le programme \u00ab Touching Lives \u00bb a d\u00e9but\u00e9 comme une \u00e9dition comm\u00e9morative en l\u2019honneur de Carol Waldorf Lohr, d\u00e9c\u00e9d\u00e9e en 2008 des suites de complications li\u00e9es au cancer du sein.<\/p>\n<p data-start=\"687\" data-end=\"1144\">Aujourd\u2019hui, 3 $ de chaque achat de Carol\u2019s Vineyard Cabernet Sauvignon\u2014que ce soit dans les restaurants, les cavistes, en ligne ou dans les centres de vin\u2014sont revers\u00e9s \u00e0 la National Breast Cancer Foundation. Depuis le lancement du programme, ces contributions ont soutenu la d\u00e9tection pr\u00e9coce du cancer du sein, l\u2019acc\u00e8s aux mammographies, les syst\u00e8mes d\u2019accompagnement des patientes et la distribution de kits HOPE aux femmes en cours de traitement. Ce partenariat a permis de financer plus de 8 000 mammographies pour des femmes dans le besoin.<\/p>\n<p data-start=\"1146\" data-end=\"1182\"><strong data-start=\"1146\" data-end=\"1182\">ENCOURAGER LES FEMMES \u00c0 PRENDRE LE CONTR\u00d4LE<\/strong><\/p>\n<p data-start=\"1184\" data-end=\"1459\">La mission de la National Breast Cancer Foundation est d\u2019apporter de l\u2019aide et d\u2019inspirer l\u2019espoir gr\u00e2ce \u00e0 la d\u00e9tection pr\u00e9coce, \u00e0 l\u2019\u00e9ducation et aux services de soutien. Agronet LLC soutient fi\u00e8rement la sensibilisation et encourage les femmes \u00e0 prendre en main leur sant\u00e9 gr\u00e2ce \u00e0 la connaissance et \u00e0 la conscience de soi.<\/p>\n<div class=\"TyagGW_tableContainer\">\n<div class=\"group TyagGW_tableWrapper flex flex-col-reverse w-fit\" tabindex=\"-1\">\n<table class=\"w-fit min-w-(--thread-content-width)\" data-start=\"1466\" data-end=\"1764\">\n<thead data-start=\"1466\" data-end=\"1505\">\n<tr data-start=\"1466\" data-end=\"1505\">\n<th class=\"\" data-start=\"1466\" data-end=\"1486\" data-col-size=\"sm\"><strong data-start=\"1468\" data-end=\"1478\">D\u00e9tail<\/strong><\/th>\n<th class=\"\" data-start=\"1486\" data-end=\"1505\" data-col-size=\"md\"><strong data-start=\"1488\" data-end=\"1503\">Informations<\/strong><\/th>\n<\/tr>\n<\/thead>\n<tbody data-start=\"1544\" data-end=\"1764\">\n<tr data-start=\"1544\" data-end=\"1602\">\n<td data-start=\"1544\" data-end=\"1563\" data-col-size=\"sm\">Origine<\/td>\n<td data-start=\"1563\" data-end=\"1602\" data-col-size=\"md\">St. Helena, vall\u00e9e de Napa, Californie<\/td>\n<\/tr>\n<tr data-start=\"1603\" data-end=\"1680\">\n<td data-start=\"1603\" data-end=\"1622\" data-col-size=\"sm\">Fermentation<\/td>\n<td data-start=\"1622\" data-end=\"1680\" data-col-size=\"md\">D\u00e9lestage pendant la fermentation maximale ; 3 remontages par jour<\/td>\n<\/tr>\n<tr data-start=\"1681\" data-end=\"1713\">\n<td data-start=\"1681\" data-end=\"1700\" data-col-size=\"sm\">Dur\u00e9e en f\u00fbt<\/td>\n<td data-start=\"1700\" data-end=\"1713\" data-col-size=\"md\">18 mois<\/td>\n<\/tr>\n<tr data-start=\"1714\" data-end=\"1764\">\n<td data-start=\"1714\" data-end=\"1733\" data-col-size=\"sm\">Type de f\u00fbt<\/td>\n<td data-start=\"1733\" data-end=\"1764\" data-col-size=\"md\">Ch\u00eane fran\u00e7ais, Bordeaux Export<\/td>\n<\/tr>\n<\/tbody>\n<\/table>\n<\/div>\n<\/div>","protected":false},"featured_media":5488,"comment_status":"open","ping_status":"closed","template":"","meta":[],"product_brand":[],"product_cat":[30],"product_tag":[],"class_list":{"0":"post-5487","1":"product","2":"type-product","3":"status-publish","4":"has-post-thumbnail","6":"product_cat-red-wines","8":"first","9":"instock","10":"shipping-taxable","11":"product-type-simple"},"yoast_head":"<!-- This site is optimized with the Yoast SEO plugin v27.2 - https:\/\/yoast.com\/product\/yoast-seo-wordpress\/ -->\n<title>Carol&#039;s Vineyard - AgroNet LLC<\/title>\n<meta name=\"robots\" content=\"index, follow, max-snippet:-1, max-image-preview:large, max-video-preview:-1\" \/>\n<link rel=\"canonical\" href=\"https:\/\/agronetllc.com\/fr\/produit\/carols-vineyard\/\" \/>\n<meta property=\"og:locale\" content=\"fr_FR\" \/>\n<meta property=\"og:type\" content=\"article\" \/>\n<meta property=\"og:title\" content=\"Carol&#039;s Vineyard - AgroNet LLC\" \/>\n<meta property=\"og:description\" content=\"Cabernet Sauvignon TOUCHING LIVES, ONE TOAST AT A TIME A portion from every bottle sold of Carol\u2019s Vineyard Cabernet Sauvignon supports programs by the National Breast Cancer Foundation, helping make a meaningful impact. This year marks the fifteenth anniversary of a heartfelt partnership supporting this initiative. The \u201cTouching Lives\u201d program began as a commemorative release in honor of Carol Waldorf Lohr, who passed away in 2008 due to complications from breast cancer. Today, $3 from every purchase of Carol\u2019s Vineyard Cabernet Sauvignon\u2014whether at restaurants, wine shops, online, or wine centers\u2014is donated to the National Breast Cancer Foundation. Since the program began, these contributions have supported early breast cancer detection, access to mammograms, patient navigation systems, and the delivery of HOPE Kits to women undergoing treatment. This partnership has helped fund over 8,000 mammograms for women in need. ENCOURAGING WOMEN TO TAKE CHARGE The mission of the National Breast Cancer Foundation is to provide help and inspire hope through early detection, education, and support services. Agronet LLC proudly supports awareness and encourages women to take charge of their health through knowledge and self-awareness.       Detail Information     Origin St. Helena, Napa Valley, California   Fermentation D\u00e9lestage during peak fermentation; 3 punchdowns daily   Time in Barrel 18 months   Barrel Type French oak, Bordeaux export\" \/>\n<meta property=\"og:url\" content=\"https:\/\/agronetllc.com\/fr\/produit\/carols-vineyard\/\" \/>\n<meta property=\"og:site_name\" content=\"AgroNet LLC\" \/>\n<meta property=\"article:modified_time\" content=\"2026-03-30T10:15:26+00:00\" \/>\n<meta property=\"og:image\" content=\"http:\/\/agronetllc.com\/wp-content\/uploads\/2026\/03\/Carols-Vineyard.png\" \/>\n\t<meta property=\"og:image:width\" content=\"600\" \/>\n\t<meta property=\"og:image:height\" content=\"700\" \/>\n\t<meta property=\"og:image:type\" content=\"image\/png\" \/>\n<meta name=\"twitter:card\" content=\"summary_large_image\" \/>\n<script type=\"application\/ld+json\" class=\"yoast-schema-graph\">{\"@context\":\"https:\/\/schema.org\",\"@graph\":[{\"@type\":\"WebPage\",\"@id\":\"https:\/\/agronetllc.com\/product\/carols-vineyard\/\",\"url\":\"https:\/\/agronetllc.com\/product\/carols-vineyard\/\",\"name\":\"Carol's Vineyard - AgroNet LLC\",\"isPartOf\":{\"@id\":\"https:\/\/agronetllc.com\/#website\"},\"primaryImageOfPage\":{\"@id\":\"https:\/\/agronetllc.com\/product\/carols-vineyard\/#primaryimage\"},\"image\":{\"@id\":\"https:\/\/agronetllc.com\/product\/carols-vineyard\/#primaryimage\"},\"thumbnailUrl\":\"https:\/\/agronetllc.com\/wp-content\/uploads\/2026\/03\/Carols-Vineyard.png\",\"datePublished\":\"2026-03-30T10:14:54+00:00\",\"dateModified\":\"2026-03-30T10:15:26+00:00\",\"breadcrumb\":{\"@id\":\"https:\/\/agronetllc.com\/product\/carols-vineyard\/#breadcrumb\"},\"inLanguage\":\"fr-FR\",\"potentialAction\":[{\"@type\":\"ReadAction\",\"target\":[\"https:\/\/agronetllc.com\/product\/carols-vineyard\/\"]}]},{\"@type\":\"ImageObject\",\"inLanguage\":\"fr-FR\",\"@id\":\"https:\/\/agronetllc.com\/product\/carols-vineyard\/#primaryimage\",\"url\":\"https:\/\/agronetllc.com\/wp-content\/uploads\/2026\/03\/Carols-Vineyard.png\",\"contentUrl\":\"https:\/\/agronetllc.com\/wp-content\/uploads\/2026\/03\/Carols-Vineyard.png\",\"width\":600,\"height\":700},{\"@type\":\"BreadcrumbList\",\"@id\":\"https:\/\/agronetllc.com\/product\/carols-vineyard\/#breadcrumb\",\"itemListElement\":[{\"@type\":\"ListItem\",\"position\":1,\"name\":\"Home\",\"item\":\"https:\/\/agronetllc.com\/\"},{\"@type\":\"ListItem\",\"position\":2,\"name\":\"Shop\",\"item\":\"https:\/\/agronetllc.com\/shop\/\"},{\"@type\":\"ListItem\",\"position\":3,\"name\":\"Carol&#8217;s Vineyard\"}]},{\"@type\":\"WebSite\",\"@id\":\"https:\/\/agronetllc.com\/#website\",\"url\":\"https:\/\/agronetllc.com\/\",\"name\":\"AgroNet LLC\",\"description\":\"Provide high-quality products\",\"publisher\":{\"@id\":\"https:\/\/agronetllc.com\/#organization\"},\"potentialAction\":[{\"@type\":\"SearchAction\",\"target\":{\"@type\":\"EntryPoint\",\"urlTemplate\":\"https:\/\/agronetllc.com\/?s={search_term_string}\"},\"query-input\":{\"@type\":\"PropertyValueSpecification\",\"valueRequired\":true,\"valueName\":\"search_term_string\"}}],\"inLanguage\":\"fr-FR\"},{\"@type\":\"Organization\",\"@id\":\"https:\/\/agronetllc.com\/#organization\",\"name\":\"AgroNet LLC\",\"url\":\"https:\/\/agronetllc.com\/\",\"logo\":{\"@type\":\"ImageObject\",\"inLanguage\":\"fr-FR\",\"@id\":\"https:\/\/agronetllc.com\/#\/schema\/logo\/image\/\",\"url\":\"https:\/\/agronetllc.com\/wp-content\/uploads\/2020\/03\/Agronet-LLC.png\",\"contentUrl\":\"https:\/\/agronetllc.com\/wp-content\/uploads\/2020\/03\/Agronet-LLC.png\",\"width\":651,\"height\":236,\"caption\":\"AgroNet LLC\"},\"image\":{\"@id\":\"https:\/\/agronetllc.com\/#\/schema\/logo\/image\/\"}}]}<\/script>\n<!-- \/ Yoast SEO plugin. -->","yoast_head_json":{"title":"Carol's Vineyard - AgroNet LLC","robots":{"index":"index","follow":"follow","max-snippet":"max-snippet:-1","max-image-preview":"max-image-preview:large","max-video-preview":"max-video-preview:-1"},"canonical":"https:\/\/agronetllc.com\/fr\/produit\/carols-vineyard\/","og_locale":"fr_FR","og_type":"article","og_title":"Carol's Vineyard - AgroNet LLC","og_description":"Cabernet Sauvignon TOUCHING LIVES, ONE TOAST AT A TIME A portion from every bottle sold of Carol\u2019s Vineyard Cabernet Sauvignon supports programs by the National Breast Cancer Foundation, helping make a meaningful impact. This year marks the fifteenth anniversary of a heartfelt partnership supporting this initiative. The \u201cTouching Lives\u201d program began as a commemorative release in honor of Carol Waldorf Lohr, who passed away in 2008 due to complications from breast cancer. Today, $3 from every purchase of Carol\u2019s Vineyard Cabernet Sauvignon\u2014whether at restaurants, wine shops, online, or wine centers\u2014is donated to the National Breast Cancer Foundation. Since the program began, these contributions have supported early breast cancer detection, access to mammograms, patient navigation systems, and the delivery of HOPE Kits to women undergoing treatment. This partnership has helped fund over 8,000 mammograms for women in need. ENCOURAGING WOMEN TO TAKE CHARGE The mission of the National Breast Cancer Foundation is to provide help and inspire hope through early detection, education, and support services. Agronet LLC proudly supports awareness and encourages women to take charge of their health through knowledge and self-awareness.       Detail Information     Origin St. Helena, Napa Valley, California   Fermentation D\u00e9lestage during peak fermentation; 3 punchdowns daily   Time in Barrel 18 months   Barrel Type French oak, Bordeaux export","og_url":"https:\/\/agronetllc.com\/fr\/produit\/carols-vineyard\/","og_site_name":"AgroNet LLC","article_modified_time":"2026-03-30T10:15:26+00:00","og_image":[{"width":600,"height":700,"url":"http:\/\/agronetllc.com\/wp-content\/uploads\/2026\/03\/Carols-Vineyard.png","type":"image\/png"}],"twitter_card":"summary_large_image","schema":{"@context":"https:\/\/schema.org","@graph":[{"@type":"WebPage","@id":"https:\/\/agronetllc.com\/product\/carols-vineyard\/","url":"https:\/\/agronetllc.com\/product\/carols-vineyard\/","name":"Carol's Vineyard - AgroNet LLC","isPartOf":{"@id":"https:\/\/agronetllc.com\/#website"},"primaryImageOfPage":{"@id":"https:\/\/agronetllc.com\/product\/carols-vineyard\/#primaryimage"},"image":{"@id":"https:\/\/agronetllc.com\/product\/carols-vineyard\/#primaryimage"},"thumbnailUrl":"https:\/\/agronetllc.com\/wp-content\/uploads\/2026\/03\/Carols-Vineyard.png","datePublished":"2026-03-30T10:14:54+00:00","dateModified":"2026-03-30T10:15:26+00:00","breadcrumb":{"@id":"https:\/\/agronetllc.com\/product\/carols-vineyard\/#breadcrumb"},"inLanguage":"fr-FR","potentialAction":[{"@type":"ReadAction","target":["https:\/\/agronetllc.com\/product\/carols-vineyard\/"]}]},{"@type":"ImageObject","inLanguage":"fr-FR","@id":"https:\/\/agronetllc.com\/product\/carols-vineyard\/#primaryimage","url":"https:\/\/agronetllc.com\/wp-content\/uploads\/2026\/03\/Carols-Vineyard.png","contentUrl":"https:\/\/agronetllc.com\/wp-content\/uploads\/2026\/03\/Carols-Vineyard.png","width":600,"height":700},{"@type":"BreadcrumbList","@id":"https:\/\/agronetllc.com\/product\/carols-vineyard\/#breadcrumb","itemListElement":[{"@type":"ListItem","position":1,"name":"Home","item":"https:\/\/agronetllc.com\/"},{"@type":"ListItem","position":2,"name":"Shop","item":"https:\/\/agronetllc.com\/shop\/"},{"@type":"ListItem","position":3,"name":"Carol&#8217;s Vineyard"}]},{"@type":"WebSite","@id":"https:\/\/agronetllc.com\/#website","url":"https:\/\/agronetllc.com\/","name":"AgroNet LLC","description":"Provide high-quality products","publisher":{"@id":"https:\/\/agronetllc.com\/#organization"},"potentialAction":[{"@type":"SearchAction","target":{"@type":"EntryPoint","urlTemplate":"https:\/\/agronetllc.com\/?s={search_term_string}"},"query-input":{"@type":"PropertyValueSpecification","valueRequired":true,"valueName":"search_term_string"}}],"inLanguage":"fr-FR"},{"@type":"Organization","@id":"https:\/\/agronetllc.com\/#organization","name":"AgroNet LLC","url":"https:\/\/agronetllc.com\/","logo":{"@type":"ImageObject","inLanguage":"fr-FR","@id":"https:\/\/agronetllc.com\/#\/schema\/logo\/image\/","url":"https:\/\/agronetllc.com\/wp-content\/uploads\/2020\/03\/Agronet-LLC.png","contentUrl":"https:\/\/agronetllc.com\/wp-content\/uploads\/2020\/03\/Agronet-LLC.png","width":651,"height":236,"caption":"AgroNet LLC"},"image":{"@id":"https:\/\/agronetllc.com\/#\/schema\/logo\/image\/"}}]}},"_links":{"self":[{"href":"https:\/\/agronetllc.com\/fr\/wp-json\/wp\/v2\/product\/5487","targetHints":{"allow":["GET"]}}],"collection":[{"href":"https:\/\/agronetllc.com\/fr\/wp-json\/wp\/v2\/product"}],"about":[{"href":"https:\/\/agronetllc.com\/fr\/wp-json\/wp\/v2\/types\/product"}],"replies":[{"embeddable":true,"href":"https:\/\/agronetllc.com\/fr\/wp-json\/wp\/v2\/comments?post=5487"}],"wp:featuredmedia":[{"embeddable":true,"href":"https:\/\/agronetllc.com\/fr\/wp-json\/wp\/v2\/media\/5488"}],"wp:attachment":[{"href":"https:\/\/agronetllc.com\/fr\/wp-json\/wp\/v2\/media?parent=5487"}],"wp:term":[{"taxonomy":"product_brand","embeddable":true,"href":"https:\/\/agronetllc.com\/fr\/wp-json\/wp\/v2\/product_brand?post=5487"},{"taxonomy":"product_cat","embeddable":true,"href":"https:\/\/agronetllc.com\/fr\/wp-json\/wp\/v2\/product_cat?post=5487"},{"taxonomy":"product_tag","embeddable":true,"href":"https:\/\/agronetllc.com\/fr\/wp-json\/wp\/v2\/product_tag?post=5487"}],"curies":[{"name":"wp","href":"https:\/\/api.w.org\/{rel}","templated":true}]}}