{"id":5496,"date":"2026-03-30T05:28:55","date_gmt":"2026-03-30T10:28:55","guid":{"rendered":"https:\/\/agronetllc.com\/?post_type=product&#038;p=5496"},"modified":"2026-03-30T05:30:18","modified_gmt":"2026-03-30T10:30:18","slug":"home-ranch-petit-verdot","status":"publish","type":"product","link":"https:\/\/agronetllc.com\/fr\/produit\/home-ranch-petit-verdot\/","title":{"rendered":"Home Ranch"},"content":{"rendered":"","protected":false},"excerpt":{"rendered":"<h3 data-section-id=\"1vjdioe\" data-start=\"101\" data-end=\"134\"><span role=\"text\"><strong data-start=\"105\" data-end=\"134\">Petit Verdot<\/strong><\/span><\/h3>\n<p data-start=\"136\" data-end=\"282\">Un vin rouge audacieux et finement textur\u00e9, \u00e0 la structure riche et profonde. Id\u00e9al pour accompagner des repas copieux ou \u00e0 savourer en douceur en fin de repas.<\/p>\n<div class=\"TyagGW_tableContainer\">\n<div class=\"group TyagGW_tableWrapper flex flex-col-reverse w-fit\" tabindex=\"-1\">\n<table class=\"w-fit min-w-(--thread-content-width)\" data-start=\"289\" data-end=\"679\">\n<thead data-start=\"289\" data-end=\"328\">\n<tr data-start=\"289\" data-end=\"328\">\n<th class=\"\" data-start=\"289\" data-end=\"309\" data-col-size=\"sm\"><strong data-start=\"291\" data-end=\"301\">D\u00e9tail<\/strong><\/th>\n<th class=\"\" data-start=\"309\" data-end=\"328\" data-col-size=\"lg\"><strong data-start=\"311\" data-end=\"326\">Informations<\/strong><\/th>\n<\/tr>\n<\/thead>\n<tbody data-start=\"367\" data-end=\"679\">\n<tr data-start=\"367\" data-end=\"432\">\n<td data-start=\"367\" data-end=\"386\" data-col-size=\"sm\">Origine<\/td>\n<td data-start=\"386\" data-end=\"432\" data-col-size=\"lg\">District d\u2019Estrella, Paso Robles, Californie<\/td>\n<\/tr>\n<tr data-start=\"433\" data-end=\"474\">\n<td data-start=\"433\" data-end=\"452\" data-col-size=\"sm\">Dur\u00e9e en f\u00fbt<\/td>\n<td data-start=\"452\" data-end=\"474\" data-col-size=\"lg\">\u00c9lev\u00e9 pendant 15 mois<\/td>\n<\/tr>\n<tr data-start=\"475\" data-end=\"542\">\n<td data-start=\"475\" data-end=\"494\" data-col-size=\"sm\">Type de f\u00fbt<\/td>\n<td data-start=\"494\" data-end=\"542\" data-col-size=\"lg\">F\u00fbt fran\u00e7ais Bordeaux Export de 25 litres, 13 % de ch\u00eane neuf<\/td>\n<\/tr>\n<tr data-start=\"543\" data-end=\"679\">\n<td data-start=\"543\" data-end=\"562\" data-col-size=\"sm\">Accords mets-vins<\/td>\n<td data-start=\"562\" data-end=\"679\" data-col-size=\"lg\">\u00c0 servir avec un c\u00f4te de b\u0153uf copieuse et un rago\u00fbt de l\u00e9gumes, ou \u00e0 d\u00e9guster avec du fromage Manchego, des amandes Marcona et des fruits secs<\/td>\n<\/tr>\n<\/tbody>\n<\/table>\n<\/div>\n<\/div>","protected":false},"featured_media":5497,"comment_status":"open","ping_status":"closed","template":"","meta":[],"product_brand":[],"product_cat":[30],"product_tag":[],"class_list":{"0":"post-5496","1":"product","2":"type-product","3":"status-publish","4":"has-post-thumbnail","6":"product_cat-red-wines","8":"first","9":"instock","10":"shipping-taxable","11":"product-type-simple"},"yoast_head":"<!-- This site is optimized with the Yoast SEO plugin v27.2 - https:\/\/yoast.com\/product\/yoast-seo-wordpress\/ -->\n<title>Home Ranch - AgroNet LLC<\/title>\n<meta name=\"robots\" content=\"index, follow, max-snippet:-1, max-image-preview:large, max-video-preview:-1\" \/>\n<link rel=\"canonical\" href=\"https:\/\/agronetllc.com\/fr\/produit\/home-ranch-petit-verdot\/\" \/>\n<meta property=\"og:locale\" content=\"fr_FR\" \/>\n<meta property=\"og:type\" content=\"article\" \/>\n<meta property=\"og:title\" content=\"Home Ranch - AgroNet LLC\" \/>\n<meta property=\"og:description\" content=\"Petit Verdot A bold and finely textured red wine with rich structure and depth. Ideal for pairing with hearty meals or enjoying as a smooth finish to a meal.       Detail Information     Origin Estrella District, Paso Robles, California   Time in Barrel Aged for 15 months   Barrel Type 25-liter Bordeaux Export French oak, 13% new   Food Pairings Serve with hearty beef ribeye and vegetable stew, or enjoy with Manchego cheese, Marcona almonds, and dried fruit\" \/>\n<meta property=\"og:url\" content=\"https:\/\/agronetllc.com\/fr\/produit\/home-ranch-petit-verdot\/\" \/>\n<meta property=\"og:site_name\" content=\"AgroNet LLC\" \/>\n<meta property=\"article:modified_time\" content=\"2026-03-30T10:30:18+00:00\" \/>\n<meta property=\"og:image\" content=\"http:\/\/agronetllc.com\/wp-content\/uploads\/2026\/03\/Home-Ranch-Petit-Verdot.png\" \/>\n\t<meta property=\"og:image:width\" content=\"600\" \/>\n\t<meta property=\"og:image:height\" content=\"700\" \/>\n\t<meta property=\"og:image:type\" content=\"image\/png\" \/>\n<meta name=\"twitter:card\" content=\"summary_large_image\" \/>\n<script type=\"application\/ld+json\" class=\"yoast-schema-graph\">{\"@context\":\"https:\/\/schema.org\",\"@graph\":[{\"@type\":\"WebPage\",\"@id\":\"https:\/\/agronetllc.com\/product\/home-ranch-petit-verdot\/\",\"url\":\"https:\/\/agronetllc.com\/product\/home-ranch-petit-verdot\/\",\"name\":\"Home Ranch - AgroNet LLC\",\"isPartOf\":{\"@id\":\"https:\/\/agronetllc.com\/#website\"},\"primaryImageOfPage\":{\"@id\":\"https:\/\/agronetllc.com\/product\/home-ranch-petit-verdot\/#primaryimage\"},\"image\":{\"@id\":\"https:\/\/agronetllc.com\/product\/home-ranch-petit-verdot\/#primaryimage\"},\"thumbnailUrl\":\"https:\/\/agronetllc.com\/wp-content\/uploads\/2026\/03\/Home-Ranch-Petit-Verdot.png\",\"datePublished\":\"2026-03-30T10:28:55+00:00\",\"dateModified\":\"2026-03-30T10:30:18+00:00\",\"breadcrumb\":{\"@id\":\"https:\/\/agronetllc.com\/product\/home-ranch-petit-verdot\/#breadcrumb\"},\"inLanguage\":\"fr-FR\",\"potentialAction\":[{\"@type\":\"ReadAction\",\"target\":[\"https:\/\/agronetllc.com\/product\/home-ranch-petit-verdot\/\"]}]},{\"@type\":\"ImageObject\",\"inLanguage\":\"fr-FR\",\"@id\":\"https:\/\/agronetllc.com\/product\/home-ranch-petit-verdot\/#primaryimage\",\"url\":\"https:\/\/agronetllc.com\/wp-content\/uploads\/2026\/03\/Home-Ranch-Petit-Verdot.png\",\"contentUrl\":\"https:\/\/agronetllc.com\/wp-content\/uploads\/2026\/03\/Home-Ranch-Petit-Verdot.png\",\"width\":600,\"height\":700},{\"@type\":\"BreadcrumbList\",\"@id\":\"https:\/\/agronetllc.com\/product\/home-ranch-petit-verdot\/#breadcrumb\",\"itemListElement\":[{\"@type\":\"ListItem\",\"position\":1,\"name\":\"Home\",\"item\":\"https:\/\/agronetllc.com\/\"},{\"@type\":\"ListItem\",\"position\":2,\"name\":\"Shop\",\"item\":\"https:\/\/agronetllc.com\/shop\/\"},{\"@type\":\"ListItem\",\"position\":3,\"name\":\"Home Ranch\"}]},{\"@type\":\"WebSite\",\"@id\":\"https:\/\/agronetllc.com\/#website\",\"url\":\"https:\/\/agronetllc.com\/\",\"name\":\"AgroNet LLC\",\"description\":\"Provide high-quality products\",\"publisher\":{\"@id\":\"https:\/\/agronetllc.com\/#organization\"},\"potentialAction\":[{\"@type\":\"SearchAction\",\"target\":{\"@type\":\"EntryPoint\",\"urlTemplate\":\"https:\/\/agronetllc.com\/?s={search_term_string}\"},\"query-input\":{\"@type\":\"PropertyValueSpecification\",\"valueRequired\":true,\"valueName\":\"search_term_string\"}}],\"inLanguage\":\"fr-FR\"},{\"@type\":\"Organization\",\"@id\":\"https:\/\/agronetllc.com\/#organization\",\"name\":\"AgroNet LLC\",\"url\":\"https:\/\/agronetllc.com\/\",\"logo\":{\"@type\":\"ImageObject\",\"inLanguage\":\"fr-FR\",\"@id\":\"https:\/\/agronetllc.com\/#\/schema\/logo\/image\/\",\"url\":\"https:\/\/agronetllc.com\/wp-content\/uploads\/2020\/03\/Agronet-LLC.png\",\"contentUrl\":\"https:\/\/agronetllc.com\/wp-content\/uploads\/2020\/03\/Agronet-LLC.png\",\"width\":651,\"height\":236,\"caption\":\"AgroNet LLC\"},\"image\":{\"@id\":\"https:\/\/agronetllc.com\/#\/schema\/logo\/image\/\"}}]}<\/script>\n<!-- \/ Yoast SEO plugin. -->","yoast_head_json":{"title":"Home Ranch - AgroNet LLC","robots":{"index":"index","follow":"follow","max-snippet":"max-snippet:-1","max-image-preview":"max-image-preview:large","max-video-preview":"max-video-preview:-1"},"canonical":"https:\/\/agronetllc.com\/fr\/produit\/home-ranch-petit-verdot\/","og_locale":"fr_FR","og_type":"article","og_title":"Home Ranch - AgroNet LLC","og_description":"Petit Verdot A bold and finely textured red wine with rich structure and depth. Ideal for pairing with hearty meals or enjoying as a smooth finish to a meal.       Detail Information     Origin Estrella District, Paso Robles, California   Time in Barrel Aged for 15 months   Barrel Type 25-liter Bordeaux Export French oak, 13% new   Food Pairings Serve with hearty beef ribeye and vegetable stew, or enjoy with Manchego cheese, Marcona almonds, and dried fruit","og_url":"https:\/\/agronetllc.com\/fr\/produit\/home-ranch-petit-verdot\/","og_site_name":"AgroNet LLC","article_modified_time":"2026-03-30T10:30:18+00:00","og_image":[{"width":600,"height":700,"url":"http:\/\/agronetllc.com\/wp-content\/uploads\/2026\/03\/Home-Ranch-Petit-Verdot.png","type":"image\/png"}],"twitter_card":"summary_large_image","schema":{"@context":"https:\/\/schema.org","@graph":[{"@type":"WebPage","@id":"https:\/\/agronetllc.com\/product\/home-ranch-petit-verdot\/","url":"https:\/\/agronetllc.com\/product\/home-ranch-petit-verdot\/","name":"Home Ranch - AgroNet LLC","isPartOf":{"@id":"https:\/\/agronetllc.com\/#website"},"primaryImageOfPage":{"@id":"https:\/\/agronetllc.com\/product\/home-ranch-petit-verdot\/#primaryimage"},"image":{"@id":"https:\/\/agronetllc.com\/product\/home-ranch-petit-verdot\/#primaryimage"},"thumbnailUrl":"https:\/\/agronetllc.com\/wp-content\/uploads\/2026\/03\/Home-Ranch-Petit-Verdot.png","datePublished":"2026-03-30T10:28:55+00:00","dateModified":"2026-03-30T10:30:18+00:00","breadcrumb":{"@id":"https:\/\/agronetllc.com\/product\/home-ranch-petit-verdot\/#breadcrumb"},"inLanguage":"fr-FR","potentialAction":[{"@type":"ReadAction","target":["https:\/\/agronetllc.com\/product\/home-ranch-petit-verdot\/"]}]},{"@type":"ImageObject","inLanguage":"fr-FR","@id":"https:\/\/agronetllc.com\/product\/home-ranch-petit-verdot\/#primaryimage","url":"https:\/\/agronetllc.com\/wp-content\/uploads\/2026\/03\/Home-Ranch-Petit-Verdot.png","contentUrl":"https:\/\/agronetllc.com\/wp-content\/uploads\/2026\/03\/Home-Ranch-Petit-Verdot.png","width":600,"height":700},{"@type":"BreadcrumbList","@id":"https:\/\/agronetllc.com\/product\/home-ranch-petit-verdot\/#breadcrumb","itemListElement":[{"@type":"ListItem","position":1,"name":"Home","item":"https:\/\/agronetllc.com\/"},{"@type":"ListItem","position":2,"name":"Shop","item":"https:\/\/agronetllc.com\/shop\/"},{"@type":"ListItem","position":3,"name":"Home Ranch"}]},{"@type":"WebSite","@id":"https:\/\/agronetllc.com\/#website","url":"https:\/\/agronetllc.com\/","name":"AgroNet LLC","description":"Provide high-quality products","publisher":{"@id":"https:\/\/agronetllc.com\/#organization"},"potentialAction":[{"@type":"SearchAction","target":{"@type":"EntryPoint","urlTemplate":"https:\/\/agronetllc.com\/?s={search_term_string}"},"query-input":{"@type":"PropertyValueSpecification","valueRequired":true,"valueName":"search_term_string"}}],"inLanguage":"fr-FR"},{"@type":"Organization","@id":"https:\/\/agronetllc.com\/#organization","name":"AgroNet LLC","url":"https:\/\/agronetllc.com\/","logo":{"@type":"ImageObject","inLanguage":"fr-FR","@id":"https:\/\/agronetllc.com\/#\/schema\/logo\/image\/","url":"https:\/\/agronetllc.com\/wp-content\/uploads\/2020\/03\/Agronet-LLC.png","contentUrl":"https:\/\/agronetllc.com\/wp-content\/uploads\/2020\/03\/Agronet-LLC.png","width":651,"height":236,"caption":"AgroNet LLC"},"image":{"@id":"https:\/\/agronetllc.com\/#\/schema\/logo\/image\/"}}]}},"_links":{"self":[{"href":"https:\/\/agronetllc.com\/fr\/wp-json\/wp\/v2\/product\/5496","targetHints":{"allow":["GET"]}}],"collection":[{"href":"https:\/\/agronetllc.com\/fr\/wp-json\/wp\/v2\/product"}],"about":[{"href":"https:\/\/agronetllc.com\/fr\/wp-json\/wp\/v2\/types\/product"}],"replies":[{"embeddable":true,"href":"https:\/\/agronetllc.com\/fr\/wp-json\/wp\/v2\/comments?post=5496"}],"wp:featuredmedia":[{"embeddable":true,"href":"https:\/\/agronetllc.com\/fr\/wp-json\/wp\/v2\/media\/5497"}],"wp:attachment":[{"href":"https:\/\/agronetllc.com\/fr\/wp-json\/wp\/v2\/media?parent=5496"}],"wp:term":[{"taxonomy":"product_brand","embeddable":true,"href":"https:\/\/agronetllc.com\/fr\/wp-json\/wp\/v2\/product_brand?post=5496"},{"taxonomy":"product_cat","embeddable":true,"href":"https:\/\/agronetllc.com\/fr\/wp-json\/wp\/v2\/product_cat?post=5496"},{"taxonomy":"product_tag","embeddable":true,"href":"https:\/\/agronetllc.com\/fr\/wp-json\/wp\/v2\/product_tag?post=5496"}],"curies":[{"name":"wp","href":"https:\/\/api.w.org\/{rel}","templated":true}]}}