{"id":5502,"date":"2026-03-30T05:38:58","date_gmt":"2026-03-30T10:38:58","guid":{"rendered":"https:\/\/agronetllc.com\/?post_type=product&#038;p=5502"},"modified":"2026-03-30T05:39:00","modified_gmt":"2026-03-30T10:39:00","slug":"rain-catcher-vineyard","status":"publish","type":"product","link":"https:\/\/agronetllc.com\/fr\/produit\/rain-catcher-vineyard\/","title":{"rendered":"Rain Catcher Vineyard"},"content":{"rendered":"","protected":false},"excerpt":{"rendered":"<h3 data-section-id=\"1qii4ky\" data-start=\"101\" data-end=\"144\"><span role=\"text\"><strong data-start=\"105\" data-end=\"144\">Field Blend<\/strong><\/span><\/h3>\n<p data-start=\"146\" data-end=\"350\">Un assemblage de parcelle unique et expressif, aux saveurs stratifi\u00e9es et \u00e0 la finale lisse et \u00e9quilibr\u00e9e. Con\u00e7u pour offrir complexit\u00e9 et polyvalence, en faisant un excellent choix pour diverses occasions et repas.<\/p>\n<div class=\"TyagGW_tableContainer\">\n<div class=\"group TyagGW_tableWrapper flex flex-col-reverse w-fit\" tabindex=\"-1\">\n<table class=\"w-fit min-w-(--thread-content-width)\" data-start=\"357\" data-end=\"571\">\n<thead data-start=\"357\" data-end=\"396\">\n<tr data-start=\"357\" data-end=\"396\">\n<th class=\"\" data-start=\"357\" data-end=\"377\" data-col-size=\"sm\"><strong data-start=\"359\" data-end=\"369\">D\u00e9tail<\/strong><\/th>\n<th class=\"\" data-start=\"377\" data-end=\"396\" data-col-size=\"md\"><strong data-start=\"379\" data-end=\"394\">Informations<\/strong><\/th>\n<\/tr>\n<\/thead>\n<tbody data-start=\"435\" data-end=\"571\">\n<tr data-start=\"435\" data-end=\"481\">\n<td data-start=\"435\" data-end=\"454\" data-col-size=\"sm\">Origine<\/td>\n<td data-start=\"454\" data-end=\"481\" data-col-size=\"md\">Paso Robles, Californie<\/td>\n<\/tr>\n<tr data-start=\"482\" data-end=\"571\">\n<td data-start=\"482\" data-end=\"501\" data-col-size=\"sm\">Accords mets-vins<\/td>\n<td data-start=\"501\" data-end=\"571\" data-col-size=\"md\">Se marie bien avec les viandes grill\u00e9es, les l\u00e9gumes r\u00f4tis ou les fromages affin\u00e9s<\/td>\n<\/tr>\n<\/tbody>\n<\/table>\n<\/div>\n<\/div>","protected":false},"featured_media":5503,"comment_status":"open","ping_status":"closed","template":"","meta":[],"product_brand":[],"product_cat":[30],"product_tag":[],"class_list":{"0":"post-5502","1":"product","2":"type-product","3":"status-publish","4":"has-post-thumbnail","6":"product_cat-red-wines","8":"first","9":"instock","10":"shipping-taxable","11":"product-type-simple"},"yoast_head":"<!-- This site is optimized with the Yoast SEO plugin v27.2 - https:\/\/yoast.com\/product\/yoast-seo-wordpress\/ -->\n<title>Rain Catcher Vineyard - AgroNet LLC<\/title>\n<meta name=\"robots\" content=\"index, follow, max-snippet:-1, max-image-preview:large, max-video-preview:-1\" \/>\n<link rel=\"canonical\" href=\"https:\/\/agronetllc.com\/fr\/produit\/rain-catcher-vineyard\/\" \/>\n<meta property=\"og:locale\" content=\"fr_FR\" \/>\n<meta property=\"og:type\" content=\"article\" \/>\n<meta property=\"og:title\" content=\"Rain Catcher Vineyard - AgroNet LLC\" \/>\n<meta property=\"og:description\" content=\"Field Blend A unique and expressive field blend with layered flavors and a smooth, balanced finish. Crafted to deliver complexity and versatility, making it an excellent choice for a variety of occasions and meals.       Detail Information     Origin Paso Robles, California   Food Pairings Pairs well with grilled meats, roasted vegetables, or aged cheeses\" \/>\n<meta property=\"og:url\" content=\"https:\/\/agronetllc.com\/fr\/produit\/rain-catcher-vineyard\/\" \/>\n<meta property=\"og:site_name\" content=\"AgroNet LLC\" \/>\n<meta property=\"article:modified_time\" content=\"2026-03-30T10:39:00+00:00\" \/>\n<meta property=\"og:image\" content=\"http:\/\/agronetllc.com\/wp-content\/uploads\/2026\/03\/Rain-Catcher-Vineyard.png\" \/>\n\t<meta property=\"og:image:width\" content=\"600\" \/>\n\t<meta property=\"og:image:height\" content=\"700\" \/>\n\t<meta property=\"og:image:type\" content=\"image\/png\" \/>\n<meta name=\"twitter:card\" content=\"summary_large_image\" \/>\n<script type=\"application\/ld+json\" class=\"yoast-schema-graph\">{\"@context\":\"https:\/\/schema.org\",\"@graph\":[{\"@type\":\"WebPage\",\"@id\":\"https:\/\/agronetllc.com\/product\/rain-catcher-vineyard\/\",\"url\":\"https:\/\/agronetllc.com\/product\/rain-catcher-vineyard\/\",\"name\":\"Rain Catcher Vineyard - AgroNet LLC\",\"isPartOf\":{\"@id\":\"https:\/\/agronetllc.com\/#website\"},\"primaryImageOfPage\":{\"@id\":\"https:\/\/agronetllc.com\/product\/rain-catcher-vineyard\/#primaryimage\"},\"image\":{\"@id\":\"https:\/\/agronetllc.com\/product\/rain-catcher-vineyard\/#primaryimage\"},\"thumbnailUrl\":\"https:\/\/agronetllc.com\/wp-content\/uploads\/2026\/03\/Rain-Catcher-Vineyard.png\",\"datePublished\":\"2026-03-30T10:38:58+00:00\",\"dateModified\":\"2026-03-30T10:39:00+00:00\",\"breadcrumb\":{\"@id\":\"https:\/\/agronetllc.com\/product\/rain-catcher-vineyard\/#breadcrumb\"},\"inLanguage\":\"fr-FR\",\"potentialAction\":[{\"@type\":\"ReadAction\",\"target\":[\"https:\/\/agronetllc.com\/product\/rain-catcher-vineyard\/\"]}]},{\"@type\":\"ImageObject\",\"inLanguage\":\"fr-FR\",\"@id\":\"https:\/\/agronetllc.com\/product\/rain-catcher-vineyard\/#primaryimage\",\"url\":\"https:\/\/agronetllc.com\/wp-content\/uploads\/2026\/03\/Rain-Catcher-Vineyard.png\",\"contentUrl\":\"https:\/\/agronetllc.com\/wp-content\/uploads\/2026\/03\/Rain-Catcher-Vineyard.png\",\"width\":600,\"height\":700},{\"@type\":\"BreadcrumbList\",\"@id\":\"https:\/\/agronetllc.com\/product\/rain-catcher-vineyard\/#breadcrumb\",\"itemListElement\":[{\"@type\":\"ListItem\",\"position\":1,\"name\":\"Home\",\"item\":\"https:\/\/agronetllc.com\/\"},{\"@type\":\"ListItem\",\"position\":2,\"name\":\"Shop\",\"item\":\"https:\/\/agronetllc.com\/shop\/\"},{\"@type\":\"ListItem\",\"position\":3,\"name\":\"Rain Catcher Vineyard\"}]},{\"@type\":\"WebSite\",\"@id\":\"https:\/\/agronetllc.com\/#website\",\"url\":\"https:\/\/agronetllc.com\/\",\"name\":\"AgroNet LLC\",\"description\":\"Provide high-quality products\",\"publisher\":{\"@id\":\"https:\/\/agronetllc.com\/#organization\"},\"potentialAction\":[{\"@type\":\"SearchAction\",\"target\":{\"@type\":\"EntryPoint\",\"urlTemplate\":\"https:\/\/agronetllc.com\/?s={search_term_string}\"},\"query-input\":{\"@type\":\"PropertyValueSpecification\",\"valueRequired\":true,\"valueName\":\"search_term_string\"}}],\"inLanguage\":\"fr-FR\"},{\"@type\":\"Organization\",\"@id\":\"https:\/\/agronetllc.com\/#organization\",\"name\":\"AgroNet LLC\",\"url\":\"https:\/\/agronetllc.com\/\",\"logo\":{\"@type\":\"ImageObject\",\"inLanguage\":\"fr-FR\",\"@id\":\"https:\/\/agronetllc.com\/#\/schema\/logo\/image\/\",\"url\":\"https:\/\/agronetllc.com\/wp-content\/uploads\/2020\/03\/Agronet-LLC.png\",\"contentUrl\":\"https:\/\/agronetllc.com\/wp-content\/uploads\/2020\/03\/Agronet-LLC.png\",\"width\":651,\"height\":236,\"caption\":\"AgroNet LLC\"},\"image\":{\"@id\":\"https:\/\/agronetllc.com\/#\/schema\/logo\/image\/\"}}]}<\/script>\n<!-- \/ Yoast SEO plugin. -->","yoast_head_json":{"title":"Rain Catcher Vineyard - AgroNet LLC","robots":{"index":"index","follow":"follow","max-snippet":"max-snippet:-1","max-image-preview":"max-image-preview:large","max-video-preview":"max-video-preview:-1"},"canonical":"https:\/\/agronetllc.com\/fr\/produit\/rain-catcher-vineyard\/","og_locale":"fr_FR","og_type":"article","og_title":"Rain Catcher Vineyard - AgroNet LLC","og_description":"Field Blend A unique and expressive field blend with layered flavors and a smooth, balanced finish. Crafted to deliver complexity and versatility, making it an excellent choice for a variety of occasions and meals.       Detail Information     Origin Paso Robles, California   Food Pairings Pairs well with grilled meats, roasted vegetables, or aged cheeses","og_url":"https:\/\/agronetllc.com\/fr\/produit\/rain-catcher-vineyard\/","og_site_name":"AgroNet LLC","article_modified_time":"2026-03-30T10:39:00+00:00","og_image":[{"width":600,"height":700,"url":"http:\/\/agronetllc.com\/wp-content\/uploads\/2026\/03\/Rain-Catcher-Vineyard.png","type":"image\/png"}],"twitter_card":"summary_large_image","schema":{"@context":"https:\/\/schema.org","@graph":[{"@type":"WebPage","@id":"https:\/\/agronetllc.com\/product\/rain-catcher-vineyard\/","url":"https:\/\/agronetllc.com\/product\/rain-catcher-vineyard\/","name":"Rain Catcher Vineyard - AgroNet LLC","isPartOf":{"@id":"https:\/\/agronetllc.com\/#website"},"primaryImageOfPage":{"@id":"https:\/\/agronetllc.com\/product\/rain-catcher-vineyard\/#primaryimage"},"image":{"@id":"https:\/\/agronetllc.com\/product\/rain-catcher-vineyard\/#primaryimage"},"thumbnailUrl":"https:\/\/agronetllc.com\/wp-content\/uploads\/2026\/03\/Rain-Catcher-Vineyard.png","datePublished":"2026-03-30T10:38:58+00:00","dateModified":"2026-03-30T10:39:00+00:00","breadcrumb":{"@id":"https:\/\/agronetllc.com\/product\/rain-catcher-vineyard\/#breadcrumb"},"inLanguage":"fr-FR","potentialAction":[{"@type":"ReadAction","target":["https:\/\/agronetllc.com\/product\/rain-catcher-vineyard\/"]}]},{"@type":"ImageObject","inLanguage":"fr-FR","@id":"https:\/\/agronetllc.com\/product\/rain-catcher-vineyard\/#primaryimage","url":"https:\/\/agronetllc.com\/wp-content\/uploads\/2026\/03\/Rain-Catcher-Vineyard.png","contentUrl":"https:\/\/agronetllc.com\/wp-content\/uploads\/2026\/03\/Rain-Catcher-Vineyard.png","width":600,"height":700},{"@type":"BreadcrumbList","@id":"https:\/\/agronetllc.com\/product\/rain-catcher-vineyard\/#breadcrumb","itemListElement":[{"@type":"ListItem","position":1,"name":"Home","item":"https:\/\/agronetllc.com\/"},{"@type":"ListItem","position":2,"name":"Shop","item":"https:\/\/agronetllc.com\/shop\/"},{"@type":"ListItem","position":3,"name":"Rain Catcher Vineyard"}]},{"@type":"WebSite","@id":"https:\/\/agronetllc.com\/#website","url":"https:\/\/agronetllc.com\/","name":"AgroNet LLC","description":"Provide high-quality products","publisher":{"@id":"https:\/\/agronetllc.com\/#organization"},"potentialAction":[{"@type":"SearchAction","target":{"@type":"EntryPoint","urlTemplate":"https:\/\/agronetllc.com\/?s={search_term_string}"},"query-input":{"@type":"PropertyValueSpecification","valueRequired":true,"valueName":"search_term_string"}}],"inLanguage":"fr-FR"},{"@type":"Organization","@id":"https:\/\/agronetllc.com\/#organization","name":"AgroNet LLC","url":"https:\/\/agronetllc.com\/","logo":{"@type":"ImageObject","inLanguage":"fr-FR","@id":"https:\/\/agronetllc.com\/#\/schema\/logo\/image\/","url":"https:\/\/agronetllc.com\/wp-content\/uploads\/2020\/03\/Agronet-LLC.png","contentUrl":"https:\/\/agronetllc.com\/wp-content\/uploads\/2020\/03\/Agronet-LLC.png","width":651,"height":236,"caption":"AgroNet LLC"},"image":{"@id":"https:\/\/agronetllc.com\/#\/schema\/logo\/image\/"}}]}},"_links":{"self":[{"href":"https:\/\/agronetllc.com\/fr\/wp-json\/wp\/v2\/product\/5502","targetHints":{"allow":["GET"]}}],"collection":[{"href":"https:\/\/agronetllc.com\/fr\/wp-json\/wp\/v2\/product"}],"about":[{"href":"https:\/\/agronetllc.com\/fr\/wp-json\/wp\/v2\/types\/product"}],"replies":[{"embeddable":true,"href":"https:\/\/agronetllc.com\/fr\/wp-json\/wp\/v2\/comments?post=5502"}],"wp:featuredmedia":[{"embeddable":true,"href":"https:\/\/agronetllc.com\/fr\/wp-json\/wp\/v2\/media\/5503"}],"wp:attachment":[{"href":"https:\/\/agronetllc.com\/fr\/wp-json\/wp\/v2\/media?parent=5502"}],"wp:term":[{"taxonomy":"product_brand","embeddable":true,"href":"https:\/\/agronetllc.com\/fr\/wp-json\/wp\/v2\/product_brand?post=5502"},{"taxonomy":"product_cat","embeddable":true,"href":"https:\/\/agronetllc.com\/fr\/wp-json\/wp\/v2\/product_cat?post=5502"},{"taxonomy":"product_tag","embeddable":true,"href":"https:\/\/agronetllc.com\/fr\/wp-json\/wp\/v2\/product_tag?post=5502"}],"curies":[{"name":"wp","href":"https:\/\/api.w.org\/{rel}","templated":true}]}}