{"id":5505,"date":"2026-03-30T05:42:19","date_gmt":"2026-03-30T10:42:19","guid":{"rendered":"https:\/\/agronetllc.com\/?post_type=product&#038;p=5505"},"modified":"2026-03-30T05:43:52","modified_gmt":"2026-03-30T10:43:52","slug":"gsm","status":"publish","type":"product","link":"https:\/\/agronetllc.com\/fr\/produit\/gsm\/","title":{"rendered":"GSM"},"content":{"rendered":"","protected":false},"excerpt":{"rendered":"<h3 data-section-id=\"6z5nkj\" data-start=\"101\" data-end=\"126\"><span role=\"text\"><strong data-start=\"105\" data-end=\"126\">Rhone Blend<\/strong><\/span><\/h3>\n<p data-start=\"128\" data-end=\"294\">Un assemblage de style Rh\u00f4ne riche et bien \u00e9quilibr\u00e9, \u00e0 la texture lisse et aux saveurs stratifi\u00e9es. Polyvalent et \u00e9l\u00e9gant, il se marie parfaitement avec les plats de viande comme de l\u00e9gumes.<\/p>\n<div class=\"TyagGW_tableContainer\">\n<div class=\"group TyagGW_tableWrapper flex flex-col-reverse w-fit\" tabindex=\"-1\">\n<table class=\"w-fit min-w-(--thread-content-width)\" data-start=\"301\" data-end=\"575\">\n<thead data-start=\"301\" data-end=\"340\">\n<tr data-start=\"301\" data-end=\"340\">\n<th class=\"\" data-start=\"301\" data-end=\"321\" data-col-size=\"sm\"><strong data-start=\"303\" data-end=\"313\">D\u00e9tail<\/strong><\/th>\n<th class=\"\" data-start=\"321\" data-end=\"340\" data-col-size=\"md\"><strong data-start=\"323\" data-end=\"338\">Informations<\/strong><\/th>\n<\/tr>\n<\/thead>\n<tbody data-start=\"379\" data-end=\"575\">\n<tr data-start=\"379\" data-end=\"467\">\n<td data-start=\"379\" data-end=\"398\" data-col-size=\"sm\">Origine<\/td>\n<td data-start=\"398\" data-end=\"467\" data-col-size=\"md\">District d\u2019Adelaida \u00e0 Paso Robles, comt\u00e9 de San Luis Obispo, Californie<\/td>\n<\/tr>\n<tr data-start=\"468\" data-end=\"575\">\n<td data-start=\"468\" data-end=\"487\" data-col-size=\"sm\">Accords mets-vins<\/td>\n<td data-start=\"487\" data-end=\"575\" data-col-size=\"md\">Se marie bien avec une tarte \u00e0 l\u2019oignon, de l\u2019agneau grill\u00e9, des crab cakes \u00e9pic\u00e9s ou un rago\u00fbt de l\u00e9gumes savoureux<\/td>\n<\/tr>\n<\/tbody>\n<\/table>\n<\/div>\n<\/div>","protected":false},"featured_media":5506,"comment_status":"open","ping_status":"closed","template":"","meta":[],"product_brand":[],"product_cat":[30],"product_tag":[],"class_list":{"0":"post-5505","1":"product","2":"type-product","3":"status-publish","4":"has-post-thumbnail","6":"product_cat-red-wines","8":"first","9":"instock","10":"shipping-taxable","11":"product-type-simple"},"yoast_head":"<!-- This site is optimized with the Yoast SEO plugin v27.2 - https:\/\/yoast.com\/product\/yoast-seo-wordpress\/ -->\n<title>GSM - AgroNet LLC<\/title>\n<meta name=\"robots\" content=\"index, follow, max-snippet:-1, max-image-preview:large, max-video-preview:-1\" \/>\n<link rel=\"canonical\" href=\"https:\/\/agronetllc.com\/fr\/produit\/gsm\/\" \/>\n<meta property=\"og:locale\" content=\"fr_FR\" \/>\n<meta property=\"og:type\" content=\"article\" \/>\n<meta property=\"og:title\" content=\"GSM - AgroNet LLC\" \/>\n<meta property=\"og:description\" content=\"Rhone Blend A rich and well-balanced Rhone-style blend with smooth texture and layered flavors. Versatile and elegant, it pairs beautifully with both meat and vegetable dishes.       Detail Information     Origin Paso Robles Adelaida District, San Luis Obispo County, California   Food Pairings Pairs well with onion tart, grilled lamb, spicy crab cakes, or savory vegetable stew\" \/>\n<meta property=\"og:url\" content=\"https:\/\/agronetllc.com\/fr\/produit\/gsm\/\" \/>\n<meta property=\"og:site_name\" content=\"AgroNet LLC\" \/>\n<meta property=\"article:modified_time\" content=\"2026-03-30T10:43:52+00:00\" \/>\n<meta property=\"og:image\" content=\"http:\/\/agronetllc.com\/wp-content\/uploads\/2026\/03\/GSM.png\" \/>\n\t<meta property=\"og:image:width\" content=\"600\" \/>\n\t<meta property=\"og:image:height\" content=\"700\" \/>\n\t<meta property=\"og:image:type\" content=\"image\/png\" \/>\n<meta name=\"twitter:card\" content=\"summary_large_image\" \/>\n<script type=\"application\/ld+json\" class=\"yoast-schema-graph\">{\"@context\":\"https:\/\/schema.org\",\"@graph\":[{\"@type\":\"WebPage\",\"@id\":\"https:\/\/agronetllc.com\/product\/gsm\/\",\"url\":\"https:\/\/agronetllc.com\/product\/gsm\/\",\"name\":\"GSM - AgroNet LLC\",\"isPartOf\":{\"@id\":\"https:\/\/agronetllc.com\/#website\"},\"primaryImageOfPage\":{\"@id\":\"https:\/\/agronetllc.com\/product\/gsm\/#primaryimage\"},\"image\":{\"@id\":\"https:\/\/agronetllc.com\/product\/gsm\/#primaryimage\"},\"thumbnailUrl\":\"https:\/\/agronetllc.com\/wp-content\/uploads\/2026\/03\/GSM.png\",\"datePublished\":\"2026-03-30T10:42:19+00:00\",\"dateModified\":\"2026-03-30T10:43:52+00:00\",\"breadcrumb\":{\"@id\":\"https:\/\/agronetllc.com\/product\/gsm\/#breadcrumb\"},\"inLanguage\":\"fr-FR\",\"potentialAction\":[{\"@type\":\"ReadAction\",\"target\":[\"https:\/\/agronetllc.com\/product\/gsm\/\"]}]},{\"@type\":\"ImageObject\",\"inLanguage\":\"fr-FR\",\"@id\":\"https:\/\/agronetllc.com\/product\/gsm\/#primaryimage\",\"url\":\"https:\/\/agronetllc.com\/wp-content\/uploads\/2026\/03\/GSM.png\",\"contentUrl\":\"https:\/\/agronetllc.com\/wp-content\/uploads\/2026\/03\/GSM.png\",\"width\":600,\"height\":700},{\"@type\":\"BreadcrumbList\",\"@id\":\"https:\/\/agronetllc.com\/product\/gsm\/#breadcrumb\",\"itemListElement\":[{\"@type\":\"ListItem\",\"position\":1,\"name\":\"Home\",\"item\":\"https:\/\/agronetllc.com\/\"},{\"@type\":\"ListItem\",\"position\":2,\"name\":\"Shop\",\"item\":\"https:\/\/agronetllc.com\/shop\/\"},{\"@type\":\"ListItem\",\"position\":3,\"name\":\"GSM\"}]},{\"@type\":\"WebSite\",\"@id\":\"https:\/\/agronetllc.com\/#website\",\"url\":\"https:\/\/agronetllc.com\/\",\"name\":\"AgroNet LLC\",\"description\":\"Provide high-quality products\",\"publisher\":{\"@id\":\"https:\/\/agronetllc.com\/#organization\"},\"potentialAction\":[{\"@type\":\"SearchAction\",\"target\":{\"@type\":\"EntryPoint\",\"urlTemplate\":\"https:\/\/agronetllc.com\/?s={search_term_string}\"},\"query-input\":{\"@type\":\"PropertyValueSpecification\",\"valueRequired\":true,\"valueName\":\"search_term_string\"}}],\"inLanguage\":\"fr-FR\"},{\"@type\":\"Organization\",\"@id\":\"https:\/\/agronetllc.com\/#organization\",\"name\":\"AgroNet LLC\",\"url\":\"https:\/\/agronetllc.com\/\",\"logo\":{\"@type\":\"ImageObject\",\"inLanguage\":\"fr-FR\",\"@id\":\"https:\/\/agronetllc.com\/#\/schema\/logo\/image\/\",\"url\":\"https:\/\/agronetllc.com\/wp-content\/uploads\/2020\/03\/Agronet-LLC.png\",\"contentUrl\":\"https:\/\/agronetllc.com\/wp-content\/uploads\/2020\/03\/Agronet-LLC.png\",\"width\":651,\"height\":236,\"caption\":\"AgroNet LLC\"},\"image\":{\"@id\":\"https:\/\/agronetllc.com\/#\/schema\/logo\/image\/\"}}]}<\/script>\n<!-- \/ Yoast SEO plugin. -->","yoast_head_json":{"title":"GSM - AgroNet LLC","robots":{"index":"index","follow":"follow","max-snippet":"max-snippet:-1","max-image-preview":"max-image-preview:large","max-video-preview":"max-video-preview:-1"},"canonical":"https:\/\/agronetllc.com\/fr\/produit\/gsm\/","og_locale":"fr_FR","og_type":"article","og_title":"GSM - AgroNet LLC","og_description":"Rhone Blend A rich and well-balanced Rhone-style blend with smooth texture and layered flavors. Versatile and elegant, it pairs beautifully with both meat and vegetable dishes.       Detail Information     Origin Paso Robles Adelaida District, San Luis Obispo County, California   Food Pairings Pairs well with onion tart, grilled lamb, spicy crab cakes, or savory vegetable stew","og_url":"https:\/\/agronetllc.com\/fr\/produit\/gsm\/","og_site_name":"AgroNet LLC","article_modified_time":"2026-03-30T10:43:52+00:00","og_image":[{"width":600,"height":700,"url":"http:\/\/agronetllc.com\/wp-content\/uploads\/2026\/03\/GSM.png","type":"image\/png"}],"twitter_card":"summary_large_image","schema":{"@context":"https:\/\/schema.org","@graph":[{"@type":"WebPage","@id":"https:\/\/agronetllc.com\/product\/gsm\/","url":"https:\/\/agronetllc.com\/product\/gsm\/","name":"GSM - AgroNet LLC","isPartOf":{"@id":"https:\/\/agronetllc.com\/#website"},"primaryImageOfPage":{"@id":"https:\/\/agronetllc.com\/product\/gsm\/#primaryimage"},"image":{"@id":"https:\/\/agronetllc.com\/product\/gsm\/#primaryimage"},"thumbnailUrl":"https:\/\/agronetllc.com\/wp-content\/uploads\/2026\/03\/GSM.png","datePublished":"2026-03-30T10:42:19+00:00","dateModified":"2026-03-30T10:43:52+00:00","breadcrumb":{"@id":"https:\/\/agronetllc.com\/product\/gsm\/#breadcrumb"},"inLanguage":"fr-FR","potentialAction":[{"@type":"ReadAction","target":["https:\/\/agronetllc.com\/product\/gsm\/"]}]},{"@type":"ImageObject","inLanguage":"fr-FR","@id":"https:\/\/agronetllc.com\/product\/gsm\/#primaryimage","url":"https:\/\/agronetllc.com\/wp-content\/uploads\/2026\/03\/GSM.png","contentUrl":"https:\/\/agronetllc.com\/wp-content\/uploads\/2026\/03\/GSM.png","width":600,"height":700},{"@type":"BreadcrumbList","@id":"https:\/\/agronetllc.com\/product\/gsm\/#breadcrumb","itemListElement":[{"@type":"ListItem","position":1,"name":"Home","item":"https:\/\/agronetllc.com\/"},{"@type":"ListItem","position":2,"name":"Shop","item":"https:\/\/agronetllc.com\/shop\/"},{"@type":"ListItem","position":3,"name":"GSM"}]},{"@type":"WebSite","@id":"https:\/\/agronetllc.com\/#website","url":"https:\/\/agronetllc.com\/","name":"AgroNet LLC","description":"Provide high-quality products","publisher":{"@id":"https:\/\/agronetllc.com\/#organization"},"potentialAction":[{"@type":"SearchAction","target":{"@type":"EntryPoint","urlTemplate":"https:\/\/agronetllc.com\/?s={search_term_string}"},"query-input":{"@type":"PropertyValueSpecification","valueRequired":true,"valueName":"search_term_string"}}],"inLanguage":"fr-FR"},{"@type":"Organization","@id":"https:\/\/agronetllc.com\/#organization","name":"AgroNet LLC","url":"https:\/\/agronetllc.com\/","logo":{"@type":"ImageObject","inLanguage":"fr-FR","@id":"https:\/\/agronetllc.com\/#\/schema\/logo\/image\/","url":"https:\/\/agronetllc.com\/wp-content\/uploads\/2020\/03\/Agronet-LLC.png","contentUrl":"https:\/\/agronetllc.com\/wp-content\/uploads\/2020\/03\/Agronet-LLC.png","width":651,"height":236,"caption":"AgroNet LLC"},"image":{"@id":"https:\/\/agronetllc.com\/#\/schema\/logo\/image\/"}}]}},"_links":{"self":[{"href":"https:\/\/agronetllc.com\/fr\/wp-json\/wp\/v2\/product\/5505","targetHints":{"allow":["GET"]}}],"collection":[{"href":"https:\/\/agronetllc.com\/fr\/wp-json\/wp\/v2\/product"}],"about":[{"href":"https:\/\/agronetllc.com\/fr\/wp-json\/wp\/v2\/types\/product"}],"replies":[{"embeddable":true,"href":"https:\/\/agronetllc.com\/fr\/wp-json\/wp\/v2\/comments?post=5505"}],"wp:featuredmedia":[{"embeddable":true,"href":"https:\/\/agronetllc.com\/fr\/wp-json\/wp\/v2\/media\/5506"}],"wp:attachment":[{"href":"https:\/\/agronetllc.com\/fr\/wp-json\/wp\/v2\/media?parent=5505"}],"wp:term":[{"taxonomy":"product_brand","embeddable":true,"href":"https:\/\/agronetllc.com\/fr\/wp-json\/wp\/v2\/product_brand?post=5505"},{"taxonomy":"product_cat","embeddable":true,"href":"https:\/\/agronetllc.com\/fr\/wp-json\/wp\/v2\/product_cat?post=5505"},{"taxonomy":"product_tag","embeddable":true,"href":"https:\/\/agronetllc.com\/fr\/wp-json\/wp\/v2\/product_tag?post=5505"}],"curies":[{"name":"wp","href":"https:\/\/api.w.org\/{rel}","templated":true}]}}