{"id":5511,"date":"2026-03-30T05:53:44","date_gmt":"2026-03-30T10:53:44","guid":{"rendered":"https:\/\/agronetllc.com\/?post_type=product&#038;p=5511"},"modified":"2026-04-02T11:01:43","modified_gmt":"2026-04-02T16:01:43","slug":"seven-oaks","status":"publish","type":"product","link":"https:\/\/agronetllc.com\/fr\/produit\/seven-oaks\/","title":{"rendered":"Seven Oaks"},"content":{"rendered":"","protected":false},"excerpt":{"rendered":"<h3 data-section-id=\"2j80uo\" data-start=\"101\" data-end=\"140\"><span role=\"text\"><strong data-start=\"105\" data-end=\"140\">Cabernet Sauvignon<\/strong><\/span><\/h3>\n<p data-start=\"142\" data-end=\"329\">Un Cabernet Sauvignon classique et bien structur\u00e9 aux saveurs riches de cerise noire, de cassis et de notes toast\u00e9es. Onctueux et juteux en bouche, en faisant un choix intemporel et polyvalent.<\/p>\n<div class=\"TyagGW_tableContainer\">\n<div class=\"group TyagGW_tableWrapper flex flex-col-reverse w-fit\" tabindex=\"-1\">\n<table class=\"w-fit min-w-(--thread-content-width)\" data-start=\"336\" data-end=\"680\">\n<thead data-start=\"336\" data-end=\"375\">\n<tr data-start=\"336\" data-end=\"375\">\n<th class=\"\" data-start=\"336\" data-end=\"356\" data-col-size=\"sm\"><strong data-start=\"338\" data-end=\"348\">D\u00e9tail<\/strong><\/th>\n<th class=\"\" data-start=\"356\" data-end=\"375\" data-col-size=\"md\"><strong data-start=\"358\" data-end=\"373\">Informations<\/strong><\/th>\n<\/tr>\n<\/thead>\n<tbody data-start=\"414\" data-end=\"680\">\n<tr data-start=\"414\" data-end=\"488\">\n<td data-start=\"414\" data-end=\"433\" data-col-size=\"sm\">Origine<\/td>\n<td data-start=\"433\" data-end=\"488\" data-col-size=\"md\">AVA de Paso Robles, comt\u00e9 de San Luis Obispo, Californie<\/td>\n<\/tr>\n<tr data-start=\"489\" data-end=\"566\">\n<td data-start=\"489\" data-end=\"508\" data-col-size=\"sm\">\u00c9levage<\/td>\n<td data-start=\"508\" data-end=\"566\" data-col-size=\"md\">\u00c9lev\u00e9 pendant 12 mois en f\u00fbts de ch\u00eane am\u00e9ricain de 60 gallons (18 % de ch\u00eane neuf)<\/td>\n<\/tr>\n<tr data-start=\"567\" data-end=\"680\">\n<td data-start=\"567\" data-end=\"586\" data-col-size=\"sm\">Type de f\u00fbt<\/td>\n<td data-start=\"586\" data-end=\"680\" data-col-size=\"md\">Principalement du ch\u00eane du Missouri et du Minnesota toast\u00e9 moyen et moyen-plus, avec extr\u00e9mit\u00e9s toast\u00e9es<\/td>\n<\/tr>\n<\/tbody>\n<\/table>\n<\/div>\n<\/div>","protected":false},"featured_media":5512,"comment_status":"open","ping_status":"closed","template":"","meta":[],"product_brand":[],"product_cat":[30],"product_tag":[],"class_list":{"0":"post-5511","1":"product","2":"type-product","3":"status-publish","4":"has-post-thumbnail","6":"product_cat-red-wines","8":"first","9":"instock","10":"shipping-taxable","11":"product-type-simple"},"yoast_head":"<!-- This site is optimized with the Yoast SEO plugin v27.2 - https:\/\/yoast.com\/product\/yoast-seo-wordpress\/ -->\n<title>Seven Oaks - AgroNet LLC<\/title>\n<meta name=\"robots\" content=\"index, follow, max-snippet:-1, max-image-preview:large, max-video-preview:-1\" \/>\n<link rel=\"canonical\" href=\"https:\/\/agronetllc.com\/fr\/produit\/seven-oaks\/\" \/>\n<meta property=\"og:locale\" content=\"fr_FR\" \/>\n<meta property=\"og:type\" content=\"article\" \/>\n<meta property=\"og:title\" content=\"Seven Oaks - AgroNet LLC\" \/>\n<meta property=\"og:description\" content=\"Cabernet Sauvignon A classic and well-structured Cabernet Sauvignon with rich flavors of black cherry, cassis, and toasted notes. Smooth and juicy on the palate, making it a timeless and versatile choice.       Detail Information     Origin Paso Robles AVA, San Luis Obispo County, California   Maturation Aged for 12 months in 60-gallon American oak (18% new)   Barrel Type Predominantly medium and medium-plus toasted Missouri and Minnesota oak with toasted heads\" \/>\n<meta property=\"og:url\" content=\"https:\/\/agronetllc.com\/fr\/produit\/seven-oaks\/\" \/>\n<meta property=\"og:site_name\" content=\"AgroNet LLC\" \/>\n<meta property=\"article:modified_time\" content=\"2026-04-02T16:01:43+00:00\" \/>\n<meta property=\"og:image\" content=\"http:\/\/agronetllc.com\/wp-content\/uploads\/2026\/03\/Seven-Oaks.png\" \/>\n\t<meta property=\"og:image:width\" content=\"600\" \/>\n\t<meta property=\"og:image:height\" content=\"700\" \/>\n\t<meta property=\"og:image:type\" content=\"image\/png\" \/>\n<meta name=\"twitter:card\" content=\"summary_large_image\" \/>\n<script type=\"application\/ld+json\" class=\"yoast-schema-graph\">{\"@context\":\"https:\/\/schema.org\",\"@graph\":[{\"@type\":\"WebPage\",\"@id\":\"https:\/\/agronetllc.com\/product\/seven-oaks\/\",\"url\":\"https:\/\/agronetllc.com\/product\/seven-oaks\/\",\"name\":\"Seven Oaks - AgroNet LLC\",\"isPartOf\":{\"@id\":\"https:\/\/agronetllc.com\/#website\"},\"primaryImageOfPage\":{\"@id\":\"https:\/\/agronetllc.com\/product\/seven-oaks\/#primaryimage\"},\"image\":{\"@id\":\"https:\/\/agronetllc.com\/product\/seven-oaks\/#primaryimage\"},\"thumbnailUrl\":\"https:\/\/agronetllc.com\/wp-content\/uploads\/2026\/03\/Seven-Oaks.png\",\"datePublished\":\"2026-03-30T10:53:44+00:00\",\"dateModified\":\"2026-04-02T16:01:43+00:00\",\"breadcrumb\":{\"@id\":\"https:\/\/agronetllc.com\/product\/seven-oaks\/#breadcrumb\"},\"inLanguage\":\"fr-FR\",\"potentialAction\":[{\"@type\":\"ReadAction\",\"target\":[\"https:\/\/agronetllc.com\/product\/seven-oaks\/\"]}]},{\"@type\":\"ImageObject\",\"inLanguage\":\"fr-FR\",\"@id\":\"https:\/\/agronetllc.com\/product\/seven-oaks\/#primaryimage\",\"url\":\"https:\/\/agronetllc.com\/wp-content\/uploads\/2026\/03\/Seven-Oaks.png\",\"contentUrl\":\"https:\/\/agronetllc.com\/wp-content\/uploads\/2026\/03\/Seven-Oaks.png\",\"width\":600,\"height\":700},{\"@type\":\"BreadcrumbList\",\"@id\":\"https:\/\/agronetllc.com\/product\/seven-oaks\/#breadcrumb\",\"itemListElement\":[{\"@type\":\"ListItem\",\"position\":1,\"name\":\"Home\",\"item\":\"https:\/\/agronetllc.com\/\"},{\"@type\":\"ListItem\",\"position\":2,\"name\":\"Shop\",\"item\":\"https:\/\/agronetllc.com\/shop\/\"},{\"@type\":\"ListItem\",\"position\":3,\"name\":\"Seven Oaks\"}]},{\"@type\":\"WebSite\",\"@id\":\"https:\/\/agronetllc.com\/#website\",\"url\":\"https:\/\/agronetllc.com\/\",\"name\":\"AgroNet LLC\",\"description\":\"Provide high-quality products\",\"publisher\":{\"@id\":\"https:\/\/agronetllc.com\/#organization\"},\"potentialAction\":[{\"@type\":\"SearchAction\",\"target\":{\"@type\":\"EntryPoint\",\"urlTemplate\":\"https:\/\/agronetllc.com\/?s={search_term_string}\"},\"query-input\":{\"@type\":\"PropertyValueSpecification\",\"valueRequired\":true,\"valueName\":\"search_term_string\"}}],\"inLanguage\":\"fr-FR\"},{\"@type\":\"Organization\",\"@id\":\"https:\/\/agronetllc.com\/#organization\",\"name\":\"AgroNet LLC\",\"url\":\"https:\/\/agronetllc.com\/\",\"logo\":{\"@type\":\"ImageObject\",\"inLanguage\":\"fr-FR\",\"@id\":\"https:\/\/agronetllc.com\/#\/schema\/logo\/image\/\",\"url\":\"https:\/\/agronetllc.com\/wp-content\/uploads\/2020\/03\/Agronet-LLC.png\",\"contentUrl\":\"https:\/\/agronetllc.com\/wp-content\/uploads\/2020\/03\/Agronet-LLC.png\",\"width\":651,\"height\":236,\"caption\":\"AgroNet LLC\"},\"image\":{\"@id\":\"https:\/\/agronetllc.com\/#\/schema\/logo\/image\/\"}}]}<\/script>\n<!-- \/ Yoast SEO plugin. -->","yoast_head_json":{"title":"Seven Oaks - AgroNet LLC","robots":{"index":"index","follow":"follow","max-snippet":"max-snippet:-1","max-image-preview":"max-image-preview:large","max-video-preview":"max-video-preview:-1"},"canonical":"https:\/\/agronetllc.com\/fr\/produit\/seven-oaks\/","og_locale":"fr_FR","og_type":"article","og_title":"Seven Oaks - AgroNet LLC","og_description":"Cabernet Sauvignon A classic and well-structured Cabernet Sauvignon with rich flavors of black cherry, cassis, and toasted notes. Smooth and juicy on the palate, making it a timeless and versatile choice.       Detail Information     Origin Paso Robles AVA, San Luis Obispo County, California   Maturation Aged for 12 months in 60-gallon American oak (18% new)   Barrel Type Predominantly medium and medium-plus toasted Missouri and Minnesota oak with toasted heads","og_url":"https:\/\/agronetllc.com\/fr\/produit\/seven-oaks\/","og_site_name":"AgroNet LLC","article_modified_time":"2026-04-02T16:01:43+00:00","og_image":[{"width":600,"height":700,"url":"http:\/\/agronetllc.com\/wp-content\/uploads\/2026\/03\/Seven-Oaks.png","type":"image\/png"}],"twitter_card":"summary_large_image","schema":{"@context":"https:\/\/schema.org","@graph":[{"@type":"WebPage","@id":"https:\/\/agronetllc.com\/product\/seven-oaks\/","url":"https:\/\/agronetllc.com\/product\/seven-oaks\/","name":"Seven Oaks - AgroNet LLC","isPartOf":{"@id":"https:\/\/agronetllc.com\/#website"},"primaryImageOfPage":{"@id":"https:\/\/agronetllc.com\/product\/seven-oaks\/#primaryimage"},"image":{"@id":"https:\/\/agronetllc.com\/product\/seven-oaks\/#primaryimage"},"thumbnailUrl":"https:\/\/agronetllc.com\/wp-content\/uploads\/2026\/03\/Seven-Oaks.png","datePublished":"2026-03-30T10:53:44+00:00","dateModified":"2026-04-02T16:01:43+00:00","breadcrumb":{"@id":"https:\/\/agronetllc.com\/product\/seven-oaks\/#breadcrumb"},"inLanguage":"fr-FR","potentialAction":[{"@type":"ReadAction","target":["https:\/\/agronetllc.com\/product\/seven-oaks\/"]}]},{"@type":"ImageObject","inLanguage":"fr-FR","@id":"https:\/\/agronetllc.com\/product\/seven-oaks\/#primaryimage","url":"https:\/\/agronetllc.com\/wp-content\/uploads\/2026\/03\/Seven-Oaks.png","contentUrl":"https:\/\/agronetllc.com\/wp-content\/uploads\/2026\/03\/Seven-Oaks.png","width":600,"height":700},{"@type":"BreadcrumbList","@id":"https:\/\/agronetllc.com\/product\/seven-oaks\/#breadcrumb","itemListElement":[{"@type":"ListItem","position":1,"name":"Home","item":"https:\/\/agronetllc.com\/"},{"@type":"ListItem","position":2,"name":"Shop","item":"https:\/\/agronetllc.com\/shop\/"},{"@type":"ListItem","position":3,"name":"Seven Oaks"}]},{"@type":"WebSite","@id":"https:\/\/agronetllc.com\/#website","url":"https:\/\/agronetllc.com\/","name":"AgroNet LLC","description":"Provide high-quality products","publisher":{"@id":"https:\/\/agronetllc.com\/#organization"},"potentialAction":[{"@type":"SearchAction","target":{"@type":"EntryPoint","urlTemplate":"https:\/\/agronetllc.com\/?s={search_term_string}"},"query-input":{"@type":"PropertyValueSpecification","valueRequired":true,"valueName":"search_term_string"}}],"inLanguage":"fr-FR"},{"@type":"Organization","@id":"https:\/\/agronetllc.com\/#organization","name":"AgroNet LLC","url":"https:\/\/agronetllc.com\/","logo":{"@type":"ImageObject","inLanguage":"fr-FR","@id":"https:\/\/agronetllc.com\/#\/schema\/logo\/image\/","url":"https:\/\/agronetllc.com\/wp-content\/uploads\/2020\/03\/Agronet-LLC.png","contentUrl":"https:\/\/agronetllc.com\/wp-content\/uploads\/2020\/03\/Agronet-LLC.png","width":651,"height":236,"caption":"AgroNet LLC"},"image":{"@id":"https:\/\/agronetllc.com\/#\/schema\/logo\/image\/"}}]}},"_links":{"self":[{"href":"https:\/\/agronetllc.com\/fr\/wp-json\/wp\/v2\/product\/5511","targetHints":{"allow":["GET"]}}],"collection":[{"href":"https:\/\/agronetllc.com\/fr\/wp-json\/wp\/v2\/product"}],"about":[{"href":"https:\/\/agronetllc.com\/fr\/wp-json\/wp\/v2\/types\/product"}],"replies":[{"embeddable":true,"href":"https:\/\/agronetllc.com\/fr\/wp-json\/wp\/v2\/comments?post=5511"}],"wp:featuredmedia":[{"embeddable":true,"href":"https:\/\/agronetllc.com\/fr\/wp-json\/wp\/v2\/media\/5512"}],"wp:attachment":[{"href":"https:\/\/agronetllc.com\/fr\/wp-json\/wp\/v2\/media?parent=5511"}],"wp:term":[{"taxonomy":"product_brand","embeddable":true,"href":"https:\/\/agronetllc.com\/fr\/wp-json\/wp\/v2\/product_brand?post=5511"},{"taxonomy":"product_cat","embeddable":true,"href":"https:\/\/agronetllc.com\/fr\/wp-json\/wp\/v2\/product_cat?post=5511"},{"taxonomy":"product_tag","embeddable":true,"href":"https:\/\/agronetllc.com\/fr\/wp-json\/wp\/v2\/product_tag?post=5511"}],"curies":[{"name":"wp","href":"https:\/\/api.w.org\/{rel}","templated":true}]}}