{"id":5514,"date":"2026-03-30T05:56:34","date_gmt":"2026-03-30T10:56:34","guid":{"rendered":"https:\/\/agronetllc.com\/?post_type=product&#038;p=5514"},"modified":"2026-03-30T06:10:14","modified_gmt":"2026-03-30T11:10:14","slug":"los-osos","status":"publish","type":"product","link":"https:\/\/agronetllc.com\/fr\/produit\/los-osos\/","title":{"rendered":"Los Osos"},"content":{"rendered":"","protected":false},"excerpt":{"rendered":"<h3 data-section-id=\"gl0mg\" data-start=\"103\" data-end=\"128\"><span role=\"text\"><strong data-start=\"107\" data-end=\"128\">Merlot<\/strong><\/span><\/h3>\n<p data-start=\"130\" data-end=\"287\">Un Merlot riche et onctueux aux tanins doux et \u00e0 une l\u00e9g\u00e8re note de ch\u00eane doux. Polyvalent et compatible avec la cuisine, parfait pour accompagner des plats grill\u00e9s ou des p\u00e2tes copieuses.<\/p>\n<div class=\"TyagGW_tableContainer\">\n<div class=\"group TyagGW_tableWrapper flex flex-col-reverse w-fit\" tabindex=\"-1\">\n<table class=\"w-fit min-w-(--thread-content-width)\" data-start=\"294\" data-end=\"778\">\n<thead data-start=\"294\" data-end=\"333\">\n<tr data-start=\"294\" data-end=\"333\">\n<th class=\"\" data-start=\"294\" data-end=\"314\" data-col-size=\"sm\"><strong data-start=\"296\" data-end=\"306\">D\u00e9tail<\/strong><\/th>\n<th class=\"\" data-start=\"314\" data-end=\"333\" data-col-size=\"md\"><strong data-start=\"316\" data-end=\"331\">Informations<\/strong><\/th>\n<\/tr>\n<\/thead>\n<tbody data-start=\"372\" data-end=\"778\">\n<tr data-start=\"372\" data-end=\"447\">\n<td data-start=\"372\" data-end=\"392\" data-col-size=\"sm\">Assemblage<\/td>\n<td data-start=\"392\" data-end=\"447\" data-col-size=\"md\">AVA de Paso Robles, comt\u00e9 de San Luis Obispo, Californie<\/td>\n<\/tr>\n<tr data-start=\"448\" data-end=\"520\">\n<td data-start=\"448\" data-end=\"467\" data-col-size=\"sm\">Fermentation<\/td>\n<td data-start=\"467\" data-end=\"520\" data-col-size=\"md\">Fermentation en baies enti\u00e8res dans des cuves en acier inoxydable<\/td>\n<\/tr>\n<tr data-start=\"521\" data-end=\"576\">\n<td data-start=\"521\" data-end=\"540\" data-col-size=\"sm\">\u00c9levage<\/td>\n<td data-start=\"540\" data-end=\"576\" data-col-size=\"md\">12 mois en f\u00fbt, 15 % de ch\u00eane neuf<\/td>\n<\/tr>\n<tr data-start=\"577\" data-end=\"671\">\n<td data-start=\"577\" data-end=\"596\" data-col-size=\"sm\">Type de f\u00fbt<\/td>\n<td data-start=\"596\" data-end=\"671\" data-col-size=\"md\">Ch\u00eane am\u00e9ricain, principalement toast\u00e9 moyen et moyen-plus, avec extr\u00e9mit\u00e9s toast\u00e9es<\/td>\n<\/tr>\n<tr data-start=\"672\" data-end=\"778\">\n<td data-start=\"672\" data-end=\"691\" data-col-size=\"sm\">Accords mets-vins<\/td>\n<td data-start=\"691\" data-end=\"778\" data-col-size=\"md\">Brochettes de saucisses et l\u00e9gumes grill\u00e9s, ou tortellinis aux \u00e9pinards et tomates \u00e0 la cr\u00e8me<\/td>\n<\/tr>\n<\/tbody>\n<\/table>\n<\/div>\n<\/div>","protected":false},"featured_media":5515,"comment_status":"open","ping_status":"closed","template":"","meta":[],"product_brand":[],"product_cat":[30],"product_tag":[],"class_list":{"0":"post-5514","1":"product","2":"type-product","3":"status-publish","4":"has-post-thumbnail","6":"product_cat-red-wines","8":"first","9":"instock","10":"shipping-taxable","11":"product-type-simple"},"yoast_head":"<!-- This site is optimized with the Yoast SEO plugin v27.2 - https:\/\/yoast.com\/product\/yoast-seo-wordpress\/ -->\n<title>Los Osos - AgroNet LLC<\/title>\n<meta name=\"robots\" content=\"index, follow, max-snippet:-1, max-image-preview:large, max-video-preview:-1\" \/>\n<link rel=\"canonical\" href=\"https:\/\/agronetllc.com\/fr\/produit\/los-osos\/\" \/>\n<meta property=\"og:locale\" content=\"fr_FR\" \/>\n<meta property=\"og:type\" content=\"article\" \/>\n<meta property=\"og:title\" content=\"Los Osos - AgroNet LLC\" \/>\n<meta property=\"og:description\" content=\"Merlot A rich and smooth Merlot with gentle tannins and a hint of sweet oak. Versatile and food-friendly, perfect for pairing with grilled dishes or hearty pasta.       Detail Information     Composition Blend Paso Robles AVA, San Luis Obispo County, California   Fermentation Whole-berry fermentation in stainless steel tanks   Maturation 12 months in barrel, 15% new oak   Barrel Type American oak, primarily medium and medium-plus toast with toasted heads   Food Pairings Grilled sausage and vegetable shish kebabs, or creamy spinach and tomato tortellini\" \/>\n<meta property=\"og:url\" content=\"https:\/\/agronetllc.com\/fr\/produit\/los-osos\/\" \/>\n<meta property=\"og:site_name\" content=\"AgroNet LLC\" \/>\n<meta property=\"article:modified_time\" content=\"2026-03-30T11:10:14+00:00\" \/>\n<meta property=\"og:image\" content=\"http:\/\/agronetllc.com\/wp-content\/uploads\/2026\/03\/Los-Osos.png\" \/>\n\t<meta property=\"og:image:width\" content=\"600\" \/>\n\t<meta property=\"og:image:height\" content=\"700\" \/>\n\t<meta property=\"og:image:type\" content=\"image\/png\" \/>\n<meta name=\"twitter:card\" content=\"summary_large_image\" \/>\n<script type=\"application\/ld+json\" class=\"yoast-schema-graph\">{\"@context\":\"https:\/\/schema.org\",\"@graph\":[{\"@type\":\"WebPage\",\"@id\":\"https:\/\/agronetllc.com\/product\/los-osos\/\",\"url\":\"https:\/\/agronetllc.com\/product\/los-osos\/\",\"name\":\"Los Osos - AgroNet LLC\",\"isPartOf\":{\"@id\":\"https:\/\/agronetllc.com\/#website\"},\"primaryImageOfPage\":{\"@id\":\"https:\/\/agronetllc.com\/product\/los-osos\/#primaryimage\"},\"image\":{\"@id\":\"https:\/\/agronetllc.com\/product\/los-osos\/#primaryimage\"},\"thumbnailUrl\":\"https:\/\/agronetllc.com\/wp-content\/uploads\/2026\/03\/Los-Osos.png\",\"datePublished\":\"2026-03-30T10:56:34+00:00\",\"dateModified\":\"2026-03-30T11:10:14+00:00\",\"breadcrumb\":{\"@id\":\"https:\/\/agronetllc.com\/product\/los-osos\/#breadcrumb\"},\"inLanguage\":\"fr-FR\",\"potentialAction\":[{\"@type\":\"ReadAction\",\"target\":[\"https:\/\/agronetllc.com\/product\/los-osos\/\"]}]},{\"@type\":\"ImageObject\",\"inLanguage\":\"fr-FR\",\"@id\":\"https:\/\/agronetllc.com\/product\/los-osos\/#primaryimage\",\"url\":\"https:\/\/agronetllc.com\/wp-content\/uploads\/2026\/03\/Los-Osos.png\",\"contentUrl\":\"https:\/\/agronetllc.com\/wp-content\/uploads\/2026\/03\/Los-Osos.png\",\"width\":600,\"height\":700},{\"@type\":\"BreadcrumbList\",\"@id\":\"https:\/\/agronetllc.com\/product\/los-osos\/#breadcrumb\",\"itemListElement\":[{\"@type\":\"ListItem\",\"position\":1,\"name\":\"Home\",\"item\":\"https:\/\/agronetllc.com\/\"},{\"@type\":\"ListItem\",\"position\":2,\"name\":\"Shop\",\"item\":\"https:\/\/agronetllc.com\/shop\/\"},{\"@type\":\"ListItem\",\"position\":3,\"name\":\"Los Osos\"}]},{\"@type\":\"WebSite\",\"@id\":\"https:\/\/agronetllc.com\/#website\",\"url\":\"https:\/\/agronetllc.com\/\",\"name\":\"AgroNet LLC\",\"description\":\"Provide high-quality products\",\"publisher\":{\"@id\":\"https:\/\/agronetllc.com\/#organization\"},\"potentialAction\":[{\"@type\":\"SearchAction\",\"target\":{\"@type\":\"EntryPoint\",\"urlTemplate\":\"https:\/\/agronetllc.com\/?s={search_term_string}\"},\"query-input\":{\"@type\":\"PropertyValueSpecification\",\"valueRequired\":true,\"valueName\":\"search_term_string\"}}],\"inLanguage\":\"fr-FR\"},{\"@type\":\"Organization\",\"@id\":\"https:\/\/agronetllc.com\/#organization\",\"name\":\"AgroNet LLC\",\"url\":\"https:\/\/agronetllc.com\/\",\"logo\":{\"@type\":\"ImageObject\",\"inLanguage\":\"fr-FR\",\"@id\":\"https:\/\/agronetllc.com\/#\/schema\/logo\/image\/\",\"url\":\"https:\/\/agronetllc.com\/wp-content\/uploads\/2020\/03\/Agronet-LLC.png\",\"contentUrl\":\"https:\/\/agronetllc.com\/wp-content\/uploads\/2020\/03\/Agronet-LLC.png\",\"width\":651,\"height\":236,\"caption\":\"AgroNet LLC\"},\"image\":{\"@id\":\"https:\/\/agronetllc.com\/#\/schema\/logo\/image\/\"}}]}<\/script>\n<!-- \/ Yoast SEO plugin. -->","yoast_head_json":{"title":"Los Osos - AgroNet LLC","robots":{"index":"index","follow":"follow","max-snippet":"max-snippet:-1","max-image-preview":"max-image-preview:large","max-video-preview":"max-video-preview:-1"},"canonical":"https:\/\/agronetllc.com\/fr\/produit\/los-osos\/","og_locale":"fr_FR","og_type":"article","og_title":"Los Osos - AgroNet LLC","og_description":"Merlot A rich and smooth Merlot with gentle tannins and a hint of sweet oak. Versatile and food-friendly, perfect for pairing with grilled dishes or hearty pasta.       Detail Information     Composition Blend Paso Robles AVA, San Luis Obispo County, California   Fermentation Whole-berry fermentation in stainless steel tanks   Maturation 12 months in barrel, 15% new oak   Barrel Type American oak, primarily medium and medium-plus toast with toasted heads   Food Pairings Grilled sausage and vegetable shish kebabs, or creamy spinach and tomato tortellini","og_url":"https:\/\/agronetllc.com\/fr\/produit\/los-osos\/","og_site_name":"AgroNet LLC","article_modified_time":"2026-03-30T11:10:14+00:00","og_image":[{"width":600,"height":700,"url":"http:\/\/agronetllc.com\/wp-content\/uploads\/2026\/03\/Los-Osos.png","type":"image\/png"}],"twitter_card":"summary_large_image","schema":{"@context":"https:\/\/schema.org","@graph":[{"@type":"WebPage","@id":"https:\/\/agronetllc.com\/product\/los-osos\/","url":"https:\/\/agronetllc.com\/product\/los-osos\/","name":"Los Osos - AgroNet LLC","isPartOf":{"@id":"https:\/\/agronetllc.com\/#website"},"primaryImageOfPage":{"@id":"https:\/\/agronetllc.com\/product\/los-osos\/#primaryimage"},"image":{"@id":"https:\/\/agronetllc.com\/product\/los-osos\/#primaryimage"},"thumbnailUrl":"https:\/\/agronetllc.com\/wp-content\/uploads\/2026\/03\/Los-Osos.png","datePublished":"2026-03-30T10:56:34+00:00","dateModified":"2026-03-30T11:10:14+00:00","breadcrumb":{"@id":"https:\/\/agronetllc.com\/product\/los-osos\/#breadcrumb"},"inLanguage":"fr-FR","potentialAction":[{"@type":"ReadAction","target":["https:\/\/agronetllc.com\/product\/los-osos\/"]}]},{"@type":"ImageObject","inLanguage":"fr-FR","@id":"https:\/\/agronetllc.com\/product\/los-osos\/#primaryimage","url":"https:\/\/agronetllc.com\/wp-content\/uploads\/2026\/03\/Los-Osos.png","contentUrl":"https:\/\/agronetllc.com\/wp-content\/uploads\/2026\/03\/Los-Osos.png","width":600,"height":700},{"@type":"BreadcrumbList","@id":"https:\/\/agronetllc.com\/product\/los-osos\/#breadcrumb","itemListElement":[{"@type":"ListItem","position":1,"name":"Home","item":"https:\/\/agronetllc.com\/"},{"@type":"ListItem","position":2,"name":"Shop","item":"https:\/\/agronetllc.com\/shop\/"},{"@type":"ListItem","position":3,"name":"Los Osos"}]},{"@type":"WebSite","@id":"https:\/\/agronetllc.com\/#website","url":"https:\/\/agronetllc.com\/","name":"AgroNet LLC","description":"Provide high-quality products","publisher":{"@id":"https:\/\/agronetllc.com\/#organization"},"potentialAction":[{"@type":"SearchAction","target":{"@type":"EntryPoint","urlTemplate":"https:\/\/agronetllc.com\/?s={search_term_string}"},"query-input":{"@type":"PropertyValueSpecification","valueRequired":true,"valueName":"search_term_string"}}],"inLanguage":"fr-FR"},{"@type":"Organization","@id":"https:\/\/agronetllc.com\/#organization","name":"AgroNet LLC","url":"https:\/\/agronetllc.com\/","logo":{"@type":"ImageObject","inLanguage":"fr-FR","@id":"https:\/\/agronetllc.com\/#\/schema\/logo\/image\/","url":"https:\/\/agronetllc.com\/wp-content\/uploads\/2020\/03\/Agronet-LLC.png","contentUrl":"https:\/\/agronetllc.com\/wp-content\/uploads\/2020\/03\/Agronet-LLC.png","width":651,"height":236,"caption":"AgroNet LLC"},"image":{"@id":"https:\/\/agronetllc.com\/#\/schema\/logo\/image\/"}}]}},"_links":{"self":[{"href":"https:\/\/agronetllc.com\/fr\/wp-json\/wp\/v2\/product\/5514","targetHints":{"allow":["GET"]}}],"collection":[{"href":"https:\/\/agronetllc.com\/fr\/wp-json\/wp\/v2\/product"}],"about":[{"href":"https:\/\/agronetllc.com\/fr\/wp-json\/wp\/v2\/types\/product"}],"replies":[{"embeddable":true,"href":"https:\/\/agronetllc.com\/fr\/wp-json\/wp\/v2\/comments?post=5514"}],"wp:featuredmedia":[{"embeddable":true,"href":"https:\/\/agronetllc.com\/fr\/wp-json\/wp\/v2\/media\/5515"}],"wp:attachment":[{"href":"https:\/\/agronetllc.com\/fr\/wp-json\/wp\/v2\/media?parent=5514"}],"wp:term":[{"taxonomy":"product_brand","embeddable":true,"href":"https:\/\/agronetllc.com\/fr\/wp-json\/wp\/v2\/product_brand?post=5514"},{"taxonomy":"product_cat","embeddable":true,"href":"https:\/\/agronetllc.com\/fr\/wp-json\/wp\/v2\/product_cat?post=5514"},{"taxonomy":"product_tag","embeddable":true,"href":"https:\/\/agronetllc.com\/fr\/wp-json\/wp\/v2\/product_tag?post=5514"}],"curies":[{"name":"wp","href":"https:\/\/api.w.org\/{rel}","templated":true}]}}