{"id":5517,"date":"2026-03-30T06:01:37","date_gmt":"2026-03-30T11:01:37","guid":{"rendered":"https:\/\/agronetllc.com\/?post_type=product&#038;p=5517"},"modified":"2026-03-30T06:02:06","modified_gmt":"2026-03-30T11:02:06","slug":"falcons-perch","status":"publish","type":"product","link":"https:\/\/agronetllc.com\/fr\/produit\/falcons-perch\/","title":{"rendered":"Falcon\u2019s Perch"},"content":{"rendered":"","protected":false},"excerpt":{"rendered":"<h3 data-section-id=\"1jd9pu8\" data-start=\"103\" data-end=\"132\"><span role=\"text\"><strong data-start=\"107\" data-end=\"132\">Monterey<\/strong><\/span><\/h3>\n<p data-start=\"134\" data-end=\"305\">Un Pinot Noir raffin\u00e9 et \u00e9l\u00e9gant issu des vignobles au climat frais de Monterey. Frais, nuanc\u00e9 et polyvalent, parfait pour accompagner des plats savoureux ou \u00e0 d\u00e9guster seul.<\/p>\n<div class=\"TyagGW_tableContainer\">\n<div class=\"group TyagGW_tableWrapper flex flex-col-reverse w-fit\" tabindex=\"-1\">\n<table class=\"w-fit min-w-(--thread-content-width)\" data-start=\"312\" data-end=\"817\">\n<thead data-start=\"312\" data-end=\"351\">\n<tr data-start=\"312\" data-end=\"351\">\n<th class=\"\" data-start=\"312\" data-end=\"332\" data-col-size=\"sm\"><strong data-start=\"314\" data-end=\"324\">D\u00e9tail<\/strong><\/th>\n<th class=\"\" data-start=\"332\" data-end=\"351\" data-col-size=\"lg\"><strong data-start=\"334\" data-end=\"349\">Informations<\/strong><\/th>\n<\/tr>\n<\/thead>\n<tbody data-start=\"390\" data-end=\"817\">\n<tr data-start=\"390\" data-end=\"440\">\n<td data-start=\"390\" data-end=\"409\" data-col-size=\"sm\">Origine<\/td>\n<td data-start=\"409\" data-end=\"440\" data-col-size=\"lg\">Comt\u00e9 de Monterey, Californie<\/td>\n<\/tr>\n<tr data-start=\"441\" data-end=\"570\">\n<td data-start=\"441\" data-end=\"460\" data-col-size=\"sm\">Fermentation<\/td>\n<td data-start=\"460\" data-end=\"570\" data-col-size=\"lg\">Fermentation en baies enti\u00e8res dans des cuves verticales de 24 tonnes \u00e0 basse temp\u00e9rature afin de pr\u00e9server des ar\u00f4mes vari\u00e9taux nuanc\u00e9s<\/td>\n<\/tr>\n<tr data-start=\"571\" data-end=\"668\">\n<td data-start=\"571\" data-end=\"590\" data-col-size=\"sm\">\u00c9levage<\/td>\n<td data-start=\"590\" data-end=\"668\" data-col-size=\"lg\">90 % \u00e9lev\u00e9 en cuve inox ; 10 % \u00e9lev\u00e9 en f\u00fbts de ch\u00eane fran\u00e7ais neutres<\/td>\n<\/tr>\n<tr data-start=\"669\" data-end=\"817\">\n<td data-start=\"669\" data-end=\"688\" data-col-size=\"sm\">Accords mets-vins<\/td>\n<td data-start=\"688\" data-end=\"817\" data-col-size=\"lg\">Se marie parfaitement avec le chorizo espagnol, la paella, les plats de champignons ou le saumon du Pacifique ; une pinc\u00e9e de piment rouge rehausse la saveur<\/td>\n<\/tr>\n<\/tbody>\n<\/table>\n<\/div>\n<\/div>","protected":false},"featured_media":5518,"comment_status":"open","ping_status":"closed","template":"","meta":[],"product_brand":[],"product_cat":[30],"product_tag":[],"class_list":{"0":"post-5517","1":"product","2":"type-product","3":"status-publish","4":"has-post-thumbnail","6":"product_cat-red-wines","8":"first","9":"instock","10":"shipping-taxable","11":"product-type-simple"},"yoast_head":"<!-- This site is optimized with the Yoast SEO plugin v27.2 - https:\/\/yoast.com\/product\/yoast-seo-wordpress\/ -->\n<title>Falcon\u2019s Perch - AgroNet LLC<\/title>\n<meta name=\"robots\" content=\"index, follow, max-snippet:-1, max-image-preview:large, max-video-preview:-1\" \/>\n<link rel=\"canonical\" href=\"https:\/\/agronetllc.com\/fr\/produit\/falcons-perch\/\" \/>\n<meta property=\"og:locale\" content=\"fr_FR\" \/>\n<meta property=\"og:type\" content=\"article\" \/>\n<meta property=\"og:title\" content=\"Falcon\u2019s Perch - AgroNet LLC\" \/>\n<meta property=\"og:description\" content=\"Monterey A refined and elegant Pinot Noir from Monterey\u2019s cool-climate vineyards. Fresh, nuanced, and versatile, perfect for pairing with flavorful dishes or enjoying on its own.       Detail Information     Origin Monterey County, California   Fermentation Whole-berry fermentation in 24-ton upright tanks at cooler temperatures to capture nuanced varietal aromas   Maturation 90% aged in stainless steel tank; 10% aged in neutral French oak cooperage   Food Pairings Pairs beautifully with Spanish chorizo, paella, mushroom dishes, or Pacific salmon; a pinch of red pepper enhances the flavor\" \/>\n<meta property=\"og:url\" content=\"https:\/\/agronetllc.com\/fr\/produit\/falcons-perch\/\" \/>\n<meta property=\"og:site_name\" content=\"AgroNet LLC\" \/>\n<meta property=\"article:modified_time\" content=\"2026-03-30T11:02:06+00:00\" \/>\n<meta property=\"og:image\" content=\"http:\/\/agronetllc.com\/wp-content\/uploads\/2026\/03\/Falcons-Perch.png\" \/>\n\t<meta property=\"og:image:width\" content=\"600\" \/>\n\t<meta property=\"og:image:height\" content=\"700\" \/>\n\t<meta property=\"og:image:type\" content=\"image\/png\" \/>\n<meta name=\"twitter:card\" content=\"summary_large_image\" \/>\n<script type=\"application\/ld+json\" class=\"yoast-schema-graph\">{\"@context\":\"https:\/\/schema.org\",\"@graph\":[{\"@type\":\"WebPage\",\"@id\":\"https:\/\/agronetllc.com\/product\/falcons-perch\/\",\"url\":\"https:\/\/agronetllc.com\/product\/falcons-perch\/\",\"name\":\"Falcon\u2019s Perch - AgroNet LLC\",\"isPartOf\":{\"@id\":\"https:\/\/agronetllc.com\/#website\"},\"primaryImageOfPage\":{\"@id\":\"https:\/\/agronetllc.com\/product\/falcons-perch\/#primaryimage\"},\"image\":{\"@id\":\"https:\/\/agronetllc.com\/product\/falcons-perch\/#primaryimage\"},\"thumbnailUrl\":\"https:\/\/agronetllc.com\/wp-content\/uploads\/2026\/03\/Falcons-Perch.png\",\"datePublished\":\"2026-03-30T11:01:37+00:00\",\"dateModified\":\"2026-03-30T11:02:06+00:00\",\"breadcrumb\":{\"@id\":\"https:\/\/agronetllc.com\/product\/falcons-perch\/#breadcrumb\"},\"inLanguage\":\"fr-FR\",\"potentialAction\":[{\"@type\":\"ReadAction\",\"target\":[\"https:\/\/agronetllc.com\/product\/falcons-perch\/\"]}]},{\"@type\":\"ImageObject\",\"inLanguage\":\"fr-FR\",\"@id\":\"https:\/\/agronetllc.com\/product\/falcons-perch\/#primaryimage\",\"url\":\"https:\/\/agronetllc.com\/wp-content\/uploads\/2026\/03\/Falcons-Perch.png\",\"contentUrl\":\"https:\/\/agronetllc.com\/wp-content\/uploads\/2026\/03\/Falcons-Perch.png\",\"width\":600,\"height\":700},{\"@type\":\"BreadcrumbList\",\"@id\":\"https:\/\/agronetllc.com\/product\/falcons-perch\/#breadcrumb\",\"itemListElement\":[{\"@type\":\"ListItem\",\"position\":1,\"name\":\"Home\",\"item\":\"https:\/\/agronetllc.com\/\"},{\"@type\":\"ListItem\",\"position\":2,\"name\":\"Shop\",\"item\":\"https:\/\/agronetllc.com\/shop\/\"},{\"@type\":\"ListItem\",\"position\":3,\"name\":\"Falcon\u2019s Perch\"}]},{\"@type\":\"WebSite\",\"@id\":\"https:\/\/agronetllc.com\/#website\",\"url\":\"https:\/\/agronetllc.com\/\",\"name\":\"AgroNet LLC\",\"description\":\"Provide high-quality products\",\"publisher\":{\"@id\":\"https:\/\/agronetllc.com\/#organization\"},\"potentialAction\":[{\"@type\":\"SearchAction\",\"target\":{\"@type\":\"EntryPoint\",\"urlTemplate\":\"https:\/\/agronetllc.com\/?s={search_term_string}\"},\"query-input\":{\"@type\":\"PropertyValueSpecification\",\"valueRequired\":true,\"valueName\":\"search_term_string\"}}],\"inLanguage\":\"fr-FR\"},{\"@type\":\"Organization\",\"@id\":\"https:\/\/agronetllc.com\/#organization\",\"name\":\"AgroNet LLC\",\"url\":\"https:\/\/agronetllc.com\/\",\"logo\":{\"@type\":\"ImageObject\",\"inLanguage\":\"fr-FR\",\"@id\":\"https:\/\/agronetllc.com\/#\/schema\/logo\/image\/\",\"url\":\"https:\/\/agronetllc.com\/wp-content\/uploads\/2020\/03\/Agronet-LLC.png\",\"contentUrl\":\"https:\/\/agronetllc.com\/wp-content\/uploads\/2020\/03\/Agronet-LLC.png\",\"width\":651,\"height\":236,\"caption\":\"AgroNet LLC\"},\"image\":{\"@id\":\"https:\/\/agronetllc.com\/#\/schema\/logo\/image\/\"}}]}<\/script>\n<!-- \/ Yoast SEO plugin. -->","yoast_head_json":{"title":"Falcon\u2019s Perch - AgroNet LLC","robots":{"index":"index","follow":"follow","max-snippet":"max-snippet:-1","max-image-preview":"max-image-preview:large","max-video-preview":"max-video-preview:-1"},"canonical":"https:\/\/agronetllc.com\/fr\/produit\/falcons-perch\/","og_locale":"fr_FR","og_type":"article","og_title":"Falcon\u2019s Perch - AgroNet LLC","og_description":"Monterey A refined and elegant Pinot Noir from Monterey\u2019s cool-climate vineyards. Fresh, nuanced, and versatile, perfect for pairing with flavorful dishes or enjoying on its own.       Detail Information     Origin Monterey County, California   Fermentation Whole-berry fermentation in 24-ton upright tanks at cooler temperatures to capture nuanced varietal aromas   Maturation 90% aged in stainless steel tank; 10% aged in neutral French oak cooperage   Food Pairings Pairs beautifully with Spanish chorizo, paella, mushroom dishes, or Pacific salmon; a pinch of red pepper enhances the flavor","og_url":"https:\/\/agronetllc.com\/fr\/produit\/falcons-perch\/","og_site_name":"AgroNet LLC","article_modified_time":"2026-03-30T11:02:06+00:00","og_image":[{"width":600,"height":700,"url":"http:\/\/agronetllc.com\/wp-content\/uploads\/2026\/03\/Falcons-Perch.png","type":"image\/png"}],"twitter_card":"summary_large_image","schema":{"@context":"https:\/\/schema.org","@graph":[{"@type":"WebPage","@id":"https:\/\/agronetllc.com\/product\/falcons-perch\/","url":"https:\/\/agronetllc.com\/product\/falcons-perch\/","name":"Falcon\u2019s Perch - AgroNet LLC","isPartOf":{"@id":"https:\/\/agronetllc.com\/#website"},"primaryImageOfPage":{"@id":"https:\/\/agronetllc.com\/product\/falcons-perch\/#primaryimage"},"image":{"@id":"https:\/\/agronetllc.com\/product\/falcons-perch\/#primaryimage"},"thumbnailUrl":"https:\/\/agronetllc.com\/wp-content\/uploads\/2026\/03\/Falcons-Perch.png","datePublished":"2026-03-30T11:01:37+00:00","dateModified":"2026-03-30T11:02:06+00:00","breadcrumb":{"@id":"https:\/\/agronetllc.com\/product\/falcons-perch\/#breadcrumb"},"inLanguage":"fr-FR","potentialAction":[{"@type":"ReadAction","target":["https:\/\/agronetllc.com\/product\/falcons-perch\/"]}]},{"@type":"ImageObject","inLanguage":"fr-FR","@id":"https:\/\/agronetllc.com\/product\/falcons-perch\/#primaryimage","url":"https:\/\/agronetllc.com\/wp-content\/uploads\/2026\/03\/Falcons-Perch.png","contentUrl":"https:\/\/agronetllc.com\/wp-content\/uploads\/2026\/03\/Falcons-Perch.png","width":600,"height":700},{"@type":"BreadcrumbList","@id":"https:\/\/agronetllc.com\/product\/falcons-perch\/#breadcrumb","itemListElement":[{"@type":"ListItem","position":1,"name":"Home","item":"https:\/\/agronetllc.com\/"},{"@type":"ListItem","position":2,"name":"Shop","item":"https:\/\/agronetllc.com\/shop\/"},{"@type":"ListItem","position":3,"name":"Falcon\u2019s Perch"}]},{"@type":"WebSite","@id":"https:\/\/agronetllc.com\/#website","url":"https:\/\/agronetllc.com\/","name":"AgroNet LLC","description":"Provide high-quality products","publisher":{"@id":"https:\/\/agronetllc.com\/#organization"},"potentialAction":[{"@type":"SearchAction","target":{"@type":"EntryPoint","urlTemplate":"https:\/\/agronetllc.com\/?s={search_term_string}"},"query-input":{"@type":"PropertyValueSpecification","valueRequired":true,"valueName":"search_term_string"}}],"inLanguage":"fr-FR"},{"@type":"Organization","@id":"https:\/\/agronetllc.com\/#organization","name":"AgroNet LLC","url":"https:\/\/agronetllc.com\/","logo":{"@type":"ImageObject","inLanguage":"fr-FR","@id":"https:\/\/agronetllc.com\/#\/schema\/logo\/image\/","url":"https:\/\/agronetllc.com\/wp-content\/uploads\/2020\/03\/Agronet-LLC.png","contentUrl":"https:\/\/agronetllc.com\/wp-content\/uploads\/2020\/03\/Agronet-LLC.png","width":651,"height":236,"caption":"AgroNet LLC"},"image":{"@id":"https:\/\/agronetllc.com\/#\/schema\/logo\/image\/"}}]}},"_links":{"self":[{"href":"https:\/\/agronetllc.com\/fr\/wp-json\/wp\/v2\/product\/5517","targetHints":{"allow":["GET"]}}],"collection":[{"href":"https:\/\/agronetllc.com\/fr\/wp-json\/wp\/v2\/product"}],"about":[{"href":"https:\/\/agronetllc.com\/fr\/wp-json\/wp\/v2\/types\/product"}],"replies":[{"embeddable":true,"href":"https:\/\/agronetllc.com\/fr\/wp-json\/wp\/v2\/comments?post=5517"}],"wp:featuredmedia":[{"embeddable":true,"href":"https:\/\/agronetllc.com\/fr\/wp-json\/wp\/v2\/media\/5518"}],"wp:attachment":[{"href":"https:\/\/agronetllc.com\/fr\/wp-json\/wp\/v2\/media?parent=5517"}],"wp:term":[{"taxonomy":"product_brand","embeddable":true,"href":"https:\/\/agronetllc.com\/fr\/wp-json\/wp\/v2\/product_brand?post=5517"},{"taxonomy":"product_cat","embeddable":true,"href":"https:\/\/agronetllc.com\/fr\/wp-json\/wp\/v2\/product_cat?post=5517"},{"taxonomy":"product_tag","embeddable":true,"href":"https:\/\/agronetllc.com\/fr\/wp-json\/wp\/v2\/product_tag?post=5517"}],"curies":[{"name":"wp","href":"https:\/\/api.w.org\/{rel}","templated":true}]}}