{"id":5520,"date":"2026-03-30T06:06:57","date_gmt":"2026-03-30T11:06:57","guid":{"rendered":"https:\/\/agronetllc.com\/?post_type=product&#038;p=5520"},"modified":"2026-04-16T23:00:00","modified_gmt":"2026-04-17T04:00:00","slug":"south-ridge","status":"publish","type":"product","link":"https:\/\/agronetllc.com\/fr\/produit\/south-ridge\/","title":{"rendered":"South Ridge"},"content":{"rendered":"","protected":false},"excerpt":{"rendered":"<h3 data-section-id=\"10kw3m4\" data-start=\"103\" data-end=\"130\"><span role=\"text\"><strong data-start=\"107\" data-end=\"130\">Syrah<\/strong><\/span><\/h3>\n<p data-start=\"132\" data-end=\"287\">Un Syrah riche et savoureux de Paso Robles, aux notes de baies m\u00fbres et de prune, \u00e9quilibr\u00e9es par des \u00e9pices et une structure \u00e0 la mani\u00e8re du Rh\u00f4ne. Audacieux, souple et adapt\u00e9 aux accords mets-vins.<\/p>\n<div class=\"TyagGW_tableContainer\">\n<div class=\"group TyagGW_tableWrapper flex flex-col-reverse w-fit\" tabindex=\"-1\">\n<table class=\"w-fit min-w-(--thread-content-width)\" data-start=\"294\" data-end=\"541\">\n<thead data-start=\"294\" data-end=\"333\">\n<tr data-start=\"294\" data-end=\"333\">\n<th class=\"\" data-start=\"294\" data-end=\"314\" data-col-size=\"sm\"><strong data-start=\"296\" data-end=\"306\">D\u00e9tail<\/strong><\/th>\n<th class=\"\" data-start=\"314\" data-end=\"333\" data-col-size=\"md\"><strong data-start=\"316\" data-end=\"331\">Informations<\/strong><\/th>\n<\/tr>\n<\/thead>\n<tbody data-start=\"372\" data-end=\"541\">\n<tr data-start=\"372\" data-end=\"446\">\n<td data-start=\"372\" data-end=\"391\" data-col-size=\"sm\">Origine<\/td>\n<td data-start=\"391\" data-end=\"446\" data-col-size=\"md\">AVA de Paso Robles, comt\u00e9 de San Luis Obispo, Californie<\/td>\n<\/tr>\n<tr data-start=\"447\" data-end=\"541\">\n<td data-start=\"447\" data-end=\"466\" data-col-size=\"sm\">Accords mets-vins<\/td>\n<td data-start=\"466\" data-end=\"541\" data-col-size=\"md\">Se marie parfaitement avec des fajitas de poulet \u00e9pic\u00e9es ou des travers de porc cuits au four.<\/td>\n<\/tr>\n<\/tbody>\n<\/table>\n<\/div>\n<\/div>","protected":false},"featured_media":5522,"comment_status":"open","ping_status":"closed","template":"","meta":[],"product_brand":[],"product_cat":[30],"product_tag":[],"class_list":{"0":"post-5520","1":"product","2":"type-product","3":"status-publish","4":"has-post-thumbnail","6":"product_cat-red-wines","8":"first","9":"instock","10":"shipping-taxable","11":"product-type-simple"},"yoast_head":"<!-- This site is optimized with the Yoast SEO plugin v27.2 - https:\/\/yoast.com\/product\/yoast-seo-wordpress\/ -->\n<title>South Ridge - AgroNet LLC<\/title>\n<meta name=\"robots\" content=\"index, follow, max-snippet:-1, max-image-preview:large, max-video-preview:-1\" \/>\n<link rel=\"canonical\" href=\"https:\/\/agronetllc.com\/fr\/produit\/south-ridge\/\" \/>\n<meta property=\"og:locale\" content=\"fr_FR\" \/>\n<meta property=\"og:type\" content=\"article\" \/>\n<meta property=\"og:title\" content=\"South Ridge - AgroNet LLC\" \/>\n<meta property=\"og:description\" content=\"Syrah A rich and flavorful Syrah from Paso Robles, with ripe berry and plum notes balanced by Rhone-style spice and structure. Bold, smooth, and food-friendly.       Detail Information     Origin Paso Robles AVA, San Luis Obispo County, California   Food Pairings Pairs perfectly with spicy chicken fajitas or oven-baked baby back ribs\" \/>\n<meta property=\"og:url\" content=\"https:\/\/agronetllc.com\/fr\/produit\/south-ridge\/\" \/>\n<meta property=\"og:site_name\" content=\"AgroNet LLC\" \/>\n<meta property=\"article:modified_time\" content=\"2026-04-17T04:00:00+00:00\" \/>\n<meta property=\"og:image\" content=\"http:\/\/agronetllc.com\/wp-content\/uploads\/2026\/03\/South-Ridge.png\" \/>\n\t<meta property=\"og:image:width\" content=\"600\" \/>\n\t<meta property=\"og:image:height\" content=\"700\" \/>\n\t<meta property=\"og:image:type\" content=\"image\/png\" \/>\n<meta name=\"twitter:card\" content=\"summary_large_image\" \/>\n<script type=\"application\/ld+json\" class=\"yoast-schema-graph\">{\"@context\":\"https:\/\/schema.org\",\"@graph\":[{\"@type\":\"WebPage\",\"@id\":\"https:\/\/agronetllc.com\/product\/south-ridge\/\",\"url\":\"https:\/\/agronetllc.com\/product\/south-ridge\/\",\"name\":\"South Ridge - AgroNet LLC\",\"isPartOf\":{\"@id\":\"https:\/\/agronetllc.com\/#website\"},\"primaryImageOfPage\":{\"@id\":\"https:\/\/agronetllc.com\/product\/south-ridge\/#primaryimage\"},\"image\":{\"@id\":\"https:\/\/agronetllc.com\/product\/south-ridge\/#primaryimage\"},\"thumbnailUrl\":\"https:\/\/agronetllc.com\/wp-content\/uploads\/2026\/03\/South-Ridge.png\",\"datePublished\":\"2026-03-30T11:06:57+00:00\",\"dateModified\":\"2026-04-17T04:00:00+00:00\",\"breadcrumb\":{\"@id\":\"https:\/\/agronetllc.com\/product\/south-ridge\/#breadcrumb\"},\"inLanguage\":\"fr-FR\",\"potentialAction\":[{\"@type\":\"ReadAction\",\"target\":[\"https:\/\/agronetllc.com\/product\/south-ridge\/\"]}]},{\"@type\":\"ImageObject\",\"inLanguage\":\"fr-FR\",\"@id\":\"https:\/\/agronetllc.com\/product\/south-ridge\/#primaryimage\",\"url\":\"https:\/\/agronetllc.com\/wp-content\/uploads\/2026\/03\/South-Ridge.png\",\"contentUrl\":\"https:\/\/agronetllc.com\/wp-content\/uploads\/2026\/03\/South-Ridge.png\",\"width\":600,\"height\":700},{\"@type\":\"BreadcrumbList\",\"@id\":\"https:\/\/agronetllc.com\/product\/south-ridge\/#breadcrumb\",\"itemListElement\":[{\"@type\":\"ListItem\",\"position\":1,\"name\":\"Home\",\"item\":\"https:\/\/agronetllc.com\/\"},{\"@type\":\"ListItem\",\"position\":2,\"name\":\"Shop\",\"item\":\"https:\/\/agronetllc.com\/shop\/\"},{\"@type\":\"ListItem\",\"position\":3,\"name\":\"South Ridge\"}]},{\"@type\":\"WebSite\",\"@id\":\"https:\/\/agronetllc.com\/#website\",\"url\":\"https:\/\/agronetllc.com\/\",\"name\":\"AgroNet LLC\",\"description\":\"Provide high-quality products\",\"publisher\":{\"@id\":\"https:\/\/agronetllc.com\/#organization\"},\"potentialAction\":[{\"@type\":\"SearchAction\",\"target\":{\"@type\":\"EntryPoint\",\"urlTemplate\":\"https:\/\/agronetllc.com\/?s={search_term_string}\"},\"query-input\":{\"@type\":\"PropertyValueSpecification\",\"valueRequired\":true,\"valueName\":\"search_term_string\"}}],\"inLanguage\":\"fr-FR\"},{\"@type\":\"Organization\",\"@id\":\"https:\/\/agronetllc.com\/#organization\",\"name\":\"AgroNet LLC\",\"url\":\"https:\/\/agronetllc.com\/\",\"logo\":{\"@type\":\"ImageObject\",\"inLanguage\":\"fr-FR\",\"@id\":\"https:\/\/agronetllc.com\/#\/schema\/logo\/image\/\",\"url\":\"https:\/\/agronetllc.com\/wp-content\/uploads\/2020\/03\/Agronet-LLC.png\",\"contentUrl\":\"https:\/\/agronetllc.com\/wp-content\/uploads\/2020\/03\/Agronet-LLC.png\",\"width\":651,\"height\":236,\"caption\":\"AgroNet LLC\"},\"image\":{\"@id\":\"https:\/\/agronetllc.com\/#\/schema\/logo\/image\/\"}}]}<\/script>\n<!-- \/ Yoast SEO plugin. -->","yoast_head_json":{"title":"South Ridge - AgroNet LLC","robots":{"index":"index","follow":"follow","max-snippet":"max-snippet:-1","max-image-preview":"max-image-preview:large","max-video-preview":"max-video-preview:-1"},"canonical":"https:\/\/agronetllc.com\/fr\/produit\/south-ridge\/","og_locale":"fr_FR","og_type":"article","og_title":"South Ridge - AgroNet LLC","og_description":"Syrah A rich and flavorful Syrah from Paso Robles, with ripe berry and plum notes balanced by Rhone-style spice and structure. Bold, smooth, and food-friendly.       Detail Information     Origin Paso Robles AVA, San Luis Obispo County, California   Food Pairings Pairs perfectly with spicy chicken fajitas or oven-baked baby back ribs","og_url":"https:\/\/agronetllc.com\/fr\/produit\/south-ridge\/","og_site_name":"AgroNet LLC","article_modified_time":"2026-04-17T04:00:00+00:00","og_image":[{"width":600,"height":700,"url":"http:\/\/agronetllc.com\/wp-content\/uploads\/2026\/03\/South-Ridge.png","type":"image\/png"}],"twitter_card":"summary_large_image","schema":{"@context":"https:\/\/schema.org","@graph":[{"@type":"WebPage","@id":"https:\/\/agronetllc.com\/product\/south-ridge\/","url":"https:\/\/agronetllc.com\/product\/south-ridge\/","name":"South Ridge - AgroNet LLC","isPartOf":{"@id":"https:\/\/agronetllc.com\/#website"},"primaryImageOfPage":{"@id":"https:\/\/agronetllc.com\/product\/south-ridge\/#primaryimage"},"image":{"@id":"https:\/\/agronetllc.com\/product\/south-ridge\/#primaryimage"},"thumbnailUrl":"https:\/\/agronetllc.com\/wp-content\/uploads\/2026\/03\/South-Ridge.png","datePublished":"2026-03-30T11:06:57+00:00","dateModified":"2026-04-17T04:00:00+00:00","breadcrumb":{"@id":"https:\/\/agronetllc.com\/product\/south-ridge\/#breadcrumb"},"inLanguage":"fr-FR","potentialAction":[{"@type":"ReadAction","target":["https:\/\/agronetllc.com\/product\/south-ridge\/"]}]},{"@type":"ImageObject","inLanguage":"fr-FR","@id":"https:\/\/agronetllc.com\/product\/south-ridge\/#primaryimage","url":"https:\/\/agronetllc.com\/wp-content\/uploads\/2026\/03\/South-Ridge.png","contentUrl":"https:\/\/agronetllc.com\/wp-content\/uploads\/2026\/03\/South-Ridge.png","width":600,"height":700},{"@type":"BreadcrumbList","@id":"https:\/\/agronetllc.com\/product\/south-ridge\/#breadcrumb","itemListElement":[{"@type":"ListItem","position":1,"name":"Home","item":"https:\/\/agronetllc.com\/"},{"@type":"ListItem","position":2,"name":"Shop","item":"https:\/\/agronetllc.com\/shop\/"},{"@type":"ListItem","position":3,"name":"South Ridge"}]},{"@type":"WebSite","@id":"https:\/\/agronetllc.com\/#website","url":"https:\/\/agronetllc.com\/","name":"AgroNet LLC","description":"Provide high-quality products","publisher":{"@id":"https:\/\/agronetllc.com\/#organization"},"potentialAction":[{"@type":"SearchAction","target":{"@type":"EntryPoint","urlTemplate":"https:\/\/agronetllc.com\/?s={search_term_string}"},"query-input":{"@type":"PropertyValueSpecification","valueRequired":true,"valueName":"search_term_string"}}],"inLanguage":"fr-FR"},{"@type":"Organization","@id":"https:\/\/agronetllc.com\/#organization","name":"AgroNet LLC","url":"https:\/\/agronetllc.com\/","logo":{"@type":"ImageObject","inLanguage":"fr-FR","@id":"https:\/\/agronetllc.com\/#\/schema\/logo\/image\/","url":"https:\/\/agronetllc.com\/wp-content\/uploads\/2020\/03\/Agronet-LLC.png","contentUrl":"https:\/\/agronetllc.com\/wp-content\/uploads\/2020\/03\/Agronet-LLC.png","width":651,"height":236,"caption":"AgroNet LLC"},"image":{"@id":"https:\/\/agronetllc.com\/#\/schema\/logo\/image\/"}}]}},"_links":{"self":[{"href":"https:\/\/agronetllc.com\/fr\/wp-json\/wp\/v2\/product\/5520","targetHints":{"allow":["GET"]}}],"collection":[{"href":"https:\/\/agronetllc.com\/fr\/wp-json\/wp\/v2\/product"}],"about":[{"href":"https:\/\/agronetllc.com\/fr\/wp-json\/wp\/v2\/types\/product"}],"replies":[{"embeddable":true,"href":"https:\/\/agronetllc.com\/fr\/wp-json\/wp\/v2\/comments?post=5520"}],"wp:featuredmedia":[{"embeddable":true,"href":"https:\/\/agronetllc.com\/fr\/wp-json\/wp\/v2\/media\/5522"}],"wp:attachment":[{"href":"https:\/\/agronetllc.com\/fr\/wp-json\/wp\/v2\/media?parent=5520"}],"wp:term":[{"taxonomy":"product_brand","embeddable":true,"href":"https:\/\/agronetllc.com\/fr\/wp-json\/wp\/v2\/product_brand?post=5520"},{"taxonomy":"product_cat","embeddable":true,"href":"https:\/\/agronetllc.com\/fr\/wp-json\/wp\/v2\/product_cat?post=5520"},{"taxonomy":"product_tag","embeddable":true,"href":"https:\/\/agronetllc.com\/fr\/wp-json\/wp\/v2\/product_tag?post=5520"}],"curies":[{"name":"wp","href":"https:\/\/api.w.org\/{rel}","templated":true}]}}