{"id":5523,"date":"2026-03-30T06:14:21","date_gmt":"2026-03-30T11:14:21","guid":{"rendered":"https:\/\/agronetllc.com\/?post_type=product&#038;p=5523"},"modified":"2026-03-30T06:14:23","modified_gmt":"2026-03-30T11:14:23","slug":"cuvee-collection-2023-vintage","status":"publish","type":"product","link":"https:\/\/agronetllc.com\/fr\/produit\/cuvee-collection-2023-vintage\/","title":{"rendered":"Cuv\u00e9e Collection 2023 Vintage"},"content":{"rendered":"","protected":false},"excerpt":{"rendered":"<p data-start=\"85\" data-end=\"263\">Limit\u00e9s. Pris\u00e9s. Collectionnables. Les vins de la Cuv\u00e9e Series d\u2019Agronet LLC sont des assemblages rouges de style bordelais, inspir\u00e9s des grands crus classiques de Pomerol, Pauillac et Saint-\u00c9milion.<\/p>\n<p data-start=\"265\" data-end=\"515\">Avec le Merlot en son c\u0153ur, la Cuv\u00e9e POM refl\u00e8te le style de Pomerol. La Cuv\u00e9e PAU met en avant un Cabernet Sauvignon cultiv\u00e9 \u00e0 Paso Robles, \u00e9labor\u00e9 selon la tradition de Pauillac. La Cuv\u00e9e St. E repose sur le Cabernet Franc, inspir\u00e9e des rouges premium de Saint-\u00c9milion.<\/p>\n<p data-start=\"517\" data-end=\"679\">Les fruits de Paso Robles rencontrent l\u2019\u00e9l\u00e9gance bordelaise dans ces \u00e9ditions limit\u00e9es et raffin\u00e9es \u2013 un coffret assorti de trois des meilleurs vins d\u2019Agronet LLC. Livraison terrestre incluse.<\/p>","protected":false},"featured_media":5524,"comment_status":"open","ping_status":"closed","template":"","meta":[],"product_brand":[],"product_cat":[33],"product_tag":[],"class_list":{"0":"post-5523","1":"product","2":"type-product","3":"status-publish","4":"has-post-thumbnail","6":"product_cat-gift-set","8":"first","9":"instock","10":"shipping-taxable","11":"product-type-simple"},"yoast_head":"<!-- This site is optimized with the Yoast SEO plugin v27.2 - https:\/\/yoast.com\/product\/yoast-seo-wordpress\/ -->\n<title>Cuv\u00e9e Collection 2023 Vintage - AgroNet LLC<\/title>\n<meta name=\"robots\" content=\"index, follow, max-snippet:-1, max-image-preview:large, max-video-preview:-1\" \/>\n<link rel=\"canonical\" href=\"https:\/\/agronetllc.com\/fr\/produit\/cuvee-collection-2023-vintage\/\" \/>\n<meta property=\"og:locale\" content=\"fr_FR\" \/>\n<meta property=\"og:type\" content=\"article\" \/>\n<meta property=\"og:title\" content=\"Cuv\u00e9e Collection 2023 Vintage - AgroNet LLC\" \/>\n<meta property=\"og:description\" content=\"Limited. Coveted. Collectible. The Cuv\u00e9e Series wines from Agronet LLC are Bordeaux-style red blends inspired by the classic Grand Crus of Pomerol, Pauillac, and Saint-\u00c9milion. With Merlot at its heart, Cuv\u00e9e POM reflects the style of Pomerol. Cuv\u00e9e PAU features Paso Robles-grown Cabernet Sauvignon, crafted in the tradition of Pauillac. Cuv\u00e9e St. E is built on Cabernet Franc, inspired by the premium reds of Saint-\u00c9milion. Paso Robles fruit meets Bordeaux elegance in these exquisite, limited releases \u2013 a matched set of three of Agronet LLC\u2019s finest wines. Ground shipping included.\" \/>\n<meta property=\"og:url\" content=\"https:\/\/agronetllc.com\/fr\/produit\/cuvee-collection-2023-vintage\/\" \/>\n<meta property=\"og:site_name\" content=\"AgroNet LLC\" \/>\n<meta property=\"article:modified_time\" content=\"2026-03-30T11:14:23+00:00\" \/>\n<meta property=\"og:image\" content=\"http:\/\/agronetllc.com\/wp-content\/uploads\/2026\/03\/Cuvee-Collection-2023-Vintage.png\" \/>\n\t<meta property=\"og:image:width\" content=\"600\" \/>\n\t<meta property=\"og:image:height\" content=\"700\" \/>\n\t<meta property=\"og:image:type\" content=\"image\/png\" \/>\n<meta name=\"twitter:card\" content=\"summary_large_image\" \/>\n<script type=\"application\/ld+json\" class=\"yoast-schema-graph\">{\"@context\":\"https:\/\/schema.org\",\"@graph\":[{\"@type\":\"WebPage\",\"@id\":\"https:\/\/agronetllc.com\/product\/cuvee-collection-2023-vintage\/\",\"url\":\"https:\/\/agronetllc.com\/product\/cuvee-collection-2023-vintage\/\",\"name\":\"Cuv\u00e9e Collection 2023 Vintage - AgroNet LLC\",\"isPartOf\":{\"@id\":\"https:\/\/agronetllc.com\/#website\"},\"primaryImageOfPage\":{\"@id\":\"https:\/\/agronetllc.com\/product\/cuvee-collection-2023-vintage\/#primaryimage\"},\"image\":{\"@id\":\"https:\/\/agronetllc.com\/product\/cuvee-collection-2023-vintage\/#primaryimage\"},\"thumbnailUrl\":\"https:\/\/agronetllc.com\/wp-content\/uploads\/2026\/03\/Cuvee-Collection-2023-Vintage.png\",\"datePublished\":\"2026-03-30T11:14:21+00:00\",\"dateModified\":\"2026-03-30T11:14:23+00:00\",\"breadcrumb\":{\"@id\":\"https:\/\/agronetllc.com\/product\/cuvee-collection-2023-vintage\/#breadcrumb\"},\"inLanguage\":\"fr-FR\",\"potentialAction\":[{\"@type\":\"ReadAction\",\"target\":[\"https:\/\/agronetllc.com\/product\/cuvee-collection-2023-vintage\/\"]}]},{\"@type\":\"ImageObject\",\"inLanguage\":\"fr-FR\",\"@id\":\"https:\/\/agronetllc.com\/product\/cuvee-collection-2023-vintage\/#primaryimage\",\"url\":\"https:\/\/agronetllc.com\/wp-content\/uploads\/2026\/03\/Cuvee-Collection-2023-Vintage.png\",\"contentUrl\":\"https:\/\/agronetllc.com\/wp-content\/uploads\/2026\/03\/Cuvee-Collection-2023-Vintage.png\",\"width\":600,\"height\":700},{\"@type\":\"BreadcrumbList\",\"@id\":\"https:\/\/agronetllc.com\/product\/cuvee-collection-2023-vintage\/#breadcrumb\",\"itemListElement\":[{\"@type\":\"ListItem\",\"position\":1,\"name\":\"Home\",\"item\":\"https:\/\/agronetllc.com\/\"},{\"@type\":\"ListItem\",\"position\":2,\"name\":\"Shop\",\"item\":\"https:\/\/agronetllc.com\/shop\/\"},{\"@type\":\"ListItem\",\"position\":3,\"name\":\"Cuv\u00e9e Collection 2023 Vintage\"}]},{\"@type\":\"WebSite\",\"@id\":\"https:\/\/agronetllc.com\/#website\",\"url\":\"https:\/\/agronetllc.com\/\",\"name\":\"AgroNet LLC\",\"description\":\"Provide high-quality products\",\"publisher\":{\"@id\":\"https:\/\/agronetllc.com\/#organization\"},\"potentialAction\":[{\"@type\":\"SearchAction\",\"target\":{\"@type\":\"EntryPoint\",\"urlTemplate\":\"https:\/\/agronetllc.com\/?s={search_term_string}\"},\"query-input\":{\"@type\":\"PropertyValueSpecification\",\"valueRequired\":true,\"valueName\":\"search_term_string\"}}],\"inLanguage\":\"fr-FR\"},{\"@type\":\"Organization\",\"@id\":\"https:\/\/agronetllc.com\/#organization\",\"name\":\"AgroNet LLC\",\"url\":\"https:\/\/agronetllc.com\/\",\"logo\":{\"@type\":\"ImageObject\",\"inLanguage\":\"fr-FR\",\"@id\":\"https:\/\/agronetllc.com\/#\/schema\/logo\/image\/\",\"url\":\"https:\/\/agronetllc.com\/wp-content\/uploads\/2020\/03\/Agronet-LLC.png\",\"contentUrl\":\"https:\/\/agronetllc.com\/wp-content\/uploads\/2020\/03\/Agronet-LLC.png\",\"width\":651,\"height\":236,\"caption\":\"AgroNet LLC\"},\"image\":{\"@id\":\"https:\/\/agronetllc.com\/#\/schema\/logo\/image\/\"}}]}<\/script>\n<!-- \/ Yoast SEO plugin. -->","yoast_head_json":{"title":"Cuv\u00e9e Collection 2023 Vintage - AgroNet LLC","robots":{"index":"index","follow":"follow","max-snippet":"max-snippet:-1","max-image-preview":"max-image-preview:large","max-video-preview":"max-video-preview:-1"},"canonical":"https:\/\/agronetllc.com\/fr\/produit\/cuvee-collection-2023-vintage\/","og_locale":"fr_FR","og_type":"article","og_title":"Cuv\u00e9e Collection 2023 Vintage - AgroNet LLC","og_description":"Limited. Coveted. Collectible. The Cuv\u00e9e Series wines from Agronet LLC are Bordeaux-style red blends inspired by the classic Grand Crus of Pomerol, Pauillac, and Saint-\u00c9milion. With Merlot at its heart, Cuv\u00e9e POM reflects the style of Pomerol. Cuv\u00e9e PAU features Paso Robles-grown Cabernet Sauvignon, crafted in the tradition of Pauillac. Cuv\u00e9e St. E is built on Cabernet Franc, inspired by the premium reds of Saint-\u00c9milion. Paso Robles fruit meets Bordeaux elegance in these exquisite, limited releases \u2013 a matched set of three of Agronet LLC\u2019s finest wines. Ground shipping included.","og_url":"https:\/\/agronetllc.com\/fr\/produit\/cuvee-collection-2023-vintage\/","og_site_name":"AgroNet LLC","article_modified_time":"2026-03-30T11:14:23+00:00","og_image":[{"width":600,"height":700,"url":"http:\/\/agronetllc.com\/wp-content\/uploads\/2026\/03\/Cuvee-Collection-2023-Vintage.png","type":"image\/png"}],"twitter_card":"summary_large_image","schema":{"@context":"https:\/\/schema.org","@graph":[{"@type":"WebPage","@id":"https:\/\/agronetllc.com\/product\/cuvee-collection-2023-vintage\/","url":"https:\/\/agronetllc.com\/product\/cuvee-collection-2023-vintage\/","name":"Cuv\u00e9e Collection 2023 Vintage - AgroNet LLC","isPartOf":{"@id":"https:\/\/agronetllc.com\/#website"},"primaryImageOfPage":{"@id":"https:\/\/agronetllc.com\/product\/cuvee-collection-2023-vintage\/#primaryimage"},"image":{"@id":"https:\/\/agronetllc.com\/product\/cuvee-collection-2023-vintage\/#primaryimage"},"thumbnailUrl":"https:\/\/agronetllc.com\/wp-content\/uploads\/2026\/03\/Cuvee-Collection-2023-Vintage.png","datePublished":"2026-03-30T11:14:21+00:00","dateModified":"2026-03-30T11:14:23+00:00","breadcrumb":{"@id":"https:\/\/agronetllc.com\/product\/cuvee-collection-2023-vintage\/#breadcrumb"},"inLanguage":"fr-FR","potentialAction":[{"@type":"ReadAction","target":["https:\/\/agronetllc.com\/product\/cuvee-collection-2023-vintage\/"]}]},{"@type":"ImageObject","inLanguage":"fr-FR","@id":"https:\/\/agronetllc.com\/product\/cuvee-collection-2023-vintage\/#primaryimage","url":"https:\/\/agronetllc.com\/wp-content\/uploads\/2026\/03\/Cuvee-Collection-2023-Vintage.png","contentUrl":"https:\/\/agronetllc.com\/wp-content\/uploads\/2026\/03\/Cuvee-Collection-2023-Vintage.png","width":600,"height":700},{"@type":"BreadcrumbList","@id":"https:\/\/agronetllc.com\/product\/cuvee-collection-2023-vintage\/#breadcrumb","itemListElement":[{"@type":"ListItem","position":1,"name":"Home","item":"https:\/\/agronetllc.com\/"},{"@type":"ListItem","position":2,"name":"Shop","item":"https:\/\/agronetllc.com\/shop\/"},{"@type":"ListItem","position":3,"name":"Cuv\u00e9e Collection 2023 Vintage"}]},{"@type":"WebSite","@id":"https:\/\/agronetllc.com\/#website","url":"https:\/\/agronetllc.com\/","name":"AgroNet LLC","description":"Provide high-quality products","publisher":{"@id":"https:\/\/agronetllc.com\/#organization"},"potentialAction":[{"@type":"SearchAction","target":{"@type":"EntryPoint","urlTemplate":"https:\/\/agronetllc.com\/?s={search_term_string}"},"query-input":{"@type":"PropertyValueSpecification","valueRequired":true,"valueName":"search_term_string"}}],"inLanguage":"fr-FR"},{"@type":"Organization","@id":"https:\/\/agronetllc.com\/#organization","name":"AgroNet LLC","url":"https:\/\/agronetllc.com\/","logo":{"@type":"ImageObject","inLanguage":"fr-FR","@id":"https:\/\/agronetllc.com\/#\/schema\/logo\/image\/","url":"https:\/\/agronetllc.com\/wp-content\/uploads\/2020\/03\/Agronet-LLC.png","contentUrl":"https:\/\/agronetllc.com\/wp-content\/uploads\/2020\/03\/Agronet-LLC.png","width":651,"height":236,"caption":"AgroNet LLC"},"image":{"@id":"https:\/\/agronetllc.com\/#\/schema\/logo\/image\/"}}]}},"_links":{"self":[{"href":"https:\/\/agronetllc.com\/fr\/wp-json\/wp\/v2\/product\/5523","targetHints":{"allow":["GET"]}}],"collection":[{"href":"https:\/\/agronetllc.com\/fr\/wp-json\/wp\/v2\/product"}],"about":[{"href":"https:\/\/agronetllc.com\/fr\/wp-json\/wp\/v2\/types\/product"}],"replies":[{"embeddable":true,"href":"https:\/\/agronetllc.com\/fr\/wp-json\/wp\/v2\/comments?post=5523"}],"wp:featuredmedia":[{"embeddable":true,"href":"https:\/\/agronetllc.com\/fr\/wp-json\/wp\/v2\/media\/5524"}],"wp:attachment":[{"href":"https:\/\/agronetllc.com\/fr\/wp-json\/wp\/v2\/media?parent=5523"}],"wp:term":[{"taxonomy":"product_brand","embeddable":true,"href":"https:\/\/agronetllc.com\/fr\/wp-json\/wp\/v2\/product_brand?post=5523"},{"taxonomy":"product_cat","embeddable":true,"href":"https:\/\/agronetllc.com\/fr\/wp-json\/wp\/v2\/product_cat?post=5523"},{"taxonomy":"product_tag","embeddable":true,"href":"https:\/\/agronetllc.com\/fr\/wp-json\/wp\/v2\/product_tag?post=5523"}],"curies":[{"name":"wp","href":"https:\/\/api.w.org\/{rel}","templated":true}]}}