{"id":5532,"date":"2026-03-30T06:22:56","date_gmt":"2026-03-30T11:22:56","guid":{"rendered":"https:\/\/agronetllc.com\/?post_type=product&#038;p=5532"},"modified":"2026-03-30T06:22:58","modified_gmt":"2026-03-30T11:22:58","slug":"chardonnay-explorer-collection","status":"publish","type":"product","link":"https:\/\/agronetllc.com\/fr\/produit\/chardonnay-explorer-collection\/","title":{"rendered":"Chardonnay Explorer Collection"},"content":{"rendered":"","protected":false},"excerpt":{"rendered":"<p data-start=\"119\" data-end=\"264\">D\u00e9couvrez la collection de Chardonnay d\u2019Agronet LLC avec ce coffret de six bouteilles \u2013 deux bouteilles de chacun des trois Chardonnay exceptionnels d\u2019Arroyo Seco, Monterey :<\/p>\n<p data-start=\"266\" data-end=\"506\">Depuis plus de quarante ans, le Riverstone Chardonnay est l\u2019un des vins blancs les plus appr\u00e9ci\u00e9s des \u00c9tats-Unis. Cultiv\u00e9 dans le climat frais de Monterey, il est ferment\u00e9 et vieilli en f\u00fbt, offrant un style classique avec une \u00e9tiquette fra\u00eeche et attrayante et un bouchon facile \u00e0 ouvrir.<\/p>\n<p data-start=\"508\" data-end=\"785\">Issu de notre s\u00e9rie limit\u00e9e Vineyard Series, le Arroyo Vista Chardonnay met en valeur le style typique de Monterey, \u00e9labor\u00e9 selon des techniques bourguignonnes. Avec le clone 76 de Chardonnay, une fermentation prolong\u00e9e en f\u00fbt et un b\u00e2tonnage manuel sur lies, il offre une texture cr\u00e9meuse en bouche et une finale longue et \u00e9l\u00e9gante.<\/p>\n<p data-start=\"787\" data-end=\"1067\">\u00c9galement issu de la Vineyard Series, le October Night Chardonnay est souvent r\u00e9colt\u00e9 en une seule soir\u00e9e d\u2019automne. Avec le clone distinctif \u00ab\u202fMusqu\u00e9\u202f\u00bb au c\u0153ur du vin, il offre des ar\u00f4mes s\u00e9duisants, une texture riche et une acidit\u00e9 adapt\u00e9e aux mets, rappelant les meilleurs blancs bourguignons fran\u00e7ais.<\/p>","protected":false},"featured_media":5533,"comment_status":"open","ping_status":"closed","template":"","meta":[],"product_brand":[],"product_cat":[33],"product_tag":[],"class_list":{"0":"post-5532","1":"product","2":"type-product","3":"status-publish","4":"has-post-thumbnail","6":"product_cat-gift-set","8":"first","9":"instock","10":"shipping-taxable","11":"product-type-simple"},"yoast_head":"<!-- This site is optimized with the Yoast SEO plugin v27.2 - https:\/\/yoast.com\/product\/yoast-seo-wordpress\/ -->\n<title>Chardonnay Explorer Collection - AgroNet LLC<\/title>\n<meta name=\"robots\" content=\"index, follow, max-snippet:-1, max-image-preview:large, max-video-preview:-1\" \/>\n<link rel=\"canonical\" href=\"https:\/\/agronetllc.com\/fr\/produit\/chardonnay-explorer-collection\/\" \/>\n<meta property=\"og:locale\" content=\"fr_FR\" \/>\n<meta property=\"og:type\" content=\"article\" \/>\n<meta property=\"og:title\" content=\"Chardonnay Explorer Collection - AgroNet LLC\" \/>\n<meta property=\"og:description\" content=\"Explore Agronet LLC\u2019s Chardonnay collection with this six-bottle set \u2013 two bottles each of three exceptional Arroyo Seco, Monterey Chardonnays: For over four decades, the Riverstone Chardonnay has been one of America\u2019s most beloved white wines. Grown in cool-climate Monterey, it is barrel fermented and aged, offering a classic style with a fresh, inviting label and easy-open top. From our limited Vineyard Series, the Arroyo Vista Chardonnay showcases textbook Monterey style, crafted with Burgundian techniques. Featuring Chardonnay clone 76, extended barrel fermentation, and hand-stirred lees, it delivers a creamy mouthfeel and a long, elegant finish. Also from the Vineyard Series, the October Night Chardonnay is often harvested in a single autumn evening. With the distinctive \u201cMusqu\u00e9\u201d clone at its core, it offers alluring aromatics, a rich texture, and food-friendly acidity reminiscent of the finest French white Burgundies.\" \/>\n<meta property=\"og:url\" content=\"https:\/\/agronetllc.com\/fr\/produit\/chardonnay-explorer-collection\/\" \/>\n<meta property=\"og:site_name\" content=\"AgroNet LLC\" \/>\n<meta property=\"article:modified_time\" content=\"2026-03-30T11:22:58+00:00\" \/>\n<meta property=\"og:image\" content=\"http:\/\/agronetllc.com\/wp-content\/uploads\/2026\/03\/Chardonnay-Explorer-Collection.png\" \/>\n\t<meta property=\"og:image:width\" content=\"600\" \/>\n\t<meta property=\"og:image:height\" content=\"700\" \/>\n\t<meta property=\"og:image:type\" content=\"image\/png\" \/>\n<meta name=\"twitter:card\" content=\"summary_large_image\" \/>\n<script type=\"application\/ld+json\" class=\"yoast-schema-graph\">{\"@context\":\"https:\/\/schema.org\",\"@graph\":[{\"@type\":\"WebPage\",\"@id\":\"https:\/\/agronetllc.com\/product\/chardonnay-explorer-collection\/\",\"url\":\"https:\/\/agronetllc.com\/product\/chardonnay-explorer-collection\/\",\"name\":\"Chardonnay Explorer Collection - AgroNet LLC\",\"isPartOf\":{\"@id\":\"https:\/\/agronetllc.com\/#website\"},\"primaryImageOfPage\":{\"@id\":\"https:\/\/agronetllc.com\/product\/chardonnay-explorer-collection\/#primaryimage\"},\"image\":{\"@id\":\"https:\/\/agronetllc.com\/product\/chardonnay-explorer-collection\/#primaryimage\"},\"thumbnailUrl\":\"https:\/\/agronetllc.com\/wp-content\/uploads\/2026\/03\/Chardonnay-Explorer-Collection.png\",\"datePublished\":\"2026-03-30T11:22:56+00:00\",\"dateModified\":\"2026-03-30T11:22:58+00:00\",\"breadcrumb\":{\"@id\":\"https:\/\/agronetllc.com\/product\/chardonnay-explorer-collection\/#breadcrumb\"},\"inLanguage\":\"fr-FR\",\"potentialAction\":[{\"@type\":\"ReadAction\",\"target\":[\"https:\/\/agronetllc.com\/product\/chardonnay-explorer-collection\/\"]}]},{\"@type\":\"ImageObject\",\"inLanguage\":\"fr-FR\",\"@id\":\"https:\/\/agronetllc.com\/product\/chardonnay-explorer-collection\/#primaryimage\",\"url\":\"https:\/\/agronetllc.com\/wp-content\/uploads\/2026\/03\/Chardonnay-Explorer-Collection.png\",\"contentUrl\":\"https:\/\/agronetllc.com\/wp-content\/uploads\/2026\/03\/Chardonnay-Explorer-Collection.png\",\"width\":600,\"height\":700},{\"@type\":\"BreadcrumbList\",\"@id\":\"https:\/\/agronetllc.com\/product\/chardonnay-explorer-collection\/#breadcrumb\",\"itemListElement\":[{\"@type\":\"ListItem\",\"position\":1,\"name\":\"Home\",\"item\":\"https:\/\/agronetllc.com\/\"},{\"@type\":\"ListItem\",\"position\":2,\"name\":\"Shop\",\"item\":\"https:\/\/agronetllc.com\/shop\/\"},{\"@type\":\"ListItem\",\"position\":3,\"name\":\"Chardonnay Explorer Collection\"}]},{\"@type\":\"WebSite\",\"@id\":\"https:\/\/agronetllc.com\/#website\",\"url\":\"https:\/\/agronetllc.com\/\",\"name\":\"AgroNet LLC\",\"description\":\"Provide high-quality products\",\"publisher\":{\"@id\":\"https:\/\/agronetllc.com\/#organization\"},\"potentialAction\":[{\"@type\":\"SearchAction\",\"target\":{\"@type\":\"EntryPoint\",\"urlTemplate\":\"https:\/\/agronetllc.com\/?s={search_term_string}\"},\"query-input\":{\"@type\":\"PropertyValueSpecification\",\"valueRequired\":true,\"valueName\":\"search_term_string\"}}],\"inLanguage\":\"fr-FR\"},{\"@type\":\"Organization\",\"@id\":\"https:\/\/agronetllc.com\/#organization\",\"name\":\"AgroNet LLC\",\"url\":\"https:\/\/agronetllc.com\/\",\"logo\":{\"@type\":\"ImageObject\",\"inLanguage\":\"fr-FR\",\"@id\":\"https:\/\/agronetllc.com\/#\/schema\/logo\/image\/\",\"url\":\"https:\/\/agronetllc.com\/wp-content\/uploads\/2020\/03\/Agronet-LLC.png\",\"contentUrl\":\"https:\/\/agronetllc.com\/wp-content\/uploads\/2020\/03\/Agronet-LLC.png\",\"width\":651,\"height\":236,\"caption\":\"AgroNet LLC\"},\"image\":{\"@id\":\"https:\/\/agronetllc.com\/#\/schema\/logo\/image\/\"}}]}<\/script>\n<!-- \/ Yoast SEO plugin. -->","yoast_head_json":{"title":"Chardonnay Explorer Collection - AgroNet LLC","robots":{"index":"index","follow":"follow","max-snippet":"max-snippet:-1","max-image-preview":"max-image-preview:large","max-video-preview":"max-video-preview:-1"},"canonical":"https:\/\/agronetllc.com\/fr\/produit\/chardonnay-explorer-collection\/","og_locale":"fr_FR","og_type":"article","og_title":"Chardonnay Explorer Collection - AgroNet LLC","og_description":"Explore Agronet LLC\u2019s Chardonnay collection with this six-bottle set \u2013 two bottles each of three exceptional Arroyo Seco, Monterey Chardonnays: For over four decades, the Riverstone Chardonnay has been one of America\u2019s most beloved white wines. Grown in cool-climate Monterey, it is barrel fermented and aged, offering a classic style with a fresh, inviting label and easy-open top. From our limited Vineyard Series, the Arroyo Vista Chardonnay showcases textbook Monterey style, crafted with Burgundian techniques. Featuring Chardonnay clone 76, extended barrel fermentation, and hand-stirred lees, it delivers a creamy mouthfeel and a long, elegant finish. Also from the Vineyard Series, the October Night Chardonnay is often harvested in a single autumn evening. With the distinctive \u201cMusqu\u00e9\u201d clone at its core, it offers alluring aromatics, a rich texture, and food-friendly acidity reminiscent of the finest French white Burgundies.","og_url":"https:\/\/agronetllc.com\/fr\/produit\/chardonnay-explorer-collection\/","og_site_name":"AgroNet LLC","article_modified_time":"2026-03-30T11:22:58+00:00","og_image":[{"width":600,"height":700,"url":"http:\/\/agronetllc.com\/wp-content\/uploads\/2026\/03\/Chardonnay-Explorer-Collection.png","type":"image\/png"}],"twitter_card":"summary_large_image","schema":{"@context":"https:\/\/schema.org","@graph":[{"@type":"WebPage","@id":"https:\/\/agronetllc.com\/product\/chardonnay-explorer-collection\/","url":"https:\/\/agronetllc.com\/product\/chardonnay-explorer-collection\/","name":"Chardonnay Explorer Collection - AgroNet LLC","isPartOf":{"@id":"https:\/\/agronetllc.com\/#website"},"primaryImageOfPage":{"@id":"https:\/\/agronetllc.com\/product\/chardonnay-explorer-collection\/#primaryimage"},"image":{"@id":"https:\/\/agronetllc.com\/product\/chardonnay-explorer-collection\/#primaryimage"},"thumbnailUrl":"https:\/\/agronetllc.com\/wp-content\/uploads\/2026\/03\/Chardonnay-Explorer-Collection.png","datePublished":"2026-03-30T11:22:56+00:00","dateModified":"2026-03-30T11:22:58+00:00","breadcrumb":{"@id":"https:\/\/agronetllc.com\/product\/chardonnay-explorer-collection\/#breadcrumb"},"inLanguage":"fr-FR","potentialAction":[{"@type":"ReadAction","target":["https:\/\/agronetllc.com\/product\/chardonnay-explorer-collection\/"]}]},{"@type":"ImageObject","inLanguage":"fr-FR","@id":"https:\/\/agronetllc.com\/product\/chardonnay-explorer-collection\/#primaryimage","url":"https:\/\/agronetllc.com\/wp-content\/uploads\/2026\/03\/Chardonnay-Explorer-Collection.png","contentUrl":"https:\/\/agronetllc.com\/wp-content\/uploads\/2026\/03\/Chardonnay-Explorer-Collection.png","width":600,"height":700},{"@type":"BreadcrumbList","@id":"https:\/\/agronetllc.com\/product\/chardonnay-explorer-collection\/#breadcrumb","itemListElement":[{"@type":"ListItem","position":1,"name":"Home","item":"https:\/\/agronetllc.com\/"},{"@type":"ListItem","position":2,"name":"Shop","item":"https:\/\/agronetllc.com\/shop\/"},{"@type":"ListItem","position":3,"name":"Chardonnay Explorer Collection"}]},{"@type":"WebSite","@id":"https:\/\/agronetllc.com\/#website","url":"https:\/\/agronetllc.com\/","name":"AgroNet LLC","description":"Provide high-quality products","publisher":{"@id":"https:\/\/agronetllc.com\/#organization"},"potentialAction":[{"@type":"SearchAction","target":{"@type":"EntryPoint","urlTemplate":"https:\/\/agronetllc.com\/?s={search_term_string}"},"query-input":{"@type":"PropertyValueSpecification","valueRequired":true,"valueName":"search_term_string"}}],"inLanguage":"fr-FR"},{"@type":"Organization","@id":"https:\/\/agronetllc.com\/#organization","name":"AgroNet LLC","url":"https:\/\/agronetllc.com\/","logo":{"@type":"ImageObject","inLanguage":"fr-FR","@id":"https:\/\/agronetllc.com\/#\/schema\/logo\/image\/","url":"https:\/\/agronetllc.com\/wp-content\/uploads\/2020\/03\/Agronet-LLC.png","contentUrl":"https:\/\/agronetllc.com\/wp-content\/uploads\/2020\/03\/Agronet-LLC.png","width":651,"height":236,"caption":"AgroNet LLC"},"image":{"@id":"https:\/\/agronetllc.com\/#\/schema\/logo\/image\/"}}]}},"_links":{"self":[{"href":"https:\/\/agronetllc.com\/fr\/wp-json\/wp\/v2\/product\/5532","targetHints":{"allow":["GET"]}}],"collection":[{"href":"https:\/\/agronetllc.com\/fr\/wp-json\/wp\/v2\/product"}],"about":[{"href":"https:\/\/agronetllc.com\/fr\/wp-json\/wp\/v2\/types\/product"}],"replies":[{"embeddable":true,"href":"https:\/\/agronetllc.com\/fr\/wp-json\/wp\/v2\/comments?post=5532"}],"wp:featuredmedia":[{"embeddable":true,"href":"https:\/\/agronetllc.com\/fr\/wp-json\/wp\/v2\/media\/5533"}],"wp:attachment":[{"href":"https:\/\/agronetllc.com\/fr\/wp-json\/wp\/v2\/media?parent=5532"}],"wp:term":[{"taxonomy":"product_brand","embeddable":true,"href":"https:\/\/agronetllc.com\/fr\/wp-json\/wp\/v2\/product_brand?post=5532"},{"taxonomy":"product_cat","embeddable":true,"href":"https:\/\/agronetllc.com\/fr\/wp-json\/wp\/v2\/product_cat?post=5532"},{"taxonomy":"product_tag","embeddable":true,"href":"https:\/\/agronetllc.com\/fr\/wp-json\/wp\/v2\/product_tag?post=5532"}],"curies":[{"name":"wp","href":"https:\/\/api.w.org\/{rel}","templated":true}]}}